{"id":6484,"date":"2024-02-24T19:51:57","date_gmt":"2024-02-24T19:51:57","guid":{"rendered":"https:\/\/tzsvtav.com\/?post_type=product&#038;p=6484"},"modified":"2025-08-24T17:46:19","modified_gmt":"2025-08-24T16:46:19","slug":"kulteri-500x500-led-3-91","status":"publish","type":"product","link":"https:\/\/tzsvtav.com\/en\/product\/kulteri-500x500-led-3-91\/","title":{"rendered":"K\u00fclt\u00e9ri 500&#215;500 LED 3.91"},"content":{"rendered":"<p>THE <b>P3.91 k\u00fclt\u00e9ri LED kabinet<\/b> a professzion\u00e1lis rendezv\u00e9nytechnika \u00e9s a digit\u00e1lis rekl\u00e1moz\u00e1s cs\u00facskateg\u00f3ri\u00e1s eszk\u00f6ze. A <b>3.91 mm-es pixelt\u00e1vols\u00e1g<\/b> kiemelked\u0151 felbont\u00e1st ny\u00fajt, ami tiszta \u00e9s r\u00e9szletgazdag k\u00e9pet eredm\u00e9nyez m\u00e9g viszonylag k\u00f6zeli n\u00e9z\u00e9si t\u00e1vols\u00e1gb\u00f3l is. A <b>65 536 pont\/m\u00b2-es pixels\u0171r\u0171s\u00e9g<\/b> and the <b>&gt;7680 Hz-es friss\u00edt\u00e9si r\u00e1ta<\/b> a vide\u00f3k \u00e9s anim\u00e1ci\u00f3k z\u00f6kken\u0151mentes, professzion\u00e1lis megjelen\u00edt\u00e9s\u00e9t teszi lehet\u0151v\u00e9.<\/p>\n<p>A kabinet robusztus, m\u00e9gis k\u00f6nny\u0171 <b>pr\u00e9s\u00f6nt\u00f6tt alum\u00edniumb\u00f3l<\/b> k\u00e9sz\u00fclt, ami ide\u00e1lis a gyakori sz\u00e1ll\u00edt\u00e1sra \u00e9s gyors telep\u00edt\u00e9sre. K\u00fcl\u00f6n\u00f6sen mobil, <b>&#8220;rental&#8221; felhaszn\u00e1l\u00e1sra<\/b> tervezt\u00e9k, \u00edgy a k\u00f6nny\u0171 (kb. 7-13 kg\/kabinet) \u00e9s gyors r\u00f6gz\u00edt\u0151mechanizmusok jelent\u0151sen leegyszer\u0171s\u00edtik a fel\u00e9p\u00edt\u00e9st \u00e9s a bont\u00e1st.<\/p>\n<p>A kijelz\u0151 ellen\u00e1ll az id\u0151j\u00e1r\u00e1si elemeknek: az <b>IP65-\u00f6s el\u00fcls\u0151 v\u00e9detts\u00e9g<\/b> biztos\u00edtja a por- \u00e9s v\u00edz\u00e1ll\u00f3s\u00e1got, \u00edgy a kabinet es\u0151s, szeles id\u0151ben is biztons\u00e1gosan haszn\u00e1lhat\u00f3. A magas, <b>\u22654500 nit<\/b> f\u00e9nyer\u0151 m\u00e9g k\u00f6zvetlen naps\u00fct\u00e9sben is t\u00f6k\u00e9letes l\u00e1that\u00f3s\u00e1got garant\u00e1l. A <b>160\u00b0-os sz\u00e9les l\u00e1t\u00f3sz\u00f6g<\/b> pedig azt jelenti, hogy a k\u00f6z\u00f6ns\u00e9g minden tagja sz\u00e1m\u00e1ra j\u00f3l l\u00e1that\u00f3 a tartalom, a n\u00e9z\u00e9si poz\u00edci\u00f3t\u00f3l f\u00fcggetlen\u00fcl.<\/p>\n<p>A kabinetek modul\u00e1ris fel\u00e9p\u00edt\u00e9se lehet\u0151v\u00e9 teszi, hogy k\u00fcl\u00f6nb\u00f6z\u0151 m\u00e9ret\u0171 LED-falakat \u00e9p\u00edts\u00fcnk fel bel\u0151l\u00fck, legyen sz\u00f3 kisebb sz\u00ednpadi h\u00e1tterekr\u0151l vagy nagym\u00e9ret\u0171 \u00f3ri\u00e1splak\u00e1t-helyettes\u00edt\u0151kr\u0151l. A h\u00e1ts\u00f3 karbantart\u00e1si lehet\u0151s\u00e9g egyszer\u0171 \u00e9s hat\u00e9kony szervizel\u00e9st tesz lehet\u0151v\u00e9.<\/p>\n<p><iframe title=\"500x500-1000x500 kabinet\" width=\"800\" height=\"450\" src=\"https:\/\/www.youtube.com\/embed\/QoKQj-ye2Is?feature=oembed\" frameborder=\"0\" allow=\"accelerometer; autoplay; clipboard-write; encrypted-media; gyroscope; picture-in-picture; web-share\" referrerpolicy=\"strict-origin-when-cross-origin\" allowfullscreen><\/iframe><\/p>","protected":false},"excerpt":{"rendered":"<p>THE <b>P3.91 k\u00fclt\u00e9ri LED kabinet<\/b> egy sokoldal\u00fa \u00e9s nagy teljes\u00edtm\u00e9ny\u0171 vizu\u00e1lis megold\u00e1s. A <b>3.91 mm-es pixelt\u00e1vols\u00e1g<\/b> \u00e9les \u00e9s r\u00e9szletgazdag k\u00e9pet biztos\u00edt, a <b>&gt;7680Hz-es friss\u00edt\u00e9si r\u00e1ta<\/b> pedig garant\u00e1lja a vill\u00f3dz\u00e1smentes, sima vide\u00f3megjelen\u00edt\u00e9st. A <b>pr\u00e9s\u00f6nt\u00f6tt alum\u00ednium h\u00e1z<\/b> k\u00f6nny\u0171, m\u00e9gis strapab\u00edr\u00f3, az <b>IP65-\u00f6s v\u00e9detts\u00e9g<\/b> r\u00e9v\u00e9n pedig ellen\u00e1ll az id\u0151j\u00e1r\u00e1s viszontags\u00e1gainak. Ide\u00e1lis v\u00e1laszt\u00e1s rendezv\u00e9nyekre, koncertekre, fesztiv\u00e1lokra \u00e9s rekl\u00e1mfel\u00fcletekhez, ahol a gyors telep\u00edt\u00e9s \u00e9s a megb\u00edzhat\u00f3s\u00e1g kulcsfontoss\u00e1g\u00fa.<\/p>\n<p>&nbsp;<\/p>","protected":false},"featured_media":7157,"comment_status":"closed","ping_status":"closed","template":"","meta":{"googlesitekit_rrm_CAowr62iDA:productID":"","_eb_attr":"","_uf_show_specific_survey":0,"_uf_disable_surveys":false,"_themeisle_gutenberg_block_has_review":false},"product_brand":[261],"product_cat":[224,225],"product_tag":[327,306,307,108,185,182,184,305,266],"class_list":{"0":"post-6484","1":"product","2":"type-product","3":"status-publish","4":"has-post-thumbnail","6":"product_brand-tzsvtav","7":"product_cat-led-megjelenitok","8":"product_cat-rental","9":"product_tag-3-91","10":"product_tag-500x500","11":"product_tag-kabinet","12":"product_tag-led","13":"product_tag-led-kabinet","14":"product_tag-led-fal","15":"product_tag-rental","16":"product_tag-rental-led","17":"product_tag-tzsvtav","19":"first","20":"instock","21":"taxable","22":"shipping-taxable","23":"product-type-simple"},"jetpack_sharing_enabled":true,"_links":{"self":[{"href":"https:\/\/tzsvtav.com\/en\/wp-json\/wp\/v2\/product\/6484","targetHints":{"allow":["GET"]}}],"collection":[{"href":"https:\/\/tzsvtav.com\/en\/wp-json\/wp\/v2\/product"}],"about":[{"href":"https:\/\/tzsvtav.com\/en\/wp-json\/wp\/v2\/types\/product"}],"replies":[{"embeddable":true,"href":"https:\/\/tzsvtav.com\/en\/wp-json\/wp\/v2\/comments?post=6484"}],"version-history":[{"count":0,"href":"https:\/\/tzsvtav.com\/en\/wp-json\/wp\/v2\/product\/6484\/revisions"}],"wp:featuredmedia":[{"embeddable":true,"href":"https:\/\/tzsvtav.com\/en\/wp-json\/wp\/v2\/media\/7157"}],"wp:attachment":[{"href":"https:\/\/tzsvtav.com\/en\/wp-json\/wp\/v2\/media?parent=6484"}],"wp:term":[{"taxonomy":"product_brand","embeddable":true,"href":"https:\/\/tzsvtav.com\/en\/wp-json\/wp\/v2\/product_brand?post=6484"},{"taxonomy":"product_cat","embeddable":true,"href":"https:\/\/tzsvtav.com\/en\/wp-json\/wp\/v2\/product_cat?post=6484"},{"taxonomy":"product_tag","embeddable":true,"href":"https:\/\/tzsvtav.com\/en\/wp-json\/wp\/v2\/product_tag?post=6484"}],"curies":[{"name":"wp","href":"https:\/\/api.w.org\/{rel}","templated":true}]}}