{"id":403,"date":"2025-03-11T13:25:51","date_gmt":"2025-03-11T12:25:51","guid":{"rendered":"https:\/\/tzsvtav.com\/?post_type=product&#038;p=403"},"modified":"2025-08-06T10:56:59","modified_gmt":"2025-08-06T09:56:59","slug":"kiloview-cube-x1-ndi-distribution-system","status":"publish","type":"product","link":"https:\/\/tzsvtav.com\/en\/product\/kiloview-cube-x1-ndi-distribution-system\/","title":{"rendered":"Kiloview CUBE X1 NDI Distribution System"},"content":{"rendered":"<section>\n<div>\n<div>\n<div>\n<div>\n<div>\n<section>\n<div>\n<div>\n<div>\n<div>\n<div>\n<div>\n<div>\n<h2>CUBE X1<br \/>NDI Distribution System<\/h2>\n<\/div>\n<\/div>\n<div>\n<div>\n<div>\n<article>\n<article>\n<article>\n<p>CUBE X1 NDI Distribution System is a lightweight version of the <a href=\"https:\/\/www.kiloview.com\/en\/ndi\/ndi-core\/\" target=\"_blank\" rel=\"noopener\">NDI CORE MAX<\/a>.<\/p>\n<p>The CUBE X1 is designed for unified scheduling, switching, distribution, and management of all NDI signals, supporting up to 16CH NDI inputs and 32CH NDI outputs (NDI HX). It can achieve seamless switching of all NDI sources and switch without lagging or black screen.<\/p>\n<p><span class=\"s2 ContentPasted0\">Additionally, it is capable of multiple distribution of NDI data sources<\/span>, multi-business grouping management, NDI signal rotation playback, etc. It is also compatible with NDI signals of any format or from any device, such as NDI High Bandwidth\/ NDI HX3 for seamless docking.<\/p>\n<p>Equipped with an LCD touch screen, the CUBE X1 allows users to monitor the network status, storage space, and CPU usage in real time.<\/p>\n<p>CUBE X1 also enables users to configure the standard NDI Router on it.<\/p>\n<\/article>\n<\/article>\n<\/article>\n<\/div>\n<\/div>\n<\/div>\n<\/div>\n<\/div>\n<\/div>\n<\/div>\n<\/div>\n<\/section>\n<\/div>\n<\/div>\n<\/div>\n<\/div>\n<\/div>\n<\/section>\n<section>\n<div>\n<div>\n<div>\n<div>\n<div>\n<section>\n<div>\n<div>\n<div>\n<div>\n<div>\n<div>\n<div>\n<h2>Three Reasons to Choose Kiloview CUBE X1!<\/h2>\n<\/div>\n<\/div>\n<\/div>\n<\/div>\n<\/div>\n<\/div>\n<\/div>\n<\/section>\n<section>\n<div>\n<div>\n<div>\n<div>\n<div>\n<div>\n<div>\n<div>\n<div>\n<div>\n<h3>Seamless Switching<\/h3>\n<\/div>\n<\/div>\n<\/div>\n<\/div>\n<\/div>\n<\/div>\n<\/div>\n<\/div>\n<div>\n<div>\n<div>\n<div>\n<div>\n<div>\n<div>\n<div>\n<h3>NDI Multiplex Distribution<\/h3>\n<\/div>\n<\/div>\n<\/div>\n<\/div>\n<\/div>\n<\/div>\n<\/div>\n<\/div>\n<div>\n<div>\n<div>\n<div>\n<div>\n<div>\n<div>\n<div>\n<h3>High Compatibility<\/h3>\n<\/div>\n<\/div>\n<\/div>\n<\/div>\n<\/div>\n<\/div>\n<\/div>\n<\/div>\n<\/div>\n<\/div>\n<\/section>\n<section>\n<div>\n<div>\n<div>\n<div>\n<div>\n<div>\n<div>\n<div>\n<article>\n<p>1. All the NDI sources are connected one-to-one to the Kiloview CUBE X1 NDI Distribution System for switching and distribution.<\/p>\n<p>2. Multiple virtual outputs can be created within the CUBE X1 that can be connected to any NDI destination; it is also capable of seamless input\/output switching.<\/p>\n<p>3. Connection mode: support input\/output 1-to-1 connection; support 1 channel input + 1 channel output + multi-channel terminal; 1 channel input + multi-channel output + multi-channel terminal.<\/p>\n<\/article>\n<\/div>\n<\/div>\n<\/div>\n<\/div>\n<\/div>\n<\/div>\n<\/div>\n<\/div>\n<\/section>\n<section>\n<div><\/div>\n<div>\n<div>\n<div>\n<div>\n<div>\n<div>\n<div>\n<div><img decoding=\"async\" src=\"https:\/\/tzsvtavshop.com\/wp-content\/uploads\/content\/CUBE-X1\u62d3\u6251\u56feen.png\" alt=\"TZSVTAV-LED b\u00e9rl\u00e9s-gy\u00e1rt\u00e1s\" title=\"\"><\/div>\n<\/div>\n<\/div>\n<\/div>\n<\/div>\n<\/div>\n<\/div>\n<\/div>\n<\/section>\n<\/div>\n<\/div>\n<\/div>\n<\/div>\n<\/div>\n<\/section>\n<section>\n<div>\n<div>\n<div>\n<div>\n<div>\n<section>\n<div>\n<div>\n<div>\n<div>\n<div>\n<div>\n<div>\n<h2>Multiplex Distribution of NDI Data Sources<\/h2>\n<\/div>\n<\/div>\n<div>\n<div>\n<div>\n<article>\n<article>\n<p>Unlike a simple routing switching mechanism, Kiloview CUBE X1 supports access to all NDI data sources, achieving seamless NDI signal switching and unlimited distribution. When you need to use the same NDI video source in multiple targets, the system can create multiple NDI outputs as needed, or the same output can support multiple targets connected at the same time.<\/p>\n<\/article>\n<\/article>\n<\/div>\n<\/div>\n<\/div>\n<\/div>\n<\/div>\n<\/div>\n<\/div>\n<\/div>\n<\/section>\n<section>\n<div>\n<div>\n<div>\n<div>\n<div>\n<div>\n<div>\n<div><img decoding=\"async\" src=\"https:\/\/tzsvtavshop.com\/wp-content\/uploads\/content\/\u77e9\u9635\u603b\u56fe-One-for-all-Lets-make-it-easy.jpg\" alt=\"TZSVTAV-LED b\u00e9rl\u00e9s-gy\u00e1rt\u00e1s\" title=\"\"><\/div>\n<\/div>\n<\/div>\n<\/div>\n<\/div>\n<\/div>\n<\/div>\n<\/div>\n<\/section>\n<\/div>\n<\/div>\n<\/div>\n<\/div>\n<\/div>\n<\/section>\n<section>\n<div>\n<div>\n<div>\n<div>\n<div>\n<section>\n<div>\n<div>\n<div>\n<div>\n<div>\n<div>\n<div>\n<h2>Seamless Switching, More Professional<\/h2>\n<\/div>\n<\/div>\n<div>\n<div>\n<div>\n<article>\n<p>Kiloview CUBE X1 can automatically discover and manually input NDI sources. It is capable of 13 channels of NDI inputs, 26 channels of NDI outputs, copy distribution and switching.<\/p>\n<p><span class=\"s2 ContentPasted0\">There are two options for switching panels: the crosspoint panel and the IO panel<\/span><\/p>\n<\/article>\n<\/div>\n<\/div>\n<\/div>\n<\/div>\n<\/div>\n<\/div>\n<\/div>\n<\/div>\n<\/section>\n<section>\n<div>\n<div>\n<div>\n<div>\n<div>\n<div>\n<div>\n<div><img decoding=\"async\" src=\"https:\/\/tzsvtavshop.com\/wp-content\/uploads\/content\/Seamless-NDI-Switching.png\" alt=\"TZSVTAV-LED b\u00e9rl\u00e9s-gy\u00e1rt\u00e1s\" title=\"\"><\/div>\n<\/div>\n<\/div>\n<\/div>\n<\/div>\n<\/div>\n<\/div>\n<\/div>\n<\/section>\n<\/div>\n<\/div>\n<\/div>\n<\/div>\n<\/div>\n<\/section>\n<section>\n<div>\n<div>\n<div>\n<div>\n<div>\n<section>\n<div>\n<div>\n<div>\n<div>\n<div>\n<div>\n<div>\n<h2>Up to 13 Channels of NDI Input and 26 Output<\/h2>\n<\/div>\n<\/div>\n<div>\n<div>\n<div>\n<p>CUBE X1 NDI Distribution System is a lightweight version of the NDI CORE MAX, equipped with dual 10GbE NICs, which can reach 13 channels of 1080p60 resolution NDI source inputs and 26 channels of 1080p60 resolution NDI source outputs simultaneously. You can easily switch all the NDI I\/O by using the preset 16 buttons. <\/p>\n<p>CUBE X1 is also capable of audio embedding that delivers the biggest flexibility*.<\/p>\n<\/div>\n<\/div>\n<\/div>\n<\/div>\n<\/div>\n<\/div>\n<\/div>\n<\/div>\n<\/section>\n<section>\n<div>\n<div>\n<div>\n<div>\n<div>\n<div>\n<div>\n<div><img decoding=\"async\" src=\"https:\/\/tzsvtavshop.com\/wp-content\/uploads\/content\/\u77e9\u9635\u540e\u53f0.jpg\" alt=\"TZSVTAV-LED b\u00e9rl\u00e9s-gy\u00e1rt\u00e1s\" title=\"\"><\/div>\n<\/div>\n<\/div>\n<\/div>\n<\/div>\n<\/div>\n<\/div>\n<\/div>\n<\/section>\n<\/div>\n<\/div>\n<\/div>\n<\/div>\n<\/div>\n<\/section>\n<section>\n<div>\n<div>\n<div>\n<div>\n<div>\n<section>\n<div>\n<div>\n<div>\n<div>\n<div>\n<div>\n<div>\n<h2>Compatible with NDI Signals of Any Formats\/Devices<\/h2>\n<\/div>\n<\/div>\n<div>\n<div>\n<div>\n<article><\/article>\n<article>\n<article>\n<article>The CUBE X1 is compatible with any formats of NDI input of any resolution such as UHD\/HD\/NDI\/NDI|HX, etc. and works seamlessly with NDI conference cameras, NDI mobile phones\/computers, NDI encoders\/decoders, NDI production systems, and other NDI hardware and software systems.<\/p>\n<p>CUBE X1 enables users to set the NTP server to all NDI devices*.<\/p>\n<\/article>\n<\/article>\n<\/article>\n<\/div>\n<\/div>\n<\/div>\n<\/div>\n<\/div>\n<\/div>\n<\/div>\n<\/div>\n<\/section>\n<section>\n<div>\n<div>\n<div>\n<div>\n<div>\n<div>\n<div>\n<div>\n<div>\n<div><\/div>\n<div><\/div>\n<\/div>\n<div>\n<h2>Any devices<\/h2>\n<\/div>\n<\/div>\n<\/div>\n<\/div>\n<\/div>\n<\/div>\n<\/div>\n<div>\n<div>\n<div>\n<div>\n<div>\n<div>\n<div>\n<div><\/div>\n<div><\/div>\n<\/div>\n<div>\n<h2>Any format<\/h2>\n<\/div>\n<\/div>\n<\/div>\n<\/div>\n<\/div>\n<\/div>\n<\/div>\n<div>\n<div>\n<div>\n<div>\n<div>\n<div>\n<div>\n<div><\/div>\n<div><\/div>\n<\/div>\n<div>\n<h2>Multi-resolution<\/h2>\n<\/div>\n<\/div>\n<\/div>\n<\/div>\n<\/div>\n<\/div>\n<\/div>\n<\/div>\n<\/div>\n<\/section>\n<\/div>\n<\/div>\n<\/div>\n<\/div>\n<\/div>\n<\/section>\n<section>\n<div>\n<div>\n<div>\n<div>\n<div><\/div>\n<div>\n<section>\n<div>\n<div>\n<div>\n<div>\n<div>\n<div>\n<div>\n<h2>Touch Screen One-Button Operation<\/h2>\n<\/div>\n<\/div>\n<div>\n<div>\n<div>\n<article>\n<article>\n<p>The CUBE X1 NDI Distribution System features an LCD touch screen and operation button design, the built-in 5.5-inch HD screen will display all the video operations. <\/p>\n<p>Without an external display screen, the appropriate input\/output source can be easily selected through a button or touch for monitoring, distribution.<\/p>\n<p>In addition, the VU meter is enabled for the user to monitor the audio status.<\/p>\n<\/article>\n<\/article>\n<\/div>\n<\/div>\n<\/div>\n<\/div>\n<\/div>\n<\/div>\n<div>\n<div>\n<div><\/div>\n<\/div>\n<\/div>\n<\/div>\n<\/div>\n<\/section>\n<\/div>\n<\/div>\n<\/div>\n<\/div>\n<\/div>\n<\/section>\n<section>\n<div>\n<div>\n<div>\n<div>\n<div>\n<section>\n<div>\n<div>\n<div>\n<div>\n<div>\n<div>\n<div>\n<h2>Customizable Control Panel<\/h2>\n<\/div>\n<\/div>\n<div>\n<div>\n<div>\n<article>\n<article>\n<article>\n<p>With a customizable control panel, users can easily format different groups and independently set the group inputs and outputs to suit different scenarios. <\/p>\n<p>Two switching panels, the IO panel, and the crosspoint panel are provided as standard.<\/p>\n<\/article>\n<\/article>\n<\/article>\n<\/div>\n<\/div>\n<\/div>\n<div>\n<div>\n<div><img decoding=\"async\" src=\"https:\/\/tzsvtavshop.com\/wp-content\/uploads\/content\/lQLPJxIrARbDWG7NA6HNB4CwZpvXpwjrBqkEl_kukwAGAA_1920_929.png\" alt=\"TZSVTAV-LED b\u00e9rl\u00e9s-gy\u00e1rt\u00e1s\" title=\"\"><\/div>\n<\/div>\n<\/div>\n<\/div>\n<\/div>\n<\/div>\n<\/div>\n<\/div>\n<\/section>\n<\/div>\n<\/div>\n<\/div>\n<\/div>\n<\/div>\n<\/section>\n<section>\n<div>\n<div>\n<div>\n<div>\n<div>\n<section>\n<div>\n<div>\n<div>\n<div>\n<div>\n<div>\n<div>\n<h2>NDI Signal Round-Robin Playback<\/h2>\n<\/div>\n<\/div>\n<div>\n<div>\n<div>\n<article>\n<article>\n<p>Users can separately set the program source, dynamically change the playback order, playback time, etc., and the playback supports NDI signal rotation.<\/p>\n<p>It supports multiple playback modes, such as looping and sequential play.<\/p>\n<p>It is appropriate for a variety of scenarios, including conferences and Digital Signage.<\/p>\n<\/article>\n<\/article>\n<\/div>\n<\/div>\n<\/div>\n<div>\n<div>\n<div><img decoding=\"async\" src=\"https:\/\/tzsvtavshop.com\/wp-content\/uploads\/content\/lQLPJwU8cW_iu27NA6HNB4CwSPfqVwyPSFAEl_oKhsAwAA_1920_929.png\" alt=\"TZSVTAV-LED b\u00e9rl\u00e9s-gy\u00e1rt\u00e1s\" title=\"\"><\/div>\n<\/div>\n<\/div>\n<\/div>\n<\/div>\n<\/div>\n<\/div>\n<\/div>\n<\/section>\n<\/div>\n<\/div>\n<\/div>\n<\/div>\n<\/div>\n<\/section>\n<section>\n<div>\n<div>\n<div>\n<div>\n<div>\n<section>\n<div>\n<div>\n<div>\n<div>\n<div>\n<div>\n<div>\n<h2>Log &amp; Permission Management, Secure Your Workflow<\/h2>\n<\/div>\n<\/div>\n<div>\n<div>\n<div>\n<article>\n<article>\n<article>\n<p>Featuring log and permission management options, the CUBE X1 guarantees the security of the entire process of video transmission, production, and management. <\/p>\n<p>Assigning permission levels to different users, the CUBE X1 allows easy viewing of operation logs and log management at any time.<\/p>\n<\/article>\n<\/article>\n<\/article>\n<\/div>\n<\/div>\n<\/div>\n<div>\n<div>\n<div><img decoding=\"async\" src=\"https:\/\/tzsvtavshop.com\/wp-content\/uploads\/content\/lQLPJxJPYlCN2G7NA6HNB4CwAQiN8yywDGgEl_kulkAGAA_1920_929.png\" alt=\"TZSVTAV-LED b\u00e9rl\u00e9s-gy\u00e1rt\u00e1s\" title=\"\"><\/div>\n<\/div>\n<\/div>\n<\/div>\n<\/div>\n<\/div>\n<\/div>\n<\/div>\n<\/section>\n<\/div>\n<\/div>\n<\/div>\n<\/div>\n<\/div>\n<\/section>\n<section>\n<div>\n<div>\n<div>\n<div>\n<div>\n<section>\n<div>\n<div>\n<div>\n<div>\n<div>\n<div>\n<div>\n<h2>Stable and Reliable Hardware Server<\/h2>\n<\/div>\n<\/div>\n<div>\n<div>\n<div>\n<article>\n<article>\n<article>\n<p>Flexible Ethernet and SFP modules.<\/p>\n<p>Professional form factor: CUBE X1 NDI Distribution System is half width of the 2U rackmount design.<\/p>\n<p>Reinforced design, better stability.<\/p>\n<p>Convenient HDMI and USB ports.<\/p>\n<p>User-centered design and expandability enable users to create hot backup and a more powerful cluster to achieve a bigger matrix of NDI sources*.<\/p>\n<\/article>\n<\/article>\n<\/article>\n<p>*Coming soon with free future update.<\/p>\n<\/div>\n<\/div>\n<\/div>\n<\/div>\n<\/div>\n<\/div>\n<\/div>\n<\/div>\n<\/section>\n<section>\n<div>\n<div>\n<div>\n<div>\n<div>\n<div>\n<div>\n<div>\n<div>\n<div><\/div>\n<div><\/div>\n<\/div>\n<div>\n<div>Dual Power Backup<\/div>\n<div>Redundant power supply, better security<\/div>\n<\/div>\n<\/div>\n<\/div>\n<\/div>\n<\/div>\n<\/div>\n<\/div>\n<div>\n<div>\n<div>\n<div>\n<div>\n<div>\n<div>\n<div><\/div>\n<div><\/div>\n<\/div>\n<div>\n<div>Cooling Fans<\/div>\n<div>Cooling design, more reliable<\/div>\n<\/div>\n<\/div>\n<\/div>\n<\/div>\n<\/div>\n<\/div>\n<\/div>\n<div>\n<div>\n<div>\n<div>\n<div>\n<div>\n<div>\n<div><\/div>\n<div><\/div>\n<\/div>\n<div>\n<div>Dual 10GbE NIC<\/div>\n<div>Two built-in 10GbE 10 gigabit network ports<br \/>More reliable data bandwidth<\/div>\n<\/div>\n<\/div>\n<\/div>\n<\/div>\n<\/div>\n<\/div>\n<\/div>\n<\/div>\n<\/div>\n<\/section>\n<\/div>\n<\/div>\n<\/div>\n<\/div>\n<\/div>\n<\/section>\n<section>\n<div>\n<div>\n<div>\n<div>\n<div>\n<section>\n<div>\n<div>\n<div>\n<div>\n<div>\n<div>\n<div>\n<h2>CUBE X1 Appearance<\/h2>\n<\/div>\n<\/div>\n<div>\n<div>\n<div><\/div>\n<\/div>\n<\/div>\n<\/div>\n<\/div>\n<\/div>\n<\/div>\n<\/div>\n<\/section>\n<\/div>\n<\/div>\n<\/div>\n<\/div>\n<\/div>\n<\/section>\n<section>\n<div>\n<div>\n<div>\n<div>\n<div>\n<section>\n<div>\n<div>\n<div>\n<div>\n<div>\n<div>\n<div>\n<h2>Applications<\/h2>\n<\/div>\n<\/div>\n<div>\n<div>\n<div>\n<article>\n<article>\n<p>Multiplex signal switching, studio, OB van, OB production company, EFP system, media broadcasting, schools and various enterprises and institutions, IP video signal management within campus network, signal scheduling, signal backup switching, etc.<\/p>\n<\/article>\n<\/article>\n<\/div>\n<\/div>\n<\/div>\n<\/div>\n<\/div>\n<\/div>\n<\/div>\n<\/div>\n<\/section>\n<section>\n<div>\n<div>\n<div>\n<div>\n<div>\n<div>\n<div>\n<div><img decoding=\"async\" src=\"https:\/\/tzsvtavshop.com\/wp-content\/uploads\/content\/\u5e94\u75283.jpg\" alt=\"TZSVTAV-LED b\u00e9rl\u00e9s-gy\u00e1rt\u00e1s\" title=\"\"><\/div>\n<\/div>\n<\/div>\n<div>\n<div>\n<div>\n<p>Multiplex Signal Switching<\/p>\n<\/div>\n<\/div>\n<\/div>\n<\/div>\n<\/div>\n<\/div>\n<div>\n<div>\n<div>\n<div>\n<div>\n<div><img decoding=\"async\" src=\"https:\/\/tzsvtavshop.com\/wp-content\/uploads\/content\/\u5e94\u75282.jpg\" alt=\"TZSVTAV-LED b\u00e9rl\u00e9s-gy\u00e1rt\u00e1s\" title=\"\"><\/div>\n<\/div>\n<\/div>\n<div>\n<div>\n<div>\n<p>TV Studio<\/p>\n<\/div>\n<\/div>\n<\/div>\n<\/div>\n<\/div>\n<\/div>\n<div>\n<div>\n<div>\n<div>\n<div>\n<div><img decoding=\"async\" src=\"https:\/\/tzsvtavshop.com\/wp-content\/uploads\/content\/\u5e94\u75281.jpg\" alt=\"TZSVTAV-LED b\u00e9rl\u00e9s-gy\u00e1rt\u00e1s\" title=\"\"><\/div>\n<\/div>\n<\/div>\n<div>\n<div>\n<div>\n<p>New Media Broadcast<\/p>\n<\/div>\n<\/div>\n<\/div>\n<\/div>\n<\/div>\n<\/div>\n<div>\n<div>\n<div>\n<div>\n<div>\n<div><img decoding=\"async\" src=\"https:\/\/tzsvtavshop.com\/wp-content\/uploads\/content\/\u5e94\u75284.jpg\" alt=\"TZSVTAV-LED b\u00e9rl\u00e9s-gy\u00e1rt\u00e1s\" title=\"\"><\/div>\n<\/div>\n<\/div>\n<div>\n<div>\n<div>\n<p>Signal Management\/Scheduling<\/p>\n<\/div>\n<\/div>\n<\/div>\n<\/div>\n<\/div>\n<\/div>\n<\/div>\n<\/div>\n<\/section>\n<\/div>\n<\/div>\n<\/div>\n<\/div>\n<\/div>\n<\/section>\n<section>\n<div>\n<div>\n<div>\n<div>\n<div>\n<section>\n<div>\n<div>\n<div>\n<div>\n<div>\n<div>\n<div>\n<h3>CUBE X1 Parameters<\/h3>\n<\/div>\n<\/div>\n<\/div>\n<\/div>\n<\/div>\n<\/div>\n<\/div>\n<\/section>\n<section>\n<div>\n<div>\n<div>\n<div>\n<div>\n<div>\n<div>\n<div>\n<div>\n<table class=\"tablepress tablepress-id-139 dataTable no-footer ecwid-description-table\">\n<thead>\n<tr>\n<th>Model<\/th>\n<th>CUBE X1 Distribution System<\/th>\n<\/tr>\n<\/thead>\n<tbody>\n<tr>\n<td>Inputs\/Outputs<\/td>\n<td>4KP60 up to 5 inputs &amp; 10 outputs (NDI High Bandwidth), 1080P60 up to 13 inputs &amp; 26 outputs ((NDI High Bandwidth), 1080P60 up to 16 inputs and 32 outputs(NDI HX). Total input bandwidth not exceeding 2.5 GbpsTotal output bandwidth not exceeding 5 Gbps<\/td>\n<\/tr>\n<tr>\n<td>NDI Formats<\/td>\n<td>NDI High Bandwidth\/ NDI HX\/ NDI HX3<\/td>\n<\/tr>\n<tr>\n<td>Resolution<\/td>\n<td>Up to 4Kp60<\/td>\n<\/tr>\n<tr>\n<td>USB Ports<\/td>\n<td>2*use 2.0 (Type-A)<\/td>\n<\/tr>\n<tr>\n<td>Audio I\/O<\/td>\n<td>1x 3.5mm LINE IN<br \/>1x 3.5mm LINE OUT<\/td>\n<\/tr>\n<tr>\n<td>Network<\/td>\n<td>2 x 10GbE SFP+ ports; 1 x 1GbE RJ45 Ethernet port<\/td>\n<\/tr>\n<tr>\n<td>Output Port<\/td>\n<td>1*HDMI<\/td>\n<\/tr>\n<tr>\n<td>Buttons<\/td>\n<td>16 buttons+1 Power<\/td>\n<\/tr>\n<tr>\n<td>Display<\/td>\n<td>5.5\u2033 1080p LCD touchscreen<\/td>\n<\/tr>\n<tr>\n<td>CPU<\/td>\n<td>8 CORE ARM 64-bit Processor<\/td>\n<\/tr>\n<tr>\n<td>RAM<\/td>\n<td>12GB<\/td>\n<\/tr>\n<tr>\n<td>RUM<\/td>\n<td>16GB<\/td>\n<\/tr>\n<tr>\n<td>Power supply<\/td>\n<td>Redundant power, 100~230V AC<\/td>\n<\/tr>\n<tr>\n<td>System<\/td>\n<td>Linux<\/td>\n<\/tr>\n<tr>\n<td>Weight<\/td>\n<td>2.00kg<\/td>\n<\/tr>\n<tr>\n<td>Management<\/td>\n<td>Web<\/td>\n<\/tr>\n<tr>\n<td>Dimensions (mm)<\/td>\n<td>220*231.45*88mm\uff08Combine two CUBE X1 to 2RU\uff09<\/td>\n<\/tr>\n<\/tbody>\n<\/table>\n<\/div>\n<\/div>\n<\/div>\n<\/div>\n<div>\n<div>\n<div>\n<p>* 1. CUBE X1 does not support transcoding at the current stage, such as transcoding of NDI High Bandwidth streams input to NDI HX streams output.<\/p>\n<p>   2. The performance of NDI HX or mixed NDI High Bandwidth and NDI HX will be updated after the test in standard environment.<\/p>\n<\/div>\n<\/div>\n<\/div>\n<\/div>\n<\/div>\n<\/div>\n<\/div>\n<\/div>\n<\/section>\n<\/div>\n<\/div>\n<\/div>\n<\/div>\n<\/div>\n<\/section>\n<section>\n<div>\n<div>\n<div>\n<div>\n<div>\n<section>\n<div>\n<div>\n<div>\n<div>\n<div>\n<div>\n<div>\n<h3>Download Docs<\/h3>\n<\/div>\n<\/div>\n<\/div>\n<\/div>\n<\/div>\n<\/div>\n<\/div>\n<\/section>\n<section>\n<div>\n<div>\n<div>\n<div>\n<div>\n<div>\n<div>\n<ul>\n<li><a href=\"https:\/\/www.kiloview.com\/downloads\/Firmware\/pdf\/cubex1\/CUBE_X1-user_manual_EN\uff08V2.2\uff08231222\uff09.pdf\" download=\"\" target=\"_blank\" rel=\"noopener\"><span class=\"elementor-icon-list-icon\"><\/span><span class=\"elementor-icon-list-text\">CUBE X1 User Manual<\/span><\/a><\/li>\n<\/ul>\n<\/div>\n<\/div>\n<\/div>\n<\/div>\n<\/div>\n<\/div>\n<\/div>\n<\/section>\n<section>\n<div>\n<div>\n<div>\n<div>\n<div>\n<div>\n<div>\n<ul>\n<li><a href=\"https:\/\/www.kiloview.com\/downloads\/Firmware\/pdf\/cubex1\/CUBE_X1-Datasheet.pdf\" download=\"\" target=\"_blank\" rel=\"noopener\"><span class=\"elementor-icon-list-icon\"><\/span><span class=\"elementor-icon-list-text\">CUBE X1 Datasheet<\/span><\/a><\/li>\n<\/ul>\n<\/div>\n<\/div>\n<\/div>\n<\/div>\n<\/div>\n<\/div>\n<\/div>\n<\/section>\n<\/div>\n<\/div>\n<\/div>\n<\/div>\n<\/div>\n<\/section>","protected":false},"excerpt":{"rendered":"<p>CUBE X1NDI Distribution System CUBE X1 NDI Distribution System is a lightweight version of the NDI CORE MAX. The CUBE X1 is designed for unified scheduling, switching, distribution, and management of all NDI signals, supporting up to 16CH NDI inputs and 32CH NDI outputs (NDI HX). It can achieve seamless switching of all NDI sources [&hellip;]<\/p>\n","protected":false},"featured_media":8350,"comment_status":"closed","ping_status":"closed","template":"","meta":{"googlesitekit_rrm_CAowr62iDA:productID":"","_eb_attr":"","_uf_show_specific_survey":0,"_uf_disable_surveys":false,"_themeisle_gutenberg_block_has_review":false},"product_brand":[],"product_cat":[15],"product_tag":[],"class_list":{"0":"post-403","1":"product","2":"type-product","3":"status-publish","4":"has-post-thumbnail","6":"product_cat-egyeb","8":"first","9":"instock","10":"taxable","11":"shipping-taxable","12":"product-type-simple"},"jetpack_sharing_enabled":true,"_links":{"self":[{"href":"https:\/\/tzsvtav.com\/en\/wp-json\/wp\/v2\/product\/403","targetHints":{"allow":["GET"]}}],"collection":[{"href":"https:\/\/tzsvtav.com\/en\/wp-json\/wp\/v2\/product"}],"about":[{"href":"https:\/\/tzsvtav.com\/en\/wp-json\/wp\/v2\/types\/product"}],"replies":[{"embeddable":true,"href":"https:\/\/tzsvtav.com\/en\/wp-json\/wp\/v2\/comments?post=403"}],"version-history":[{"count":0,"href":"https:\/\/tzsvtav.com\/en\/wp-json\/wp\/v2\/product\/403\/revisions"}],"wp:featuredmedia":[{"embeddable":true,"href":"https:\/\/tzsvtav.com\/en\/wp-json\/wp\/v2\/media\/8350"}],"wp:attachment":[{"href":"https:\/\/tzsvtav.com\/en\/wp-json\/wp\/v2\/media?parent=403"}],"wp:term":[{"taxonomy":"product_brand","embeddable":true,"href":"https:\/\/tzsvtav.com\/en\/wp-json\/wp\/v2\/product_brand?post=403"},{"taxonomy":"product_cat","embeddable":true,"href":"https:\/\/tzsvtav.com\/en\/wp-json\/wp\/v2\/product_cat?post=403"},{"taxonomy":"product_tag","embeddable":true,"href":"https:\/\/tzsvtav.com\/en\/wp-json\/wp\/v2\/product_tag?post=403"}],"curies":[{"name":"wp","href":"https:\/\/api.w.org\/{rel}","templated":true}]}}