{"id":366,"date":"2025-03-11T13:24:53","date_gmt":"2025-03-11T12:24:53","guid":{"rendered":"https:\/\/tzsvtav.com\/?post_type=product&#038;p=366"},"modified":"2025-08-06T10:57:34","modified_gmt":"2025-08-06T09:57:34","slug":"yamaha-dm3s-digital-mixer-16-1-st-2-fx","status":"publish","type":"product","link":"https:\/\/tzsvtav.com\/en\/product\/yamaha-dm3s-digital-mixer-16-1-st-2-fx\/","title":{"rendered":"Yamaha DM3S Digital Mixer, 16 + 1 St &amp; 2 FX"},"content":{"rendered":"<p><img decoding=\"async\" src=\"https:\/\/tzsvtavshop.com\/wp-content\/uploads\/content\/Yamaha_Logo_png.png\" width=\"133\" height=\"76\" style=\"width: 133px; height: 76px;\" alt=\"TZSVTAV-LED b\u00e9rl\u00e9s-gy\u00e1rt\u00e1s\" title=\"\"><\/p>\n<div><strong>Description<\/strong><\/div>\n<div>The portable, compact DM3 Standard digital mixer is packed with versatile features that make it perfect for a variety of applications. The DM3 Standard offers excellent sound quality, quick and easy setup and operation, and the highest professional-level features.<\/div>\n<div>8 + 1 fader configuration<\/div>\n<div>9-inch multi-touch screen<\/div>\n<div>Input channels: 16 mono + 1 stereo + 2 FX returns<\/div>\n<div>Buses: 1 stereo, 6 mix, 2 FX, 2 matrix (supports input to matrix)<\/div>\n<div>Local I\/O: 16 mic\/line (12 XLR + 4 XLR\/TRS phone combo) inputs and 8 (XLR) outputs<\/div>\n<div>USB: 18 inputs and 18 outputs<\/div>\n<div>18 effects and GEQ on Mix 1-6 and stereo<\/div>\n<div>sampling frequency: 48kHz\/96kHz<\/div>\n<div>Dimensions (W x H x D): 320 mm \u00d7 455 mm \u00d7 140 mm<\/div>\n<div>Net weight: 6.5 kg<\/div>","protected":false},"excerpt":{"rendered":"<p>Le\u00edr\u00e1s A hordozhat\u00f3, kompakt DM3 Standard digit\u00e1lis kever\u0151 sokoldal\u00fa funkci\u00f3kkal rendelkezik, amelyek t\u00f6k\u00e9letess\u00e9 teszik sz\u00e1mos alkalmaz\u00e1shoz. A DM3 Standard kiv\u00e1l\u00f3 hangmin\u0151s\u00e9get, gyors \u00e9s egyszer\u0171 be\u00e1ll\u00edt\u00e1st \u00e9s kezel\u00e9st, valamint a legmagasabb professzion\u00e1lis szint\u0171 funkci\u00f3kat k\u00edn\u00e1l. 8 + 1 fader konfigur\u00e1ci\u00f3 9 h\u00fcvelykes multi-touch k\u00e9perny\u0151 Bemeneti csatorn\u00e1k: 16 mon\u00f3 + 1 sztere\u00f3 + 2 FX vissza Buszok: [&hellip;]<\/p>\n","protected":false},"featured_media":8317,"comment_status":"closed","ping_status":"closed","template":"","meta":{"googlesitekit_rrm_CAowr62iDA:productID":"","_eb_attr":"","_uf_show_specific_survey":0,"_uf_disable_surveys":false,"_themeisle_gutenberg_block_has_review":false},"product_brand":[],"product_cat":[258,239],"product_tag":[],"class_list":{"0":"post-366","1":"product","2":"type-product","3":"status-publish","4":"has-post-thumbnail","6":"product_cat-audio-mixer","7":"product_cat-prosound-hang","9":"first","10":"instock","11":"taxable","12":"shipping-taxable","13":"product-type-simple"},"jetpack_sharing_enabled":true,"_links":{"self":[{"href":"https:\/\/tzsvtav.com\/en\/wp-json\/wp\/v2\/product\/366","targetHints":{"allow":["GET"]}}],"collection":[{"href":"https:\/\/tzsvtav.com\/en\/wp-json\/wp\/v2\/product"}],"about":[{"href":"https:\/\/tzsvtav.com\/en\/wp-json\/wp\/v2\/types\/product"}],"replies":[{"embeddable":true,"href":"https:\/\/tzsvtav.com\/en\/wp-json\/wp\/v2\/comments?post=366"}],"version-history":[{"count":0,"href":"https:\/\/tzsvtav.com\/en\/wp-json\/wp\/v2\/product\/366\/revisions"}],"wp:featuredmedia":[{"embeddable":true,"href":"https:\/\/tzsvtav.com\/en\/wp-json\/wp\/v2\/media\/8317"}],"wp:attachment":[{"href":"https:\/\/tzsvtav.com\/en\/wp-json\/wp\/v2\/media?parent=366"}],"wp:term":[{"taxonomy":"product_brand","embeddable":true,"href":"https:\/\/tzsvtav.com\/en\/wp-json\/wp\/v2\/product_brand?post=366"},{"taxonomy":"product_cat","embeddable":true,"href":"https:\/\/tzsvtav.com\/en\/wp-json\/wp\/v2\/product_cat?post=366"},{"taxonomy":"product_tag","embeddable":true,"href":"https:\/\/tzsvtav.com\/en\/wp-json\/wp\/v2\/product_tag?post=366"}],"curies":[{"name":"wp","href":"https:\/\/api.w.org\/{rel}","templated":true}]}}