{"id":16472,"date":"2025-09-26T17:01:34","date_gmt":"2025-09-26T16:01:34","guid":{"rendered":"https:\/\/tzsvtav.com\/?post_type=product&#038;p=16472"},"modified":"2025-09-26T19:58:18","modified_gmt":"2025-09-26T18:58:18","slug":"vela-rack-sdi-12g-multi-protocol-codec-recorder-live","status":"publish","type":"product","link":"https:\/\/tzsvtav.com\/en\/product\/vela-rack-sdi-12g-multi-protocol-codec-recorder-live\/","title":{"rendered":"VELA RACK SDI 12g Multi-protocol. Codec\/Recorder\/Live"},"content":{"rendered":"<p>&nbsp;<\/p>\n<p><strong>A SCIENCE IMAGE Vela Rack SDI<\/strong> k\u00e9sz\u00fcl\u00e9ke egy sokoldal\u00fa, t\u00f6bbprotokollos k\u00f3dol\u00f3\/dek\u00f3dol\u00f3\/r\u00f6gz\u00edt\u0151, 3,4 h\u00fcvelykes, nagy f\u00e9nyerej\u0171, \u00e9rint\u0151k\u00e9perny\u0151s kijelz\u0151vel. K\u00e9pes 12G-SDI\/UHD 4K jelek k\u00f3dol\u00e1s\u00e1ra \u00e9l\u0151 k\u00f6zvet\u00edt\u00e9shez, RTMP\/RTSP\/SRT\/Full NDI\/HX2\/HX3 t\u00e1mogat\u00e1ssal. A Vela Rack SDI t\u00f6bb audio funkci\u00f3val b\u00fcszk\u00e9lkedhet, bele\u00e9rtve a monitoroz\u00e1st, a kever\u00e9st \u00e9s az intercomot. Integr\u00e1lt m\u00e9r\u0151rendszerrel rendelkezik, \u00e9s k\u00e9tir\u00e1ny\u00fa optikai ad\u00f3-vev\u0151t \u00e9s USB-A csatlakoz\u00e1st biztos\u00edt.<\/p>\n<p><strong>Egyidej\u0171 k\u00f3dol\u00e1s \u00e9s dek\u00f3dol\u00e1s<\/strong><\/p>\n<p>Az egys\u00e9g 12G-SDI UHD 4K60 \u00e9s videostreameket, p\u00e9ld\u00e1ul RTMP\/RTSP\/SRT\/Full NDI\/HX2\/HX3-at k\u00f3dol. Egyidej\u0171leg dek\u00f3dolja a kapcsol\u00f3r\u00f3l vagy t\u00e1vir\u00e1ny\u00edt\u00f3r\u00f3l \u00e9rkez\u0151 NDI-t, lehet\u0151v\u00e9 t\u00e9ve a kamerakezel\u0151 sz\u00e1m\u00e1ra, hogy val\u00f3s id\u0151ben megtekintse \u00e9s figyelje a visszat\u00e9r\u0151 jelet, \u00e9s szinkroniz\u00e1ljon a rendez\u0151vel.<\/p>\n<p><strong>3,4 h\u00fcvelykes integr\u00e1lt \u00e9rint\u0151k\u00e9perny\u0151s kijelz\u0151<\/strong><\/p>\n<p>Az integr\u00e1lt 3,4 h\u00fcvelykes kihajthat\u00f3 \u00e9rint\u0151k\u00e9perny\u0151s kijelz\u0151 nagy f\u00e9nyerej\u0171 \u00e9s&#8230; 960 x 412 felbont\u00e1s. Term\u00e9szetes sz\u00edneket jelen\u00edt meg, \u00e9s felhaszn\u00e1l\u00f3bar\u00e1t felhaszn\u00e1l\u00f3i fel\u00fcletet biztos\u00edt a k\u00f6nny\u0171 \u00e9s k\u00e9nyelmes kezel\u00e9s \u00e9rdek\u00e9ben, be\u00e9p\u00edtett hangsz\u00f3r\u00f3val az intercom\/sztere\u00f3\/audio monitor funkci\u00f3khoz.<\/p>\n<p><strong>4K felv\u00e9tel opcion\u00e1lis SSD-vel<\/strong><br \/>\nR\u00f6gz\u00edtsen HD vide\u00f3t ak\u00e1r UHD 4K60 felbont\u00e1sban 10 bites 4:4:4 min\u0151s\u00e9gben, sz\u00fcneteltet\u00e9ssel, lej\u00e1tsz\u00e1ssal, visszan\u00e9z\u00e9ssel \u00e9s el\u0151reteker\u00e9ssel egy opcion\u00e1lis, nagy sebess\u00e9g\u0171 SSD seg\u00edts\u00e9g\u00e9vel egy opcion\u00e1lis SCIENCE IMAGE SSD dokkol\u00f3 seg\u00edts\u00e9g\u00e9vel. Egyetlen meghajt\u00f3 ak\u00e1r 5,5 \u00f3r\u00e1nyi kiv\u00e1l\u00f3 min\u0151s\u00e9g\u0171 vide\u00f3t is r\u00f6gz\u00edthet ak\u00e1r 100 Mb\/s sebess\u00e9ggel.<\/p>\n<p><strong>T\u00f6bb csatlakoz\u00e1si lehet\u0151s\u00e9g<\/strong><br \/>\nA Vela Rack SDI integr\u00e1lt egy 12G-SDI bemenetet \u00e9s 12G-SDI hurok kimenetet, egy HDMI kimenetet, egy k\u00e9tir\u00e1ny\u00fa optikai ad\u00f3-vev\u0151 portot \u00e9s egy USB-A portot.<\/p>\n<p><strong>Audio monitoroz\u00e1s, kever\u00e9s \u00e9s intercom funkci\u00f3k<\/strong><br \/>\nEgy 3,5 mm-es sztere\u00f3 port mikrofon- \u00e9s fejhallgat\u00f3-csatlakoz\u00e1st biztos\u00edt, t\u00e1mogatva az intercom, monitoroz\u00e1s \u00e9s kever\u00e9s funkci\u00f3kat.<\/p>\n<p>Tartalmazza a csomagot<br \/>\nSCIENCE IMAGE Vela Rack SDI 4K \u00e9rint\u0151k\u00e9perny\u0151 Videok\u00f3dol\u00f3\/dek\u00f3dol\u00f3\/felvev\u0151<br \/>\nTov\u00e1bbi forr\u00e1sok<br \/>\nNincsenek tov\u00e1bbi el\u00e9rhet\u0151 forr\u00e1sok<\/p>\n<p><iframe title=\"YouTube video player\" src=\"\/\/www.youtube.com\/embed\/CLRv9SEjGFc?si=VmG2EYmVTaq634fr\" width=\"560\" height=\"315\" frameborder=\"0\" allowfullscreen=\"allowfullscreen\"><\/iframe><\/p>\n<p><a href=\"https:\/\/tzsvtav.com\/wp-content\/uploads\/2025\/09\/Science-Image-Products-Catalog.pdf\">Science-Image-Products-Catalog<\/a><\/p>\n<p><img fetchpriority=\"high\" decoding=\"async\" class=\"alignnone wp-image-16473 size-large\" src=\"https:\/\/tzsvtav.com\/wp-content\/uploads\/2025\/09\/536466190_797359245974685_9080524542425736832_n-1024x1024.jpg\" alt=\"TZSVTAV-LED b\u00e9rl\u00e9s-gy\u00e1rt\u00e1s\" width=\"800\" height=\"800\" title=\"\" srcset=\"https:\/\/tzsvtav.com\/wp-content\/uploads\/2025\/09\/536466190_797359245974685_9080524542425736832_n-1024x1024.jpg 1024w, https:\/\/tzsvtav.com\/wp-content\/uploads\/2025\/09\/536466190_797359245974685_9080524542425736832_n-324x324.jpg 324w, https:\/\/tzsvtav.com\/wp-content\/uploads\/2025\/09\/536466190_797359245974685_9080524542425736832_n-416x416.jpg 416w, https:\/\/tzsvtav.com\/wp-content\/uploads\/2025\/09\/536466190_797359245974685_9080524542425736832_n-100x100.jpg 100w, https:\/\/tzsvtav.com\/wp-content\/uploads\/2025\/09\/536466190_797359245974685_9080524542425736832_n-150x150.jpg 150w, https:\/\/tzsvtav.com\/wp-content\/uploads\/2025\/09\/536466190_797359245974685_9080524542425736832_n-300x300.jpg 300w, https:\/\/tzsvtav.com\/wp-content\/uploads\/2025\/09\/536466190_797359245974685_9080524542425736832_n-768x768.jpg 768w\" sizes=\"(max-width: 800px) 100vw, 800px\" \/><\/p>","protected":false},"excerpt":{"rendered":"<p>T\u00f6bbprotokollos k\u00f3dol\u00f3\/dek\u00f3dol\u00f3\/r\u00f6gz\u00edt\u0151<br \/>\n12G-SDI\/UHD 4K60 k\u00f3dol\u00e1s streamel\u00e9shez<br \/>\n12G-SDI bemenet\/hurok kimenet \u00e9s HDMI kimenet<br \/>\nRTMP\/RTSP\/SRT\/teljes NDI\/HX2\/HX3 t\u00e1mogat\u00e1s<br \/>\n3,4&#8243;-os nagy f\u00e9nyerej\u0171 \u00e9rint\u0151k\u00e9perny\u0151<br \/>\nAudio monitor\/intercom\/mixer funkci\u00f3k<br \/>\nIntegr\u00e1lt Tally, USB-A csatlakoz\u00e1s<br \/>\nK\u00e9tir\u00e1ny\u00fa optikai ad\u00f3-vev\u0151<\/p>","protected":false},"featured_media":16474,"comment_status":"open","ping_status":"closed","template":"","meta":{"googlesitekit_rrm_CAowr62iDA:productID":"","_eb_attr":"","_uf_show_specific_survey":0,"_uf_disable_surveys":false,"_themeisle_gutenberg_block_has_review":false},"product_brand":[262],"product_cat":[234,248,231],"product_tag":[296,295,294,384,385],"class_list":{"0":"post-16472","1":"product","2":"type-product","3":"status-publish","4":"has-post-thumbnail","6":"product_brand-science-image","7":"product_cat-av-jelatvitel","8":"product_cat-av-network","9":"product_cat-ndi-encoder-decoder","10":"product_tag-decoder","11":"product_tag-encoder","12":"product_tag-ndi","13":"product_tag-recorder","14":"product_tag-siance-image","16":"first","17":"instock","18":"taxable","19":"shipping-taxable","20":"product-type-simple"},"jetpack_sharing_enabled":true,"_links":{"self":[{"href":"https:\/\/tzsvtav.com\/en\/wp-json\/wp\/v2\/product\/16472","targetHints":{"allow":["GET"]}}],"collection":[{"href":"https:\/\/tzsvtav.com\/en\/wp-json\/wp\/v2\/product"}],"about":[{"href":"https:\/\/tzsvtav.com\/en\/wp-json\/wp\/v2\/types\/product"}],"replies":[{"embeddable":true,"href":"https:\/\/tzsvtav.com\/en\/wp-json\/wp\/v2\/comments?post=16472"}],"version-history":[{"count":0,"href":"https:\/\/tzsvtav.com\/en\/wp-json\/wp\/v2\/product\/16472\/revisions"}],"wp:featuredmedia":[{"embeddable":true,"href":"https:\/\/tzsvtav.com\/en\/wp-json\/wp\/v2\/media\/16474"}],"wp:attachment":[{"href":"https:\/\/tzsvtav.com\/en\/wp-json\/wp\/v2\/media?parent=16472"}],"wp:term":[{"taxonomy":"product_brand","embeddable":true,"href":"https:\/\/tzsvtav.com\/en\/wp-json\/wp\/v2\/product_brand?post=16472"},{"taxonomy":"product_cat","embeddable":true,"href":"https:\/\/tzsvtav.com\/en\/wp-json\/wp\/v2\/product_cat?post=16472"},{"taxonomy":"product_tag","embeddable":true,"href":"https:\/\/tzsvtav.com\/en\/wp-json\/wp\/v2\/product_tag?post=16472"}],"curies":[{"name":"wp","href":"https:\/\/api.w.org\/{rel}","templated":true}]}}