{"id":16313,"date":"2025-09-02T14:07:41","date_gmt":"2025-09-02T13:07:41","guid":{"rendered":"https:\/\/tzsvtav.com\/?post_type=product&#038;p=16313"},"modified":"2025-09-12T09:13:17","modified_gmt":"2025-09-12T08:13:17","slug":"a500-colorlight-8k-led-player-processzor","status":"publish","type":"product","link":"https:\/\/tzsvtav.com\/en\/product\/a500-colorlight-8k-led-player-processzor\/","title":{"rendered":"A500 Colorlight 8K LED Player-Processzor"},"content":{"rendered":"<p><strong>Vadonat\u00faj Android 13<\/strong><\/p>\n<p>Jobb biztons\u00e1g; stabilabb teljes\u00edtm\u00e9ny; gazdagabb funkci\u00f3k;<\/p>\n<p>Ny\u00edlt \u00f6kosziszt\u00e9ma, amely t\u00e1mogatja harmadik f\u00e9lt\u0151l sz\u00e1rmaz\u00f3 alkalmaz\u00e1sok telep\u00edt\u00e9s\u00e9t.<\/p>\n<p><img fetchpriority=\"high\" decoding=\"async\" class=\"alignnone wp-image-16314 size-full\" src=\"https:\/\/tzsvtav.com\/wp-content\/uploads\/2025\/09\/6_1744853721.png\" alt=\"TZSVTAV-LED b\u00e9rl\u00e9s-gy\u00e1rt\u00e1s\" width=\"746\" height=\"609\" title=\"\"><\/p>\n<p><strong>Vadonat\u00faj vez\u00e9rl\u00e9si m\u00f3dszer<\/strong><\/p>\n<p>Nincs sz\u00fcks\u00e9g alkalmaz\u00e1stelep\u00edt\u00e9sre \u2013 a felhaszn\u00e1l\u00f3k k\u00f6nnyed\u00e9n konfigur\u00e1lhatj\u00e1k \u00e9s k\u00f6zz\u00e9tehetik a tartalmakat t\u00e1blag\u00e9pek,<\/p>\n<p>okostelefonok vagy sz\u00e1m\u00edt\u00f3g\u00e9pek seg\u00edts\u00e9g\u00e9vel. Teljesen kompatibilis a f\u0151bb oper\u00e1ci\u00f3s rendszerekkel, bele\u00e9rtve a HarmonyOS-t,<\/p>\n<p>UnionTech UOS-t \u00e9s a macOS-t. Egyszer\u0171en kezelhet\u0151, z\u00f6kken\u0151mentes, platformf\u00fcggetlen csatlakoz\u00e1ssal.<\/p>\n<p><strong>Front Panel<\/strong><\/p>\n<div class=\"t1\">\n<p>Supports screen test patterns; quick switching between HDMI signal, program,<\/p>\n<p>and scene mode; adjustment of screen brightness and volume; quick blackout.<\/p>\n<\/div>\n<p><img decoding=\"async\" class=\"alignnone wp-image-16315 size-full\" src=\"https:\/\/tzsvtav.com\/wp-content\/uploads\/2025\/09\/8-\u4e3b\u56fe_1744853820.png\" alt=\"TZSVTAV-LED b\u00e9rl\u00e9s-gy\u00e1rt\u00e1s\" width=\"1257\" height=\"380\" title=\"\"><\/p>\n<p><strong>Cloud-Connected Remote Monitoring<\/strong><\/p>\n<div class=\"t1\">\n<p>Compatible with the LEDMaster management platform for remote monitoring of screen<\/p>\n<p>running status anytime, anywhere.\u00a0Supports cloud-based receiving card and mapping backups,<\/p>\n<p>cloud-connected device security monitoring, and alert notifications, enhancing after-sales efficiency<\/p>\n<p><img decoding=\"async\" class=\"alignnone wp-image-16316 size-full\" src=\"https:\/\/tzsvtav.com\/wp-content\/uploads\/2025\/09\/7-7-1_1743670011_1744853809.png\" alt=\"TZSVTAV-LED b\u00e9rl\u00e9s-gy\u00e1rt\u00e1s\" width=\"1165\" height=\"609\" title=\"\"><\/p>\n<p><img loading=\"lazy\" decoding=\"async\" class=\"alignnone wp-image-16317 size-full\" src=\"https:\/\/tzsvtav.com\/wp-content\/uploads\/2025\/09\/Kepernyofoto-2025-09-02-145251.png\" alt=\"TZSVTAV-LED b\u00e9rl\u00e9s-gy\u00e1rt\u00e1s\" width=\"760\" height=\"744\" title=\"\"><\/p>\n<\/div>","protected":false},"excerpt":{"rendered":"<p><strong>Vadonat\u00faj Android 13<\/strong><\/p>\n<p>Jobb biztons\u00e1g; stabilabb teljes\u00edtm\u00e9ny; gazdagabb funkci\u00f3k;<\/p>\n<p>Ny\u00edlt \u00f6kosziszt\u00e9ma, amely t\u00e1mogatja harmadik f\u00e9lt\u0151l sz\u00e1rmaz\u00f3 alkalmaz\u00e1sok telep\u00edt\u00e9s\u00e9t.<\/p>","protected":false},"featured_media":16320,"comment_status":"open","ping_status":"closed","template":"","meta":{"googlesitekit_rrm_CAowr62iDA:productID":"","_eb_attr":"","_uf_show_specific_survey":0,"_uf_disable_surveys":false,"_themeisle_gutenberg_block_has_review":false},"product_brand":[263],"product_cat":[228],"product_tag":[380,379,378,311],"class_list":{"0":"post-16313","1":"product","2":"type-product","3":"status-publish","4":"has-post-thumbnail","6":"product_brand-colorlight-innovativ-led-vezerlorendszerek","7":"product_cat-led-vezerlok","8":"product_tag-cloud","9":"product_tag-led-kontroller","10":"product_tag-player","11":"product_tag-processzor","13":"first","14":"instock","15":"taxable","16":"shipping-taxable","17":"product-type-simple"},"jetpack_sharing_enabled":true,"_links":{"self":[{"href":"https:\/\/tzsvtav.com\/en\/wp-json\/wp\/v2\/product\/16313","targetHints":{"allow":["GET"]}}],"collection":[{"href":"https:\/\/tzsvtav.com\/en\/wp-json\/wp\/v2\/product"}],"about":[{"href":"https:\/\/tzsvtav.com\/en\/wp-json\/wp\/v2\/types\/product"}],"replies":[{"embeddable":true,"href":"https:\/\/tzsvtav.com\/en\/wp-json\/wp\/v2\/comments?post=16313"}],"version-history":[{"count":0,"href":"https:\/\/tzsvtav.com\/en\/wp-json\/wp\/v2\/product\/16313\/revisions"}],"wp:featuredmedia":[{"embeddable":true,"href":"https:\/\/tzsvtav.com\/en\/wp-json\/wp\/v2\/media\/16320"}],"wp:attachment":[{"href":"https:\/\/tzsvtav.com\/en\/wp-json\/wp\/v2\/media?parent=16313"}],"wp:term":[{"taxonomy":"product_brand","embeddable":true,"href":"https:\/\/tzsvtav.com\/en\/wp-json\/wp\/v2\/product_brand?post=16313"},{"taxonomy":"product_cat","embeddable":true,"href":"https:\/\/tzsvtav.com\/en\/wp-json\/wp\/v2\/product_cat?post=16313"},{"taxonomy":"product_tag","embeddable":true,"href":"https:\/\/tzsvtav.com\/en\/wp-json\/wp\/v2\/product_tag?post=16313"}],"curies":[{"name":"wp","href":"https:\/\/api.w.org\/{rel}","templated":true}]}}