{"id":16301,"date":"2025-09-01T18:25:20","date_gmt":"2025-09-01T17:25:20","guid":{"rendered":"https:\/\/tzsvtav.com\/?post_type=product&#038;p=16301"},"modified":"2025-11-15T18:24:30","modified_gmt":"2025-11-15T17:24:30","slug":"perimeter-led-f2-100-dicolor","status":"publish","type":"product","link":"https:\/\/tzsvtav.com\/en\/product\/perimeter-led-f2-100-dicolor\/","title":{"rendered":"Perimeter LED F2-100 Dicolor"},"content":{"rendered":"<p>F2-100<br \/>\nMaximaliz\u00e1lja m\u00e1rk\u00e1ja ismerts\u00e9g\u00e9t \u00e9l\u00e9nk \u00e9s megb\u00edzhat\u00f3 sport LED kijelz\u0151nkkel!<\/p>\n<p>Maximaliz\u00e1lja m\u00e1rk\u00e1ja ismerts\u00e9g\u00e9t az F2-100-zal, \u00e9l\u00e9nk \u00e9s megb\u00edzhat\u00f3 sport LED kijelz\u0151nkkel! Stadionokba \u00e9s ar\u00e9n\u00e1kba tervezett F2-100 nagy f\u00e9nyer\u0151t \u00e9s leny\u0171g\u00f6z\u0151 tisztas\u00e1got k\u00edn\u00e1l, biztos\u00edtva, hogy m\u00e1rk\u00e1ja kit\u0171nj\u00f6n a t\u00f6megb\u0151l. Robusztus fel\u00e9p\u00edt\u00e9s\u00e9nek \u00e9s z\u00f6kken\u0151mentes teljes\u00edtm\u00e9ny\u00e9nek k\u00f6sz\u00f6nhet\u0151en kiv\u00e9teles vizu\u00e1lis \u00e9lm\u00e9nyt ny\u00fajt, fokozva a rajong\u00f3k elk\u00f6telez\u0151d\u00e9s\u00e9t \u00e9s a m\u00e1rka l\u00e1that\u00f3s\u00e1g\u00e1t.<\/p>\n<p><img fetchpriority=\"high\" decoding=\"async\" class=\"alignnone wp-image-16303 size-full\" src=\"https:\/\/tzsvtav.com\/wp-content\/uploads\/2025\/09\/Kepernyofoto-2025-09-01-191052.png\" alt=\"TZSVTAV-LED b\u00e9rl\u00e9s-gy\u00e1rt\u00e1s\" width=\"1555\" height=\"462\" title=\"\"><\/p>","protected":false},"excerpt":{"rendered":"<p>F2-100<br \/>\nMaximaliz\u00e1lja m\u00e1rk\u00e1ja ismerts\u00e9g\u00e9t \u00e9l\u00e9nk \u00e9s megb\u00edzhat\u00f3 sport LED kijelz\u0151nkkel!<\/p>\n<p>Maximaliz\u00e1lja m\u00e1rk\u00e1ja ismerts\u00e9g\u00e9t az F2-100-zal, \u00e9l\u00e9nk \u00e9s megb\u00edzhat\u00f3 sport LED kijelz\u0151nkkel! Stadionokba \u00e9s ar\u00e9n\u00e1kba tervezett F2-100 nagy f\u00e9nyer\u0151t \u00e9s leny\u0171g\u00f6z\u0151 tisztas\u00e1got k\u00edn\u00e1l, biztos\u00edtva, hogy m\u00e1rk\u00e1ja kit\u0171nj\u00f6n a t\u00f6megb\u0151l. Robusztus fel\u00e9p\u00edt\u00e9s\u00e9nek \u00e9s z\u00f6kken\u0151mentes teljes\u00edtm\u00e9ny\u00e9nek k\u00f6sz\u00f6nhet\u0151en kiv\u00e9teles vizu\u00e1lis \u00e9lm\u00e9nyt ny\u00fajt, fokozva a rajong\u00f3k elk\u00f6telez\u0151d\u00e9s\u00e9t \u00e9s a m\u00e1rka l\u00e1that\u00f3s\u00e1g\u00e1t.<\/p>","protected":false},"featured_media":16302,"comment_status":"open","ping_status":"closed","template":"","meta":{"googlesitekit_rrm_CAowr62iDA:productID":"","_eb_attr":"","_uf_show_specific_survey":0,"_uf_disable_surveys":false,"_themeisle_gutenberg_block_has_review":false},"product_brand":[302],"product_cat":[217,238],"product_tag":[376,377],"class_list":{"0":"post-16301","1":"product","2":"type-product","3":"status-publish","4":"has-post-thumbnail","6":"product_brand-dicolor-led-2","7":"product_cat-commercial","8":"product_cat-dicolor-led","9":"product_tag-perimeter-2","10":"product_tag-sportled","12":"first","13":"instock","14":"taxable","15":"shipping-taxable","16":"product-type-simple"},"jetpack_sharing_enabled":true,"_links":{"self":[{"href":"https:\/\/tzsvtav.com\/en\/wp-json\/wp\/v2\/product\/16301","targetHints":{"allow":["GET"]}}],"collection":[{"href":"https:\/\/tzsvtav.com\/en\/wp-json\/wp\/v2\/product"}],"about":[{"href":"https:\/\/tzsvtav.com\/en\/wp-json\/wp\/v2\/types\/product"}],"replies":[{"embeddable":true,"href":"https:\/\/tzsvtav.com\/en\/wp-json\/wp\/v2\/comments?post=16301"}],"version-history":[{"count":0,"href":"https:\/\/tzsvtav.com\/en\/wp-json\/wp\/v2\/product\/16301\/revisions"}],"wp:featuredmedia":[{"embeddable":true,"href":"https:\/\/tzsvtav.com\/en\/wp-json\/wp\/v2\/media\/16302"}],"wp:attachment":[{"href":"https:\/\/tzsvtav.com\/en\/wp-json\/wp\/v2\/media?parent=16301"}],"wp:term":[{"taxonomy":"product_brand","embeddable":true,"href":"https:\/\/tzsvtav.com\/en\/wp-json\/wp\/v2\/product_brand?post=16301"},{"taxonomy":"product_cat","embeddable":true,"href":"https:\/\/tzsvtav.com\/en\/wp-json\/wp\/v2\/product_cat?post=16301"},{"taxonomy":"product_tag","embeddable":true,"href":"https:\/\/tzsvtav.com\/en\/wp-json\/wp\/v2\/product_tag?post=16301"}],"curies":[{"name":"wp","href":"https:\/\/api.w.org\/{rel}","templated":true}]}}