{"id":15964,"date":"2025-08-17T13:30:30","date_gmt":"2025-08-17T12:30:30","guid":{"rendered":"https:\/\/tzsvtav.com\/?post_type=product&#038;p=15964"},"modified":"2025-08-17T13:40:06","modified_gmt":"2025-08-17T12:40:06","slug":"katovid-kts10dh-ndi-20x-uhd-broadcast-camera","status":"publish","type":"product","link":"https:\/\/tzsvtav.com\/en\/product\/katovid-kts10dh-ndi-20x-uhd-broadcast-camera\/","title":{"rendered":"KATOVID KTS10DH (NDI) 20x UHD Broadcast Camera"},"content":{"rendered":"<p>&nbsp;<\/p>\r\n\r\n<p>Term\u00e9kle\u00edr\u00e1s<\/p>\r\n\r\n\r\n\r\n<p>\u30104K Ultra-nagyfelbont\u00e1s\u3011<\/p>\r\n\r\n\r\n\r\n<p>Alkalmazott SONY 1\/2,8 h\u00fcvelykes, 8,5 milli\u00f3 k\u00e9ppontos, kiv\u00e1l\u00f3 min\u0151s\u00e9g\u0171 CMOS k\u00e9p\u00e9rz\u00e9kel\u0151 8,29 milli\u00f3 effekt\u00edv pixellel, maxim\u00e1lis 4K30 (3840&#215;2160) ultra-nagyfelbont\u00e1s\u00fa k\u00e9pkimenetet k\u00e9pes megval\u00f3s\u00edtani.<\/p>\r\n\r\n\r\n\r\n<p>\u301020x optikai zoom\u3011<\/p>\r\n\r\n\r\n\r\n<p>20x optikai teleobjekt\u00edvvel felszerelve, t\u00e1mogatja az 58,7\u00b0-os v\u00edzszintes l\u00e1t\u00f3sz\u00f6get, \u00edgy kiel\u00e9g\u00edti a videokonferenci\u00e1kat nagy termekben, a t\u00e1bl\u00e1ra \u00edr\u00e1st el\u0151ad\u00f3termekben.<\/p>\r\n\r\n\r\n\r\n<p>\u3010USB3.0+HDMI+IP+3G-SDI\u00a0Teljes interf\u00e9szek\u3011<\/p>\r\n\r\n\r\n\r\n<p>Kompatibilis a mainstream videokimeneti interf\u00e9szekkel.<\/p>\r\n\r\n\r\n\r\n<p>Alap\u00e9rtelmezett verzi\u00f3: A HDMI+LAN egyidej\u0171leg 4K30 felbont\u00e1st tud kimenni.<\/p>\r\n\r\n\r\n\r\n<p>Opcion\u00e1lis verzi\u00f3: A HDMI+USB3.0 egyidej\u0171leg 4K30 felbont\u00e1st tud kimenni.<\/p>\r\n\r\n\r\n\r\n<p>\u3010Be\u00e9p\u00edtett els\u0151 \u00e9s h\u00e1ts\u00f3 k\u00f6rk\u00f6r\u00f6s m\u00e9r\u0151f\u00e9nyek\u3011<\/p>\r\n\r\n\r\n\r\n<p>T\u00e1mogatja a piros \u00e9s z\u00f6ld szabv\u00e1nyos m\u00e9r\u0151jelz\u0151ket el\u00f6l \u00e9s h\u00e1tul.<\/p>\r\n\r\n\r\n\r\n<p>\u3010Kev\u00e9s f\u00e9ny eset\u00e9n\u3011<\/p>\r\n\r\n\r\n\r\n<p>Az \u00faj, ultramagas jel-zaj ar\u00e1ny\u00fa CMOS k\u00e9p\u00e9rz\u00e9kel\u0151 hat\u00e9konyan cs\u00f6kkenti a k\u00e9pzajt gyenge f\u00e9nyviszonyok mellett. A 2D \u00e9s 3D digit\u00e1lis zajcs\u00f6kkent\u00e9s cs\u00f6kkenti a k\u00e9pzajt. Ultragyenge f\u00e9nyviszonyok mellett is tiszta \u00e9s \u00e9les a k\u00e9p, a k\u00e9p jel-zaj ar\u00e1nya magasabb, mint 50 dB.<\/p>\r\n\r\n\r\n\r\n<p>\u30102,4 g-os t\u00e1vir\u00e1ny\u00edt\u00f3jel\u3011<\/p>\r\n\r\n\r\n\r\n<p>A 2,4 g-os t\u00e1vir\u00e1ny\u00edt\u00f3jel ultranagy t\u00e1vols\u00e1g\u00fa vez\u00e9rl\u00e9st tesz lehet\u0151v\u00e9.<\/p>\r\n\r\n\r\n\r\n<p>\u3010K\u00fcl\u00f6nb\u00f6z\u0151 videot\u00f6m\u00f6r\u00edt\u00e9si szabv\u00e1nyok\u3011<\/p>\r\n\r\n\r\n\r\n<p>A k\u00fcl\u00f6nb\u00f6z\u0151 interf\u00e9szek t\u00e1mogatj\u00e1k a YUY2, H.265, MJPG, H.264 t\u00f6bbf\u00e9le videot\u00f6m\u00f6r\u00edt\u00e9si form\u00e1tumot.<\/p>\r\n\r\n\r\n\r\n<p>\u3010K\u00fcl\u00f6nb\u00f6z\u0151 h\u00e1l\u00f3zati protokollok\u3011<\/p>\r\n\r\n\r\n\r\n<p>T\u00e1mogatja az ONVIF, SRT, RTSP, RTMP \u00e9s NDI\u00ae HX2\u00a0stb. protokollokat.<\/p>\r\n\r\n\r\n\r\n<p>\u3010T\u00f6bbsz\u00f6r\u00f6s vez\u00e9rl\u0151protokoll\u3011<\/p>\r\n\r\n\r\n\r\n<p>T\u00e1mogatja a VISCA (bele\u00e9rtve a VISCA Over IP-t), PELCO P\/D protokollt, NDI\u00ae-t; automatikusan azonos\u00edtja a protokollokat.<\/p>\r\n\r\n\r\n\r\n<p>\u3010H\u00e1ts\u00f3 t\u00f6bbdimenzi\u00f3s t\u00e1vir\u00e1ny\u00edt\u00f3 5D kis joystick\u3011<\/p>\r\n\r\n\r\n\r\n<p>T\u00e1mogatja a men\u00fcv\u00e1laszt\u00e1st, a zoomot \u00e9s egy\u00e9b funkci\u00f3kat.<\/p>\r\n\r\n\r\n\r\n<p>R\u00e9szletek K\u00e9pek<\/p>\r\n\r\n\r\n\r\n<figure class=\"wp-block-image\"><img decoding=\"async\" src=\"https:\/\/www.katovid.com\/kindeditor\/attached\/image\/20250801\/20250801154017_77811.jpg\" alt=\"TZSVTAV-LED b\u00e9rl\u00e9s-gy\u00e1rt\u00e1s\" title=\"\"><\/figure>\r\n\r\n\r\n\r\n<figure class=\"wp-block-image\"><img decoding=\"async\" src=\"https:\/\/www.katovid.com\/kindeditor\/attached\/image\/20250801\/20250801154028_91337.jpg\" alt=\"TZSVTAV-LED b\u00e9rl\u00e9s-gy\u00e1rt\u00e1s\" title=\"\"><\/figure>\r\n\r\n\r\n\r\n<figure class=\"wp-block-image\"><img decoding=\"async\" src=\"https:\/\/www.katovid.com\/kindeditor\/attached\/image\/20250801\/20250801154033_62113.jpg\" alt=\"TZSVTAV-LED b\u00e9rl\u00e9s-gy\u00e1rt\u00e1s\" title=\"\"><\/figure>\r\n\r\n\r\n\r\n<figure class=\"wp-block-image\"><img decoding=\"async\" src=\"https:\/\/www.katovid.com\/kindeditor\/attached\/image\/20250801\/20250801154039_88345.jpg\" alt=\"TZSVTAV-LED b\u00e9rl\u00e9s-gy\u00e1rt\u00e1s\" title=\"\"><\/figure>\r\n\r\n\r\n\r\n<figure class=\"wp-block-image\"><img decoding=\"async\" src=\"https:\/\/www.katovid.com\/kindeditor\/attached\/image\/20250801\/20250801154044_80132.jpg\" alt=\"TZSVTAV-LED b\u00e9rl\u00e9s-gy\u00e1rt\u00e1s\" title=\"\"><\/figure>\r\n\r\n\r\n\r\n<figure class=\"wp-block-image\"><img decoding=\"async\" src=\"https:\/\/www.katovid.com\/kindeditor\/attached\/image\/20250801\/20250801154050_24595.jpg\" alt=\"TZSVTAV-LED b\u00e9rl\u00e9s-gy\u00e1rt\u00e1s\" title=\"\"><\/figure>\r\n\r\n\r\n\r\n<figure class=\"wp-block-image\"><img decoding=\"async\" src=\"https:\/\/www.katovid.com\/kindeditor\/attached\/image\/20250801\/20250801154054_99324.jpg\" alt=\"TZSVTAV-LED b\u00e9rl\u00e9s-gy\u00e1rt\u00e1s\" title=\"\"><\/figure>\r\n\r\n\r\n\r\n<figure class=\"wp-block-image\"><img decoding=\"async\" src=\"https:\/\/www.katovid.com\/kindeditor\/attached\/image\/20250801\/20250801154100_22836.jpg\" alt=\"TZSVTAV-LED b\u00e9rl\u00e9s-gy\u00e1rt\u00e1s\" title=\"\"><\/figure>\r\n\r\n\r\n\r\n<p>&nbsp;<\/p>","protected":false},"excerpt":{"rendered":"<p>\u30104K Ultra-nagyfelbont\u00e1s\u3011 \u00a0 Alkalmazott SONY 1\/2,8 h\u00fcvelykes, 8,5 milli\u00f3 pixeles, kiv\u00e1l\u00f3 min\u0151s\u00e9g\u0171 CMOS k\u00e9p\u00e9rz\u00e9kel\u0151 8,29 milli\u00f3 effekt\u00edv pixellel, maxim\u00e1lis 4K30 (3840&#215;2160) ultra-nagyfelbont\u00e1s\u00fa k\u00e9pkimenetet k\u00e9pes megval\u00f3s\u00edtani.<\/p>","protected":false},"featured_media":15970,"comment_status":"open","ping_status":"closed","template":"","meta":{"googlesitekit_rrm_CAowr62iDA:productID":"","_eb_attr":"","_uf_show_specific_survey":0,"_uf_disable_surveys":false,"_themeisle_gutenberg_block_has_review":false},"product_brand":[320],"product_cat":[242],"product_tag":[365,366,294],"class_list":{"0":"post-15964","1":"product","2":"type-product","3":"status-publish","4":"has-post-thumbnail","6":"product_brand-hdkatov","7":"product_cat-ptz-kamera","8":"product_tag-camera","9":"product_tag-konferencia-kamera","10":"product_tag-ndi","12":"first","13":"instock","14":"taxable","15":"shipping-taxable","16":"product-type-simple"},"jetpack_sharing_enabled":true,"_links":{"self":[{"href":"https:\/\/tzsvtav.com\/en\/wp-json\/wp\/v2\/product\/15964","targetHints":{"allow":["GET"]}}],"collection":[{"href":"https:\/\/tzsvtav.com\/en\/wp-json\/wp\/v2\/product"}],"about":[{"href":"https:\/\/tzsvtav.com\/en\/wp-json\/wp\/v2\/types\/product"}],"replies":[{"embeddable":true,"href":"https:\/\/tzsvtav.com\/en\/wp-json\/wp\/v2\/comments?post=15964"}],"version-history":[{"count":0,"href":"https:\/\/tzsvtav.com\/en\/wp-json\/wp\/v2\/product\/15964\/revisions"}],"wp:featuredmedia":[{"embeddable":true,"href":"https:\/\/tzsvtav.com\/en\/wp-json\/wp\/v2\/media\/15970"}],"wp:attachment":[{"href":"https:\/\/tzsvtav.com\/en\/wp-json\/wp\/v2\/media?parent=15964"}],"wp:term":[{"taxonomy":"product_brand","embeddable":true,"href":"https:\/\/tzsvtav.com\/en\/wp-json\/wp\/v2\/product_brand?post=15964"},{"taxonomy":"product_cat","embeddable":true,"href":"https:\/\/tzsvtav.com\/en\/wp-json\/wp\/v2\/product_cat?post=15964"},{"taxonomy":"product_tag","embeddable":true,"href":"https:\/\/tzsvtav.com\/en\/wp-json\/wp\/v2\/product_tag?post=15964"}],"curies":[{"name":"wp","href":"https:\/\/api.w.org\/{rel}","templated":true}]}}