{"id":15924,"date":"2025-08-17T07:33:42","date_gmt":"2025-08-17T06:33:42","guid":{"rendered":"https:\/\/tzsvtav.com\/?post_type=product&#038;p=15924"},"modified":"2025-08-17T07:39:52","modified_gmt":"2025-08-17T06:39:52","slug":"hdkatov-kt-bc10kv-ptz-kamera-4k-12g-sdi","status":"publish","type":"product","link":"https:\/\/tzsvtav.com\/en\/product\/hdkatov-kt-bc10kv-ptz-kamera-4k-12g-sdi\/","title":{"rendered":"HDKATOV KT-BC10KV PTZ kamera, 4K 12G-SDI"},"content":{"rendered":"<p><strong>Term\u00e9kle\u00edr\u00e1s<\/strong><\/p>\n<p>\u30104K Ultra HD kimenet\u3011<\/p>\n<p>A SONY 1\/1,8 h\u00fcvelykes, kiv\u00e1l\u00f3 min\u0151s\u00e9g\u0171 CMOS \u00faj gener\u00e1ci\u00f3j\u00e1nak k\u00f6sz\u00f6nhet\u0151en maxim\u00e1lis 4K60 ultra-nagy felbont\u00e1s\u00fa m\u0171sor- \u00e9s k\u00e9pkimenetet, valamint m\u00e9g nagyobb jelenetfelv\u00e9telt k\u00e9pes el\u00e9rni.<\/p>\n<p>\u301030x optikai zoom objekt\u00edv\u3011<\/p>\n<p>A 30x ultra-nagy felbont\u00e1s\u00fa optikai objekt\u00edvvel felszerelt \u00e9s az 59\u00b0-os v\u00edzszintes l\u00e1t\u00f3sz\u00f6get t\u00e1mogat\u00f3 kamera t\u00f6bb jelenet ig\u00e9nyeit is kiel\u00e9g\u00edti, p\u00e9ld\u00e1ul a nagym\u00e9ret\u0171 el\u0151ad\u00f3termekben tartott videokonferenci\u00e1kat \u00e9s az el\u0151ad\u00f3termekben a t\u00e1bl\u00e1ra \u00edr\u00e1st a val\u00f3di r\u00e9szletek vissza\u00e1ll\u00edt\u00e1sa \u00e9rdek\u00e9ben.<\/p>\n<p>\u3010USB3.0+HDMI+LAN+SDI Teljes interf\u00e9szek, gazdag alkalmaz\u00e1si lehet\u0151s\u00e9gek\u3011<\/p>\n<p>A videokimeneti interf\u00e9szek gazdag v\u00e1laszt\u00e9ka, a HDMI+USB3.0 Type-B+12G-SDI+LAN egyidej\u0171leg 4K60 felbont\u00e1st k\u00e9pes kimenetre, m\u00edg a 3G-SDI 1080p60 felbont\u00e1s\u00fa kimenetet t\u00e1mogat. Minden interf\u00e9sz egyidej\u0171leg k\u00e9pes kimenetet biztos\u00edtani.<\/p>\n<p>\u3010Kev\u00e9s f\u00e9ny\u3011<\/p>\n<p>Az \u00faj, ultramagas jel-zaj ar\u00e1ny\u00fa CMOS k\u00e9p\u00e9rz\u00e9kel\u0151 hat\u00e9konyan cs\u00f6kkenti a k\u00e9pzajt gyenge f\u00e9nyviszonyok mellett. Ugyanakkor a 2D \u00e9s 3D digit\u00e1lis zajcs\u00f6kkent\u00e9s jelent\u0151sen cs\u00f6kkenti a k\u00e9pzajt. M\u00e9g ultragyenge f\u00e9nyviszonyok mellett is tiszta \u00e9s \u00e9les marad a k\u00e9p, a k\u00e9pjel-zaj ar\u00e1ny pedig meghaladja az 50 dB-t.<\/p>\n<p>\u3010Infrav\u00f6r\u00f6s t\u00e1vir\u00e1ny\u00edt\u00f3 jel\u00e9nek \u00e1tl\u00e1tsz\u00f3 \u00e1tviteli funkci\u00f3ja\u3011<\/p>\n<p>A saj\u00e1t infrav\u00f6r\u00f6s t\u00e1vir\u00e1ny\u00edt\u00f3 jeleinek v\u00e9tele mellett a felhaszn\u00e1l\u00f3 infrav\u00f6r\u00f6s t\u00e1vir\u00e1ny\u00edt\u00f3j\u00e1nak jeleit is k\u00e9pes fogadni, \u00e9s a VISCA porton kereszt\u00fcl elk\u00fcldeni a videokonferencia-termin\u00e1lnak.<\/p>\n<p>\u3010T\u00f6bb videot\u00f6m\u00f6r\u00edt\u00e9si szabv\u00e1ny\u3011<\/p>\n<p>A k\u00fcl\u00f6nb\u00f6z\u0151 interf\u00e9szek t\u00f6bb videot\u00f6m\u00f6r\u00edt\u00e9si form\u00e1tumot t\u00e1mogatnak, p\u00e9ld\u00e1ul YUY2, H.265, MJPG \u00e9s H.264.<\/p>\n<p>\u3010T\u00f6bb h\u00e1l\u00f3zati protokoll\u3011<\/p>\n<p>T\u00e1mogatja az ONVIF, SRT, RTSP, RTMP, Free D, NDI\u00ae|HX \u00e9s m\u00e1s h\u00e1l\u00f3zati protokollokat.<\/p>\n<p>* A Free D protokoll folyamatosan friss\u00fcl, k\u00e9rj\u00fck, tekintse meg a sz\u00e1ll\u00edt\u00e1si verzi\u00f3t.<\/p>\n<p>\u3010T\u00f6bb vez\u00e9rl\u0151protokoll\u3011<\/p>\n<p>T\u00e1mogatja a VISCA (bele\u00e9rtve a VISCA Over IP), PELCO P\/D \u00e9s NDI\u00ae protokollokat, \u00e9s automatikusan azonos\u00edtja a protokollokat.<\/p>\n<p>\u3010K\u00f6vetkez\u0151 gener\u00e1ci\u00f3s emberi \u00e9s arcfelismer\u0151 k\u00f6vet\u0151 algoritmus\u3011<\/p>\n<p>T\u00e1mogatja az intelligens k\u00f6vet\u00e9st, az automatikus keretez\u00e9st \u00e9s a gesztusfelismer\u0151 funkci\u00f3kat. \u00d6tf\u00e9le gesztussal teszi lehet\u0151v\u00e9 a vez\u00e9rl\u00e9st, p\u00e9ld\u00e1ul az intelligens k\u00f6vet\u00e9s \u00e9s az automatikus keretez\u00e9s aktiv\u00e1l\u00e1s\u00e1t\/deaktiv\u00e1l\u00e1s\u00e1t, a k\u00f6vetett c\u00e9lpontok k\u00f6z\u00f6tti v\u00e1lt\u00e1st gesztusokkal, a k\u00f6vet\u00e9si m\u00e9retek testreszab\u00e1s\u00e1t, valamint a lencse nagy\u00edt\u00e1s\u00e1t\/kicsiny\u00edt\u00e9s\u00e9t gesztusvez\u00e9rl\u00e9ssel.<\/p>\n<p>R\u00e9szletek K\u00e9pek<\/p>\n<p>Alkalmaz\u00e1si ter\u00fclet<\/p>\n<p>\u00c9l\u0151 templomi istentisztelet, imah\u00e1z, templomi koncert \u00e9l\u0151 k\u00f6zvet\u00edt\u00e9se, oktat\u00e1si felv\u00e9tel, oktat\u00e1si m\u0171sorsz\u00f3r\u00e1s,<\/p>\n<p>tan\u00edt\u00e1si m\u0171sorsz\u00f3r\u00e1s, konferenciaterem kamer\u00e1ja, e-sport k\u00f6zvet\u00edt\u00e9s, esem\u00e9nyek \u00e9l\u0151 k\u00f6zvet\u00edt\u00e9se stb.<\/p>\n<p><img fetchpriority=\"high\" decoding=\"async\" class=\"size-medium wp-image-15925\" src=\"https:\/\/tzsvtav.com\/wp-content\/uploads\/2025\/08\/20250813180500_10835-300x300.jpg\" alt=\"TZSVTAV-LED b\u00e9rl\u00e9s-gy\u00e1rt\u00e1s\" width=\"300\" height=\"300\" title=\"\" srcset=\"https:\/\/tzsvtav.com\/wp-content\/uploads\/2025\/08\/20250813180500_10835-300x300.jpg 300w, https:\/\/tzsvtav.com\/wp-content\/uploads\/2025\/08\/20250813180500_10835-324x324.jpg 324w, https:\/\/tzsvtav.com\/wp-content\/uploads\/2025\/08\/20250813180500_10835-416x416.jpg 416w, https:\/\/tzsvtav.com\/wp-content\/uploads\/2025\/08\/20250813180500_10835-100x100.jpg 100w, https:\/\/tzsvtav.com\/wp-content\/uploads\/2025\/08\/20250813180500_10835-150x150.jpg 150w, https:\/\/tzsvtav.com\/wp-content\/uploads\/2025\/08\/20250813180500_10835-768x768.jpg 768w, https:\/\/tzsvtav.com\/wp-content\/uploads\/2025\/08\/20250813180500_10835-1024x1024.jpg 1024w\" sizes=\"(max-width: 300px) 100vw, 300px\" \/><\/p>\n<p><img decoding=\"async\" class=\"size-medium wp-image-15926\" src=\"https:\/\/tzsvtav.com\/wp-content\/uploads\/2025\/08\/20250813180509_11194-300x300.jpg\" alt=\"TZSVTAV-LED b\u00e9rl\u00e9s-gy\u00e1rt\u00e1s\" width=\"300\" height=\"300\" title=\"\" srcset=\"https:\/\/tzsvtav.com\/wp-content\/uploads\/2025\/08\/20250813180509_11194-300x300.jpg 300w, https:\/\/tzsvtav.com\/wp-content\/uploads\/2025\/08\/20250813180509_11194-324x324.jpg 324w, https:\/\/tzsvtav.com\/wp-content\/uploads\/2025\/08\/20250813180509_11194-416x416.jpg 416w, https:\/\/tzsvtav.com\/wp-content\/uploads\/2025\/08\/20250813180509_11194-100x100.jpg 100w, https:\/\/tzsvtav.com\/wp-content\/uploads\/2025\/08\/20250813180509_11194-150x150.jpg 150w, https:\/\/tzsvtav.com\/wp-content\/uploads\/2025\/08\/20250813180509_11194-768x768.jpg 768w, https:\/\/tzsvtav.com\/wp-content\/uploads\/2025\/08\/20250813180509_11194-1024x1024.jpg 1024w\" sizes=\"(max-width: 300px) 100vw, 300px\" \/><\/p>\n<p><img decoding=\"async\" class=\"size-medium wp-image-15927\" src=\"https:\/\/tzsvtav.com\/wp-content\/uploads\/2025\/08\/20250813180502_76541-300x300.jpg\" alt=\"TZSVTAV-LED b\u00e9rl\u00e9s-gy\u00e1rt\u00e1s\" width=\"300\" height=\"300\" title=\"\" srcset=\"https:\/\/tzsvtav.com\/wp-content\/uploads\/2025\/08\/20250813180502_76541-300x300.jpg 300w, https:\/\/tzsvtav.com\/wp-content\/uploads\/2025\/08\/20250813180502_76541-324x324.jpg 324w, https:\/\/tzsvtav.com\/wp-content\/uploads\/2025\/08\/20250813180502_76541-416x416.jpg 416w, https:\/\/tzsvtav.com\/wp-content\/uploads\/2025\/08\/20250813180502_76541-100x100.jpg 100w, https:\/\/tzsvtav.com\/wp-content\/uploads\/2025\/08\/20250813180502_76541-150x150.jpg 150w, https:\/\/tzsvtav.com\/wp-content\/uploads\/2025\/08\/20250813180502_76541-768x768.jpg 768w, https:\/\/tzsvtav.com\/wp-content\/uploads\/2025\/08\/20250813180502_76541-1024x1024.jpg 1024w\" sizes=\"(max-width: 300px) 100vw, 300px\" \/><\/p>\n<p><img loading=\"lazy\" decoding=\"async\" class=\"size-medium wp-image-15928\" src=\"https:\/\/tzsvtav.com\/wp-content\/uploads\/2025\/08\/20250813180503_96681-300x300.jpg\" alt=\"TZSVTAV-LED b\u00e9rl\u00e9s-gy\u00e1rt\u00e1s\" width=\"300\" height=\"300\" title=\"\" srcset=\"https:\/\/tzsvtav.com\/wp-content\/uploads\/2025\/08\/20250813180503_96681-300x300.jpg 300w, https:\/\/tzsvtav.com\/wp-content\/uploads\/2025\/08\/20250813180503_96681-324x324.jpg 324w, https:\/\/tzsvtav.com\/wp-content\/uploads\/2025\/08\/20250813180503_96681-416x416.jpg 416w, https:\/\/tzsvtav.com\/wp-content\/uploads\/2025\/08\/20250813180503_96681-100x100.jpg 100w, https:\/\/tzsvtav.com\/wp-content\/uploads\/2025\/08\/20250813180503_96681-150x150.jpg 150w, https:\/\/tzsvtav.com\/wp-content\/uploads\/2025\/08\/20250813180503_96681-768x768.jpg 768w, https:\/\/tzsvtav.com\/wp-content\/uploads\/2025\/08\/20250813180503_96681-1024x1024.jpg 1024w\" sizes=\"(max-width: 300px) 100vw, 300px\" \/><\/p>\n<p><img loading=\"lazy\" decoding=\"async\" class=\"size-medium wp-image-15929\" src=\"https:\/\/tzsvtav.com\/wp-content\/uploads\/2025\/08\/20250813180505_72103-300x300.jpg\" alt=\"TZSVTAV-LED b\u00e9rl\u00e9s-gy\u00e1rt\u00e1s\" width=\"300\" height=\"300\" title=\"\" srcset=\"https:\/\/tzsvtav.com\/wp-content\/uploads\/2025\/08\/20250813180505_72103-300x300.jpg 300w, https:\/\/tzsvtav.com\/wp-content\/uploads\/2025\/08\/20250813180505_72103-324x324.jpg 324w, https:\/\/tzsvtav.com\/wp-content\/uploads\/2025\/08\/20250813180505_72103-416x416.jpg 416w, https:\/\/tzsvtav.com\/wp-content\/uploads\/2025\/08\/20250813180505_72103-100x100.jpg 100w, https:\/\/tzsvtav.com\/wp-content\/uploads\/2025\/08\/20250813180505_72103-150x150.jpg 150w, https:\/\/tzsvtav.com\/wp-content\/uploads\/2025\/08\/20250813180505_72103-768x768.jpg 768w, https:\/\/tzsvtav.com\/wp-content\/uploads\/2025\/08\/20250813180505_72103-1024x1024.jpg 1024w\" sizes=\"(max-width: 300px) 100vw, 300px\" \/><\/p>\n<p><img loading=\"lazy\" decoding=\"async\" class=\"size-medium wp-image-15930\" src=\"https:\/\/tzsvtav.com\/wp-content\/uploads\/2025\/08\/20250813180506_11352-300x300.jpg\" alt=\"TZSVTAV-LED b\u00e9rl\u00e9s-gy\u00e1rt\u00e1s\" width=\"300\" height=\"300\" title=\"\" srcset=\"https:\/\/tzsvtav.com\/wp-content\/uploads\/2025\/08\/20250813180506_11352-300x300.jpg 300w, https:\/\/tzsvtav.com\/wp-content\/uploads\/2025\/08\/20250813180506_11352-324x324.jpg 324w, https:\/\/tzsvtav.com\/wp-content\/uploads\/2025\/08\/20250813180506_11352-416x416.jpg 416w, https:\/\/tzsvtav.com\/wp-content\/uploads\/2025\/08\/20250813180506_11352-100x100.jpg 100w, https:\/\/tzsvtav.com\/wp-content\/uploads\/2025\/08\/20250813180506_11352-150x150.jpg 150w, https:\/\/tzsvtav.com\/wp-content\/uploads\/2025\/08\/20250813180506_11352-768x768.jpg 768w, https:\/\/tzsvtav.com\/wp-content\/uploads\/2025\/08\/20250813180506_11352-1024x1024.jpg 1024w\" sizes=\"(max-width: 300px) 100vw, 300px\" \/><\/p>\n<p><img loading=\"lazy\" decoding=\"async\" class=\"size-medium wp-image-15931\" src=\"https:\/\/tzsvtav.com\/wp-content\/uploads\/2025\/08\/20250813180507_76104-300x300.jpg\" alt=\"TZSVTAV-LED b\u00e9rl\u00e9s-gy\u00e1rt\u00e1s\" width=\"300\" height=\"300\" title=\"\" srcset=\"https:\/\/tzsvtav.com\/wp-content\/uploads\/2025\/08\/20250813180507_76104-300x300.jpg 300w, https:\/\/tzsvtav.com\/wp-content\/uploads\/2025\/08\/20250813180507_76104-324x324.jpg 324w, https:\/\/tzsvtav.com\/wp-content\/uploads\/2025\/08\/20250813180507_76104-416x416.jpg 416w, https:\/\/tzsvtav.com\/wp-content\/uploads\/2025\/08\/20250813180507_76104-100x100.jpg 100w, https:\/\/tzsvtav.com\/wp-content\/uploads\/2025\/08\/20250813180507_76104-150x150.jpg 150w, https:\/\/tzsvtav.com\/wp-content\/uploads\/2025\/08\/20250813180507_76104-768x768.jpg 768w, https:\/\/tzsvtav.com\/wp-content\/uploads\/2025\/08\/20250813180507_76104-1024x1024.jpg 1024w\" sizes=\"(max-width: 300px) 100vw, 300px\" \/><\/p>\n<p><img loading=\"lazy\" decoding=\"async\" class=\"size-medium wp-image-15932\" src=\"https:\/\/tzsvtav.com\/wp-content\/uploads\/2025\/08\/20250813180509_11194-1-300x300.jpg\" alt=\"TZSVTAV-LED b\u00e9rl\u00e9s-gy\u00e1rt\u00e1s\" width=\"300\" height=\"300\" title=\"\" srcset=\"https:\/\/tzsvtav.com\/wp-content\/uploads\/2025\/08\/20250813180509_11194-1-300x300.jpg 300w, https:\/\/tzsvtav.com\/wp-content\/uploads\/2025\/08\/20250813180509_11194-1-324x324.jpg 324w, https:\/\/tzsvtav.com\/wp-content\/uploads\/2025\/08\/20250813180509_11194-1-416x416.jpg 416w, https:\/\/tzsvtav.com\/wp-content\/uploads\/2025\/08\/20250813180509_11194-1-100x100.jpg 100w, https:\/\/tzsvtav.com\/wp-content\/uploads\/2025\/08\/20250813180509_11194-1-150x150.jpg 150w, https:\/\/tzsvtav.com\/wp-content\/uploads\/2025\/08\/20250813180509_11194-1-768x768.jpg 768w, https:\/\/tzsvtav.com\/wp-content\/uploads\/2025\/08\/20250813180509_11194-1-1024x1024.jpg 1024w\" sizes=\"(max-width: 300px) 100vw, 300px\" \/><\/p>","protected":false},"excerpt":{"rendered":"<p>A HDKATOV BC10HZ professzion\u00e1lis produkci\u00f3hoz k\u00e9sz\u00fclt, SONY STARVIS2 CMOS \u00e9rz\u00e9kel\u0151vel, amely \u00e9leth\u0171 4K60 k\u00e9palkot\u00e1st, optikai \u00e1tvitelt \u00e9s AR\/VR integr\u00e1ci\u00f3t biztos\u00edt.<\/p>\n<p>\ud83c\udfaf NDI|HX + Teljes NDI<br \/>\n\ud83c\udfaf FreeD t\u00e1mogat\u00e1s virtu\u00e1lis st\u00fadi\u00f3khoz<br \/>\n\ud83c\udfaf HDMI + 12G-SDI + Fiber(SFP28) + Gen-lock + LAN<br \/>\n\ud83c\udfaf 25x optikai + 12x digit\u00e1lis zoom<\/p>","protected":false},"featured_media":15933,"comment_status":"open","ping_status":"closed","template":"","meta":{"googlesitekit_rrm_CAowr62iDA:productID":"","_eb_attr":"","_uf_show_specific_survey":0,"_uf_disable_surveys":false,"_themeisle_gutenberg_block_has_review":false},"product_brand":[320],"product_cat":[242],"product_tag":[356,357,352,351,349,353,354,350,355],"class_list":{"0":"post-15924","1":"product","2":"type-product","3":"status-publish","4":"has-post-thumbnail","6":"product_brand-hdkatov","7":"product_cat-ptz-kamera","8":"product_tag-ai-kamera","9":"product_tag-auto-tracking","10":"product_tag-hx3","11":"product_tag-kamaera","12":"product_tag-katovid","13":"product_tag-ndi-kamera","14":"product_tag-oktatas","15":"product_tag-ptz-kamera-2","16":"product_tag-zoom-kamera","18":"first","19":"instock","20":"taxable","21":"shipping-taxable","22":"product-type-simple"},"jetpack_sharing_enabled":true,"_links":{"self":[{"href":"https:\/\/tzsvtav.com\/en\/wp-json\/wp\/v2\/product\/15924","targetHints":{"allow":["GET"]}}],"collection":[{"href":"https:\/\/tzsvtav.com\/en\/wp-json\/wp\/v2\/product"}],"about":[{"href":"https:\/\/tzsvtav.com\/en\/wp-json\/wp\/v2\/types\/product"}],"replies":[{"embeddable":true,"href":"https:\/\/tzsvtav.com\/en\/wp-json\/wp\/v2\/comments?post=15924"}],"version-history":[{"count":0,"href":"https:\/\/tzsvtav.com\/en\/wp-json\/wp\/v2\/product\/15924\/revisions"}],"wp:featuredmedia":[{"embeddable":true,"href":"https:\/\/tzsvtav.com\/en\/wp-json\/wp\/v2\/media\/15933"}],"wp:attachment":[{"href":"https:\/\/tzsvtav.com\/en\/wp-json\/wp\/v2\/media?parent=15924"}],"wp:term":[{"taxonomy":"product_brand","embeddable":true,"href":"https:\/\/tzsvtav.com\/en\/wp-json\/wp\/v2\/product_brand?post=15924"},{"taxonomy":"product_cat","embeddable":true,"href":"https:\/\/tzsvtav.com\/en\/wp-json\/wp\/v2\/product_cat?post=15924"},{"taxonomy":"product_tag","embeddable":true,"href":"https:\/\/tzsvtav.com\/en\/wp-json\/wp\/v2\/product_tag?post=15924"}],"curies":[{"name":"wp","href":"https:\/\/api.w.org\/{rel}","templated":true}]}}