{"id":15908,"date":"2025-08-17T06:57:49","date_gmt":"2025-08-17T05:57:49","guid":{"rendered":"https:\/\/tzsvtav.com\/?post_type=product&#038;p=15908"},"modified":"2025-10-13T07:09:24","modified_gmt":"2025-10-13T06:09:24","slug":"hdkatov-uhd71-broadcast-ai-ptz","status":"publish","type":"product","link":"https:\/\/tzsvtav.com\/en\/product\/hdkatov-uhd71-broadcast-ai-ptz\/","title":{"rendered":"HDKATOV UHD71 Broadcast AI PTZ"},"content":{"rendered":"<p><strong>Term\u00e9kle\u00edr\u00e1s<\/strong><br \/>\n[4K Ultra HD kimenet]\n<p><a href=\"https:\/\/ndi.video\/product-finder\/hdkatov-kt-uh71kt\/\" target=\"_blank\" rel=\"noopener\"><img decoding=\"async\" class=\" wp-image-16562\" src=\"https:\/\/tzsvtav.com\/wp-content\/uploads\/2025\/08\/NDI-Certified-Badge5x-e1710710532564-300x300.webp\" alt=\"TZSVTAV-LED b\u00e9rl\u00e9s-gy\u00e1rt\u00e1s\" width=\"119\" height=\"119\" title=\"\" srcset=\"https:\/\/tzsvtav.com\/wp-content\/uploads\/2025\/08\/NDI-Certified-Badge5x-e1710710532564-300x300.webp 300w, https:\/\/tzsvtav.com\/wp-content\/uploads\/2025\/08\/NDI-Certified-Badge5x-e1710710532564-324x324.webp 324w, https:\/\/tzsvtav.com\/wp-content\/uploads\/2025\/08\/NDI-Certified-Badge5x-e1710710532564-416x416.webp 416w, https:\/\/tzsvtav.com\/wp-content\/uploads\/2025\/08\/NDI-Certified-Badge5x-e1710710532564-100x100.webp 100w, https:\/\/tzsvtav.com\/wp-content\/uploads\/2025\/08\/NDI-Certified-Badge5x-e1710710532564-150x150.webp 150w, https:\/\/tzsvtav.com\/wp-content\/uploads\/2025\/08\/NDI-Certified-Badge5x-e1710710532564-768x768.webp 768w, https:\/\/tzsvtav.com\/wp-content\/uploads\/2025\/08\/NDI-Certified-Badge5x-e1710710532564-1024x1024.webp 1024w\" sizes=\"(max-width: 119px) 100vw, 119px\" \/><\/a><\/p>\n<p>A SONY 1\/1,8 h\u00fcvelykes, kiv\u00e1l\u00f3 min\u0151s\u00e9g\u0171 CMOS \u00faj gener\u00e1ci\u00f3j\u00e1nak k\u00f6sz\u00f6nhet\u0151en maxim\u00e1lis 4K60 ultra-nagy felbont\u00e1s\u00fa m\u0171sor- \u00e9s k\u00e9pkimenetet \u00e9rhet el, \u00e9s nagyobb jeleneteket r\u00f6gz\u00edthet.<\/p>\n[25-sz\u00f6r\u00f6s optikai zoom objekt\u00edv]\n<p>A 25-sz\u00f6r\u00f6s ultra-nagy felbont\u00e1s\u00fa optikai objekt\u00edvvel felszerelt \u00e9s az 59,2\u00b0-os v\u00edzszintes l\u00e1t\u00f3sz\u00f6get t\u00e1mogat\u00f3 kamera t\u00f6bb jelenet ig\u00e9nyeit is kiel\u00e9g\u00edti, p\u00e9ld\u00e1ul a nagym\u00e9ret\u0171 el\u0151ad\u00f3termekben tartott videokonferenci\u00e1kat \u00e9s az el\u0151ad\u00f3termekben a t\u00e1bl\u00e1ra \u00edr\u00e1st a val\u00f3di r\u00e9szletek vissza\u00e1ll\u00edt\u00e1sa \u00e9rdek\u00e9ben.<\/p>\n[USB3.0+HDMI+LAN+SDI Teljes interf\u00e9szek, gazdag alkalmaz\u00e1si lehet\u0151s\u00e9gek]\n<p>A HDMI+USB3.0 Type-B+LAN kompatibilis az \u00f6sszes hagyom\u00e1nyos videokimeneti interf\u00e9sszel, \u00e9s egyidej\u0171leg 4K60 felbont\u00e1st k\u00e9pes kimenetre bocs\u00e1tani, m\u00edg a 3G-SDI 1080p60 felbont\u00e1st. [Kev\u00e9s f\u00e9ny]\n<p>Az \u00faj, ultra-nagy jel-zaj ar\u00e1ny\u00fa CMOS k\u00e9p\u00e9rz\u00e9kel\u0151 hat\u00e9konyan cs\u00f6kkenti a k\u00e9pzajt gyenge f\u00e9nyviszonyok mellett. Ugyanakkor 2D \u00e9s 3D digit\u00e1lis zajcs\u00f6kkent\u00e9st alkalmaz a k\u00e9pzaj jelent\u0151s cs\u00f6kkent\u00e9se \u00e9rdek\u00e9ben. M\u00e9g rendk\u00edv\u00fcl gyenge f\u00e9nyviszonyok mellett is tiszta \u00e9s \u00e9les marad a k\u00e9p, \u00e9s a k\u00e9pjel-zaj ar\u00e1ny magasabb, mint 50 dB.<\/p>\n[Infrav\u00f6r\u00f6s t\u00e1vir\u00e1ny\u00edt\u00f3 jel\u00e9nek \u00e1tl\u00e1tsz\u00f3 \u00e1tviteli funkci\u00f3ja]\n<p><img fetchpriority=\"high\" decoding=\"async\" class=\"alignnone wp-image-15909 size-large\" src=\"https:\/\/tzsvtav.com\/wp-content\/uploads\/2025\/08\/20241228113359_94833-1024x1024.jpg\" alt=\"TZSVTAV-LED b\u00e9rl\u00e9s-gy\u00e1rt\u00e1s\" width=\"800\" height=\"800\" title=\"\" srcset=\"https:\/\/tzsvtav.com\/wp-content\/uploads\/2025\/08\/20241228113359_94833-1024x1024.jpg 1024w, https:\/\/tzsvtav.com\/wp-content\/uploads\/2025\/08\/20241228113359_94833-324x324.jpg 324w, https:\/\/tzsvtav.com\/wp-content\/uploads\/2025\/08\/20241228113359_94833-416x416.jpg 416w, https:\/\/tzsvtav.com\/wp-content\/uploads\/2025\/08\/20241228113359_94833-100x100.jpg 100w, https:\/\/tzsvtav.com\/wp-content\/uploads\/2025\/08\/20241228113359_94833-150x150.jpg 150w, https:\/\/tzsvtav.com\/wp-content\/uploads\/2025\/08\/20241228113359_94833-300x300.jpg 300w, https:\/\/tzsvtav.com\/wp-content\/uploads\/2025\/08\/20241228113359_94833-768x768.jpg 768w\" sizes=\"(max-width: 800px) 100vw, 800px\" \/><\/p>\n<p>A saj\u00e1t infrav\u00f6r\u00f6s t\u00e1vir\u00e1ny\u00edt\u00f3 jeleinek v\u00e9tele mellett a felhaszn\u00e1l\u00f3 infrav\u00f6r\u00f6s t\u00e1vir\u00e1ny\u00edt\u00f3j\u00e1nak jeleit is k\u00e9pes fogadni, \u00e9s azokat a VISCA porton kereszt\u00fcl a videokonferencia-termin\u00e1lra k\u00fcldeni.<\/p>\n[T\u00f6bb videot\u00f6m\u00f6r\u00edt\u00e9si szabv\u00e1ny]\n<p>A k\u00fcl\u00f6nb\u00f6z\u0151 interf\u00e9szek t\u00f6bb videot\u00f6m\u00f6r\u00edt\u00e9si form\u00e1tumot t\u00e1mogatnak, p\u00e9ld\u00e1ul YUY2, H.265, MJPG \u00e9s H.264.<\/p>\n[T\u00f6bb h\u00e1l\u00f3zati protokoll]\n<p>T\u00e1mogatja az ONVIF, SRT, RTSP, RTMP, Free D, NDI\u00ae|HX2, NDI\u00ae|HX3 (opcion\u00e1lis) \u00e9s m\u00e1s h\u00e1l\u00f3zati protokollokat.<\/p>\n<p><img decoding=\"async\" class=\"alignnone wp-image-15910 size-large\" src=\"https:\/\/tzsvtav.com\/wp-content\/uploads\/2025\/08\/20241228113359_74099-1024x1024.jpg\" alt=\"PTZ\" width=\"800\" height=\"800\" title=\"\" srcset=\"https:\/\/tzsvtav.com\/wp-content\/uploads\/2025\/08\/20241228113359_74099-1024x1024.jpg 1024w, https:\/\/tzsvtav.com\/wp-content\/uploads\/2025\/08\/20241228113359_74099-324x324.jpg 324w, https:\/\/tzsvtav.com\/wp-content\/uploads\/2025\/08\/20241228113359_74099-416x416.jpg 416w, https:\/\/tzsvtav.com\/wp-content\/uploads\/2025\/08\/20241228113359_74099-100x100.jpg 100w, https:\/\/tzsvtav.com\/wp-content\/uploads\/2025\/08\/20241228113359_74099-150x150.jpg 150w, https:\/\/tzsvtav.com\/wp-content\/uploads\/2025\/08\/20241228113359_74099-300x300.jpg 300w, https:\/\/tzsvtav.com\/wp-content\/uploads\/2025\/08\/20241228113359_74099-768x768.jpg 768w\" sizes=\"(max-width: 800px) 100vw, 800px\" \/><br \/>\n[T\u00f6bbsz\u00f6r\u00f6s vez\u00e9rl\u0151protokollok]\n<p>T\u00e1mogatja a VISCA (bele\u00e9rtve a VISCA Over IP-t), a PELCO P\/D protokollokat, az NDI\u00ae (opcion\u00e1lis) protokollt \u00e9s az automatikus protokollfelismer\u00e9st.<\/p>\n[Be\u00e9p\u00edtett OLED kijelz\u0151]\n<p>A kamera IP-c\u00edm\u00e9nek \u00e9s a HDMI kimenet felbont\u00e1s\u00e1nak val\u00f3s idej\u0171 megjelen\u00edt\u00e9se.<\/p>\n[K\u00f6vetkez\u0151 gener\u00e1ci\u00f3s emberi \u00e9s arcfelismer\u0151 k\u00f6vet\u0151 algoritmus]\n<p>T\u00e1mogatja az intelligens k\u00f6vet\u00e9st, az automatikus keretez\u00e9st \u00e9s a gesztusfelismer\u0151 funkci\u00f3kat<\/p>\n<p><img loading=\"lazy\" decoding=\"async\" class=\"size-medium wp-image-15911\" src=\"https:\/\/tzsvtav.com\/wp-content\/uploads\/2025\/08\/20241228113400_68013-300x300.jpg\" alt=\"TZSVTAV-LED b\u00e9rl\u00e9s-gy\u00e1rt\u00e1s\" width=\"300\" height=\"300\" title=\"\" srcset=\"https:\/\/tzsvtav.com\/wp-content\/uploads\/2025\/08\/20241228113400_68013-300x300.jpg 300w, https:\/\/tzsvtav.com\/wp-content\/uploads\/2025\/08\/20241228113400_68013-324x324.jpg 324w, https:\/\/tzsvtav.com\/wp-content\/uploads\/2025\/08\/20241228113400_68013-416x416.jpg 416w, https:\/\/tzsvtav.com\/wp-content\/uploads\/2025\/08\/20241228113400_68013-100x100.jpg 100w, https:\/\/tzsvtav.com\/wp-content\/uploads\/2025\/08\/20241228113400_68013-150x150.jpg 150w, https:\/\/tzsvtav.com\/wp-content\/uploads\/2025\/08\/20241228113400_68013-768x768.jpg 768w, https:\/\/tzsvtav.com\/wp-content\/uploads\/2025\/08\/20241228113400_68013-1024x1024.jpg 1024w\" sizes=\"(max-width: 300px) 100vw, 300px\" \/><\/p>\n<p><img loading=\"lazy\" decoding=\"async\" class=\"size-medium wp-image-15912\" src=\"https:\/\/tzsvtav.com\/wp-content\/uploads\/2025\/08\/20241228113400_83663-300x300.jpg\" alt=\"TZSVTAV-LED b\u00e9rl\u00e9s-gy\u00e1rt\u00e1s\" width=\"300\" height=\"300\" title=\"\" srcset=\"https:\/\/tzsvtav.com\/wp-content\/uploads\/2025\/08\/20241228113400_83663-300x300.jpg 300w, https:\/\/tzsvtav.com\/wp-content\/uploads\/2025\/08\/20241228113400_83663-324x324.jpg 324w, https:\/\/tzsvtav.com\/wp-content\/uploads\/2025\/08\/20241228113400_83663-416x416.jpg 416w, https:\/\/tzsvtav.com\/wp-content\/uploads\/2025\/08\/20241228113400_83663-100x100.jpg 100w, https:\/\/tzsvtav.com\/wp-content\/uploads\/2025\/08\/20241228113400_83663-150x150.jpg 150w, https:\/\/tzsvtav.com\/wp-content\/uploads\/2025\/08\/20241228113400_83663-768x768.jpg 768w, https:\/\/tzsvtav.com\/wp-content\/uploads\/2025\/08\/20241228113400_83663-1024x1024.jpg 1024w\" sizes=\"(max-width: 300px) 100vw, 300px\" \/><\/p>\n<p><img loading=\"lazy\" decoding=\"async\" class=\"size-medium wp-image-15913\" src=\"https:\/\/tzsvtav.com\/wp-content\/uploads\/2025\/08\/20241228113401_28476-300x300.jpg\" alt=\"TZSVTAV-LED b\u00e9rl\u00e9s-gy\u00e1rt\u00e1s\" width=\"300\" height=\"300\" title=\"\" srcset=\"https:\/\/tzsvtav.com\/wp-content\/uploads\/2025\/08\/20241228113401_28476-300x300.jpg 300w, https:\/\/tzsvtav.com\/wp-content\/uploads\/2025\/08\/20241228113401_28476-324x324.jpg 324w, https:\/\/tzsvtav.com\/wp-content\/uploads\/2025\/08\/20241228113401_28476-416x416.jpg 416w, https:\/\/tzsvtav.com\/wp-content\/uploads\/2025\/08\/20241228113401_28476-100x100.jpg 100w, https:\/\/tzsvtav.com\/wp-content\/uploads\/2025\/08\/20241228113401_28476-150x150.jpg 150w, https:\/\/tzsvtav.com\/wp-content\/uploads\/2025\/08\/20241228113401_28476-768x768.jpg 768w, https:\/\/tzsvtav.com\/wp-content\/uploads\/2025\/08\/20241228113401_28476-1024x1024.jpg 1024w\" sizes=\"(max-width: 300px) 100vw, 300px\" \/><\/p>\n<p style=\"font-weight: 400;\"><b><span data-slate-fragment=\"JTVCJTdCJTIydHlwZSUyMiUzQSUyMnBhcmFncmFwaCUyMiUyQyUyMmNoaWxkcmVuJTIyJTNBJTVCJTdCJTIyaWQlMjIlM0ElMjJWNUEzbmp3UnlWJTIyJTJDJTIycGFyYUlkeCUyMiUzQTExJTJDJTIyc3JjJTIyJTNBJTIyQXBwbGljYXRpb24lMjBGaWVsZCUyMiUyQyUyMmRzdCUyMiUzQSUyMiVFNSVCQSU5NCVFNyU5NCVBOCVFOSVBMiU4NiVFNSU5RiU5RiUyMiUyQyUyMm1ldGFkYXRhJTIyJTNBJTIyJTIyJTJDJTIybWF0Y2hlcyUyMiUzQW51bGwlMkMlMjJtZXRhRGF0YSUyMiUzQSU1QiU1RCUyQyUyMnRleHQlMjIlM0ElMjJBcHBsaWNhdGlvbiUyMEZpZWxkJTIyJTdEJTVEJTdEJTVE\">Application Field<\/span><\/b><\/p>\n<p style=\"font-weight: 400;\">Church\u00a0live\u00a0service,\u00a0House\u00a0of\u00a0worship,\u00a0Live\u00a0broadcast\u00a0of\u00a0church\u00a0concert,\u00a0Educational\u00a0Recording\u00a0,\u00a0Educational\u00a0Broadcasting\u00a0,<\/p>\n<p style=\"font-weight: 400;\">Teaching\u00a0Broadcast,\u00a0Conference\u00a0room\u00a0camera,\u00a0Esports\u00a0Broadcast,\u00a0Events\u00a0live\u00a0streaming\u00a0etc.<\/p>\n<p style=\"font-weight: 400;\"><b>Related <\/b><b>Cate<\/b><b>gory<\/b><\/p>\n<p style=\"font-weight: 400;\"><span data-slate-node=\"text\">4K PTZ Camera,<\/span>FHD PTZ Camera,NDI PTZ Camera,Webcam,Education Tracking Camera,Video Conferencing System,<\/p>\n<p style=\"font-weight: 400;\">Live HD Camera,Integrated Audiovisual Intelligent Endpoint,Integrated HD Camera,Speakerphone,Cam Controller,<\/p>\n<p style=\"font-weight: 400;\">Video Switcher,Ptz Controller,Control Panel<\/p>\n<table style=\"font-weight: 400;\">\n<tbody>\n<tr>\n<td colspan=\"2\" width=\"636\"><b><strong>Image Parameters<\/strong><\/b><\/td>\n<\/tr>\n<tr>\n<td width=\"158\">Resolution<\/td>\n<td width=\"478\">HDMI: 4K60\/59.94\/50\/30\/29.97\/25, 1080p60\/59.94\/50\/30\/29.97\/25, 720p60\/50<\/p>\n<p>3G-SDI: 1080p60\/59.94\/50\/30\/29.97\/25, 1080i60\/59.94\/50, 720p60\/50<\/td>\n<\/tr>\n<tr>\n<td width=\"158\">Image Sensor<\/td>\n<td width=\"478\">SONY 1\/1.8&#8243; CMOS<\/td>\n<\/tr>\n<tr>\n<td width=\"158\">Pixels<\/td>\n<td width=\"478\">8.50 Megapixels, 8.29 Effective Megapixels<\/td>\n<\/tr>\n<tr>\n<td width=\"158\">Scan Mode<\/td>\n<td width=\"478\">Line by line<\/td>\n<\/tr>\n<tr>\n<td width=\"158\">Lens<\/td>\n<td width=\"478\">25X Optical Zoom, f=7.1(W)~171.95mm(T)<\/td>\n<\/tr>\n<tr>\n<td width=\"158\">Horizontal View Angle<\/td>\n<td width=\"478\">59.2\u00b0(W)~2.5\u00b0(T)<\/td>\n<\/tr>\n<tr>\n<td width=\"158\">Vertical View Angle<\/td>\n<td width=\"478\">34.6(W)~1.4(T)<\/td>\n<\/tr>\n<tr>\n<td width=\"158\">Iris<\/td>\n<td width=\"478\">F1.61~F5.19<\/td>\n<\/tr>\n<tr>\n<td width=\"158\">Focus System<\/td>\n<td width=\"478\">Auto, Manual<\/td>\n<\/tr>\n<tr>\n<td width=\"158\">Shutter Speed<\/td>\n<td width=\"478\">1\/50s ~ 1\/10000s<\/td>\n<\/tr>\n<tr>\n<td width=\"158\">Minimum Illumination<\/td>\n<td width=\"478\">0.1Lux<\/td>\n<\/tr>\n<tr>\n<td width=\"158\">Exposure<\/td>\n<td width=\"478\">Auto, Manual, Iris Priority, Shutter Priority, Brightness priority<\/td>\n<\/tr>\n<tr>\n<td width=\"158\">White Balance<\/td>\n<td width=\"478\">Auto, Indoor, Outdoor, Keying, Auto Tracking<\/td>\n<\/tr>\n<tr>\n<td width=\"158\">Backlight Compensation<\/td>\n<td width=\"478\">Support<\/td>\n<\/tr>\n<tr>\n<td width=\"158\">Digital Noise Reduction<\/td>\n<td width=\"478\">2D&amp;3D Digital noise reduction<\/td>\n<\/tr>\n<tr>\n<td width=\"158\">S\/N Ratio<\/td>\n<td width=\"478\">\u226550dB<\/td>\n<\/tr>\n<tr>\n<td colspan=\"2\" width=\"636\"><b><strong>Pan\/Tilt<\/strong><\/b><\/td>\n<\/tr>\n<tr>\n<td width=\"158\">Pan Angle<\/td>\n<td width=\"478\">-175\u00b0~+175\u00b0<\/td>\n<\/tr>\n<tr>\n<td width=\"158\">Tilt Angle<\/td>\n<td width=\"478\">-30\u00b0~+90\u00b0<\/td>\n<\/tr>\n<tr>\n<td width=\"158\">Pan Speed<\/td>\n<td width=\"478\">0.1\u00b0\/S~120\u00b0\/S<\/td>\n<\/tr>\n<tr>\n<td width=\"158\">Tilt Speed<\/td>\n<td width=\"478\">0.1\u00b0\/S~120\u00b0\/S<\/td>\n<\/tr>\n<tr>\n<td width=\"158\">Preset Positions<\/td>\n<td width=\"478\">9 preset positions by IR remote controller, 255 preset positions by joystick controller or PC<\/td>\n<\/tr>\n<tr>\n<td width=\"158\">Preset Accuracy<\/td>\n<td width=\"478\">0.1\u00b0\u00b110%<\/td>\n<\/tr>\n<tr>\n<td width=\"158\">Flip<\/td>\n<td width=\"478\">Support<\/td>\n<\/tr>\n<tr>\n<td width=\"158\">Image Freeze<\/td>\n<td width=\"478\">Support<\/td>\n<\/tr>\n<tr>\n<td width=\"158\">POE+<\/td>\n<td width=\"478\">Support, 802.3at<\/td>\n<\/tr>\n<tr>\n<td colspan=\"2\" width=\"636\"><b><strong>USB<\/strong><\/b><\/td>\n<\/tr>\n<tr>\n<td width=\"158\">Protocol<\/td>\n<td width=\"478\">UVC 1.1, UAC1.0<\/td>\n<\/tr>\n<tr>\n<td width=\"158\">Operating System<\/td>\n<td width=\"478\">Window7 and above, MacOS, Linux, Android<\/td>\n<\/tr>\n<tr>\n<td width=\"158\">Video Compression<\/td>\n<td width=\"478\">YUY2, MJPEG<\/td>\n<\/tr>\n<tr>\n<td width=\"158\">Resolution<\/td>\n<td width=\"478\">MJPEG: 3840*2160, 2560*1440, 1920*1080, 1280*720, 960*540, 800*600, 720*576, 720*480, 640*480, 640*360, 352*288, 320*240<br \/>\nYUY2: 1920*1080, 1280*720, 960*540, 800*600, 720*576, 720*480, 640*480, 640*360, 352*288, 320*240<\/td>\n<\/tr>\n<tr>\n<td width=\"158\">Frame Rate<\/td>\n<td width=\"478\">Max.60<\/td>\n<\/tr>\n<tr>\n<td width=\"158\">UVC Control<\/td>\n<td width=\"478\">Support<\/td>\n<\/tr>\n<tr>\n<td colspan=\"2\" width=\"636\"><b><strong>LAN<\/strong><\/b><\/td>\n<\/tr>\n<tr>\n<td width=\"158\">Protocol<\/td>\n<td width=\"478\">TCP\/IP, HTTP, RTSP, RTMP, RTMPS, SRT, Onvif, DHCP, VISCA Over IP, NDI\u00aeHX2 (Optional)<\/td>\n<\/tr>\n<tr>\n<td width=\"158\">Video Compression<\/td>\n<td width=\"478\">H.264, H.265<\/td>\n<\/tr>\n<tr>\n<td width=\"158\">Code Stream<\/td>\n<td width=\"478\">Main code stream*1, Sub code stream*1<\/td>\n<\/tr>\n<tr>\n<td width=\"158\">Main Stream Resolution<\/td>\n<td width=\"478\">3840*2160, 1920*1080, 1280*720<\/td>\n<\/tr>\n<tr>\n<td width=\"158\">Sub Stream Resolution<\/td>\n<td width=\"478\">640*480, 640*360, 352*288, 320*240, 176*144<\/td>\n<\/tr>\n<tr>\n<td width=\"158\">Bitrate Control<\/td>\n<td width=\"478\">VBR, CBR<\/td>\n<\/tr>\n<tr>\n<td colspan=\"2\" width=\"636\"><b><strong>Audio<\/strong><\/b><\/td>\n<\/tr>\n<tr>\n<td width=\"158\">Audio Compression<\/td>\n<td width=\"478\">AAC<\/td>\n<\/tr>\n<tr>\n<td width=\"158\">Sampling Rate<\/td>\n<td width=\"478\">48K, 44.1K<\/td>\n<\/tr>\n<tr>\n<td colspan=\"2\" width=\"636\"><b><strong>Interface<\/strong><\/b><\/td>\n<\/tr>\n<tr>\n<td width=\"158\">HDMI Interface<\/td>\n<td width=\"478\">1 Line, HDMI: Version 2.0<\/td>\n<\/tr>\n<tr>\n<td width=\"158\">SDI Interface<\/td>\n<td width=\"478\">1 Line, 3G-SDI<\/td>\n<\/tr>\n<tr>\n<td width=\"158\">USB Interface<\/td>\n<td width=\"478\">1 Line, USB3.0, Type-B Socket<\/td>\n<\/tr>\n<tr>\n<td width=\"158\">Network Interface<\/td>\n<td width=\"478\">1 Line, RJ45: 1000M adaptive Ethernet port<\/td>\n<\/tr>\n<tr>\n<td width=\"158\">Audio Interface<\/td>\n<td width=\"478\">1 Line, Line In, 3.5mm<\/td>\n<\/tr>\n<tr>\n<td width=\"158\">Serial Interface<\/td>\n<td width=\"478\">1 Line, RS232 IN\/Out: 8-Pin Mini Din, up to 30 meters, VISCA\/Pelco-D\/Pelco-P Protocol.<br \/>\n1 Line, RS422\/485: 9-Core Phoenix Interface, up to 1200 meters, VISCA\/Pelco-D\/Pelco-P Protocol.<\/td>\n<\/tr>\n<tr>\n<td width=\"158\">Power Interface<\/td>\n<td width=\"478\">IEC 60130-10 Type A<\/td>\n<\/tr>\n<tr>\n<td colspan=\"2\" width=\"636\"><b><strong>General Specifications<\/strong><\/b><\/td>\n<\/tr>\n<tr>\n<td width=\"158\">Tally Light<\/td>\n<td width=\"478\">Support<\/td>\n<\/tr>\n<tr>\n<td width=\"158\">Input Voltage<\/td>\n<td width=\"478\">DC 12V<\/td>\n<\/tr>\n<tr>\n<td width=\"158\">Input Current<\/td>\n<td width=\"478\">Max.1.3A<\/td>\n<\/tr>\n<tr>\n<td width=\"158\">Power Consumption<\/td>\n<td width=\"478\">Max.9.5W<\/td>\n<\/tr>\n<tr>\n<td width=\"158\">Operating Temperature<\/td>\n<td width=\"478\">0~40\u2103<\/td>\n<\/tr>\n<tr>\n<td width=\"158\">Storage Temperature<\/td>\n<td width=\"478\">-10~60\u2103<\/td>\n<\/tr>\n<tr>\n<td width=\"158\">Color<\/td>\n<td width=\"478\">Black, White (Optional)<\/td>\n<\/tr>\n<tr>\n<td width=\"158\">Dimension<\/td>\n<td width=\"478\">(W)158*(D)193*(H)208mm<\/td>\n<\/tr>\n<tr>\n<td width=\"158\">Weight<\/td>\n<td width=\"478\">2.0kg<\/td>\n<\/tr>\n<tr>\n<td width=\"158\">Accessories<\/td>\n<td width=\"478\">DC 12V power adapter, IR Remote, User manual, USB3.0 Cable, RS-232C Cable, Ceiling bracket, Wall bracket(Optional)<\/td>\n<\/tr>\n<\/tbody>\n<\/table>\n","protected":false},"excerpt":{"rendered":"<p>HDKATOV UH71DT \u2013\u00a0 \u00e9l\u0151 k\u00f6zvet\u00edt\u00e9sekhez, oktat\u00f3knak \u00e9s m\u0171sorszolg\u00e1ltat\u00f3knak k\u00e9sz\u00fclt!<\/p>\n<p>\ud83c\udfaf F\u0151bb jellemz\u0151k:<br \/>\n\u2705 4K60fps Ultra-HD Sony 1\/1.8\u201d CMOS \u00e9rz\u00e9kel\u0151vel<br \/>\n\u2705 25-sz\u00f6r\u00f6s optikai + AI automatikus k\u00f6vet\u00e9s<br \/>\n\u2705 USB3.0, HDMI, 3G-SDI, LAN kimenet<br \/>\n\u2705 Gesztusvez\u00e9rl\u00e9s + Tally Light<br \/>\n\u2705 NDI\u00ae|HX3 \u00e9s FreeD t\u00e1mogat\u00e1s AR\/VR-hez<br \/>\n\u2705 Remek\u00fcl m\u0171k\u00f6dik: \ud83c\udf93 Tantermekben | \ud83c\udfa5 St\u00fadi\u00f3kban | \ud83c\udfdb\ufe0f Templomokban | \ud83e\uddd1\u200d\ud83d\udcbc V\u00e1llalati termekben | Korm\u00e1nyzati projektekben<\/p>","protected":false},"featured_media":15914,"comment_status":"open","ping_status":"closed","template":"","meta":{"googlesitekit_rrm_CAowr62iDA:productID":"","_eb_attr":"","_uf_show_specific_survey":0,"_uf_disable_surveys":false,"_themeisle_gutenberg_block_has_review":false},"product_brand":[320],"product_cat":[242],"product_tag":[356,357,352,351,349,353,354,350,355],"class_list":{"0":"post-15908","1":"product","2":"type-product","3":"status-publish","4":"has-post-thumbnail","6":"product_brand-hdkatov","7":"product_cat-ptz-kamera","8":"product_tag-ai-kamera","9":"product_tag-auto-tracking","10":"product_tag-hx3","11":"product_tag-kamaera","12":"product_tag-katovid","13":"product_tag-ndi-kamera","14":"product_tag-oktatas","15":"product_tag-ptz-kamera-2","16":"product_tag-zoom-kamera","18":"first","19":"instock","20":"taxable","21":"shipping-taxable","22":"product-type-simple"},"jetpack_sharing_enabled":true,"_links":{"self":[{"href":"https:\/\/tzsvtav.com\/en\/wp-json\/wp\/v2\/product\/15908","targetHints":{"allow":["GET"]}}],"collection":[{"href":"https:\/\/tzsvtav.com\/en\/wp-json\/wp\/v2\/product"}],"about":[{"href":"https:\/\/tzsvtav.com\/en\/wp-json\/wp\/v2\/types\/product"}],"replies":[{"embeddable":true,"href":"https:\/\/tzsvtav.com\/en\/wp-json\/wp\/v2\/comments?post=15908"}],"version-history":[{"count":0,"href":"https:\/\/tzsvtav.com\/en\/wp-json\/wp\/v2\/product\/15908\/revisions"}],"wp:featuredmedia":[{"embeddable":true,"href":"https:\/\/tzsvtav.com\/en\/wp-json\/wp\/v2\/media\/15914"}],"wp:attachment":[{"href":"https:\/\/tzsvtav.com\/en\/wp-json\/wp\/v2\/media?parent=15908"}],"wp:term":[{"taxonomy":"product_brand","embeddable":true,"href":"https:\/\/tzsvtav.com\/en\/wp-json\/wp\/v2\/product_brand?post=15908"},{"taxonomy":"product_cat","embeddable":true,"href":"https:\/\/tzsvtav.com\/en\/wp-json\/wp\/v2\/product_cat?post=15908"},{"taxonomy":"product_tag","embeddable":true,"href":"https:\/\/tzsvtav.com\/en\/wp-json\/wp\/v2\/product_tag?post=15908"}],"curies":[{"name":"wp","href":"https:\/\/api.w.org\/{rel}","templated":true}]}}