{"id":12525,"date":"2025-03-14T15:29:46","date_gmt":"2025-03-14T14:29:46","guid":{"rendered":"https:\/\/tzsvtav.com\/?post_type=product&#038;p=12525"},"modified":"2025-08-08T07:24:55","modified_gmt":"2025-08-08T06:24:55","slug":"colorlight-a100-cloud-player","status":"publish","type":"product","link":"https:\/\/tzsvtav.com\/en\/product\/colorlight-a100-cloud-player\/","title":{"rendered":"Colorlight A100 Cloud Player"},"content":{"rendered":"<p>A100 is a new generation cloud-based network player that supports synchronous display and asynchronous playback. It supports up to 1920\u00d71200 @ 60Hz output. It supports functions such as player monitoring, program creation, program scheduling, centralized program publishing, and multi-level management on the ColorlightCloud platform. Storage: 8GB (4GB available) RAM: 1GB OS: Android OS 9.0 Loading capacity: Up to 1.3 million pixels, maximum width 4096 pixels, or maximum height 2560 pixels Supported receiver cards: All series of Colorlight receiver cards.<\/p>\n<p>Sync &amp; Async dual-mode<\/p>\n<p>Synchronous display and asynchronous playback, automatic mode switching.<\/p>\n<p><img decoding=\"async\" src=\"https:\/\/d2j6dbq0eux0bg.cloudfront.net\/images\/wysiwyg\/product\/86465867\/673701168\/1719664167768-1390813177\/A200_1_png\" alt=\"TZSVTAV-LED b\u00e9rl\u00e9s-gy\u00e1rt\u00e1s\" title=\"\"><\/p>\n<p><strong>Free window layout<\/strong><\/p>\n<p>Freely adjust window size, position and overlap. Extensive media.<\/p>\n<p>Images, videos, text, table, clock, streaming media, website, weather, etc.<\/p>\n<p><img decoding=\"async\" src=\"https:\/\/d2j6dbq0eux0bg.cloudfront.net\/images\/wysiwyg\/product\/86465867\/673701168\/1719664293283217033403\/\u66ff\u6362_1673512163_png\" alt=\"TZSVTAV-LED b\u00e9rl\u00e9s-gy\u00e1rt\u00e1s\" title=\"\"><\/p>\n<p><img decoding=\"async\" src=\"https:\/\/d2j6dbq0eux0bg.cloudfront.net\/images\/wysiwyg\/product\/86465867\/673701168\/1719664321472-13525467\/A200_\u65b0\u754c\u9762\u66ff\u6362_1673577242_png\" alt=\"TZSVTAV-LED b\u00e9rl\u00e9s-gy\u00e1rt\u00e1s\" title=\"\"><\/p>\n<p>More details: <a href=\"https:\/\/en.colorlightinside.com\/product\/special\/389\" target=\"_blank\" rel=\"noopener\">https:\/\/en.colorlightinside.com\/product\/special\/389<\/a><\/p>\n<p>&nbsp;<\/p>\n<p>&nbsp;<\/p>","protected":false},"excerpt":{"rendered":"<p>A100 is a new generation cloud-based network player that supports synchronous display and asynchronous playback. It supports up to 1920\u00d71200 @ 60Hz output. It supports functions such as player monitoring, program creation, program scheduling, centralized program publishing, and multi-level management on the ColorlightCloud platform. Storage: 8GB (4GB available) RAM: 1GB OS: Android OS 9.0 Loading capacity: Up to 1.3 million pixels, maximum width 4096 pixels, or maximum height 2560 pixels Supported receiver cards: All series of Colorlight receiver cards.<\/p>","protected":false},"featured_media":12526,"comment_status":"closed","ping_status":"closed","template":"","meta":{"googlesitekit_rrm_CAowr62iDA:productID":"","_eb_attr":"","_uf_show_specific_survey":0,"_uf_disable_surveys":false,"_themeisle_gutenberg_block_has_review":false},"product_brand":[263],"product_cat":[228],"product_tag":[267,155],"class_list":{"0":"post-12525","1":"product","2":"type-product","3":"status-publish","4":"has-post-thumbnail","6":"product_brand-colorlight-innovativ-led-vezerlorendszerek","7":"product_cat-led-vezerlok","8":"product_tag-colorlight","9":"product_tag-led-vezerlo","11":"first","12":"instock","13":"taxable","14":"shipping-taxable","15":"product-type-simple"},"jetpack_sharing_enabled":true,"_links":{"self":[{"href":"https:\/\/tzsvtav.com\/en\/wp-json\/wp\/v2\/product\/12525","targetHints":{"allow":["GET"]}}],"collection":[{"href":"https:\/\/tzsvtav.com\/en\/wp-json\/wp\/v2\/product"}],"about":[{"href":"https:\/\/tzsvtav.com\/en\/wp-json\/wp\/v2\/types\/product"}],"replies":[{"embeddable":true,"href":"https:\/\/tzsvtav.com\/en\/wp-json\/wp\/v2\/comments?post=12525"}],"version-history":[{"count":0,"href":"https:\/\/tzsvtav.com\/en\/wp-json\/wp\/v2\/product\/12525\/revisions"}],"wp:featuredmedia":[{"embeddable":true,"href":"https:\/\/tzsvtav.com\/en\/wp-json\/wp\/v2\/media\/12526"}],"wp:attachment":[{"href":"https:\/\/tzsvtav.com\/en\/wp-json\/wp\/v2\/media?parent=12525"}],"wp:term":[{"taxonomy":"product_brand","embeddable":true,"href":"https:\/\/tzsvtav.com\/en\/wp-json\/wp\/v2\/product_brand?post=12525"},{"taxonomy":"product_cat","embeddable":true,"href":"https:\/\/tzsvtav.com\/en\/wp-json\/wp\/v2\/product_cat?post=12525"},{"taxonomy":"product_tag","embeddable":true,"href":"https:\/\/tzsvtav.com\/en\/wp-json\/wp\/v2\/product_tag?post=12525"}],"curies":[{"name":"wp","href":"https:\/\/api.w.org\/{rel}","templated":true}]}}