{"id":12468,"date":"2025-03-14T15:28:36","date_gmt":"2025-03-14T14:28:36","guid":{"rendered":"https:\/\/tzsvtav.com\/?post_type=product&#038;p=12468"},"modified":"2025-08-24T17:41:36","modified_gmt":"2025-08-24T16:41:36","slug":"belteri-led-kijelzo","status":"publish","type":"product","link":"https:\/\/tzsvtav.com\/en\/product\/belteri-led-kijelzo\/","title":{"rendered":"Indoor LED display 640\u00d7480 P1.25-P4"},"content":{"rendered":"<p><iframe title=\"Install led\" width=\"800\" height=\"450\" src=\"https:\/\/www.youtube.com\/embed\/xS9Lile9Smg?feature=oembed\" frameborder=\"0\" allow=\"accelerometer; autoplay; clipboard-write; encrypted-media; gyroscope; picture-in-picture; web-share\" referrerpolicy=\"strict-origin-when-cross-origin\" allowfullscreen><\/iframe><\/p>\n<p><img decoding=\"async\" src=\"https:\/\/d2j6dbq0eux0bg.cloudfront.net\/images\/wysiwyg\/product\/86465867\/0\/1719650980510-1465809694\/IMG_0031_jpeg\" alt=\"TZSVTAV-LED b\u00e9rl\u00e9s-gy\u00e1rt\u00e1s\" title=\"\"><\/p>\n<p>LED display is a visually stunning product with front service design of its LED modules, power supply and host card. It is an ideal solution for indoor fixed installation front service screen.<\/p>\n<div>\n<div>\n<div>Indoor 640\u00d7480 mm front service HD LED display<\/div>\n<\/div>\n<\/div>\n<div>\n<table class=\"foo-table ninja_footable foo_table_13974 ninja_table_unique_id_581384054_13974 ui table nt_type_ajax_table selectable striped vertical_centered footable-paging-right footable footable-1 footable-filtering footable-filtering-right footable-paging breakpoint-lg ecwid-description-table\">\n<thead>\n<tr>\n<th>\n<section>\u00a0<\/section>\n<\/th>\n<\/tr>\n<tr>\n<th>Pixel Pitch (mm)<\/th>\n<th>P1.25<\/th>\n<th>P1.53<\/th>\n<th>P1.86<\/th>\n<th>P2<\/th>\n<th>P2.5<\/th>\n<th>P3.076<\/th>\n<th>P4<\/th>\n<\/tr>\n<\/thead>\n<colgroup>\n<col \/>\n<col \/>\n<col \/>\n<col \/>\n<col \/>\n<col \/>\n<col \/>\n<col \/><\/colgroup>\n<tbody>\n<tr>\n<td>Model<\/td>\n<td>P1.25<\/td>\n<td>P1.53<\/td>\n<td>P1.86<\/td>\n<td>P2<\/td>\n<td>P2.5<\/td>\n<td>P3.076<\/td>\n<td>P4<\/td>\n<\/tr>\n<tr>\n<td>Pixel Configuration<\/td>\n<td>SMD1010\/<br \/>\nCOB\/miniLED<\/td>\n<td>SMD1010<\/td>\n<td>SMD1515<\/td>\n<td>SMD1515<\/td>\n<td>SMD2020<\/td>\n<td>SMD2020<\/td>\n<td>SMD2020<\/td>\n<\/tr>\n<tr>\n<td>Density (Pixels\/\u33a1)<\/td>\n<td>640,000<\/td>\n<td>422,500<\/td>\n<td>288,906<\/td>\n<td>250,000<\/td>\n<td>160,000<\/td>\n<td>105,688<\/td>\n<td>62,500<\/td>\n<\/tr>\n<tr>\n<td>Module Resolution (Pixel)<\/td>\n<td>256&#215;128<\/td>\n<td>208&#215;104<\/td>\n<td>172&#215;86<\/td>\n<td>160&#215;80<\/td>\n<td>128&#215;64<\/td>\n<td>104&#215;52<\/td>\n<td>80&#215;40<\/td>\n<\/tr>\n<tr>\n<td>Module Size (mm)<\/td>\n<td>320&#215;160<\/td>\n<td>320&#215;160<\/td>\n<td>320&#215;160<\/td>\n<td>320&#215;160<\/td>\n<td>320&#215;160<\/td>\n<td>320&#215;160<\/td>\n<td>320&#215;160<\/td>\n<\/tr>\n<tr>\n<td>Driving Mode (Duty)<\/td>\n<td>1\/32<\/td>\n<td>1\/26<\/td>\n<td>1\/43<\/td>\n<td>1\/40<\/td>\n<td>1\/32<\/td>\n<td>1\/26<\/td>\n<td>1\/20<\/td>\n<\/tr>\n<tr>\n<td>Cabinet Size (mm)<\/td>\n<td>640&#215;480<\/td>\n<td>640&#215;480<\/td>\n<td>640&#215;480<\/td>\n<td>640&#215;480<\/td>\n<td>640&#215;480<\/td>\n<td>640&#215;480<\/td>\n<td>640&#215;480<\/td>\n<\/tr>\n<tr>\n<td>Cabinet Weight (KG)<\/td>\n<td>7.5<\/td>\n<td>7.5<\/td>\n<td>7.5<\/td>\n<td>7.5<\/td>\n<td>7.5<\/td>\n<td>7.5<\/td>\n<td>7.5<\/td>\n<\/tr>\n<tr>\n<td>Brightness (CD\/\u33a1)<\/td>\n<td>600<\/td>\n<td>600<\/td>\n<td>600<\/td>\n<td>700<\/td>\n<td>800<\/td>\n<td>800<\/td>\n<td>700<\/td>\n<\/tr>\n<tr>\n<td>Viewing Angle (\u00b0)<\/td>\n<td>140<\/td>\n<td>140<\/td>\n<td>140<\/td>\n<td>140<\/td>\n<td>140<\/td>\n<td>140<\/td>\n<td>140<\/td>\n<\/tr>\n<tr>\n<td>Gray Grade (Bits)<\/td>\n<td>14<\/td>\n<td>14<\/td>\n<td>14<\/td>\n<td>14<\/td>\n<td>14<\/td>\n<td>14<\/td>\n<td>14<\/td>\n<\/tr>\n<tr>\n<td>Operation Power<\/td>\n<td>AC100-240V 50-60Hz<\/td>\n<td>AC100-240V 50-60Hz<\/td>\n<td>AC100-240V 50-60Hz<\/td>\n<td>AC100-240V 50-60Hz<\/td>\n<td>AC100-240V 50-60Hz<\/td>\n<td>AC100-240V 50-60Hz<\/td>\n<td>AC100-240V 50-60Hz<\/td>\n<\/tr>\n<tr>\n<td>Max. Power Consumption (W\/\u33a1)<\/td>\n<td>580<\/td>\n<td>580<\/td>\n<td>580<\/td>\n<td>439<\/td>\n<td>457<\/td>\n<td>413<\/td>\n<td>351<\/td>\n<\/tr>\n<tr>\n<td>Avg. Power Consumption (W\/\u33a1)<\/td>\n<td>195<\/td>\n<td>195<\/td>\n<td>195<\/td>\n<td>150<\/td>\n<td>153<\/td>\n<td>138<\/td>\n<td>117<\/td>\n<\/tr>\n<tr>\n<td>Frame Frequency (Hz)<\/td>\n<td>\u226560<\/td>\n<td>\u226560<\/td>\n<td>\u226560<\/td>\n<td>\u226560<\/td>\n<td>\u226560<\/td>\n<td>\u226560<\/td>\n<td>\u226560<\/td>\n<\/tr>\n<tr>\n<td>Refresh Frequency (Hz)<\/td>\n<td>\u22653,840<\/td>\n<td>\u22653,840<\/td>\n<td>\u22653,840<\/td>\n<td>\u22653,840<\/td>\n<td>1,920\/3,840<\/td>\n<td>1,920\/3,840<\/td>\n<td>1,920\/3,840<\/td>\n<\/tr>\n<tr>\n<td>Working Temperature (\u00baC)<\/td>\n<td>-20\uff5e+60<\/td>\n<td>-20\uff5e+60<\/td>\n<td>-20\uff5e+60<\/td>\n<td>-20\uff5e+60<\/td>\n<td>-20\uff5e+60<\/td>\n<td>-20\uff5e+60<\/td>\n<td>-20\uff5e+60<\/td>\n<\/tr>\n<tr>\n<td>Lifetime (Hours)<\/td>\n<td>100,000<\/td>\n<td>100,000<\/td>\n<td>100,000<\/td>\n<td>100,000<\/td>\n<td>100,000<\/td>\n<td>100,000<\/td>\n<td>100,000<\/td>\n<\/tr>\n<tr>\n<td>MTBF(hours)<\/td>\n<td>&gt;10,000<\/td>\n<td>&gt;10,000<\/td>\n<td>&gt;10,000<\/td>\n<td>&gt;10,000<\/td>\n<td>&gt;10,000<\/td>\n<td>&gt;10,000<\/td>\n<td>&gt;10,000<\/td>\n<\/tr>\n<tr>\n<td>Protection Grade<\/td>\n<td>IP31<\/td>\n<td>IP31<\/td>\n<td>IP31<\/td>\n<td>IP31<\/td>\n<td>IP31<\/td>\n<td>IP31<\/td>\n<td>IP31<\/td>\n<\/tr>\n<\/tbody>\n<\/table>\n<\/div>","protected":false},"excerpt":{"rendered":"<div id=\"model-response-message-contentr_7fef1d59d9ff6017\" class=\"markdown markdown-main-panel stronger enable-updated-hr-color\">\n<hr \/>\n<h2>Indoor 640\u00d7480 LED Cabinets: Compact Solution for Detail-Rich Displays<\/h2>\n<p>THE <b>indoor 640\u00d7480 mm LED cabinets<\/b> are an ideal choice for interiors where the <b>compact size<\/b>, the <b>excellent image quality<\/b> and the <b>flexible installation<\/b> is the key. These standard-sized panels allow for easy scalability, allowing them to be built to any size from small video walls to larger, custom-shaped displays. They are often used in conference rooms, shopping malls, TV studios and control centers, where the <b>detailed, vivid visual content<\/b> display is of utmost importance.<\/p>\n<hr \/>\n<\/div>\n<p>&nbsp;<\/p>","protected":false},"featured_media":12469,"comment_status":"closed","ping_status":"closed","template":"","meta":{"googlesitekit_rrm_CAowr62iDA:productID":"","_eb_attr":"","_uf_show_specific_survey":0,"_uf_disable_surveys":false,"_themeisle_gutenberg_block_has_review":false},"product_brand":[261],"product_cat":[217,224],"product_tag":[],"class_list":{"0":"post-12468","1":"product","2":"type-product","3":"status-publish","4":"has-post-thumbnail","6":"product_brand-tzsvtav","7":"product_cat-commercial","8":"product_cat-led-megjelenitok","10":"first","11":"instock","12":"taxable","13":"shipping-taxable","14":"product-type-simple"},"jetpack_sharing_enabled":true,"_links":{"self":[{"href":"https:\/\/tzsvtav.com\/en\/wp-json\/wp\/v2\/product\/12468","targetHints":{"allow":["GET"]}}],"collection":[{"href":"https:\/\/tzsvtav.com\/en\/wp-json\/wp\/v2\/product"}],"about":[{"href":"https:\/\/tzsvtav.com\/en\/wp-json\/wp\/v2\/types\/product"}],"replies":[{"embeddable":true,"href":"https:\/\/tzsvtav.com\/en\/wp-json\/wp\/v2\/comments?post=12468"}],"version-history":[{"count":0,"href":"https:\/\/tzsvtav.com\/en\/wp-json\/wp\/v2\/product\/12468\/revisions"}],"wp:featuredmedia":[{"embeddable":true,"href":"https:\/\/tzsvtav.com\/en\/wp-json\/wp\/v2\/media\/12469"}],"wp:attachment":[{"href":"https:\/\/tzsvtav.com\/en\/wp-json\/wp\/v2\/media?parent=12468"}],"wp:term":[{"taxonomy":"product_brand","embeddable":true,"href":"https:\/\/tzsvtav.com\/en\/wp-json\/wp\/v2\/product_brand?post=12468"},{"taxonomy":"product_cat","embeddable":true,"href":"https:\/\/tzsvtav.com\/en\/wp-json\/wp\/v2\/product_cat?post=12468"},{"taxonomy":"product_tag","embeddable":true,"href":"https:\/\/tzsvtav.com\/en\/wp-json\/wp\/v2\/product_tag?post=12468"}],"curies":[{"name":"wp","href":"https:\/\/api.w.org\/{rel}","templated":true}]}}