{"id":12386,"date":"2025-03-14T15:27:34","date_gmt":"2025-03-14T14:27:34","guid":{"rendered":"https:\/\/tzsvtav.com\/?post_type=product&#038;p=12386"},"modified":"2025-08-06T17:57:32","modified_gmt":"2025-08-06T16:57:32","slug":"colorlight-x12-led-videoprocessor","status":"publish","type":"product","link":"https:\/\/tzsvtav.com\/en\/product\/colorlight-x12-led-videoprocessor\/","title":{"rendered":"Colorlight X12 LED Video Processor"},"content":{"rendered":"<p><strong>Description<\/strong><\/p>\n<div>Model: Colorlight X12 video processor<\/div>\n<div>Input: 3x HDMI1. 4\/x DVI<\/div>\n<div>Input resolution: 1920\u00d71200@60Hz<\/div>\n<div>HDCP: 1.4<\/div>\n<div>Output: 2x Ethernet<\/div>\n<div>Loading capacity: 7.2 million pixels<\/div>\n<div>Serial port control: \u221a<\/div>\n<div>USB control: \u221a<\/div>\n<div>Sound: \u221a<\/div>\n<div>Video processing: Crop, resize, PIP, switch<\/div>\n<p><img decoding=\"async\" src=\"https:\/\/d2j6dbq0eux0bg.cloudfront.net\/images\/wysiwyg\/product\/86465867\/0\/17202604113311674835572\/X12_2_1673076658_png\" alt=\"TZSVTAV-LED b\u00e9rl\u00e9s-gy\u00e1rt\u00e1s\" title=\"\"><\/p>\n<p><img decoding=\"async\" src=\"https:\/\/d2j6dbq0eux0bg.cloudfront.net\/images\/wysiwyg\/product\/86465867\/0\/1720260422921761707028\/X12_1_1673076436_png\" alt=\"TZSVTAV-LED b\u00e9rl\u00e9s-gy\u00e1rt\u00e1s\" title=\"\"><\/p>\n<p>&nbsp;<\/p>\n<p>&nbsp;<\/p>","protected":false},"excerpt":{"rendered":"<p>Le\u00edr\u00e1s Modell: Colorlight X12 videoprocesszor Bemenet: 3x HDMI1. 4\/x DVI Bemeneti felbont\u00e1s: 1920\u00d71200@60Hz HDCP: 1.4 Kimenet: 2xig Etherne Bet\u00f6lt\u00e9si kapacit\u00e1s: 7,2 milli\u00f3 pixel Soros port vez\u00e9rl\u00e9s: \u221a USB vez\u00e9rl\u00e9s: \u221a Hang: \u221a Vide\u00f3 feldolgoz\u00e1s: V\u00e1g\u00e1s, m\u00e9retez\u00e9s, PIP, v\u00e1lt\u00e1s &nbsp; &nbsp;<\/p>","protected":false},"featured_media":12387,"comment_status":"closed","ping_status":"closed","template":"","meta":{"googlesitekit_rrm_CAowr62iDA:productID":"","_eb_attr":"","_uf_show_specific_survey":0,"_uf_disable_surveys":false,"_themeisle_gutenberg_block_has_review":false},"product_brand":[263],"product_cat":[228],"product_tag":[],"class_list":{"0":"post-12386","1":"product","2":"type-product","3":"status-publish","4":"has-post-thumbnail","6":"product_brand-colorlight-innovativ-led-vezerlorendszerek","7":"product_cat-led-vezerlok","9":"first","10":"instock","11":"taxable","12":"shipping-taxable","13":"product-type-simple"},"jetpack_sharing_enabled":true,"_links":{"self":[{"href":"https:\/\/tzsvtav.com\/en\/wp-json\/wp\/v2\/product\/12386","targetHints":{"allow":["GET"]}}],"collection":[{"href":"https:\/\/tzsvtav.com\/en\/wp-json\/wp\/v2\/product"}],"about":[{"href":"https:\/\/tzsvtav.com\/en\/wp-json\/wp\/v2\/types\/product"}],"replies":[{"embeddable":true,"href":"https:\/\/tzsvtav.com\/en\/wp-json\/wp\/v2\/comments?post=12386"}],"version-history":[{"count":0,"href":"https:\/\/tzsvtav.com\/en\/wp-json\/wp\/v2\/product\/12386\/revisions"}],"wp:featuredmedia":[{"embeddable":true,"href":"https:\/\/tzsvtav.com\/en\/wp-json\/wp\/v2\/media\/12387"}],"wp:attachment":[{"href":"https:\/\/tzsvtav.com\/en\/wp-json\/wp\/v2\/media?parent=12386"}],"wp:term":[{"taxonomy":"product_brand","embeddable":true,"href":"https:\/\/tzsvtav.com\/en\/wp-json\/wp\/v2\/product_brand?post=12386"},{"taxonomy":"product_cat","embeddable":true,"href":"https:\/\/tzsvtav.com\/en\/wp-json\/wp\/v2\/product_cat?post=12386"},{"taxonomy":"product_tag","embeddable":true,"href":"https:\/\/tzsvtav.com\/en\/wp-json\/wp\/v2\/product_tag?post=12386"}],"curies":[{"name":"wp","href":"https:\/\/api.w.org\/{rel}","templated":true}]}}