{"id":12383,"date":"2025-03-14T15:27:30","date_gmt":"2025-03-14T14:27:30","guid":{"rendered":"https:\/\/tzsvtav.com\/?post_type=product&#038;p=12383"},"modified":"2025-08-08T07:26:30","modified_gmt":"2025-08-08T06:26:30","slug":"colorlight-k5-fogado-kartya","status":"publish","type":"product","link":"https:\/\/tzsvtav.com\/en\/product\/colorlight-k5-fogado-kartya\/","title":{"rendered":"Colorlight K5+ Receiver Card"},"content":{"rendered":"<p>The Colorlight K5+ host card is a small, high-end card designed for small pixel pitch applications. This card can handle up to 512\u00d7384 pixels and can support up to 32 parallel or serial data groups. The card is dustproof, shockproof and extremely stable, making it ideal for high-end rental displays or ED screens. With a series of practical and powerful features, the K5+ card can add value to any high-end application.<\/p>\n<div>Hardware interface: High-precision socket<\/div>\n<div>Ethernet port transmission speed: 1G<\/div>\n<div>Kommunik\u00e1ci\u00f3s t\u00e1vols\u00e1g: Javasolt t\u00e1vols\u00e1g: Cat5 k\u00e1belek&lt;100m<\/div>\n<div>Compatible with transmission equipment: Gigabit switch, Gigabit fiber switch<\/div>\n<div>Voltage: DC3 8-5.5V, 0.5A<\/div>\n<div>Rated power: 2.5W<\/div>\n<div>Body static resistance: 2KV<\/div>\n<div>Size: 70*45*7.8mm<\/div>\n<div>Weight: 20g<\/div>\n<p><img decoding=\"async\" src=\"https:\/\/d2j6dbq0eux0bg.cloudfront.net\/images\/wysiwyg\/product\/86465867\/678412396\/1720260811623-1555480398\/Colorlight_K5_receiving_Card_3_jpg\" alt=\"TZSVTAV-LED b\u00e9rl\u00e9s-gy\u00e1rt\u00e1s\" title=\"\"><\/p>","protected":false},"excerpt":{"rendered":"<p>Colorlight K5+ fogad\u00f3k\u00e1rtya egy kicsi, cs\u00facskateg\u00f3ri\u00e1s k\u00e1rtya, amelyet kis pixeloszt\u00e1s\u00fa alkalmaz\u00e1sokhoz fejlesztettek ki. Ez a k\u00e1rtya ak\u00e1r 512\u00d7384 pixelt is k\u00e9pes kezelni, \u00e9s ak\u00e1r 32 p\u00e1rhuzamos vagy soros adatcsoportot is t\u00e1mogathat. A k\u00e1rtya por\u00e1ll\u00f3, \u00fct\u00e9s\u00e1ll\u00f3 \u00e9s rendk\u00edv\u00fcl stabil, \u00edgy ide\u00e1lis a cs\u00facskateg\u00f3ri\u00e1s b\u00e9relhet\u0151 kijelz\u0151kh\u00f6z vagy ED-k\u00e9perny\u0151kh\u00f6z. Praktikus \u00e9s nagy teljes\u00edtm\u00e9ny\u0171 funkci\u00f3inak sorozat\u00e1val a K5+ k\u00e1rtya hozz\u00e1adott \u00e9rt\u00e9ket tud ny\u00fajtani b\u00e1rmilyen cs\u00facskateg\u00f3ri\u00e1s alkalmaz\u00e1shoz.<\/p>","protected":false},"featured_media":15440,"comment_status":"closed","ping_status":"closed","template":"","meta":{"googlesitekit_rrm_CAowr62iDA:productID":"","_eb_attr":"","_uf_show_specific_survey":0,"_uf_disable_surveys":false,"_themeisle_gutenberg_block_has_review":false},"product_brand":[263],"product_cat":[229],"product_tag":[312],"class_list":{"0":"post-12383","1":"product","2":"type-product","3":"status-publish","4":"has-post-thumbnail","6":"product_brand-colorlight-innovativ-led-vezerlorendszerek","7":"product_cat-led-tartozekok","8":"product_tag-fogado-kartya","10":"first","11":"instock","12":"taxable","13":"shipping-taxable","14":"product-type-simple"},"jetpack_sharing_enabled":true,"_links":{"self":[{"href":"https:\/\/tzsvtav.com\/en\/wp-json\/wp\/v2\/product\/12383","targetHints":{"allow":["GET"]}}],"collection":[{"href":"https:\/\/tzsvtav.com\/en\/wp-json\/wp\/v2\/product"}],"about":[{"href":"https:\/\/tzsvtav.com\/en\/wp-json\/wp\/v2\/types\/product"}],"replies":[{"embeddable":true,"href":"https:\/\/tzsvtav.com\/en\/wp-json\/wp\/v2\/comments?post=12383"}],"version-history":[{"count":0,"href":"https:\/\/tzsvtav.com\/en\/wp-json\/wp\/v2\/product\/12383\/revisions"}],"wp:featuredmedia":[{"embeddable":true,"href":"https:\/\/tzsvtav.com\/en\/wp-json\/wp\/v2\/media\/15440"}],"wp:attachment":[{"href":"https:\/\/tzsvtav.com\/en\/wp-json\/wp\/v2\/media?parent=12383"}],"wp:term":[{"taxonomy":"product_brand","embeddable":true,"href":"https:\/\/tzsvtav.com\/en\/wp-json\/wp\/v2\/product_brand?post=12383"},{"taxonomy":"product_cat","embeddable":true,"href":"https:\/\/tzsvtav.com\/en\/wp-json\/wp\/v2\/product_cat?post=12383"},{"taxonomy":"product_tag","embeddable":true,"href":"https:\/\/tzsvtav.com\/en\/wp-json\/wp\/v2\/product_tag?post=12383"}],"curies":[{"name":"wp","href":"https:\/\/api.w.org\/{rel}","templated":true}]}}