{"id":12380,"date":"2025-03-14T15:27:28","date_gmt":"2025-03-14T14:27:28","guid":{"rendered":"https:\/\/tzsvtav.com\/?post_type=product&#038;p=12380"},"modified":"2025-08-06T17:57:12","modified_gmt":"2025-08-06T16:57:12","slug":"colorlight-cs4k-pro-multimedia-server","status":"publish","type":"product","link":"https:\/\/tzsvtav.com\/en\/product\/colorlight-cs4k-pro-multimedia-server\/","title":{"rendered":"Colorlight CS4K Pro Multimedia Server"},"content":{"rendered":"<p>Colorlight CS4K Pro<\/p>\n<div>Introducing the Colorlight CS4K Pro Multimedia Server - a high-performance and robust product designed to meet the output performance requirements of two 4K@60Hz video signals. This high-end multimedia server is built with superior hardware, making it highly reliable and efficient for high-volume use.<\/div>\n<div>The server boasts a variety of features that make it suitable for any video playback environment, such as the built-in GrandShow professional video player and control software, which allows users to decode and play content in different formats simultaneously. It also provides multiple scene options, including seamless transitions.<\/div>\n<div>Users can also access various partitioning functions \u2013 from screen splitting to special-shaped partitioning \u2013 as well as reorganization styles to suit their needs.<\/div>\n<div>All these features make it an ideal device for large-scale video playback and control systems.<\/div>\n<div><img decoding=\"async\" src=\"https:\/\/d2j6dbq0eux0bg.cloudfront.net\/images\/wysiwyg\/product\/86465867\/0\/17202610109051086568136\/Colorlight_CS4K_Pro_Multimedia_Server_3_jpg\" alt=\"TZSVTAV-LED b\u00e9rl\u00e9s-gy\u00e1rt\u00e1s\" title=\"\"><\/div>\n<div>.Supports 2 x Mini DisplayPort 1.4 output ports<\/div>\n<div>.Supports pixel-by-pixel display up to 8192\u00d72304@60Hz resolution<\/div>\n<div>.Supports playback of various contents such as videos, images, PPT files and texts<\/div>\n<div>.Supports editing, previewing, switching, saving and copying multiple scenes<\/div>\n<div>.Supports functions such as screen freeze, wallpaper display, and scene switching<\/div>\n<div>.Supports various signal division styles within 8192\u00d72304 resolution to achieve display on ultra-long screens<\/div>\n<div>.Supports image rotation at any angle and color adjustments<\/div>\n<div>.Supports real-time preview of playback content and monitoring of output image<\/div>\n<div>.Support shortcut control of external MIDI console<\/div>\n<div>.Supports recording external signals from NDI and video capture card (optional)<\/div>\n<div>.Supports HDR video decoding and playback<\/div>\n<div>.Supports system recovery<\/div>\n<div>.Supports time-limited authorization (custom)<\/div>\n<div>.Supports timed on\/off and automatic location tracking<\/div>\n<div>.Supports the implementation of visualized operations such as image monitoring and random scene switching via Pad APP<\/div>\n<div>.Support Integrated Control Host protocols for scene switching, image playback and volume adjustment<\/div>\n<table class=\"ecwid-description-table\">\n<colgroup>\n<col \/><\/colgroup>\n<tbody>\n<tr>\n<td>CS4K-Pro<\/td>\n<\/tr>\n<tr>\n<td>2U<\/td>\n<\/tr>\n<tr>\n<td>HDMI1.4*1\/DVI*1\/VGA*1(Up to 3840\u00d72160@30hz)<\/td>\n<\/tr>\n<tr>\n<td>Windows 10 Pro<\/td>\n<\/tr>\n<tr>\n<td>Intel 6-core 12-thread processor<\/td>\n<\/tr>\n<tr>\n<td>16G<\/td>\n<\/tr>\n<tr>\n<td>500G High-speed SSD<\/td>\n<\/tr>\n<tr>\n<td>SDI\u3001DVI<\/td>\n<\/tr>\n<tr>\n<td>Quadro 4G<\/td>\n<\/tr>\n<tr>\n<td>Mini DP1.4*2<\/td>\n<\/tr>\n<tr>\n<td>8192\u00d72304@60hz<\/td>\n<\/tr>\n<tr>\n<td>3.5mm audio input and multi-channel output<\/td>\n<\/tr>\n<tr>\n<td>1000M<\/td>\n<\/tr>\n<tr>\n<td>Grand show<\/td>\n<\/tr>\n<tr>\n<td>Temperature: 0\u00b0C~45\u00b0C\/32\u2109~113\u2109<\/td>\n<\/tr>\n<tr>\n<td>Humidity:10%RH~80%RH\uff0cnon-condensing<\/td>\n<\/tr>\n<tr>\n<td>Temperature: 0\u00b0C~50\u00b0C\/32\u2109~122\u2109<\/td>\n<\/tr>\n<tr>\n<td>Humidity:10%RH~90%RH\uff0cnon-condensing<\/td>\n<\/tr>\n<tr>\n<td>Power supply: AC 100~240V\uff0c50\/60Hz<\/td>\n<\/tr>\n<tr>\n<td>Consumption:165W<\/td>\n<\/tr>\n<tr>\n<td>Weight:7.14kg\/15.74lbs<\/td>\n<\/tr>\n<tr>\n<td>Size: 482\u00d7391.7\u00d798 mm3<\/td>\n<\/tr>\n<\/tbody>\n<\/table>","protected":false},"excerpt":{"rendered":"<div>Introducing the Colorlight CS4K Pro Multimedia Server - a high-performance and robust product designed to meet the output performance requirements of two 4K@60Hz video signals. This high-end multimedia server is built with superior hardware, making it highly reliable and efficient for high-volume use.<\/div>\n<div>The server boasts a variety of features that make it suitable for any video playback environment, such as the built-in GrandShow professional video player and control software, which allows users to decode and play content in different formats simultaneously. It also provides multiple scene options, including seamless transitions.<\/div>\n<div>Users can also access various partitioning functions \u2013 from screen splitting to special-shaped partitioning \u2013 as well as reorganization styles to suit their needs.<\/div>\n<div>All these features make it an ideal device for large-scale video playback and control systems.<\/div>","protected":false},"featured_media":15447,"comment_status":"closed","ping_status":"closed","template":"","meta":{"googlesitekit_rrm_CAowr62iDA:productID":"","_eb_attr":"","_uf_show_specific_survey":0,"_uf_disable_surveys":false,"_themeisle_gutenberg_block_has_review":false},"product_brand":[263],"product_cat":[228,325],"product_tag":[326],"class_list":{"0":"post-12380","1":"product","2":"type-product","3":"status-publish","4":"has-post-thumbnail","6":"product_brand-colorlight-innovativ-led-vezerlorendszerek","7":"product_cat-led-vezerlok","8":"product_cat-media-szerver","9":"product_tag-media-server","11":"first","12":"instock","13":"taxable","14":"shipping-taxable","15":"product-type-simple"},"jetpack_sharing_enabled":true,"_links":{"self":[{"href":"https:\/\/tzsvtav.com\/en\/wp-json\/wp\/v2\/product\/12380","targetHints":{"allow":["GET"]}}],"collection":[{"href":"https:\/\/tzsvtav.com\/en\/wp-json\/wp\/v2\/product"}],"about":[{"href":"https:\/\/tzsvtav.com\/en\/wp-json\/wp\/v2\/types\/product"}],"replies":[{"embeddable":true,"href":"https:\/\/tzsvtav.com\/en\/wp-json\/wp\/v2\/comments?post=12380"}],"version-history":[{"count":0,"href":"https:\/\/tzsvtav.com\/en\/wp-json\/wp\/v2\/product\/12380\/revisions"}],"wp:featuredmedia":[{"embeddable":true,"href":"https:\/\/tzsvtav.com\/en\/wp-json\/wp\/v2\/media\/15447"}],"wp:attachment":[{"href":"https:\/\/tzsvtav.com\/en\/wp-json\/wp\/v2\/media?parent=12380"}],"wp:term":[{"taxonomy":"product_brand","embeddable":true,"href":"https:\/\/tzsvtav.com\/en\/wp-json\/wp\/v2\/product_brand?post=12380"},{"taxonomy":"product_cat","embeddable":true,"href":"https:\/\/tzsvtav.com\/en\/wp-json\/wp\/v2\/product_cat?post=12380"},{"taxonomy":"product_tag","embeddable":true,"href":"https:\/\/tzsvtav.com\/en\/wp-json\/wp\/v2\/product_tag?post=12380"}],"curies":[{"name":"wp","href":"https:\/\/api.w.org\/{rel}","templated":true}]}}