{"id":12357,"date":"2025-03-14T15:27:03","date_gmt":"2025-03-14T14:27:03","guid":{"rendered":"https:\/\/tzsvtav.com\/?post_type=product&#038;p=12357"},"modified":"2025-08-05T07:38:15","modified_gmt":"2025-08-05T06:38:15","slug":"ndi-r-studio2-4k-sdi-hdmi-full-ndi-bidirectional-codec","status":"publish","type":"product","link":"https:\/\/tzsvtav.com\/en\/product\/ndi-r-studio2-4k-sdi-hdmi-full-ndi-bidirectional-codec\/","title":{"rendered":"NDI\u00ae Studio2 4K SDI\/HDMI full NDI bidirectional codec"},"content":{"rendered":"<h2>NDI\u00ae Studio 4K \u2022 SH<\/h2>\n<table class=\"center ecwid-description-table\">\n<thead>\n<tr>\n<th>SDI video format<\/th>\n<\/tr>\n<\/thead>\n<tbody>\n<tr>\n<td>1.5G\/3G-SDI HD video format<\/td>\n<td>720p50, 720p59.94, 720p60, 1080i50, 1080i59.94, 1080i60, 1080p23.98, 1080p24, 1080p25, 1080p29.97, 1080p30, 1080PsF23.98, 1080PsF24, 1080PsF25, 1080PsF29.97, 1080PsF30, 2K DCI 23.98p, 2K DCI 24p, 2K DCI 25p, 1080p50, 1080p59.94, 1080p60<\/td>\n<\/tr>\n<tr>\n<td>6G\/12G-SDI\/Ultra HD\/4K video format<\/td>\n<td>2160p23.98, 2160p24, 2160p25, 2160p29.97, 2160p30, 2160p50, 2160p59.94, 2160p60<\/td>\n<\/tr>\n<tr>\n<td>SDI specification<\/td>\n<td>SMPTE 259M, SMPTE 292M, SMPTE 296M, SMPTE 372M, SMPTE 424M, SMPTE 425M, SMPTE 2081-1, SMPTE 2081-10, SMPTE 2082-1 and SMPTE 2082-10<\/td>\n<\/tr>\n<tr>\n<td colspan=\"2\">HDMI video format<\/td>\n<\/tr>\n<tr>\n<td>HD video format<\/td>\n<td>720p50, 720p59.94, 720p60, 1080i50, 1080i59.94, 1080i60, 1080p23.98, 1080p24, 1080p25, 1080p29.97, 1080p30, 1080PsF23.98, 1080PsF24, 1080PsF25, 1080PsF29.97, 1080PsF30, 2K DCI 23.98p, 2K DCI 24p, 2K DCI 25p, 1080p50, 1080p59.94, 1080p60<\/td>\n<\/tr>\n<tr>\n<td>4K video format<\/td>\n<td>2160p23.98, 2160p24, 2160p25, 2160p29.97, 2160p30, 2160p50, 2160p59.94, 2160p60<\/td>\n<\/tr>\n<tr>\n<td>SDI video sampling<\/td>\n<td>4:2:2 and 4:4:4<\/td>\n<\/tr>\n<tr>\n<td>SDI audio sampling rate<\/td>\n<td>TV standard 48kHz<\/td>\n<\/tr>\n<tr>\n<td>SDI color accuracy<\/td>\n<td>4:2:2 and 4:4:4<\/td>\n<\/tr>\n<tr>\n<td>SDI color space<\/td>\n<td>REC 709 BT2020<\/td>\n<\/tr>\n<tr>\n<td>HDMI color space<\/td>\n<td>REC 709 BT2020<\/td>\n<\/tr>\n<tr>\n<td>HDMI color accuracy<\/td>\n<td>YUV 4:2:2 and RGB 4:4:4<\/td>\n<\/tr>\n<\/tbody>\n<\/table>\n<h3>UpDown conversion format supported by NDI\u00ae Studio 4K\u2022SH<\/h3>\n<p><img decoding=\"async\" src=\"https:\/\/www.3dstorm.com\/images\/products\/ScienceImage\/NDI-Studio-4ksh\/TS-1.png\" alt=\"TZSVTAV-LED b\u00e9rl\u00e9s-gy\u00e1rt\u00e1s\" title=\"\"><\/p>\n<table class=\"center ecwid-description-table\">\n<thead>\n<tr>\n<th>Interface<\/th>\n<\/tr>\n<\/thead>\n<tbody>\n<tr>\n<td>SDI video input<\/td>\n<td>1 x 1.5G\/3G\/6G\/12G-SDI, adaptive input, automatic switching<\/td>\n<\/tr>\n<tr>\n<td>SDI video output<\/td>\n<td>1 x 1.5G\/3G\/6G\/12G-SDI, adaptive output, automatic switching<\/td>\n<\/tr>\n<tr>\n<td>HDMI video input<\/td>\n<td>1 x HDMI 2.0 Type A interface supports up to HDMI 4K60p input, backward compatible<\/td>\n<\/tr>\n<tr>\n<td>HDMI video output<\/td>\n<td>1 x HDMI 2.0 Type A interface supports maximum HDMI 4K60p output, backward compatible<\/td>\n<\/tr>\n<tr>\n<td>Optical fiber input and output<\/td>\n<td>1 x SMPTE optical fiber SFP socket, 12G-SDI optical Transceiver modules<\/td>\n<\/tr>\n<tr>\n<td>RJ45 Gigabit Ethernet port<\/td>\n<td>1 x RJ45 Gigabit Ethernet interface, used to control and set equipment parameters and input and output NDI signals<\/td>\n<\/tr>\n<tr>\n<td>LINE IN audio input port<\/td>\n<td>1 x LINE IN 3.5mm audio input port for external analog audio embedding<\/td>\n<\/tr>\n<tr>\n<td>MIC Intercom input and output port<\/td>\n<td>1 x Mic 3.5mm audio input and output port (De-Embedded), used for NDI Intercom (with Laudo software required)<\/td>\n<\/tr>\n<tr>\n<td>USB 2.0 Type A port<\/td>\n<td>1 x USB 2.0 Type A interface, used to control a third-party PTZ camera<\/td>\n<\/tr>\n<tr>\n<td colspan=\"2\">Display<\/td>\n<\/tr>\n<tr>\n<td>1.3 inch OLED screen<\/td>\n<td>1 x 1.3-inch OLED screen, real-time display of NDI box encoding\/decoding status, input\/output format and IP and other information, clear at a glance, easy to operate<\/td>\n<\/tr>\n<tr>\n<td>Large size TALLY light guide block<\/td>\n<td>Large-size semi-transparent matte TALLY light guide block, which can display three TALLY states transmitted through NDI in real time: Green\/Preview, Red\/Program<\/td>\n<\/tr>\n<\/tbody>\n<\/table>","protected":false},"excerpt":{"rendered":"<p>Studio 2 is a 12G-SDI\/HDMI2.0 interface up\/down\/cross converter.<\/p>\n<p>The conversion function and the NDI encoding function work simultaneously.<\/p>","protected":false},"featured_media":12358,"comment_status":"closed","ping_status":"closed","template":"","meta":{"googlesitekit_rrm_CAowr62iDA:productID":"","_eb_attr":"","_uf_show_specific_survey":0,"_uf_disable_surveys":false,"_themeisle_gutenberg_block_has_review":false},"product_brand":[262],"product_cat":[234,248,231],"product_tag":[296,295,297,294,298],"class_list":{"0":"post-12357","1":"product","2":"type-product","3":"status-publish","4":"has-post-thumbnail","6":"product_brand-science-image","7":"product_cat-av-jelatvitel","8":"product_cat-av-network","9":"product_cat-ndi-encoder-decoder","10":"product_tag-decoder","11":"product_tag-encoder","12":"product_tag-jelatvitel","13":"product_tag-ndi","14":"product_tag-utp","16":"first","17":"onbackorder","18":"taxable","19":"shipping-taxable","20":"product-type-simple"},"jetpack_sharing_enabled":true,"_links":{"self":[{"href":"https:\/\/tzsvtav.com\/en\/wp-json\/wp\/v2\/product\/12357","targetHints":{"allow":["GET"]}}],"collection":[{"href":"https:\/\/tzsvtav.com\/en\/wp-json\/wp\/v2\/product"}],"about":[{"href":"https:\/\/tzsvtav.com\/en\/wp-json\/wp\/v2\/types\/product"}],"replies":[{"embeddable":true,"href":"https:\/\/tzsvtav.com\/en\/wp-json\/wp\/v2\/comments?post=12357"}],"version-history":[{"count":0,"href":"https:\/\/tzsvtav.com\/en\/wp-json\/wp\/v2\/product\/12357\/revisions"}],"wp:featuredmedia":[{"embeddable":true,"href":"https:\/\/tzsvtav.com\/en\/wp-json\/wp\/v2\/media\/12358"}],"wp:attachment":[{"href":"https:\/\/tzsvtav.com\/en\/wp-json\/wp\/v2\/media?parent=12357"}],"wp:term":[{"taxonomy":"product_brand","embeddable":true,"href":"https:\/\/tzsvtav.com\/en\/wp-json\/wp\/v2\/product_brand?post=12357"},{"taxonomy":"product_cat","embeddable":true,"href":"https:\/\/tzsvtav.com\/en\/wp-json\/wp\/v2\/product_cat?post=12357"},{"taxonomy":"product_tag","embeddable":true,"href":"https:\/\/tzsvtav.com\/en\/wp-json\/wp\/v2\/product_tag?post=12357"}],"curies":[{"name":"wp","href":"https:\/\/api.w.org\/{rel}","templated":true}]}}