{"id":12282,"date":"2025-03-14T15:25:46","date_gmt":"2025-03-14T14:25:46","guid":{"rendered":"https:\/\/tzsvtav.com\/?post_type=product&#038;p=12282"},"modified":"2025-08-24T17:45:03","modified_gmt":"2025-08-24T16:45:03","slug":"dicolor-d-v2-rental-szeria","status":"publish","type":"product","link":"https:\/\/tzsvtav.com\/en\/product\/dicolor-d-v2-rental-szeria\/","title":{"rendered":"Dicolor D V2 rental series"},"content":{"rendered":"<p>D V2 series<\/p>\n<div>The universal rental LED platform.<\/div>\n<p><img decoding=\"async\" src=\"https:\/\/d2j6dbq0eux0bg.cloudfront.net\/images\/wysiwyg\/product\/86465867\/0\/1730051815474-132126140\/DV2_png.png\" alt=\"TZSVTAV-LED b\u00e9rl\u00e9s-gy\u00e1rt\u00e1s\" title=\"\"><\/p>\n<p><a href=\"https:\/\/www.dicolorled.com\/dv2-series\/\" target=\"_blank\" rel=\"noopener\">Dicolor DV2<\/a><\/p>\n<div>A universal rental LED platform, the DV2 offers versatile configurations and exceptional performance for any event or installation. It combines ease of use with high-quality visuals, making it suitable for a variety of applications. With a robust design and reliable operation, the DV2 ensures that your displays are impressive and impactful.<\/div>","protected":false},"excerpt":{"rendered":"<p><strong>D V2 series<\/strong><\/p>\n<div>A universal rental LED platform, the DV2 offers versatile configurations and exceptional performance for any event or installation. It combines ease of use with high-quality visuals, making it suitable for a variety of applications. With a robust design and reliable operation, the DV2 ensures that your displays are impressive and impactful.<\/div>","protected":false},"featured_media":12283,"comment_status":"closed","ping_status":"closed","template":"","meta":{"googlesitekit_rrm_CAowr62iDA:productID":"","_eb_attr":"","_uf_show_specific_survey":0,"_uf_disable_surveys":false,"_themeisle_gutenberg_block_has_review":false},"product_brand":[302],"product_cat":[238,224,225],"product_tag":[],"class_list":{"0":"post-12282","1":"product","2":"type-product","3":"status-publish","4":"has-post-thumbnail","6":"product_brand-dicolor-led-2","7":"product_cat-dicolor-led","8":"product_cat-led-megjelenitok","9":"product_cat-rental","11":"first","12":"instock","13":"taxable","14":"shipping-taxable","15":"product-type-simple"},"jetpack_sharing_enabled":true,"_links":{"self":[{"href":"https:\/\/tzsvtav.com\/en\/wp-json\/wp\/v2\/product\/12282","targetHints":{"allow":["GET"]}}],"collection":[{"href":"https:\/\/tzsvtav.com\/en\/wp-json\/wp\/v2\/product"}],"about":[{"href":"https:\/\/tzsvtav.com\/en\/wp-json\/wp\/v2\/types\/product"}],"replies":[{"embeddable":true,"href":"https:\/\/tzsvtav.com\/en\/wp-json\/wp\/v2\/comments?post=12282"}],"version-history":[{"count":0,"href":"https:\/\/tzsvtav.com\/en\/wp-json\/wp\/v2\/product\/12282\/revisions"}],"wp:featuredmedia":[{"embeddable":true,"href":"https:\/\/tzsvtav.com\/en\/wp-json\/wp\/v2\/media\/12283"}],"wp:attachment":[{"href":"https:\/\/tzsvtav.com\/en\/wp-json\/wp\/v2\/media?parent=12282"}],"wp:term":[{"taxonomy":"product_brand","embeddable":true,"href":"https:\/\/tzsvtav.com\/en\/wp-json\/wp\/v2\/product_brand?post=12282"},{"taxonomy":"product_cat","embeddable":true,"href":"https:\/\/tzsvtav.com\/en\/wp-json\/wp\/v2\/product_cat?post=12282"},{"taxonomy":"product_tag","embeddable":true,"href":"https:\/\/tzsvtav.com\/en\/wp-json\/wp\/v2\/product_tag?post=12282"}],"curies":[{"name":"wp","href":"https:\/\/api.w.org\/{rel}","templated":true}]}}