{"id":12159,"date":"2025-03-14T15:23:21","date_gmt":"2025-03-14T14:23:21","guid":{"rendered":"https:\/\/tzsvtav.com\/?post_type=product&#038;p=12159"},"modified":"2025-08-06T10:44:54","modified_gmt":"2025-08-06T09:44:54","slug":"zowietek-4k-hdmi-video-encoder-decoder-ndi-hx3-converter-player-video-recording-and-recorder","status":"publish","type":"product","link":"https:\/\/tzsvtav.com\/en\/product\/zowietek-4k-hdmi-video-encoder-decoder-ndi-hx3-converter-player-video-recording-and-recorder\/","title":{"rendered":"zowietek 4K HDMI Video Encoder\/Decoder, NDI|HX3 Converter\/Player, Video Recording and Recorder,"},"content":{"rendered":"<p>&nbsp;<\/p>\n<h5>Power<\/h5>\n<table class=\"ecwid-description-table\">\n<tbody>\n<tr>\n<td>Input<\/td>\n<td>USB TYPE C, 25W above, Up to 20V 1A, 20W up with DC Adapter, PoE+(802.3at), CAT5e above<\/td>\n<\/tr>\n<tr>\n<td>Consumption<\/td>\n<td>~10W Max (Without DC Out)<\/td>\n<\/tr>\n<tr>\n<td>Output<\/td>\n<td>12V 1A DC Max with current limit<\/td>\n<\/tr>\n<\/tbody>\n<\/table>\n<h5>Video<\/h5>\n<table class=\"ecwid-description-table\">\n<tbody>\n<tr>\n<td>Video Encoder<\/td>\n<td>H.264 HP\/MP\/BP, H.265 MP<\/td>\n<\/tr>\n<tr>\n<td>Resolution<\/td>\n<td>4K2160p25\/30, 1080p25\/30\/50\/60,<\/td>\n<\/tr>\n<tr>\n<td>Encoder\/Decoder<\/td>\n<td>1080i50\/60, 720p50\/60,<\/p>\n<p>For both video Input &amp; Output<\/td>\n<\/tr>\n<tr>\n<td>Loop through*<\/td>\n<td>Up to 4K60, 1080p120Hz, HDR10 &amp; Dolby<\/td>\n<\/tr>\n<tr>\n<td>HDCP<\/td>\n<td>1.4\/2.2\/2.3<\/td>\n<\/tr>\n<tr>\n<td>Frame Rate<\/td>\n<td>24\/25\/30fps, 50\/60fps for 1080\/720p<\/td>\n<\/tr>\n<tr>\n<td>Codec<\/td>\n<td>H.264\/H.265<\/td>\n<\/tr>\n<tr>\n<td>Rate Control<\/td>\n<td>CBR\/VBR<\/td>\n<\/tr>\n<tr>\n<td>Live Preview<\/td>\n<td>Web, HDMI loop through and output<\/td>\n<\/tr>\n<tr>\n<td>*Resolution above 4K30 will be automatically scaled down for streaming<\/td>\n<td>\u2013<\/td>\n<\/tr>\n<\/tbody>\n<\/table>\n<h5>Network<\/h5>\n<table class=\"ecwid-description-table\">\n<tbody>\n<tr>\n<td>LAN<\/td>\n<td>100\/1000Mbps Gigabit<\/td>\n<\/tr>\n<tr>\n<td>WIFI<\/td>\n<td>802.11a\/b\/g\/n\/ac, Dual Band<\/td>\n<\/tr>\n<tr>\n<td>Bluetooth<\/td>\n<td>V5.0<\/td>\n<\/tr>\n<tr>\n<td>WEB<\/td>\n<td>http, https<\/td>\n<\/tr>\n<\/tbody>\n<\/table>\n<h5>Streaming<\/h5>\n<table class=\"ecwid-description-table\">\n<tbody>\n<tr>\n<td>Streaming In<\/td>\n<td>RTSP\/RTMP(s)\/SRT<\/td>\n<\/tr>\n<tr>\n<td>Streaming Decoder<\/td>\n<td>RTMP(s)\/SRT\/RTP\/UDP\/RTSP\/TCP\/HTTP(s)\uff0c<\/p>\n<p>*SRT caller only<\/td>\n<\/tr>\n<tr>\n<td>Bit Rate<\/td>\n<td>Max. 50mbits\/s, adjustable<\/td>\n<\/tr>\n<tr>\n<td>NDI\u00ae Encoder<\/td>\n<td><a href=\"https:\/\/ndi.video\/product-finder\/zowietek-zowiebox\/\" target=\"_blank\" rel=\"noopener\"><em>NDI\u00ae | HX3\/HX2\/HX<\/em><\/a><\/td>\n<\/tr>\n<tr>\n<td>NDI\u00ae Decoder<\/td>\n<td><a href=\"https:\/\/ndi.video\/product-finder\/zowietek-zowiebox\/\" target=\"_blank\" rel=\"noopener\"><em>NDI\u00ae | HX3\/HX2\/HX<\/em><\/a><\/td>\n<\/tr>\n<tr>\n<td>NDI Audio Direct<\/td>\n<td>Audio over NDI<\/td>\n<\/tr>\n<tr>\n<td>Recorder<\/td>\n<td>mp4, mov, ts<\/td>\n<\/tr>\n<tr>\n<td>Rotation<\/td>\n<td>0\/90\/180\/270n\u00b0, native vertical streaming<\/td>\n<\/tr>\n<tr>\n<td>Main Video Stream<\/td>\n<td>Up to 4K30<\/td>\n<\/tr>\n<tr>\n<td>Secondary Stream<\/td>\n<td>Up to 720p<\/td>\n<\/tr>\n<\/tbody>\n<\/table>\n<h5>Audio<\/h5>\n<table class=\"ecwid-description-table\">\n<tbody>\n<tr>\n<td>Sampling<\/td>\n<td>32, 44.1, 48KHz<\/td>\n<\/tr>\n<tr>\n<td>Encoder<\/td>\n<td>AAC, MP3, 16bit<\/td>\n<\/tr>\n<tr>\n<td>Bitrate<\/td>\n<td>32-192kbps<\/td>\n<\/tr>\n<tr>\n<td>Channel<\/td>\n<td>Dual, AGC<\/td>\n<\/tr>\n<tr>\n<td>Input<\/td>\n<td>0.7VRMS\uff0c20Kohm<\/td>\n<\/tr>\n<tr>\n<td>Output<\/td>\n<td>16ohm, 30mW<\/td>\n<\/tr>\n<tr>\n<td>Source<\/td>\n<td>HDMI Embedded, Line In<\/td>\n<\/tr>\n<\/tbody>\n<\/table>\n<h5>Input\/Output<\/h5>\n<table class=\"ecwid-description-table\">\n<tbody>\n<tr>\n<td>HDMI In<\/td>\n<td>1.4b\/2.0b, RGB\/YCbCr 444\/422\/420<\/td>\n<\/tr>\n<tr>\n<td>HDMI Loop out<\/td>\n<td>2.0, up to 4K60<\/td>\n<\/tr>\n<tr>\n<td>HDMI Out<\/td>\n<td>1.4b, up to 4K30<\/td>\n<\/tr>\n<tr>\n<td>NDI<\/td>\n<td>NDI\u00ae | HX3\/HX2\/HX (NDI 5.5 upgradeable)<\/td>\n<\/tr>\n<\/tbody>\n<\/table>\n<h5>Configuration<\/h5>\n<table class=\"ecwid-description-table\">\n<tbody>\n<tr>\n<td>Display<\/td>\n<td>Dot Matrix, COG<\/td>\n<\/tr>\n<tr>\n<td>Setting<\/td>\n<td>Mobile Phone, Pad, PC, RESTFUL<\/td>\n<\/tr>\n<tr>\n<td>OSD<\/td>\n<td>Text, Logo Caption, Time Stamp, WYSIWYG<\/td>\n<\/tr>\n<\/tbody>\n<\/table>\n<h5>PTZ<\/h5>\n<table class=\"ecwid-description-table\">\n<tbody>\n<tr>\n<td>Interface<\/td>\n<td>RS232\/485\/422 via USB dongle*<\/td>\n<\/tr>\n<tr>\n<td>Protocol<\/td>\n<td>Pelco D\/P, VISCA<\/td>\n<\/tr>\n<\/tbody>\n<\/table>\n<h5>Tally<\/h5>\n<table class=\"ecwid-description-table\">\n<tbody>\n<tr>\n<td>Tally<\/td>\n<td>Auto\/Manual<\/td>\n<\/tr>\n<\/tbody>\n<\/table>\n<h5>Software<\/h5>\n<table class=\"ecwid-description-table\">\n<tbody>\n<tr>\n<td>Firmware<\/td>\n<td>Upgradeable, Linux OS<\/td>\n<\/tr>\n<\/tbody>\n<\/table>\n<h5>Interface<\/h5>\n<table class=\"ecwid-description-table\">\n<tbody>\n<tr>\n<td>HDMI Input<\/td>\n<td>1 x TYPE A, Receptacle, 1.4b<\/td>\n<\/tr>\n<tr>\n<td>HDMI Loop Out<\/td>\n<td>1 x TYPE A, Receptacle(Mux), 2.0b<\/td>\n<\/tr>\n<tr>\n<td>HDMI Output<\/td>\n<td>1 x TYPE A, Receptacle(Mux), 1.4b<\/td>\n<\/tr>\n<tr>\n<td>Audio In<\/td>\n<td>1 x 3.5mm TRS Jack<\/td>\n<\/tr>\n<tr>\n<td>Audio Out<\/td>\n<td>1 x 3.5mm TRS Jack<\/td>\n<\/tr>\n<tr>\n<td>Network<\/td>\n<td>1 x RJ45, Gigabit, PoE<\/td>\n<\/tr>\n<tr>\n<td>USB<\/td>\n<td>1 x USB, TYPE A<\/td>\n<\/tr>\n<tr>\n<td>Visible<\/td>\n<td>1 x RGB LED Panel, 1 x LCD<\/td>\n<\/tr>\n<\/tbody>\n<\/table>\n<h5>Storage<\/h5>\n<table class=\"ecwid-description-table\">\n<tbody>\n<tr>\n<td>Internal<\/td>\n<td>1 x MicroSD\/TF, USB<\/td>\n<\/tr>\n<tr>\n<td>Network<\/td>\n<td>NAS<\/td>\n<\/tr>\n<tr>\n<td>Disk Format<\/td>\n<td>FAT32 up to 2T, exFAT<\/td>\n<\/tr>\n<tr>\n<td>*All storage media not included<\/td>\n<td>\u2013<\/td>\n<\/tr>\n<\/tbody>\n<\/table>\n<h5>Physical<\/h5>\n<table class=\"ecwid-description-table\">\n<tbody>\n<tr>\n<td>Size<\/td>\n<td>123 x 68 x 22mm (4.8\u2033 x 2.7\u2033 x 0.9\u2033)<\/td>\n<\/tr>\n<tr>\n<td>Weight<\/td>\n<td>166g(5.9oz) Black aluminum<\/td>\n<\/tr>\n<tr>\n<td>Operating<\/td>\n<td>0\u00b0C to 45\u00b0C(32\u00b0F to 113\u00b0F)<\/td>\n<\/tr>\n<tr>\n<td>Storage<\/td>\n<td>-20\u00b0C to 60\u00b0C (-4\u00b0F to 140\u00b0F)<\/td>\n<\/tr>\n<tr>\n<td>Tripod<\/td>\n<td>1\/4\u201d \u2013 20UNC<\/td>\n<\/tr>\n<\/tbody>\n<\/table>\n<h5>Certification<\/h5>\n<table class=\"ecwid-description-table\">\n<tbody>\n<tr>\n<td>CE, FCC<\/td>\n<td>EN IEC 61000-3-2, EN 61000-3-3<\/td>\n<\/tr>\n<\/tbody>\n<\/table>\n<p><img decoding=\"async\" src=\"https:\/\/d2j6dbq0eux0bg.cloudfront.net\/images\/wysiwyg\/product\/86465867\/0\/1738304934287-2049381845\/zovi1_jpg.jpg\" alt=\"TZSVTAV-LED b\u00e9rl\u00e9s-gy\u00e1rt\u00e1s\" title=\"\"><\/p>\n<p><strong>specification<\/strong><\/p>\n<div>Input: USB-C; PoE+ (802.3at), CAT5e up. Output: 12V 1A DC max<\/div>\n<div>Video encoding format H.265 MP, H.264 HP\/MP\/BP<\/div>\n<div>Resolution 4K2160p24\/25\/30, 1080p24\/25\/30\/50\/60, 1080i50\/60, 720p50\/60, for video input and output<\/div>\n<div>Frame rate 24\/25\/30 fps, 50\/60 fps for 1080\/720p<\/div>\n<div>Live preview on web, HDMI pass-through and output<\/div>\n<div>Streaming in RTSP\/RTMP(s)\/SRT<\/div>\n<div>RTMP\/SRT\/RTP\/UDP\/RTSP streaming<\/div>\n<div>Bitrate Max. 50 MBit\/s, adjustable<\/div>\n<div>NDI NDI|HX3\/HX2\/HX. Note: not full NDI and NDI|HB. Full NDI consumes too much network bandwidth resources.<\/div>\n<div>decoding format NDI|HX3\/SRT\/RTMP(s)\/RTSP<\/div>\n<div>Recorder mp4, mov, ts<\/div>\n<div>Audio input: HDMI embedded or line-in via 3.5mm TRS jack. Output: 1 x 3.5mm TRS jack<\/div>\n<div>Match Automatic\/Manual<\/div>\n<div>OSD text, logo caption, time stamp<\/div>\n<div>Storage TF card, U disk, NAS<\/div>\n<div>Size: 123 x 68 x 22 mm (4.8\u2033 x 2.7\u2033 x 0.9\u2033); 166 g (5.9 oz) black aluminum<\/div>\n<p><img decoding=\"async\" src=\"https:\/\/d2j6dbq0eux0bg.cloudfront.net\/images\/wysiwyg\/product\/86465867\/0\/173830496891288531645\/61VDPUlZZXL__AC_SL1500__jpg.jpg\" alt=\"TZSVTAV-LED b\u00e9rl\u00e9s-gy\u00e1rt\u00e1s\" title=\"\"><\/p>","protected":false},"excerpt":{"rendered":"<p>&nbsp; Power Input USB TYPE C, 25W above, Up to 20V 1A, 20W up with DC Adapter, PoE+(802.3at), CAT5e above Consumption ~10W Max (Without DC Out) Output 12V 1A DC Max with current limit Video Video Encoder H.264 HP\/MP\/BP, H.265 MP Resolution 4K2160p25\/30, 1080p25\/30\/50\/60, Encoder\/Decoder 1080i50\/60, 720p50\/60, For both video Input &amp; Output Loop through* [&hellip;]<\/p>\n","protected":false},"featured_media":12160,"comment_status":"closed","ping_status":"closed","template":"","meta":{"googlesitekit_rrm_CAowr62iDA:productID":"","_eb_attr":"","_uf_show_specific_survey":0,"_uf_disable_surveys":false,"_themeisle_gutenberg_block_has_review":false},"product_brand":[],"product_cat":[223,231],"product_tag":[],"class_list":{"0":"post-12159","1":"product","2":"type-product","3":"status-publish","4":"has-post-thumbnail","6":"product_cat-avoip-system","7":"product_cat-ndi-encoder-decoder","9":"first","10":"instock","11":"taxable","12":"shipping-taxable","13":"product-type-simple"},"jetpack_sharing_enabled":true,"_links":{"self":[{"href":"https:\/\/tzsvtav.com\/en\/wp-json\/wp\/v2\/product\/12159","targetHints":{"allow":["GET"]}}],"collection":[{"href":"https:\/\/tzsvtav.com\/en\/wp-json\/wp\/v2\/product"}],"about":[{"href":"https:\/\/tzsvtav.com\/en\/wp-json\/wp\/v2\/types\/product"}],"replies":[{"embeddable":true,"href":"https:\/\/tzsvtav.com\/en\/wp-json\/wp\/v2\/comments?post=12159"}],"version-history":[{"count":0,"href":"https:\/\/tzsvtav.com\/en\/wp-json\/wp\/v2\/product\/12159\/revisions"}],"wp:featuredmedia":[{"embeddable":true,"href":"https:\/\/tzsvtav.com\/en\/wp-json\/wp\/v2\/media\/12160"}],"wp:attachment":[{"href":"https:\/\/tzsvtav.com\/en\/wp-json\/wp\/v2\/media?parent=12159"}],"wp:term":[{"taxonomy":"product_brand","embeddable":true,"href":"https:\/\/tzsvtav.com\/en\/wp-json\/wp\/v2\/product_brand?post=12159"},{"taxonomy":"product_cat","embeddable":true,"href":"https:\/\/tzsvtav.com\/en\/wp-json\/wp\/v2\/product_cat?post=12159"},{"taxonomy":"product_tag","embeddable":true,"href":"https:\/\/tzsvtav.com\/en\/wp-json\/wp\/v2\/product_tag?post=12159"}],"curies":[{"name":"wp","href":"https:\/\/api.w.org\/{rel}","templated":true}]}}