{"id":12149,"date":"2025-03-14T15:23:09","date_gmt":"2025-03-14T14:23:09","guid":{"rendered":"https:\/\/tzsvtav.com\/?post_type=product&#038;p=12149"},"modified":"2025-08-06T10:45:09","modified_gmt":"2025-08-06T09:45:09","slug":"zowietek-4k-ndi-hx3-ptz-kamera-poe-18x-optikai-zoom-egyideju-hdmi-es-sdi-kimenet","status":"publish","type":"product","link":"https:\/\/tzsvtav.com\/en\/product\/zowietek-4k-ndi-hx3-ptz-kamera-poe-18x-optikai-zoom-egyideju-hdmi-es-sdi-kimenet\/","title":{"rendered":"zowietek 4K NDI|HX3 PTZ camera PoE, 18X optical zoom, simultaneous HDMI and SDI output"},"content":{"rendered":"<p>4K UHD CMOS SENSOR The back-illuminated and stacked 1\/2.3\u2033 8MP sensor delivers crystal clear and rich, accurate color video with enhanced sensitivity in low light conditions. Enjoy simultaneous 4K HDMI, 3G-SDI and NDI|HX3 outputs with embedded audio! NDI|HX3: Stream 4K ultra-high definition video over an IP workflow in real time with very low latency. Better than traditional cameras, it allows for seamless integration into any NDI environment via a single network cable! Stream anytime, anywhere! ZowieUI: Full control via PC\/smartphone\/tablet with the exclusive ZowieUI. Easily adjust and configure focus, white balance, exposure, color, H.265\/H.264, bitrate, audio, tally, WYSIWYG-OSD, streaming protocol and platforms. Even supports portrait stream! PERFECT COMPATIBILITY Compatible with some Blackmagic products and all Zowietek products, such as PTZ controllers, ZowieBox and ZowieCam. Works with vMix\/OBS to stream to YouTube, Facebook and Twitch. Even supports standalone streaming PC for free. Extensive application scenarios: 12X\/18X\/25X optical zoom model available. Meets different venue requirements and is suitable for meetings, churches, events, weddings and classrooms. Easy setup with the included remote control, ZowieUI or zowietek PTZ controller.<\/p>\n<p><img decoding=\"async\" src=\"https:\/\/d2j6dbq0eux0bg.cloudfront.net\/images\/wysiwyg\/product\/86465867\/0\/1738305515686480195056\/71YKXRWn3UL__AC_SL1500__jpg.jpg\" alt=\"TZSVTAV-LED b\u00e9rl\u00e9s-gy\u00e1rt\u00e1s\" title=\"\"><\/p>\n<p><\/p>","protected":false},"excerpt":{"rendered":"<p>4K UHD CMOS SZENZOR A h\u00e1tt\u00e9rvil\u00e1g\u00edt\u00e1ssal ell\u00e1tott \u00e9s egym\u00e1sra helyezett 1\/2,3&#8243; 8MP-es \u00e9rz\u00e9kel\u0151 krist\u00e1lytiszta \u00e9s gazdag, pontos sz\u00ednes vide\u00f3t biztos\u00edt, fokozott \u00e9rz\u00e9kenys\u00e9ggel gyenge f\u00e9nyviszonyok mellett. \u00c9lvezze az egyidej\u0171 4K HDMI, 3G-SDI \u00e9s NDI|HX3 kimeneteket be\u00e1gyazott hanggal! NDI|HX3: 4K ultra-nagyfelbont\u00e1s\u00fa vide\u00f3 streamel\u00e9se IP munkafolyamaton kereszt\u00fcl val\u00f3s id\u0151ben, nagyon alacsony k\u00e9sleltet\u00e9ssel. Jobb, mint a hagyom\u00e1nyos kamer\u00e1k, egyetlen [&hellip;]<\/p>\n","protected":false},"featured_media":12150,"comment_status":"closed","ping_status":"closed","template":"","meta":{"googlesitekit_rrm_CAowr62iDA:productID":"","_eb_attr":"","_uf_show_specific_survey":0,"_uf_disable_surveys":false,"_themeisle_gutenberg_block_has_review":false},"product_brand":[],"product_cat":[223,242],"product_tag":[],"class_list":{"0":"post-12149","1":"product","2":"type-product","3":"status-publish","4":"has-post-thumbnail","6":"product_cat-avoip-system","7":"product_cat-ptz-kamera","9":"first","10":"instock","11":"taxable","12":"shipping-taxable","13":"product-type-simple"},"jetpack_sharing_enabled":true,"_links":{"self":[{"href":"https:\/\/tzsvtav.com\/en\/wp-json\/wp\/v2\/product\/12149","targetHints":{"allow":["GET"]}}],"collection":[{"href":"https:\/\/tzsvtav.com\/en\/wp-json\/wp\/v2\/product"}],"about":[{"href":"https:\/\/tzsvtav.com\/en\/wp-json\/wp\/v2\/types\/product"}],"replies":[{"embeddable":true,"href":"https:\/\/tzsvtav.com\/en\/wp-json\/wp\/v2\/comments?post=12149"}],"version-history":[{"count":0,"href":"https:\/\/tzsvtav.com\/en\/wp-json\/wp\/v2\/product\/12149\/revisions"}],"wp:featuredmedia":[{"embeddable":true,"href":"https:\/\/tzsvtav.com\/en\/wp-json\/wp\/v2\/media\/12150"}],"wp:attachment":[{"href":"https:\/\/tzsvtav.com\/en\/wp-json\/wp\/v2\/media?parent=12149"}],"wp:term":[{"taxonomy":"product_brand","embeddable":true,"href":"https:\/\/tzsvtav.com\/en\/wp-json\/wp\/v2\/product_brand?post=12149"},{"taxonomy":"product_cat","embeddable":true,"href":"https:\/\/tzsvtav.com\/en\/wp-json\/wp\/v2\/product_cat?post=12149"},{"taxonomy":"product_tag","embeddable":true,"href":"https:\/\/tzsvtav.com\/en\/wp-json\/wp\/v2\/product_tag?post=12149"}],"curies":[{"name":"wp","href":"https:\/\/api.w.org\/{rel}","templated":true}]}}