{"id":12108,"date":"2025-03-14T15:22:32","date_gmt":"2025-03-14T14:22:32","guid":{"rendered":"https:\/\/tzsvtav.com\/?post_type=product&#038;p=12108"},"modified":"2025-08-06T10:49:23","modified_gmt":"2025-08-06T09:49:23","slug":"novastar-mx20-led-kijelzo-vezerlo-szerver","status":"publish","type":"product","link":"https:\/\/tzsvtav.com\/en\/product\/novastar-mx20-led-kijelzo-vezerlo-szerver\/","title":{"rendered":"Novastar MX20 led display control server"},"content":{"rendered":"<p><strong>Novastar MX20 video control server features:<\/strong><\/p>\n<p><strong>input output<\/strong><\/p>\n<ul>\n<li>2 types of video input interfaces<\/li>\n<\/ul>\n<p>\u2212 2\u00d7HDMI 1.3 (with loop output)<br \/>\u2212 1\u00d73G-SDI (with loop output)<\/p>\n<ul>\n<li>10-bit\/8-bit video source input<\/li>\n<li>3 types of output interfaces<\/li>\n<\/ul>\n<p>\u2212 6\u00d7Gigabit network ports, 3.9 million pixels with maximum load<br \/>\u2212 2\u00d710G optical ports<br \/>\u2212 1\u00d7SPDIF digital audio interface<\/p>\n<ul>\n<li>3 types of control interfaces<\/li>\n<\/ul>\n<p>\u2212 1\u00d7Genlock synchronization signal input (with loop output)<br \/>\u2212 2\u00d7Ethernet Ethernet control network port<br \/>\u2212 1\u00d7AUX auxiliary interface<\/p>\n<p><strong>Features<\/strong><\/p>\n<ul>\n<li>3 independent layers<\/li>\n<\/ul>\n<p>Supports adding up to 3 layers and setting them by Z order.<\/p>\n<ul>\n<li>Screen zoom<\/li>\n<\/ul>\n<p>Supports 4 screen magnification modes including custom, point-to-point, screen<br \/>The fabric tiles and covers the screen.<\/p>\n<ul>\n<li> Color calibration<\/li>\n<\/ul>\n<p>It supports 12-channel standard color processing from black and white and the three primary colors RGB.<br \/>Precisely adjust hue, saturation, and brightness.<\/p>\n<ul>\n<li>Full grayscale correction<\/li>\n<\/ul>\n<p>Nova Nebula with high-precision correction system and C3200 scientific-grade phase<br \/>The machine generates its own correction coefficient for each gray level to ensure that each<br \/>The single-level uniformity of grayscale significantly improves display quality.<\/p>\n<ul>\n<li>Delay<\/li>\n<\/ul>\n<p>\u2212 Supports low latency and can achieve low latency without reducing the load. independent<br \/>In master control mode, 0 frame delay on the controller side (less than 1 ms),<br \/>In video controller mode, there is a 1 frame delay on the controller side.<br \/>\u2212 Supports additional frame delay, the controller can add 0-2 delays Late.<\/p>\n<ul>\n<li>No rectangular frame restrictions<\/li>\n<\/ul>\n<p>There is no rectangle frame limit when creating a special-shaped screen. Leaving it blank does not count as loading. The network port<br \/>The load calculation is the sum of the pixels of all screen cabinets.<\/p>\n<ul>\n<li> Frame rate adaptation<\/li>\n<\/ul>\n<p>Adapt to various video input frame rates, including decimal frame rates. Support<br \/>User-defined frame rate and supports fine adjustment of frame rate in 0.01 Hz steps<br \/>Festival.<\/p>\n<ul>\n<li>Two equipment modes<\/li>\n<\/ul>\n<p>It supports two modes: video control and independent master control.<br \/>\u2212 In independent master mode, one frame delay can be reduced.<br \/>\u2212 In video control mode, you can use functions such as multi-layer and zoom.<\/p>\n<ul>\n<li>Display system monitoring<\/li>\n<\/ul>\n<p>Supports equipment status monitoring and display status monitoring, and automatically generates reports<br \/>Error and warning information.<\/p>\n<div>\n<h4>NovaStar COEX Comparison<\/h4>\n<table class=\"ecwid-description-table\">\n<tbody>\n<tr>\n<td><strong>Controller \/ Receiving Card<\/strong><\/td>\n<td><strong>Function<\/strong><\/td>\n<td><strong>MX40 Pro<strong>, <strong>A10s Pro<\/strong> <\/strong> <\/strong><\/td>\n<td><strong>MX30<strong>, <strong>A10s Pro<\/strong> <\/strong> <\/strong><\/td>\n<td><strong>MX30<strong>, <strong>Other AXs<\/strong> <\/strong> <\/strong><\/td>\n<td><strong>MX20<strong>, <strong>A10s Pro<\/strong> <\/strong> <\/strong><\/td>\n<td><strong>MX20<strong>, <strong>Other AXs<\/strong> <\/strong> <\/strong><\/td>\n<td><strong>KU20<strong>, <strong>A10s Pro<\/strong> <\/strong> <\/strong><\/td>\n<td><strong>KU20<strong>, <strong>Other AXs<\/strong> <\/strong> <\/strong><\/td>\n<\/tr>\n<tr>\n<td rowspan=\"6\"><strong>Hardware<\/strong><\/td>\n<td><strong>Inputs<\/strong><\/td>\n<td>3xHDMI 2.0(IN+LOOP)<br \/>1x DP 1.2<br \/>1x12G SDI (IN+LOOP)<\/td>\n<td>1x HDMI 2.0<br \/>1x HDMI 1.4<br \/>1x DP1.1<br \/>2x 3G-SDI<\/td>\n<td>1x HDMI 2.0<br \/>1x HDMI 1.4<br \/>1x DP1.1<br \/>2x 3G-SDI<\/td>\n<td>2x HDMI 1.3 (IN+LOOP)<br \/>1x 3G-SDI (IN+LOOP)<\/td>\n<td>2x HDMI 1.3 (IN+LOOP)<br \/>1x 3G-SDI (IN+LOOP)<\/td>\n<td>1x HDMI 1.3<\/td>\n<td>1x HDMI 1.3<\/td>\n<\/tr>\n<tr>\n<td><strong>Outputs<\/strong><\/td>\n<td>20x 1Gbps Neutrik<\/td>\n<td>10x 1Gbps Neutrik<\/td>\n<td>\n<div>10x 1Gbps Neutrik<\/div>\n<\/td>\n<td>\n<div>6x 1Gbps<\/div>\n<\/td>\n<td>\n<div>6x 1Gbps<\/div>\n<\/td>\n<td>\n<div>6x 1Gbps<\/div>\n<\/td>\n<td>\n<div>6x 1Gbps<\/div>\n<\/td>\n<\/tr>\n<tr>\n<td><strong>OPT<\/strong><\/td>\n<td>4x 10Gbps<br \/>SFP+<\/td>\n<td>2x 10Gbps<br \/>SFP+<\/td>\n<td>\n<div>2x 10Gbps<br \/>SFP+<\/div>\n<\/td>\n<td>\n<div>2x 10Gbps<br \/>SFP+<\/div>\n<\/td>\n<td>\n<div>2x 11Gbps<\/div>\n<div>SFP+<\/div>\n<\/td>\n<td>\n<div>1x 10Gbps<\/div>\n<div>SFP+<\/div>\n<\/td>\n<td>\n<div>1x 10Gbps<\/div>\n<div>SFP+<\/div>\n<\/td>\n<\/tr>\n<tr>\n<td><strong>Genlock<\/strong><\/td>\n<td>1x IN<br \/>1x LOOP<\/td>\n<td>1x IN<br \/>1x LOOP<\/td>\n<td>\n<div>1x IN<br \/>1x LOOP<\/div>\n<\/td>\n<td>\n<div>1x IN<br \/>1x LOOP<\/div>\n<\/td>\n<td>\n<div>1x IN<br \/>1x LOOP<\/div>\n<\/td>\n<td>\n<div>&#8211;<\/div>\n<\/td>\n<td>\n<div>&#8211;<\/div>\n<\/td>\n<\/tr>\n<tr>\n<td><strong>S\/PDIF OUT<\/strong><\/td>\n<td colspan=\"7\">\n<div>Reserved<\/div>\n<\/td>\n<\/tr>\n<tr>\n<td><strong>Communication<\/strong><\/td>\n<td colspan=\"7\">\n<div>TCP\/IP protocol, RJ45 interface<\/div>\n<div>RS232 protocol, RJ45 interface (Central Control System)<\/div>\n<\/td>\n<\/tr>\n<tr>\n<td rowspan=\"8\">\n<div><\/div>\n<p><strong>Inputs<\/strong><\/td>\n<td><strong>Max Resolution<\/strong><\/td>\n<td>4096\u00d72160@60Hz<\/td>\n<td>4096\u00d71080@60Hz<\/td>\n<td>\n<div>4096\u00d71080@60Hz<\/div>\n<\/td>\n<td>\n<div>1920\u00d71200@60Hz<\/div>\n<\/td>\n<td>\n<div>1920\u00d71200@60Hz<\/div>\n<\/td>\n<td>\n<div>1920\u00d71200@60Hz<\/div>\n<\/td>\n<td>\n<div>1920\u00d71200@60Hz<\/div>\n<\/td>\n<\/tr>\n<tr>\n<td><strong>Max Width<\/strong><\/td>\n<td>8192<\/td>\n<td>8192<\/td>\n<td>\n<div>8192<\/div>\n<\/td>\n<td>\n<div>3840<\/div>\n<\/td>\n<td>\n<div>3840<\/div>\n<\/td>\n<td>\n<div>4096<\/div>\n<\/td>\n<td>\n<div>4096<\/div>\n<\/td>\n<\/tr>\n<tr>\n<td><strong>Max Height<\/strong><\/td>\n<td>8192<\/td>\n<td>7680<\/td>\n<td>\n<div>7680<\/div>\n<\/td>\n<td>\n<div>2560<\/div>\n<\/td>\n<td>\n<div>2560<\/div>\n<\/td>\n<td>\n<div>4096<\/div>\n<\/td>\n<td>\n<div>4096<\/div>\n<\/td>\n<\/tr>\n<tr>\n<td><strong>Frame Rates<\/strong><\/td>\n<td colspan=\"5\">\n<div>23.97~120\/144\/240Hz custom, step is 0.01Hz<\/div>\n<\/td>\n<td>\n<div>23.98~120Hz custom, step also 1Hz<\/div>\n<\/td>\n<td>\n<div>23.98~120Hz custom, step also 1Hz<\/div>\n<\/td>\n<\/tr>\n<tr>\n<td><strong>Input Bit Depth<\/strong><\/td>\n<td>8 \/ 10 \/ 12bit<\/td>\n<td>8\/10bit<\/td>\n<td>\n<div>8\/10bit<\/div>\n<\/td>\n<td>\n<div>8\/10bit<\/div>\n<\/td>\n<td>\n<div>8\/10bit<\/div>\n<\/td>\n<td>\n<div>8\/10bit<\/div>\n<\/td>\n<td>\n<div>8\/10bit<\/div>\n<\/td>\n<\/tr>\n<tr>\n<td><strong>Color Space \/ Chroma Subsampling<\/strong><\/td>\n<td colspan=\"7\">\n<div>RGB 4:4:4<\/div>\n<div>YCbCr 4:4:4<\/div>\n<div>YCbCr 4:2:2<\/div>\n<\/td>\n<\/tr>\n<tr>\n<td><strong>Color Gamut<\/strong><\/td>\n<td colspan=\"7\">\n<div>Rec.709, DCI-P3, Rec.2020<\/div>\n<div>Custom color gamut<\/div>\n<\/td>\n<\/tr>\n<tr>\n<td><strong>Dynamic Range<\/strong><\/td>\n<td>SDR, HDR10-ST2084, HDR10-ST2086, HLG<\/td>\n<td>SDR\uff0cHDR10-ST2084, HDR10-ST2086, HLG<\/td>\n<td>\n<div>SDR\uff0cHDR10-ST2084, HDR10-ST2086, HLG<\/div>\n<\/td>\n<td>\n<div>SDR\uff0cHDR10-ST2084, HDR10-ST2087, HLG<\/div>\n<\/td>\n<td>\n<div>SDR\uff0cHDR10-ST2084, HDR10-ST2088, HLG<\/div>\n<\/td>\n<td>\n<div>SDR<\/div>\n<\/td>\n<td>\n<div>SDR<\/div>\n<\/td>\n<\/tr>\n<tr>\n<td rowspan=\"9\">\n<div><\/div>\n<p><strong>Outputs<\/strong><\/td>\n<td><strong>Controller Loading Capacity (8Bit &amp; 60Hz)<\/strong><\/td>\n<td>9,000,000<\/td>\n<td>6,500,000<\/td>\n<td>\n<div>6,500,000<\/div>\n<\/td>\n<td>\n<div>3,900,000<\/div>\n<\/td>\n<td>\n<div>3,900,000<\/div>\n<\/td>\n<td>\n<div>3,900,000<\/div>\n<\/td>\n<td>\n<div>3,900,000<\/div>\n<\/td>\n<\/tr>\n<tr>\n<td><strong>Output Width Range<\/strong><\/td>\n<td>800~16384<\/td>\n<td>800~16384<\/td>\n<td>\n<div>800~16384<\/div>\n<\/td>\n<td>\n<div>800~16384<\/div>\n<\/td>\n<td>\n<div>800~16384<\/div>\n<\/td>\n<td>\n<div>800~16384<\/div>\n<\/td>\n<td>\n<div>800~16384<\/div>\n<\/td>\n<\/tr>\n<tr>\n<td><strong>Output Height Range<\/strong><\/td>\n<td>600~16384<\/td>\n<td>600~16384<\/td>\n<td>\n<div>600~16384<\/div>\n<\/td>\n<td>\n<div>600~16384<\/div>\n<\/td>\n<td>\n<div>600~16384<\/div>\n<\/td>\n<td>\n<div>600~16384<\/div>\n<\/td>\n<td>\n<div>600~16384<\/div>\n<\/td>\n<\/tr>\n<tr>\n<td><strong>Layers (All-in-one Mode)<\/strong><\/td>\n<td>4<\/td>\n<td>3<\/td>\n<td>\n<div>3<\/div>\n<\/td>\n<td>\n<div>3<\/div>\n<\/td>\n<td>\n<div>3<\/div>\n<\/td>\n<td>\n<div>1<\/div>\n<\/td>\n<td>\n<div>1<\/div>\n<\/td>\n<\/tr>\n<tr>\n<td><strong>No Rectangle Calculating Limitation<\/strong><\/td>\n<td colspan=\"7\">\n<div>Yes (blank panels will not occupy loading capacity)<\/div>\n<div><\/div>\n<\/td>\n<\/tr>\n<tr>\n<td><strong>Output Bit Depth<\/strong><\/td>\n<td>8bit,10bit,12bit<\/td>\n<td>8bit,10bit<\/td>\n<td>\n<div>8bit,10bit<\/div>\n<\/td>\n<td>\n<div>8bit,10bit<\/div>\n<\/td>\n<td>\n<div>8bit,10bit<\/div>\n<\/td>\n<td>\n<div>8bit,10bit<\/div>\n<\/td>\n<td>\n<div>8bit,10bit<\/div>\n<\/td>\n<\/tr>\n<tr>\n<td><strong>8 Bit &amp; 60Hz Single Output Loading Capacity<\/strong><\/td>\n<td>659,722<\/td>\n<td>659,722<\/td>\n<td>\n<div>659,722<\/div>\n<\/td>\n<td>\n<div>659,722<\/div>\n<\/td>\n<td>\n<div>659,722<\/div>\n<\/td>\n<td>\n<div>659,722<\/div>\n<\/td>\n<td>\n<div>659,722<\/div>\n<\/td>\n<\/tr>\n<tr>\n<td><strong>10 Bit &amp; 60Hz Single Output Loading Capacity<\/strong><\/td>\n<td>494,792<\/td>\n<td>494,792<\/td>\n<td>\n<div>329,861<\/div>\n<\/td>\n<td>\n<div>494,792<\/div>\n<\/td>\n<td>\n<div>329,861<\/div>\n<\/td>\n<td>\n<div>494,792<\/div>\n<\/td>\n<td>\n<div>329,861<\/div>\n<\/td>\n<\/tr>\n<tr>\n<td><strong>12 Bit &amp; 60Hz Single Output Loading Capacity<\/strong><\/td>\n<td>329,861<\/td>\n<td>&#8211;<\/td>\n<td>\n<div>&#8211;<\/div>\n<\/td>\n<td>\n<div>&#8211;<\/div>\n<\/td>\n<td>\n<div>&#8211;<\/div>\n<\/td>\n<td>\n<div>&#8211;<\/div>\n<\/td>\n<td>\n<div>&#8211;<\/div>\n<\/td>\n<\/tr>\n<tr>\n<td rowspan=\"6\">\n<div><\/div>\n<p><strong>Color Management<\/strong><\/td>\n<td><strong>Input Color Adjustment<\/strong><\/td>\n<td colspan=\"7\">\n<div>Black level, Contrast, Saturation, Hue, Shadow, Highlight<\/div>\n<\/td>\n<\/tr>\n<tr>\n<td><strong>14CH Color Correction<\/strong><\/td>\n<td>Yes<\/td>\n<td>Yes<\/td>\n<td>\n<div>Yes<\/div>\n<\/td>\n<td>\n<div>Yes<\/div>\n<\/td>\n<td>\n<div>Yes<\/div>\n<\/td>\n<td>\n<div>&#8211;<\/div>\n<\/td>\n<td>\n<div>&#8211;<\/div>\n<\/td>\n<\/tr>\n<tr>\n<td><strong>Color Replacement<\/strong><\/td>\n<td>Yes<\/td>\n<td>&#8211;<\/td>\n<td>\n<div>&#8211;<\/div>\n<\/td>\n<td>\n<div>&#8211;<\/div>\n<\/td>\n<td>\n<div>&#8211;<\/div>\n<\/td>\n<td>\n<div>&#8211;<\/div>\n<\/td>\n<td>\n<div>&#8211;<\/div>\n<\/td>\n<\/tr>\n<tr>\n<td><strong>3D LUTs<\/strong><\/td>\n<td>Support cube file with 17x17x17<\/td>\n<td>\n<div>&#8211;<\/div>\n<\/td>\n<td>\n<div>&#8211;<\/div>\n<\/td>\n<td>\n<div>&#8211;<\/div>\n<\/td>\n<td>\n<div>&#8211;<\/div>\n<\/td>\n<td>\n<div>&#8211;<\/div>\n<\/td>\n<td>\n<div>&#8211;<\/div>\n<\/td>\n<\/tr>\n<tr>\n<td><strong>Color Curve Editor<\/strong><\/td>\n<td>Yes<\/td>\n<td>\n<div>&#8211;<\/div>\n<\/td>\n<td>\n<div>&#8211;<\/div>\n<\/td>\n<td>\n<div>&#8211;<\/div>\n<\/td>\n<td>\n<div>&#8211;<\/div>\n<\/td>\n<td>\n<div>&#8211;<\/div>\n<\/td>\n<td>\n<div>&#8211;<\/div>\n<\/td>\n<\/tr>\n<tr>\n<td><strong>Output Color Gamut Management<\/strong><\/td>\n<td colspan=\"7\">\n<div>Original color gamut, Standard color gamut (Rec.709,<\/div>\n<div>DCI-P3, Rec.2020)\uff0cCustom color gamut<\/div>\n<\/td>\n<\/tr>\n<tr>\n<td rowspan=\"9\">\n<div><\/div>\n<p><strong>Image Quality<br \/>Improvement<\/strong><\/td>\n<td><strong>Precise Grayscale<\/strong><\/td>\n<td>Yes<\/td>\n<td>\n<div>Yes<\/div>\n<\/td>\n<td>\n<div>A8s, <a href=\"https:\/\/novastarshop.com\/receiving-card\/a8s-n\" target=\"_blank\" rel=\"noopener\">A8s-N<\/a>, A10s Plus, <a href=\"https:\/\/novastarshop.com\/receiving-card\/a10s-plus-n\" target=\"_blank\" rel=\"noopener\">A10s Plus-N<\/a>, <a href=\"https:\/\/novastarshop.com\/receiving-card\/a8s-pro\" target=\"_blank\" rel=\"noopener\">A8s Pro<\/a> support<\/div>\n<\/td>\n<td>\n<div>Yes<\/div>\n<\/td>\n<td>\n<div>A8s, <a href=\"https:\/\/novastarshop.com\/receiving-card\/a8s-n\" target=\"_blank\" rel=\"noopener\">A8s-N<\/a>, A10s Plus, <a href=\"https:\/\/novastarshop.com\/receiving-card\/a10s-plus-n\" target=\"_blank\" rel=\"noopener\">A10s Plus-N<\/a>, <a href=\"https:\/\/novastarshop.com\/receiving-card\/a8s-pro\" target=\"_blank\" rel=\"noopener\">A8s Pro<\/a> support<\/div>\n<\/td>\n<td>\n<div>Yes<\/div>\n<\/td>\n<td>\n<div>A8s, <a href=\"https:\/\/novastarshop.com\/receiving-card\/a8s-n\" target=\"_blank\" rel=\"noopener\">A8s-N<\/a>, A10s Plus, <a href=\"https:\/\/novastarshop.com\/receiving-card\/a10s-plus-n\" target=\"_blank\" rel=\"noopener\">A10s Plus-N<\/a>, <a href=\"https:\/\/novastarshop.com\/receiving-card\/a8s-pro\" target=\"_blank\" rel=\"noopener\">A8s Pro<\/a> support<\/div>\n<\/td>\n<\/tr>\n<tr>\n<td><strong>22 Bits+<\/strong><\/td>\n<td>Yes<\/td>\n<td>\n<div>Yes<\/div>\n<\/td>\n<td>\n<div>A8s, <a href=\"https:\/\/novastarshop.com\/receiving-card\/a8s-n\" target=\"_blank\" rel=\"noopener\">A8s-N<\/a>, A10s Plus, <a href=\"https:\/\/novastarshop.com\/receiving-card\/a10s-plus-n\" target=\"_blank\" rel=\"noopener\">A10s Plus-N<\/a>, <a href=\"https:\/\/novastarshop.com\/receiving-card\/a8s-pro\" target=\"_blank\" rel=\"noopener\">A8s Pro<\/a> support<\/div>\n<\/td>\n<td>\n<div>Yes<\/div>\n<\/td>\n<td>\n<div>A8s, <a href=\"https:\/\/novastarshop.com\/receiving-card\/a8s-n\" target=\"_blank\" rel=\"noopener\">A8s-N<\/a>, A10s Plus, <a href=\"https:\/\/novastarshop.com\/receiving-card\/a10s-plus-n\" target=\"_blank\" rel=\"noopener\">A10s Plus-N<\/a>, <a href=\"https:\/\/novastarshop.com\/receiving-card\/a8s-pro\" target=\"_blank\" rel=\"noopener\">A8s Pro<\/a> support<\/div>\n<\/td>\n<td>\n<div>Yes<\/div>\n<\/td>\n<td>\n<div>A8s, <a href=\"https:\/\/novastarshop.com\/receiving-card\/a8s-n\" target=\"_blank\" rel=\"noopener\">A8s-N<\/a>, A10s Plus, <a href=\"https:\/\/novastarshop.com\/receiving-card\/a10s-plus-n\" target=\"_blank\" rel=\"noopener\">A10s Plus-N<\/a>, <a href=\"https:\/\/novastarshop.com\/receiving-card\/a8s-pro\" target=\"_blank\" rel=\"noopener\">A8s Pro<\/a> support<\/div>\n<\/td>\n<\/tr>\n<tr>\n<td><strong>Color Management<\/strong><\/td>\n<td>Yes<\/td>\n<td>Yes<\/td>\n<td>\n<div>A8s, <a href=\"https:\/\/novastarshop.com\/receiving-card\/a8s-n\" target=\"_blank\" rel=\"noopener\">A8s-N<\/a>, A10s Plus, <a href=\"https:\/\/novastarshop.com\/receiving-card\/a10s-plus-n\" target=\"_blank\" rel=\"noopener\">A10s Plus-N<\/a>, <a href=\"https:\/\/novastarshop.com\/receiving-card\/a8s-pro\" target=\"_blank\" rel=\"noopener\">A8s Pro<\/a> support<\/div>\n<\/td>\n<td>\n<div>Yes<\/div>\n<\/td>\n<td>\n<div>A8s, <a href=\"https:\/\/novastarshop.com\/receiving-card\/a8s-n\" target=\"_blank\" rel=\"noopener\">A8s-N<\/a>, A10s Plus, <a href=\"https:\/\/novastarshop.com\/receiving-card\/a10s-plus-n\" target=\"_blank\" rel=\"noopener\">A10s Plus-N<\/a>, <a href=\"https:\/\/novastarshop.com\/receiving-card\/a8s-pro\" target=\"_blank\" rel=\"noopener\">A8s Pro<\/a> support<\/div>\n<\/td>\n<td>\n<div>Yes<\/div>\n<\/td>\n<td>\n<div>A8s, <a href=\"https:\/\/novastarshop.com\/receiving-card\/a8s-n\" target=\"_blank\" rel=\"noopener\">A8s-N<\/a>, A10s Plus, <a href=\"https:\/\/novastarshop.com\/receiving-card\/a10s-plus-n\" target=\"_blank\" rel=\"noopener\">A10s Plus-N<\/a>, <a href=\"https:\/\/novastarshop.com\/receiving-card\/a8s-pro\" target=\"_blank\" rel=\"noopener\">A8s Pro<\/a> support<\/div>\n<\/td>\n<\/tr>\n<tr>\n<td><strong>Brightness \/ Chroma Calibration<\/strong><\/td>\n<td>Yes<\/td>\n<td>Yes<\/td>\n<td>\n<div>Yes<\/div>\n<\/td>\n<td>\n<div>Yes<\/div>\n<\/td>\n<td>\n<div>Yes<\/div>\n<\/td>\n<td>\n<div>Yes<\/div>\n<\/td>\n<td>\n<div>Yes<\/div>\n<\/td>\n<\/tr>\n<tr>\n<td><strong>Full Grayscale Calibration<\/strong><\/td>\n<td>Yes<\/td>\n<td>Yes<\/td>\n<td>\n<div>&#8211;<\/div>\n<\/td>\n<td>\n<div>Yes<\/div>\n<\/td>\n<td>\n<div>&#8211;<\/div>\n<\/td>\n<td>\n<div>Yes<\/div>\n<\/td>\n<td>\n<div>&#8211;<\/div>\n<\/td>\n<\/tr>\n<tr>\n<td><strong>Multi-Mode<\/strong><\/td>\n<td>Yes<\/td>\n<td>Yes<\/td>\n<td>\n<div>&#8211;<\/div>\n<\/td>\n<td>\n<div>Yes<\/div>\n<\/td>\n<td>\n<div>&#8211;<\/div>\n<\/td>\n<td>\n<div>Yes<\/div>\n<\/td>\n<td>\n<div>&#8211;<\/div>\n<\/td>\n<\/tr>\n<tr>\n<td><strong>Thermal Compensation<\/strong><\/td>\n<td>Yes<\/td>\n<td>Yes<\/td>\n<td>\n<div>Yes<\/div>\n<\/td>\n<td>\n<div>Yes<\/div>\n<\/td>\n<td>\n<div>&#8211;<\/div>\n<\/td>\n<td>\n<div>Yes<\/div>\n<\/td>\n<td>\n<div>&#8211;<\/div>\n<\/td>\n<\/tr>\n<tr>\n<td><strong>Dynamic Booster<\/strong><\/td>\n<td>Yes<\/td>\n<td>\n<div>&#8211;<\/div>\n<\/td>\n<td>\n<div>&#8211;<\/div>\n<\/td>\n<td>\n<div>&#8211;<\/div>\n<\/td>\n<td>\n<div>&#8211;<\/div>\n<\/td>\n<td>\n<div>&#8211;<\/div>\n<\/td>\n<td>\n<div>&#8211;<\/div>\n<\/td>\n<\/tr>\n<tr>\n<td><strong>Brightness Overdrive<\/strong><\/td>\n<td>Yes<\/td>\n<td>\n<div>&#8211;<\/div>\n<\/td>\n<td>\n<div>&#8211;<\/div>\n<\/td>\n<td>\n<div>&#8211;<\/div>\n<\/td>\n<td>\n<div>&#8211;<\/div>\n<\/td>\n<td>\n<div>&#8211;<\/div>\n<\/td>\n<td>\n<div>&#8211;<\/div>\n<\/td>\n<\/tr>\n<tr>\n<td rowspan=\"5\">\n<div><\/div>\n<p><strong>Camera<br \/>Shooting Adaptation<\/strong><\/td>\n<td><strong>Sync (Active source, Genlock, Internal)<\/strong><\/td>\n<td>Yes<\/td>\n<td>\n<div>Yes<\/div>\n<\/td>\n<td>\n<div>Yes<\/div>\n<\/td>\n<td>\n<div>Yes<\/div>\n<\/td>\n<td>\n<div>Yes<\/div>\n<\/td>\n<td>\n<div>Except Genlock<\/div>\n<\/td>\n<td>\n<div>Except Genlock<\/div>\n<\/td>\n<\/tr>\n<tr>\n<td><strong>Frame Multiplication \/ Frame Multiplexing<\/strong><\/td>\n<td>Support 1~6 times multiplication<\/td>\n<td>\n<div>&#8211;<\/div>\n<\/td>\n<td>\n<div>&#8211;<\/div>\n<\/td>\n<td>\n<div>&#8211;<\/div>\n<\/td>\n<td>\n<div>&#8211;<\/div>\n<\/td>\n<td>\n<div>&#8211;<\/div>\n<\/td>\n<td>\n<div>&#8211;<\/div>\n<\/td>\n<\/tr>\n<tr>\n<td><strong>Sync Phase Offset<\/strong><\/td>\n<td>Support angle, fraction, absolute<\/td>\n<td>\n<div>&#8211;<\/div>\n<\/td>\n<td>\n<div>&#8211;<\/div>\n<\/td>\n<td>\n<div>&#8211;<\/div>\n<\/td>\n<td>\n<div>&#8211;<\/div>\n<\/td>\n<td>\n<div>&#8211;<\/div>\n<\/td>\n<td>\n<div>&#8211;<\/div>\n<\/td>\n<\/tr>\n<tr>\n<td><strong>Shutter Fit<\/strong><\/td>\n<td>Support 22.5~360\u00b0 Adjustment accuracy is 0.001\u00b0<\/td>\n<td>\n<div>&#8211;<\/div>\n<\/td>\n<td>\n<div>&#8211;<\/div>\n<\/td>\n<td>\n<div>&#8211;<\/div>\n<\/td>\n<td>\n<div>&#8211;<\/div>\n<\/td>\n<td>\n<div>&#8211;<\/div>\n<\/td>\n<td>\n<div>&#8211;<\/div>\n<\/td>\n<\/tr>\n<tr>\n<td><strong>Low Latency<\/strong><\/td>\n<td colspan=\"7\">\n<div>Yes<\/div>\n<\/td>\n<\/tr>\n<tr>\n<td rowspan=\"4\"><strong>Secondary<br \/>Development Integration<\/strong><\/td>\n<td><strong>HTTP<\/strong><\/td>\n<td colspan=\"7\">\n<div>Yes<\/div>\n<\/td>\n<\/tr>\n<tr>\n<td><strong>SNMP<\/strong><\/td>\n<td colspan=\"7\">\n<div>Yes<\/div>\n<\/td>\n<\/tr>\n<tr>\n<td><strong>Art Net<\/strong><\/td>\n<td colspan=\"7\">\n<div>Yes<\/div>\n<\/td>\n<\/tr>\n<tr>\n<td><strong>Private Protocol<\/strong><\/td>\n<td colspan=\"7\">\n<div>Customized Support<\/div>\n<div><\/div>\n<\/td>\n<\/tr>\n<\/tbody>\n<\/table>\n<\/div>","protected":false},"excerpt":{"rendered":"<p>Novastar MX20 vide\u00f3vez\u00e9rl\u0151 szerver jellemz\u0151i: bemenet kimenet 2 f\u00e9le video bemeneti interf\u00e9sz \u2212 2\u00d7HDMI 1.3 (hurokkimenettel)\u2212 1\u00d73G-SDI (hurok kimenettel) 10 bites\/8 bites videoforr\u00e1s bemenet 3 f\u00e9le kimeneti interf\u00e9sz \u2212 6\u00d7Gigabites h\u00e1l\u00f3zati portok, 3.9 milli\u00f3 pixel maxim\u00e1lis terhel\u00e9ssel\u2212 2\u00d710G optikai port\u2212 1\u00d7SPDIF digit\u00e1lis audio interf\u00e9sz 3 f\u00e9le vez\u00e9rl\u0151 interf\u00e9sz \u2212 1\u00d7Genlock szinkroniz\u00e1l\u00f3 jel bemenet (hurokkimenettel)\u2212 2\u00d7Ethernet [&hellip;]<\/p>\n","protected":false},"featured_media":12109,"comment_status":"closed","ping_status":"closed","template":"","meta":{"googlesitekit_rrm_CAowr62iDA:productID":"","_eb_attr":"","_uf_show_specific_survey":0,"_uf_disable_surveys":false,"_themeisle_gutenberg_block_has_review":false},"product_brand":[],"product_cat":[228],"product_tag":[],"class_list":{"0":"post-12108","1":"product","2":"type-product","3":"status-publish","4":"has-post-thumbnail","6":"product_cat-led-vezerlok","8":"first","9":"instock","10":"taxable","11":"shipping-taxable","12":"product-type-simple"},"jetpack_sharing_enabled":true,"_links":{"self":[{"href":"https:\/\/tzsvtav.com\/en\/wp-json\/wp\/v2\/product\/12108","targetHints":{"allow":["GET"]}}],"collection":[{"href":"https:\/\/tzsvtav.com\/en\/wp-json\/wp\/v2\/product"}],"about":[{"href":"https:\/\/tzsvtav.com\/en\/wp-json\/wp\/v2\/types\/product"}],"replies":[{"embeddable":true,"href":"https:\/\/tzsvtav.com\/en\/wp-json\/wp\/v2\/comments?post=12108"}],"version-history":[{"count":0,"href":"https:\/\/tzsvtav.com\/en\/wp-json\/wp\/v2\/product\/12108\/revisions"}],"wp:featuredmedia":[{"embeddable":true,"href":"https:\/\/tzsvtav.com\/en\/wp-json\/wp\/v2\/media\/12109"}],"wp:attachment":[{"href":"https:\/\/tzsvtav.com\/en\/wp-json\/wp\/v2\/media?parent=12108"}],"wp:term":[{"taxonomy":"product_brand","embeddable":true,"href":"https:\/\/tzsvtav.com\/en\/wp-json\/wp\/v2\/product_brand?post=12108"},{"taxonomy":"product_cat","embeddable":true,"href":"https:\/\/tzsvtav.com\/en\/wp-json\/wp\/v2\/product_cat?post=12108"},{"taxonomy":"product_tag","embeddable":true,"href":"https:\/\/tzsvtav.com\/en\/wp-json\/wp\/v2\/product_tag?post=12108"}],"curies":[{"name":"wp","href":"https:\/\/api.w.org\/{rel}","templated":true}]}}