{"id":12061,"date":"2025-03-14T15:21:44","date_gmt":"2025-03-14T14:21:44","guid":{"rendered":"https:\/\/tzsvtav.com\/?post_type=product&#038;p=12061"},"modified":"2025-08-06T10:50:52","modified_gmt":"2025-08-06T09:50:52","slug":"viva-350-zoom-hybrid-350w-led-beam-spot-wash","status":"publish","type":"product","link":"https:\/\/tzsvtav.com\/en\/product\/viva-350-zoom-hybrid-350w-led-beam-spot-wash\/","title":{"rendered":"VIVA 350 Zoom Hybrid 350W LED BEAM SPOT WASH"},"content":{"rendered":"<p><strong>SPECIFICATION<\/strong><\/p>\n<p><strong>TECHNICAL SHEET<\/strong><\/p>\n<ul>\n<li>350W High Output White LED<\/li>\n<li>50,000 hours lifespan and low power consumption<\/li>\n<li>Zoom angle 8\u00b0~35\u00b0, focus function<\/li>\n<li>High light output, 25000LUX@5M at White light zoom in,<\/li>\n<li>1500LUX@5M at White light zoom out<\/li>\n<li>Temperature protection function, when the internal temperature is up to 40\u00b0 then the fans start to work, when the internal temperature is up to 70\u00b0 and the brightness is reduced by half.<\/li>\n<li>Color Wheel: 7 colors + white, color fine tuning, rotation with variable direction and speed, with rainbow effect.<\/li>\n<li>1 Rotation Gobo Wheel: 7 gobos + white, wheel rotation and shake, The gobo plate is Removable, it is more convenient to change the gobo<\/li>\n<li>1 Static Gobo Wheel: 8 gobos + white, wheel rotation and shake<\/li>\n<li>Prism: 8-facet Prism, bi-directional rotatable at variable speeds<\/li>\n<li>Frost effect<\/li>\n<li>High speed strobe effect with 3-25 flashes per second<\/li>\n<li>Internal program available<\/li>\n<li>16\/18DMX Channels USITT DMX-512<\/li>\n<li>DMX 512, master-slave and sound activated controllable or auto operation<\/li>\n<li>Colorful LCD display<\/li>\n<li>Efficient low noise fan cooling system<\/li>\n<li>PowerCon IN\/OUT<\/li>\n<li>3-pin &amp; 5-pin XLR connectors IN\/OUT<\/li>\n<li>Two 1\/4 turn fastening Omega Clamps<\/li>\n<li>IP 20 protection rating<\/li>\n<\/ul>\n<p><strong>SPECIFICATIONS<\/strong><\/p>\n<ul>\n<li>Input Voltage: AC90-260V 50\/60Hz<\/li>\n<li>Light Source: 350W High Output White LED<\/li>\n<li>Control Signal: DMX 512, master-slave and sound activated or auto operation<\/li>\n<li>Control Channel: 16\/18 DMX Channels USITT DMX-512<\/li>\n<li>Power Consumption: 450W<\/li>\n<li>Dimensions: 312(L)*222(W)*590(H)mm<\/li>\n<li>Packing size: 390(L)*310(W)*710(H)mm<\/li>\n<li>Net Weight: 16kg, Gross Weight: 19kg<\/li>\n<li><img fetchpriority=\"high\" decoding=\"async\" src=\"https:\/\/d2j6dbq0eux0bg.cloudfront.net\/images\/wysiwyg\/product\/86465867\/724256170\/1738505492100-739236732\/ta\u0301pka\u0301bel_png.png\" style=\"width: 350px; height: 233px;\" width=\"350\" height=\"233\" alt=\"TZSVTAV-LED b\u00e9rl\u00e9s-gy\u00e1rt\u00e1s\" title=\"\"><img decoding=\"async\" src=\"https:\/\/d2j6dbq0eux0bg.cloudfront.net\/images\/wysiwyg\/product\/86465867\/724256170\/1738505507746-1017453543\/safety_png.png\" alt=\"TZSVTAV-LED b\u00e9rl\u00e9s-gy\u00e1rt\u00e1s\" title=\"\"><\/li>\n<li><img decoding=\"async\" src=\"https:\/\/d2j6dbq0eux0bg.cloudfront.net\/images\/wysiwyg\/product\/86465867\/724256170\/1738505516638-480824321\/dmx_kabal_png.png\" alt=\"TZSVTAV-LED b\u00e9rl\u00e9s-gy\u00e1rt\u00e1s\" title=\"\"><img decoding=\"async\" src=\"https:\/\/d2j6dbq0eux0bg.cloudfront.net\/images\/wysiwyg\/product\/86465867\/724256170\/1738505526628506761195\/kampo_png.png\" alt=\"TZSVTAV-LED b\u00e9rl\u00e9s-gy\u00e1rt\u00e1s\" title=\"\"><\/li>\n<li><img decoding=\"async\" src=\"https:\/\/d2j6dbq0eux0bg.cloudfront.net\/images\/wysiwyg\/product\/86465867\/724256170\/17385055368551939940044\/kontener_png.png\" alt=\"TZSVTAV-LED b\u00e9rl\u00e9s-gy\u00e1rt\u00e1s\" title=\"\"><\/li>\n<\/ul>","protected":false},"excerpt":{"rendered":"<p>SPECIFICATION TECHNICAL SHEET 350W High Output White LED 50,000 hours lifespan and low power consumption Zoom angle 8\u00b0~35\u00b0, focus function High light output,25000LUX@5M at White light zoom in, 1500LUX@5M at White light zoom out Temperature protect function, when the internal Temperature is up to 40\u00b0 then the fans begin to work, when the internal temperature [&hellip;]<\/p>\n","protected":false},"featured_media":12062,"comment_status":"closed","ping_status":"closed","template":"","meta":{"googlesitekit_rrm_CAowr62iDA:productID":"","_eb_attr":"","_uf_show_specific_survey":0,"_uf_disable_surveys":false,"_themeisle_gutenberg_block_has_review":false},"product_brand":[],"product_cat":[219],"product_tag":[],"class_list":{"0":"post-12061","1":"product","2":"type-product","3":"status-publish","4":"has-post-thumbnail","6":"product_cat-prolight","8":"first","9":"instock","10":"taxable","11":"shipping-taxable","12":"product-type-simple"},"jetpack_sharing_enabled":true,"_links":{"self":[{"href":"https:\/\/tzsvtav.com\/en\/wp-json\/wp\/v2\/product\/12061","targetHints":{"allow":["GET"]}}],"collection":[{"href":"https:\/\/tzsvtav.com\/en\/wp-json\/wp\/v2\/product"}],"about":[{"href":"https:\/\/tzsvtav.com\/en\/wp-json\/wp\/v2\/types\/product"}],"replies":[{"embeddable":true,"href":"https:\/\/tzsvtav.com\/en\/wp-json\/wp\/v2\/comments?post=12061"}],"version-history":[{"count":0,"href":"https:\/\/tzsvtav.com\/en\/wp-json\/wp\/v2\/product\/12061\/revisions"}],"wp:featuredmedia":[{"embeddable":true,"href":"https:\/\/tzsvtav.com\/en\/wp-json\/wp\/v2\/media\/12062"}],"wp:attachment":[{"href":"https:\/\/tzsvtav.com\/en\/wp-json\/wp\/v2\/media?parent=12061"}],"wp:term":[{"taxonomy":"product_brand","embeddable":true,"href":"https:\/\/tzsvtav.com\/en\/wp-json\/wp\/v2\/product_brand?post=12061"},{"taxonomy":"product_cat","embeddable":true,"href":"https:\/\/tzsvtav.com\/en\/wp-json\/wp\/v2\/product_cat?post=12061"},{"taxonomy":"product_tag","embeddable":true,"href":"https:\/\/tzsvtav.com\/en\/wp-json\/wp\/v2\/product_tag?post=12061"}],"curies":[{"name":"wp","href":"https:\/\/api.w.org\/{rel}","templated":true}]}}