{"id":12055,"date":"2025-03-14T15:21:39","date_gmt":"2025-03-14T14:21:39","guid":{"rendered":"https:\/\/tzsvtav.com\/?post_type=product&#038;p=12055"},"modified":"2025-08-06T10:51:10","modified_gmt":"2025-08-06T09:51:10","slug":"viva-350-pro-hybrid-350w-led-beam-spot-wash-cmy","status":"publish","type":"product","link":"https:\/\/tzsvtav.com\/en\/product\/viva-350-pro-hybrid-350w-led-beam-spot-wash-cmy\/","title":{"rendered":"VIVA 350 Pro Hybrid 350W LED BEAM SPOT WASH CMY"},"content":{"rendered":"<ul>\n<p><strong>SPECIFICATION<\/strong><\/p>\n<p><strong>TECHNIQUE<\/strong><\/p>\n<ul>\n<li>Input Voltage: AC90-260V 50\/60Hz<\/li>\n<li>Light Source: 350W High Output White LED<\/li>\n<li>Control Signal: DMX 512, master-slave and sound activated or auto operation<\/li>\n<li>Control Channel: 16\/18 DMX Channels USITT DMX-512<\/li>\n<li>Power Consumption: 450W<\/li>\n<li>Dimensions: 312(L)*222(W)*590(H)mm<\/li>\n<li>Packing size: 390(L)*310(W)*710(H)mm<\/li>\n<li>Net Weight: 16kg, Gross Weight: 19kg<\/li>\n<\/ul>\n<p><strong>SPECIFICATION<\/strong><\/p>\n<p><strong>Electrical parameters:<\/strong><\/p>\n<p>Voltage: 100V~240V AC, 50\/60Hz<\/p>\n<p>Power: 350W @ 220V<\/p>\n<p>Power factor: PF&gt;0.9<\/p>\n<p><strong>Light source specification:<\/strong><\/p>\n<p>Light source: 250W high brightness Module LED<\/p>\n<p>Color temperature:7500K-8000K<\/p>\n<p>Life time:50000 hours<\/p>\n<p><strong>color:<\/strong><\/p>\n<p>1 color wheel: 6 colors + white<\/p>\n<p>Step\/Linear conversion color optional<\/p>\n<p>2.With CMY function, color can be adjusted;<\/p>\n<p>Can be mixed to make the color richer.<strong>Gobo wheel:<\/strong><\/p>\n<p>1 rotating gobo wheel: 7 gobos + white<\/p>\n<p>The pattern plate adopts a detachable design, which is more convenient to replace<\/p>\n<p>pattern plate<\/p>\n<p>1 fixed gobo wheel: 8 gobos + white<\/p>\n<p><strong>Prism:<\/strong><\/p>\n<p>5-facet prism, can be rotated in both directions<\/p>\n<li><img fetchpriority=\"high\" decoding=\"async\" src=\"https:\/\/d2j6dbq0eux0bg.cloudfront.net\/images\/wysiwyg\/product\/86465867\/724256170\/1738505492100-739236732\/ta\u0301pka\u0301bel_png.png\" width=\"350\" height=\"233\" style=\"width: 350px; height: 233px;\" alt=\"TZSVTAV-LED b\u00e9rl\u00e9s-gy\u00e1rt\u00e1s\" title=\"\"><img decoding=\"async\" src=\"https:\/\/d2j6dbq0eux0bg.cloudfront.net\/images\/wysiwyg\/product\/86465867\/724256170\/1738505507746-1017453543\/safety_png.png\" alt=\"TZSVTAV-LED b\u00e9rl\u00e9s-gy\u00e1rt\u00e1s\" title=\"\"><\/li>\n<li><img decoding=\"async\" src=\"https:\/\/d2j6dbq0eux0bg.cloudfront.net\/images\/wysiwyg\/product\/86465867\/724256170\/1738505516638-480824321\/dmx_kabal_png.png\" alt=\"TZSVTAV-LED b\u00e9rl\u00e9s-gy\u00e1rt\u00e1s\" title=\"\"><img decoding=\"async\" src=\"https:\/\/d2j6dbq0eux0bg.cloudfront.net\/images\/wysiwyg\/product\/86465867\/724256170\/1738505526628506761195\/kampo_png.png\" alt=\"TZSVTAV-LED b\u00e9rl\u00e9s-gy\u00e1rt\u00e1s\" title=\"\"><\/li>\n<li><img decoding=\"async\" src=\"https:\/\/d2j6dbq0eux0bg.cloudfront.net\/images\/wysiwyg\/product\/86465867\/724256170\/17385055368551939940044\/kontener_png.png\" alt=\"TZSVTAV-LED b\u00e9rl\u00e9s-gy\u00e1rt\u00e1s\" title=\"\"><\/li>\n<\/ul>","protected":false},"excerpt":{"rendered":"<p>SPECIFICATION TECHNIQUE Input Voltage: AC90-260V 50\/60Hz Light Source: 350W High Output White LED Control Signal: DMX 512, master-slave and sound activated or auto operation Control Channel: 16\/18 DMX Channels USITT DMX-512 Power Consumption: 450W Dimensions: 312(L)*222(W)*590(H)mm Packing size: 390(L)*310(W)*710(H)mm Net Weight: 16kg,Gross Weight: 19kg SPECIFICATION Electrical parameters: Voltage: 100V~240V AC, 50\/60Hz Power: 350W @ 220V [&hellip;]<\/p>\n","protected":false},"featured_media":12056,"comment_status":"closed","ping_status":"closed","template":"","meta":{"googlesitekit_rrm_CAowr62iDA:productID":"","_eb_attr":"","_uf_show_specific_survey":0,"_uf_disable_surveys":false,"_themeisle_gutenberg_block_has_review":false},"product_brand":[],"product_cat":[219],"product_tag":[],"class_list":{"0":"post-12055","1":"product","2":"type-product","3":"status-publish","4":"has-post-thumbnail","6":"product_cat-prolight","8":"first","9":"instock","10":"taxable","11":"shipping-taxable","12":"product-type-simple"},"jetpack_sharing_enabled":true,"_links":{"self":[{"href":"https:\/\/tzsvtav.com\/en\/wp-json\/wp\/v2\/product\/12055","targetHints":{"allow":["GET"]}}],"collection":[{"href":"https:\/\/tzsvtav.com\/en\/wp-json\/wp\/v2\/product"}],"about":[{"href":"https:\/\/tzsvtav.com\/en\/wp-json\/wp\/v2\/types\/product"}],"replies":[{"embeddable":true,"href":"https:\/\/tzsvtav.com\/en\/wp-json\/wp\/v2\/comments?post=12055"}],"version-history":[{"count":0,"href":"https:\/\/tzsvtav.com\/en\/wp-json\/wp\/v2\/product\/12055\/revisions"}],"wp:featuredmedia":[{"embeddable":true,"href":"https:\/\/tzsvtav.com\/en\/wp-json\/wp\/v2\/media\/12056"}],"wp:attachment":[{"href":"https:\/\/tzsvtav.com\/en\/wp-json\/wp\/v2\/media?parent=12055"}],"wp:term":[{"taxonomy":"product_brand","embeddable":true,"href":"https:\/\/tzsvtav.com\/en\/wp-json\/wp\/v2\/product_brand?post=12055"},{"taxonomy":"product_cat","embeddable":true,"href":"https:\/\/tzsvtav.com\/en\/wp-json\/wp\/v2\/product_cat?post=12055"},{"taxonomy":"product_tag","embeddable":true,"href":"https:\/\/tzsvtav.com\/en\/wp-json\/wp\/v2\/product_tag?post=12055"}],"curies":[{"name":"wp","href":"https:\/\/api.w.org\/{rel}","templated":true}]}}