{"id":12050,"date":"2025-03-14T15:21:35","date_gmt":"2025-03-14T14:21:35","guid":{"rendered":"https:\/\/tzsvtav.com\/?post_type=product&#038;p=12050"},"modified":"2025-08-06T10:51:30","modified_gmt":"2025-08-06T09:51:30","slug":"led-550w-profile-cmy-rdm","status":"publish","type":"product","link":"https:\/\/tzsvtav.com\/en\/product\/led-550w-profile-cmy-rdm\/","title":{"rendered":"LED 550W Profile. CMY \u2013 RDM"},"content":{"rendered":"<p><strong>SPECIFICATION<\/strong><\/p>\n<p><strong>TECHNIQUE<\/strong><\/p>\n<p><strong>Electrical parameters:<\/strong><\/p>\n<ul>\n<li>Voltage: 100V~240V AC, 50\/60Hz<\/li>\n<li>Power: 700W @ 220V<\/li>\n<li>Power factor: PF&gt;0.9<\/li>\n<\/ul>\n<p><strong>Light source specification:<\/strong><\/p>\n<ul>\n<li>Light source: 600W high brightness Module LED (in order to protect the led lifetime, the<\/li>\n<li>real power adjust to 550W)<\/li>\n<li>Color temperature:7500K-8000K<\/li>\n<li>Life time:50000 hours<\/li>\n<\/ul>\n<p><strong>SPECIFICATION<\/strong><\/p>\n<p><strong>color:<\/strong><\/p>\n<ul>\n<li>1 color wheel: 8 colors + white2. With CMY function, color can be adjusted;<\/li>\n<li>Can be mixed to make the color richer.<\/li>\n<\/ul>\n<p><strong>Gobo wheel:<\/strong><\/p>\n<ul>\n<li>1 rotating gobo wheel: 7 gobos + white<\/li>\n<\/ul>\n<p>The pattern plate adopts a detachable design, which is more convenient to replace<\/p>\n<p>pattern plate<\/p>\n<ul>\n<li>1 fixed gobo wheel: 11 gobos + white<\/li>\n<li>1 dynamic wheel: super dazzling simulation dynamic and moving rain flowing water<\/li>\n<\/ul>\n<p>effects.<\/p>\n<p><strong>Prism:<\/strong><\/p>\n<ul>\n<li>Two prism wheels, can be rotated in both directions<\/li>\n<\/ul>\n<p><strong>Focus:<\/strong><\/p>\n<ul>\n<li>DMX linear focus adjustment, super smooth focus adjustment.<\/li>\n<\/ul>\n<p><strong>Strobe\/Dimming:<\/strong><\/p>\n<ul>\n<li>Electronic strobe, 0.3-25 times\/second, linear dimming<\/li>\n<\/ul>\n<p><strong>Frost:<\/strong><\/p>\n<ul>\n<li>Independent frost lens, softer light<\/li>\n<\/ul>\n<p><strong>Rotation angle:<\/strong><\/p>\n<ul>\n<li>Use three-phase stepping motor, fast, quiet, with automatic return function.<\/li>\n<li>Horizontal:540\u00b0<\/li>\n<li>vertical: 270\u00b0<\/li>\n<\/ul>\n<p><strong>Beam Angle:<\/strong><\/p>\n<ul>\n<li>4-40\u00b0<\/li>\n<li>DMX linear amplification, the beam angle can be freely switched from 4 to 40 degrees<\/li>\n<\/ul>\n<p><strong>Control mode:<\/strong><\/p>\n<ul>\n<li>DMX512 signal, 3-pin + 5-pin<\/li>\n<li>2425CH channel mode<\/li>\n<\/ul>\n<p><strong>Other functions:<\/strong><\/p>\n<ul>\n<li>Horizontal and vertical speed adjustable<\/li>\n<li>Use powerful silent fan, LED temperature display, reduce power due to overheating, and<\/li>\n<li>ensure LED lifetime<\/li>\n<li>Modular structure for easy maintenance<\/li>\n<\/ul>\n<p><strong>Housing material\/protection level:<\/strong><\/p>\n<ul>\n<li>High temperature\/UV light resistant engineering plastic<\/li>\n<li>Protection class: IP20<\/li>\n<\/ul>\n<p><strong>weight:<\/strong><\/p>\n<ul>\n<li>Net weight: 24kg<\/li>\n<li>Gross weight: 25kg<\/li>\n<\/ul>\n<p><strong>packing size: <\/strong>(mm)<\/p>\n<ul>\n<li>510(L)*370(W)*800(H)<\/li>\n<\/ul>\n<p><strong>Working temperature:<\/strong><\/p>\n<p>Maximum ambient temperature 50\u00b0C<\/p>\n<p><img fetchpriority=\"high\" decoding=\"async\" src=\"https:\/\/d2j6dbq0eux0bg.cloudfront.net\/images\/wysiwyg\/product\/86465867\/724256191\/1738506219564-1607048199\/ta\u0301pka\u0301bel_png.png\" width=\"362\" height=\"241\" style=\"width: 362px; height: 241px;\" alt=\"TZSVTAV-LED b\u00e9rl\u00e9s-gy\u00e1rt\u00e1s\" title=\"\"><img decoding=\"async\" src=\"https:\/\/d2j6dbq0eux0bg.cloudfront.net\/images\/wysiwyg\/product\/86465867\/724256191\/1738506240021-531168136\/safety_png.png\" alt=\"TZSVTAV-LED b\u00e9rl\u00e9s-gy\u00e1rt\u00e1s\" title=\"\"><\/p>\n<p><img decoding=\"async\" src=\"https:\/\/d2j6dbq0eux0bg.cloudfront.net\/images\/wysiwyg\/product\/86465867\/724256191\/17385062540632000507759\/dmx_kabal_png.png\" alt=\"TZSVTAV-LED b\u00e9rl\u00e9s-gy\u00e1rt\u00e1s\" title=\"\"><img decoding=\"async\" src=\"https:\/\/d2j6dbq0eux0bg.cloudfront.net\/images\/wysiwyg\/product\/86465867\/724256191\/1738506263114-774641471\/kampo_png.png\" alt=\"TZSVTAV-LED b\u00e9rl\u00e9s-gy\u00e1rt\u00e1s\" title=\"\"><\/p>\n<p><img decoding=\"async\" src=\"https:\/\/d2j6dbq0eux0bg.cloudfront.net\/images\/wysiwyg\/product\/86465867\/724256191\/17385062757982052444642\/kontener_png.png\" alt=\"TZSVTAV-LED b\u00e9rl\u00e9s-gy\u00e1rt\u00e1s\" title=\"\"><\/p>","protected":false},"excerpt":{"rendered":"<p>SPECIFICATION TECHNIQUE Electrical parameters: Voltage: 100V~240V AC, 50\/60Hz Power: 700W @ 220V Power factor: PF>0.9 Light source specification: Light source:600W high brightness Module LED (in order to protect the led lifetime, the real power adjust to 550W) Color temperature:7500K-8000K Life time:50000 hours SPECIFICATION colour: 1 color wheel: 8 colors + white2.With C M Y function, [&hellip;]<\/p>\n","protected":false},"featured_media":12051,"comment_status":"closed","ping_status":"closed","template":"","meta":{"googlesitekit_rrm_CAowr62iDA:productID":"","_eb_attr":"","_uf_show_specific_survey":0,"_uf_disable_surveys":false,"_themeisle_gutenberg_block_has_review":false},"product_brand":[],"product_cat":[219],"product_tag":[],"class_list":{"0":"post-12050","1":"product","2":"type-product","3":"status-publish","4":"has-post-thumbnail","6":"product_cat-prolight","8":"first","9":"instock","10":"taxable","11":"shipping-taxable","12":"product-type-simple"},"jetpack_sharing_enabled":true,"_links":{"self":[{"href":"https:\/\/tzsvtav.com\/en\/wp-json\/wp\/v2\/product\/12050","targetHints":{"allow":["GET"]}}],"collection":[{"href":"https:\/\/tzsvtav.com\/en\/wp-json\/wp\/v2\/product"}],"about":[{"href":"https:\/\/tzsvtav.com\/en\/wp-json\/wp\/v2\/types\/product"}],"replies":[{"embeddable":true,"href":"https:\/\/tzsvtav.com\/en\/wp-json\/wp\/v2\/comments?post=12050"}],"version-history":[{"count":0,"href":"https:\/\/tzsvtav.com\/en\/wp-json\/wp\/v2\/product\/12050\/revisions"}],"wp:featuredmedia":[{"embeddable":true,"href":"https:\/\/tzsvtav.com\/en\/wp-json\/wp\/v2\/media\/12051"}],"wp:attachment":[{"href":"https:\/\/tzsvtav.com\/en\/wp-json\/wp\/v2\/media?parent=12050"}],"wp:term":[{"taxonomy":"product_brand","embeddable":true,"href":"https:\/\/tzsvtav.com\/en\/wp-json\/wp\/v2\/product_brand?post=12050"},{"taxonomy":"product_cat","embeddable":true,"href":"https:\/\/tzsvtav.com\/en\/wp-json\/wp\/v2\/product_cat?post=12050"},{"taxonomy":"product_tag","embeddable":true,"href":"https:\/\/tzsvtav.com\/en\/wp-json\/wp\/v2\/product_tag?post=12050"}],"curies":[{"name":"wp","href":"https:\/\/api.w.org\/{rel}","templated":true}]}}