{"id":12005,"date":"2025-03-14T15:20:45","date_gmt":"2025-03-14T14:20:45","guid":{"rendered":"https:\/\/tzsvtav.com\/?post_type=product&#038;p=12005"},"modified":"2025-08-06T10:52:21","modified_gmt":"2025-08-06T09:52:21","slug":"decimator-decimator-md-hx-miniature-hdmi-sdi-cross-converter","status":"publish","type":"product","link":"https:\/\/tzsvtav.com\/en\/product\/decimator-decimator-md-hx-miniature-hdmi-sdi-cross-converter\/","title":{"rendered":"Decimator DECIMATOR MD-HX Miniature HDMI\/SDI Cross Converter"},"content":{"rendered":"<p><strong>Decimator DECIMATOR MD-HX Miniature HDMI\/SDI Cross Converter with Scaling &amp; Frame Rate Conversion<\/strong><\/p>\n<div>Multifunctional: combines multiple converters for the price of one (e.g. SDI-HDMI, HDMI-SDI, Down Up Cross Converter, etc.). Supports 3G Level A and B on input and output.<\/div>\n<div>VERSATILE It features 4 (3G\/HD\/SD) SDI outputs, allowing it to be used as a 1-4 distribution amplifier. Output pair 1 can be a copy of the SDI input (default) or equal to pair 2. The audio pairs of the SDI and HDMI outputs can be reassigned as needed.<\/div>\n<div>Inputs: 1 x HDMI input; 1 x (3G\/HD\/SD) SDI inputs Outputs: 1 x HDMI output; 2 x (3G\/HD\/SD)-SDI Active Loop-through or auxiliary outputs; 2 x (3G\/HD\/SD) SDI outputs RR PA20232023 Outputs: 1 x HDMI output; 2 x (3G\/HD\/SD) SDI outputs; x 3G\/HD\/SD)-SDI active loop-through or auxiliary outputs; 2 x (3G\/HD\/SD) SDI outputs<\/div>\n<div>ROBUST: With aluminum housing, easy-to-use LCD and button control system, metal threaded locking DC output, USB port for control and firmware updates. Includes power supply, HDMI and USB cables.<\/div>\n<p><img decoding=\"async\" src=\"https:\/\/d2j6dbq0eux0bg.cloudfront.net\/images\/wysiwyg\/product\/86465867\/0\/17386860043661182663467\/713SPNw4fyL__SL1500__jpg.jpg\" alt=\"TZSVTAV-LED b\u00e9rl\u00e9s-gy\u00e1rt\u00e1s\" title=\"\"><\/p>\n<h2>Product description<\/h2>\n<div>\n<p>Decimator Design MD-HX HDMI\/SDI Cross Converter<\/p>\n<p>The Decimator MD-HX is an affordable, miniaturized HDMI\/SDI down up cross converter with scaling and frame rate conversion.<\/p>\n<p>Features:<br \/>\n\u2013 Support for 3G level A and B on input and output<br \/>\n\u2013 Allows conversion between A and B.<br \/>\n\u2013 Horizontal and\/or vertical image flipping via the integrated scaler.<br \/>\nThe MD-HX combines multiple converters for the price of one device, such as SDI to HDMI, HDMI to SDI, Down Up Cross.<br \/>\n\u2013 Robust aluminum housing with user-friendly LCD and button control<br \/>\n\u2013 4 3G\/HD\/SD-SDI outputs that can be used as a distribution amplifier. Output pair 1 can output either a copy of the SDI input (default) or the same as pair 2<br \/>\n\u2013 The audio pairs in the SDI and HDMI outputs can be rearranged as needed.<br \/>\n\u2013 Includes the same down-up cross converter as the multi-award winning MD-DUCC which allows you to scale the HDMI or SDI input and\/or convert the frame rate to the required standard<br \/>\n\u2013 The MD-HX has a USB port for control and firmware updates<\/p>\n<p>Modes:<br \/>\n1. SDI IN to HDMI and SDI OUT<br \/>\n2. SDI IN to SDI OUT and HDMI IN to HDMI OUT<br \/>\n3. SDI IN to SDI OUT and Scaled SDI IN to HDMI OUT<br \/>\n4. SDI IN to SDI OUT and Scaled HDMI IN to HDMI OUT<br \/>\n5. HDMI IN to SDI OUT and SDI IN to HDMI OUT<br \/>\n6. HDMI IN to HDMI and SDI OUT<br \/>\n7. HDMI IN to SDI OUT and Scaled SDI IN to HDMI OUT<br \/>\n8. HDMI IN to SDI OUT and Scaled HDMI IN to HDMI OUT<br \/>\n9. Scaled SDI IN to SDI OUT and SDI IN to HDMI OUT<br \/>\n10. Scaled SDI IN to SDI OUT and HDMI IN to HDMI OUT<br \/>\n11. Scaled SDI IN to HDMI and SDI OUT<br \/>\n12. Scaled HDMI IN to SDI OUT and SDI IN to HDMI OUT<br \/>\n13. Scaled HDMI IN to SDI OUT and HDMI IN to HDMI OUT<br \/>\n14. Scaled HDMI IN to HDMI and SDI OUT<\/p>\n<p>Package includes:<br \/>\nMD-HX<br \/>\nPower supply.<br \/>\nhdmi cable<br \/>\nUSB cable<\/p>\n<\/div>","protected":false},"excerpt":{"rendered":"<div>Multifunctional: combines multiple converters for the price of one (e.g. SDI-HDMI, HDMI-SDI, Down Up Cross Converter, etc.). Supports 3G Level A and B on input and output.<\/div>\n<div>VERSATILE It features 4 (3G\/HD\/SD) SDI outputs, allowing it to be used as a 1-4 distribution amplifier. Output pair 1 can be a copy of the SDI input (default) or equal to pair 2. The audio pairs of the SDI and HDMI outputs can be reassigned as needed.<\/div>\n<div>Inputs: 1 x HDMI input; 1 x (3G\/HD\/SD) SDI inputs Outputs: 1 x HDMI output; 2 x (3G\/HD\/SD)-SDI Active Loop-through or auxiliary outputs; 2 x (3G\/HD\/SD) SDI outputs RR PA20232023 Outputs: 1 x HDMI output; 2 x (3G\/HD\/SD) SDI outputs; x 3G\/HD\/SD)-SDI active loop-through or auxiliary outputs; 2 x (3G\/HD\/SD) SDI outputs<\/div>\n<div>ROBUST: With aluminum housing, easy-to-use LCD and button control system, metal threaded locking DC output, USB port for control and firmware updates. Includes power supply, HDMI and USB cables.<\/div>","protected":false},"featured_media":12006,"comment_status":"closed","ping_status":"closed","template":"","meta":{"googlesitekit_rrm_CAowr62iDA:productID":"","_eb_attr":"","_uf_show_specific_survey":0,"_uf_disable_surveys":false,"_themeisle_gutenberg_block_has_review":false},"product_brand":[],"product_cat":[248],"product_tag":[],"class_list":{"0":"post-12005","1":"product","2":"type-product","3":"status-publish","4":"has-post-thumbnail","6":"product_cat-av-network","8":"first","9":"instock","10":"taxable","11":"shipping-taxable","12":"product-type-simple"},"jetpack_sharing_enabled":true,"_links":{"self":[{"href":"https:\/\/tzsvtav.com\/en\/wp-json\/wp\/v2\/product\/12005","targetHints":{"allow":["GET"]}}],"collection":[{"href":"https:\/\/tzsvtav.com\/en\/wp-json\/wp\/v2\/product"}],"about":[{"href":"https:\/\/tzsvtav.com\/en\/wp-json\/wp\/v2\/types\/product"}],"replies":[{"embeddable":true,"href":"https:\/\/tzsvtav.com\/en\/wp-json\/wp\/v2\/comments?post=12005"}],"version-history":[{"count":0,"href":"https:\/\/tzsvtav.com\/en\/wp-json\/wp\/v2\/product\/12005\/revisions"}],"wp:featuredmedia":[{"embeddable":true,"href":"https:\/\/tzsvtav.com\/en\/wp-json\/wp\/v2\/media\/12006"}],"wp:attachment":[{"href":"https:\/\/tzsvtav.com\/en\/wp-json\/wp\/v2\/media?parent=12005"}],"wp:term":[{"taxonomy":"product_brand","embeddable":true,"href":"https:\/\/tzsvtav.com\/en\/wp-json\/wp\/v2\/product_brand?post=12005"},{"taxonomy":"product_cat","embeddable":true,"href":"https:\/\/tzsvtav.com\/en\/wp-json\/wp\/v2\/product_cat?post=12005"},{"taxonomy":"product_tag","embeddable":true,"href":"https:\/\/tzsvtav.com\/en\/wp-json\/wp\/v2\/product_tag?post=12005"}],"curies":[{"name":"wp","href":"https:\/\/api.w.org\/{rel}","templated":true}]}}