{"id":11980,"date":"2025-03-14T15:20:17","date_gmt":"2025-03-14T14:20:17","guid":{"rendered":"https:\/\/tzsvtav.com\/?post_type=product&#038;p=11980"},"modified":"2025-08-06T10:53:00","modified_gmt":"2025-08-06T09:53:00","slug":"ubiquiti-usw-pro-24-poe-networks-unifi-pro-24-port-poe-vezerelt-l2-l3-gigabit-ethernet","status":"publish","type":"product","link":"https:\/\/tzsvtav.com\/en\/product\/ubiquiti-usw-pro-24-poe-networks-unifi-pro-24-port-poe-vezerelt-l2-l3-gigabit-ethernet\/","title":{"rendered":"Ubiquiti USW-PRO-24-POE Networks UniFi Pro 24-Port PoE Managed L2\/L3 Gigabit Ethernet"},"content":{"rendered":"<p>(16) GbE PoE+, (8) GbE PoE++ ports<\/p>\n<p>(2) 10G SFP+ ports<\/p>\n<p>400W total PoE availability<\/p>\n<p>DC power supply ready for backup<\/p>\n<p>Level 3 switching<\/p>\n<p>Near silent cooling<\/p>\n<div>\n<div>\n<h2>Audio and Video Environments<\/h2>\n<p>When configuring Pro AV, select the option that matches your setup and the port(s) where audio and video devices are connected. Ports are configured individually for Pro AV and the options do not need to match on the same switch. The following options are available:<\/p>\n<ul>\n<li><strong>Dante Audio<\/strong> \u2013 Matches Audinate Dante audio, PTP and control traffic.<\/li>\n<li><strong>Q-SYS Audio and Video<\/strong> \u2013 Matches Q-SYS audio, video, PTP and control traffic.<\/li>\n<li><strong>Q-SYS Video with Dante Audio<\/strong> \u2013 Matches Q-SYS video with Audinate Dante audio, PTP and control traffic.<\/li>\n<li><strong>Shure Audio<\/strong> \u2013 Matches Shure audio, PTP and control traffic.<\/li>\n<li><strong>Crestron Audio and Video<\/strong> \u2013 Matches Crestron audio, PTP, video and control traffic.<\/li>\n<li><strong>AES67 Audio<\/strong> \u2013 Matches AES67 audio, PTP and control traffic.<\/li>\n<li><strong>SDVoE with AES67 Audio<\/strong> \u2013 Matches SDVoE with AES67 audio, PTP and control traffic.<\/li>\n<li><strong>SDVoE with Dante Audio<\/strong> \u2013 Matches SDVoE with Audinate Dante audio, PTP and control traffic.<\/li>\n<li><strong>NDI with AES67 Audio<\/strong> \u2013 Matches NDI with AES67 audio, PTP and control traffic.<\/li>\n<li><strong>NDI with Dante Audio<\/strong> \u2013 Matches NDI with Audinate Dante audio, PTP and control traffic.<\/li>\n<li><img decoding=\"async\" src=\"https:\/\/d2j6dbq0eux0bg.cloudfront.net\/images\/wysiwyg\/product\/86465867\/0\/1739109941039-1908416087\/IMG_0008_thumb_jpg_f8ede807e456fa47f5dc90d821b43106_jpg.jpg\" alt=\"TZSVTAV-LED b\u00e9rl\u00e9s-gy\u00e1rt\u00e1s\" title=\"\"><\/li>\n<li><img decoding=\"async\" src=\"https:\/\/d2j6dbq0eux0bg.cloudfront.net\/images\/wysiwyg\/product\/86465867\/725904660\/17391106491361220874569\/Screenshot2024_08_18at8_53_58AM_thumb_png_fc0e23b000004a7a93c57ee34645f45e_png.png\" alt=\"TZSVTAV-LED b\u00e9rl\u00e9s-gy\u00e1rt\u00e1s\" title=\"\"><\/li>\n<\/ul>\n<\/div>\n<\/div>\n<table class=\"data-table ecwid-description-table\" style=\"font-size: 14px;\">\n<tbody>\n<tr>\n<th>Mechanical<\/th>\n<\/tr>\n<tr>\n<td>Dimensions<\/td>\n<td>442 x 285 x 44 mm (17.4 x 11.2 x 1.7\u2033)<\/td>\n<\/tr>\n<tr>\n<td>Crowd<\/td>\n<td>Without fasteners: 4.3 kg (9.5 lbs)   <br \/>With fasteners: 4.4 kg (9.7 lbs)<\/td>\n<\/tr>\n<tr>\n<td>Case material<\/td>\n<td>SGCC steel<\/td>\n<\/tr>\n<tr>\n<th>Hardware<\/th>\n<\/tr>\n<tr>\n<td>Control panel<\/td>\n<td>Ethernet In-Band<\/td>\n<\/tr>\n<tr>\n<td>Network connection<\/td>\n<td>(24) GbE RJ45 ports<br \/>(2) 1\/10G SFP+ ports<\/td>\n<\/tr>\n<tr>\n<td>PoE connection<\/td>\n<td>(16) PoE\/PoE+ (Pins 1, 2+; 3, 6-)<br \/>(8) 60W PoE++; PoE\/PoE+ (Pins 1, 2+; 3, 6-) \/ PoE++ (Pair A 1, 2+; 3, 6-) (Pair B 4, 5+; 7, \ud83d\ude0e<\/td>\n<\/tr>\n<tr>\n<td>Full non-blocking power<\/td>\n<td>44Gbps<\/td>\n<\/tr>\n<tr>\n<td>Switching capacity<\/td>\n<td>88Gbps<\/td>\n<\/tr>\n<tr>\n<td>Transfer rate<\/td>\n<td>65.472 Mpps<\/td>\n<\/tr>\n<tr>\n<td>Power supply method<\/td>\n<td>(1) Universal input, 100\u2014240V AC, 50\/60 Hz<br \/>(1) USP-RPS DC input, 52V DC, 7.69A; 11.5V DC, 2.61A<\/td>\n<\/tr>\n<tr>\n<td>Power supply<\/td>\n<td>AC\/DC, internal, 450W<\/td>\n<\/tr>\n<tr>\n<td>Supported voltage range<\/td>\n<td>100\u2014240V AC<\/td>\n<\/tr>\n<tr>\n<td>Max. power consumption<\/td>\n<td>50W (excluding PoE output)<\/td>\n<\/tr>\n<tr>\n<td>Full PoE availability<\/td>\n<td>400W<\/td>\n<\/tr>\n<tr>\n<td>Max. PoE power per port by PSE<\/td>\n<td>PoE+: 32W<br \/>PoE++: 64W<\/td>\n<\/tr>\n<tr>\n<td>Voltage range PoE mode<\/td>\n<td>PoE: 44\u201457V<br \/>PoE+: 50\u201457V<\/td>\n<\/tr>\n<tr>\n<td>ESD\/EMP protection<\/td>\n<td>Air: \u00b1 16kV, contact: \u00b1 12kV<\/td>\n<\/tr>\n<tr>\n<td>LCD display<\/td>\n<td>(1) 1.3\u2033 touchscreen<\/td>\n<\/tr>\n<tr>\n<td>Button<\/td>\n<td>Factory reset<\/td>\n<\/tr>\n<tr>\n<td>Shock and vibration resistance<\/td>\n<td>ETSI300-019-1.4 Standard<\/td>\n<\/tr>\n<tr>\n<td>Ambient operating temperature<\/td>\n<td>-5 to 40\u00b0C (23 to 104\u00b0F)<\/td>\n<\/tr>\n<tr>\n<td>Ambient operating humidity<\/td>\n<td>10 to 90% non-condensing<\/td>\n<\/tr>\n<tr>\n<td>Certificates<\/td>\n<td>CE, FCC, IC<\/td>\n<\/tr>\n<tr>\n<th>Switching functions<\/th>\n<\/tr>\n<tr>\n<td>2 layers of functions<\/td>\n<td>IGMP snooping<br \/>STP\/RSTP with priorities and port-level blocking<br \/>Port isolation<br \/>Storm control<br \/>Voice VLAN<br \/>Port mirroring<br \/>LACP port aggregation<br \/>Multicast\/broadcast rate limiting<br \/>MAC address blocking<br \/>Current limitation<br \/>802.1X control<br \/>Jumbo frames<br \/>Own looped protection<br \/>DHCP snooping\/guarding<br \/>Output speed limit<br \/>LLDP-MED<br \/>Port with restricted MAC address<br \/>Device isolation with ACLs<\/td>\n<\/tr>\n<tr>\n<td>3 layers of functions<\/td>\n<td>DHCP for locally managed networks<br \/>DHCP relay<br \/>Inter-VLAN routing between networks within the switch<br \/>Static routing between local networks<br \/>Network isolation with ACLs<\/td>\n<\/tr>\n<tr>\n<th>LEDs<\/th>\n<\/tr>\n<tr>\n<td>System<\/td>\n<td>Status<\/td>\n<\/tr>\n<tr>\n<td>Ethernet<\/td>\n<td>PoE<br \/>Speed\/link\/activity<\/td>\n<\/tr>\n<tr>\n<td>SFP+<\/td>\n<td>Link\/activity<\/td>\n<\/tr>\n<tr>\n<td>RPS<\/td>\n<td>Status<\/td>\n<\/tr>\n<tr>\n<th>Application requirements<\/th>\n<\/tr>\n<tr>\n<td>UniFi network<\/td>\n<td>Version 5.10.5 and later<\/td>\n<\/tr>\n<\/tbody>\n<\/table>","protected":false},"excerpt":{"rendered":"<p>(16) GbE PoE+, (8) GbE PoE++ portok (2) 10G SFP+ portok 400W \u00f6sszes PoE rendelkez\u00e9sre \u00e1ll\u00e1s DC t\u00e1pell\u00e1t\u00e1s biztons\u00e1gi ment\u00e9sre k\u00e9sz 3. szint\u0171 kapcsol\u00e1s K\u00f6zel hangtalan h\u0171t\u00e9s Audio and Video Environments When configuring Pro AV, select the option that matches your setup and the port(s) where audio and video devices are connected. Ports are configure [&hellip;]<\/p>\n","protected":false},"featured_media":11981,"comment_status":"closed","ping_status":"closed","template":"","meta":{"googlesitekit_rrm_CAowr62iDA:productID":"","_eb_attr":"","_uf_show_specific_survey":0,"_uf_disable_surveys":false,"_themeisle_gutenberg_block_has_review":false},"product_brand":[],"product_cat":[248],"product_tag":[],"class_list":{"0":"post-11980","1":"product","2":"type-product","3":"status-publish","4":"has-post-thumbnail","6":"product_cat-av-network","8":"first","9":"instock","10":"taxable","11":"shipping-taxable","12":"product-type-simple"},"jetpack_sharing_enabled":true,"_links":{"self":[{"href":"https:\/\/tzsvtav.com\/en\/wp-json\/wp\/v2\/product\/11980","targetHints":{"allow":["GET"]}}],"collection":[{"href":"https:\/\/tzsvtav.com\/en\/wp-json\/wp\/v2\/product"}],"about":[{"href":"https:\/\/tzsvtav.com\/en\/wp-json\/wp\/v2\/types\/product"}],"replies":[{"embeddable":true,"href":"https:\/\/tzsvtav.com\/en\/wp-json\/wp\/v2\/comments?post=11980"}],"version-history":[{"count":0,"href":"https:\/\/tzsvtav.com\/en\/wp-json\/wp\/v2\/product\/11980\/revisions"}],"wp:featuredmedia":[{"embeddable":true,"href":"https:\/\/tzsvtav.com\/en\/wp-json\/wp\/v2\/media\/11981"}],"wp:attachment":[{"href":"https:\/\/tzsvtav.com\/en\/wp-json\/wp\/v2\/media?parent=11980"}],"wp:term":[{"taxonomy":"product_brand","embeddable":true,"href":"https:\/\/tzsvtav.com\/en\/wp-json\/wp\/v2\/product_brand?post=11980"},{"taxonomy":"product_cat","embeddable":true,"href":"https:\/\/tzsvtav.com\/en\/wp-json\/wp\/v2\/product_cat?post=11980"},{"taxonomy":"product_tag","embeddable":true,"href":"https:\/\/tzsvtav.com\/en\/wp-json\/wp\/v2\/product_tag?post=11980"}],"curies":[{"name":"wp","href":"https:\/\/api.w.org\/{rel}","templated":true}]}}