{"id":11946,"date":"2025-03-14T15:19:39","date_gmt":"2025-03-14T14:19:39","guid":{"rendered":"https:\/\/tzsvtav.com\/?post_type=product&#038;p=11946"},"modified":"2025-08-08T07:29:01","modified_gmt":"2025-08-08T06:29:01","slug":"node-1-art-net-sacn-xlr-3p-and-poe-universe","status":"publish","type":"product","link":"https:\/\/tzsvtav.com\/en\/product\/node-1-art-net-sacn-xlr-3p-and-poe-universe\/","title":{"rendered":"Node 1 Art-Net\/sACN XLR 3P and POE Universe"},"content":{"rendered":"<p><img decoding=\"async\" src=\"https:\/\/d2j6dbq0eux0bg.cloudfront.net\/images\/wysiwyg\/product\/86465867\/0\/1739173921301497322446\/316xRwr6NAL__AC__jpg.jpg\" style=\"width: 103px; height: 113px;\" width=\"103\" height=\"113\" alt=\"TZSVTAV-LED b\u00e9rl\u00e9s-gy\u00e1rt\u00e1s\" title=\"\"><\/p>\n<ul>\n<li><span class=\"a-list-item\">1 x Universe via XLR 3P output<\/span><\/li>\n<li><span class=\"a-list-item\">Art-net or sACN<\/span><\/li>\n<li><span class=\"a-list-item\">Input or output configuration<\/span><\/li>\n<li><span class=\"a-list-item\">Power supply 5V to USB C (USB power supply of at least 1A)<\/span><\/li>\n<li><span class=\"a-list-item\">Supports DHCP or fixed IP<\/span><\/li>\n<li><span class=\"a-list-item\">Website for setting or via USB with DMX TOOLS software (Windows or Chrome browser)<\/span><\/li>\n<li><span class=\"a-list-item\">DMX output frequency adjustable or synchronisable<\/span><\/li>\n<\/ul>\n<div>\n<div>\n<ul>\n<li><span class=\"a-list-item\">Can be used with any Art-Net or sACN compatible software or console, eg Arkaos, Resolume, Madrix, Chamsys, GrandMA, QLC+, Freestyler, DMXControl etc.<\/span><\/li>\n<li><span class=\"a-list-item\">Can also be powered via the network input according to POE class 0 (<15W).<\/span><\/li>\n<\/ul>\n<\/div>\n<p><a data-csa-c-func-deps=\"aui-da-a-expander-toggle\" data-csa-c-type=\"widget\" data-csa-interaction-events=\"click\" aria-expanded=\"true\" role=\"button\" data-action=\"a-expander-toggle\" class=\"a-expander-header a-declarative a-expander-extend-header\" data-a-expander-toggle=\"{\"allowlinkdefault\":true, \"expand_prompt\":\"show more\", \"collapse_prompt\":\"show less\"}\" data-csa-c-id=\"3ew99m-lcvxp7-g9kj65-qg3mfo\"><i><\/i><\/a><\/div>","protected":false},"excerpt":{"rendered":"<p>1 x Universe via XLR 3P output Art-net or sACN Input or output configuration Power supply 5V to USB C (USB power supply of at least 1A) Supports DHCP or fixed IP Website for setting or via USB with DMX TOOLS software (Windows or Chrome browser) DMX output frequency adjustable or synchronizable Can be used [&hellip;]<\/p>\n","protected":false},"featured_media":11947,"comment_status":"closed","ping_status":"closed","template":"","meta":{"googlesitekit_rrm_CAowr62iDA:productID":"","_eb_attr":"","_uf_show_specific_survey":0,"_uf_disable_surveys":false,"_themeisle_gutenberg_block_has_review":false},"product_brand":[],"product_cat":[210,198],"product_tag":[],"class_list":{"0":"post-11946","1":"product","2":"type-product","3":"status-publish","4":"has-post-thumbnail","6":"product_cat-fenytechnikai-kiegeszitok-4","7":"product_cat-fenytechnikai-kiegeszitok-3","9":"first","10":"instock","11":"taxable","12":"shipping-taxable","13":"product-type-simple"},"jetpack_sharing_enabled":true,"_links":{"self":[{"href":"https:\/\/tzsvtav.com\/en\/wp-json\/wp\/v2\/product\/11946","targetHints":{"allow":["GET"]}}],"collection":[{"href":"https:\/\/tzsvtav.com\/en\/wp-json\/wp\/v2\/product"}],"about":[{"href":"https:\/\/tzsvtav.com\/en\/wp-json\/wp\/v2\/types\/product"}],"replies":[{"embeddable":true,"href":"https:\/\/tzsvtav.com\/en\/wp-json\/wp\/v2\/comments?post=11946"}],"version-history":[{"count":0,"href":"https:\/\/tzsvtav.com\/en\/wp-json\/wp\/v2\/product\/11946\/revisions"}],"wp:featuredmedia":[{"embeddable":true,"href":"https:\/\/tzsvtav.com\/en\/wp-json\/wp\/v2\/media\/11947"}],"wp:attachment":[{"href":"https:\/\/tzsvtav.com\/en\/wp-json\/wp\/v2\/media?parent=11946"}],"wp:term":[{"taxonomy":"product_brand","embeddable":true,"href":"https:\/\/tzsvtav.com\/en\/wp-json\/wp\/v2\/product_brand?post=11946"},{"taxonomy":"product_cat","embeddable":true,"href":"https:\/\/tzsvtav.com\/en\/wp-json\/wp\/v2\/product_cat?post=11946"},{"taxonomy":"product_tag","embeddable":true,"href":"https:\/\/tzsvtav.com\/en\/wp-json\/wp\/v2\/product_tag?post=11946"}],"curies":[{"name":"wp","href":"https:\/\/api.w.org\/{rel}","templated":true}]}}