{"id":11929,"date":"2025-03-14T15:19:20","date_gmt":"2025-03-14T14:19:20","guid":{"rendered":"https:\/\/tzsvtav.com\/?post_type=product&#038;p=11929"},"modified":"2025-08-06T10:55:09","modified_gmt":"2025-08-06T09:55:09","slug":"off-ground-curved-led-screen-ground-support","status":"publish","type":"product","link":"https:\/\/tzsvtav.com\/en\/product\/off-ground-curved-led-screen-ground-support\/","title":{"rendered":"Off-ground Curved LED Screen Ground Support"},"content":{"rendered":"<p><img fetchpriority=\"high\" decoding=\"async\" src=\"https:\/\/d2j6dbq0eux0bg.cloudfront.net\/images\/wysiwyg\/product\/86465867\/0\/1739781618972433222574\/1_jpg.jpg\" style=\"width: 417px; height: 329px;\" width=\"417\" height=\"329\" alt=\"TZSVTAV-LED b\u00e9rl\u00e9s-gy\u00e1rt\u00e1s\" title=\"\"><\/p>\n<p>lt can simultaneously meet the curved cabinet&#039;s six construction methods of inner arc, outer arc, straight screen on the ground and off the ground to satisfy the construction needs of various activities. <\/p>\n<div><strong>Parameter: <\/strong><\/div>\n<p>Material: Aluminum Alloy 6061-T6\/6082-T6 Color: Black <br \/>Compatible Cabinet Sizes: <br \/>S00xS00mm, 500x1000mm; and Customizable<\/p>\n<p><strong>Building Shape: <\/strong><\/p>\n<p>On-ground-Face\/Straight Screen<br \/> Off-ground-Face\/Straight Screen<\/p>\n<p><img decoding=\"async\" src=\"https:\/\/d2j6dbq0eux0bg.cloudfront.net\/images\/wysiwyg\/product\/86465867\/0\/1739781583209-1156025311\/Ke\u0301pernyo\u030bfoto\u0301_2025_02_17___9_38_59_png.png\" alt=\"TZSVTAV-LED b\u00e9rl\u00e9s-gy\u00e1rt\u00e1s\" title=\"\"><\/p>","protected":false},"excerpt":{"rendered":"<p>lt can simultaneously meet the curved cabinet&#8217;s six construction methods of inner arc, outer arc, straight screen on the ground and off the ground to satisfy the construction needs of various activities. Parameter: Material: Alum\u00ednium Alloy 6061-T6\/6082-T6 Color: Black Compatible Cabinet Sizes: S00xS00mm, 500x1000mm; and Customizable Building Shape: On-ground-Arc\/Straight Screen Off-ground-Arc\/Straight Screen<\/p>","protected":false},"featured_media":11930,"comment_status":"closed","ping_status":"closed","template":"","meta":{"googlesitekit_rrm_CAowr62iDA:productID":"","_eb_attr":"","_uf_show_specific_survey":0,"_uf_disable_surveys":false,"_themeisle_gutenberg_block_has_review":false},"product_brand":[],"product_cat":[232],"product_tag":[],"class_list":{"0":"post-11929","1":"product","2":"type-product","3":"status-publish","4":"has-post-thumbnail","6":"product_cat-led-tartok-emelok","8":"first","9":"instock","10":"taxable","11":"shipping-taxable","12":"product-type-simple"},"jetpack_sharing_enabled":true,"_links":{"self":[{"href":"https:\/\/tzsvtav.com\/en\/wp-json\/wp\/v2\/product\/11929","targetHints":{"allow":["GET"]}}],"collection":[{"href":"https:\/\/tzsvtav.com\/en\/wp-json\/wp\/v2\/product"}],"about":[{"href":"https:\/\/tzsvtav.com\/en\/wp-json\/wp\/v2\/types\/product"}],"replies":[{"embeddable":true,"href":"https:\/\/tzsvtav.com\/en\/wp-json\/wp\/v2\/comments?post=11929"}],"version-history":[{"count":0,"href":"https:\/\/tzsvtav.com\/en\/wp-json\/wp\/v2\/product\/11929\/revisions"}],"wp:featuredmedia":[{"embeddable":true,"href":"https:\/\/tzsvtav.com\/en\/wp-json\/wp\/v2\/media\/11930"}],"wp:attachment":[{"href":"https:\/\/tzsvtav.com\/en\/wp-json\/wp\/v2\/media?parent=11929"}],"wp:term":[{"taxonomy":"product_brand","embeddable":true,"href":"https:\/\/tzsvtav.com\/en\/wp-json\/wp\/v2\/product_brand?post=11929"},{"taxonomy":"product_cat","embeddable":true,"href":"https:\/\/tzsvtav.com\/en\/wp-json\/wp\/v2\/product_cat?post=11929"},{"taxonomy":"product_tag","embeddable":true,"href":"https:\/\/tzsvtav.com\/en\/wp-json\/wp\/v2\/product_tag?post=11929"}],"curies":[{"name":"wp","href":"https:\/\/api.w.org\/{rel}","templated":true}]}}