{"id":11922,"date":"2025-03-14T15:19:11","date_gmt":"2025-03-14T14:19:11","guid":{"rendered":"https:\/\/tzsvtav.com\/?post_type=product&#038;p=11922"},"modified":"2025-08-06T10:55:27","modified_gmt":"2025-08-06T09:55:27","slug":"led-sreen-ground-support-truss","status":"publish","type":"product","link":"https:\/\/tzsvtav.com\/en\/product\/led-sreen-ground-support-truss\/","title":{"rendered":"LED Sreen Ground Support (truss)"},"content":{"rendered":"<p><img decoding=\"async\" src=\"https:\/\/d2j6dbq0eux0bg.cloudfront.net\/images\/wysiwyg\/product\/86465867\/0\/1739785257214-1413150876\/1_jpg.jpg\" &quot;=\"\" alt=\"TZSVTAV-LED b\u00e9rl\u00e9s-gy\u00e1rt\u00e1s\" title=\"\"><\/p>\n<p>The gantry is a display screen stand of various sizes composed of aluminum alloy trusses, top section, sleeves, and bases. <\/p>\n<div>Used in conjunction with hanging beams and hoists, it is convenient for hanging and lifting display screens, and is suitable for various types of indoor and outdoor events. <\/div>\n<div>Parameter: <\/div>\n<div>Material: Aluminum Alloy 6061-T6\/6082-T6 <\/div>\n<div>Color: Silver\/Black <\/div>\n<div>OEM: Customize the structural plan according to the construction requirements. <\/div>","protected":false},"excerpt":{"rendered":"<p>The gantry is a display screen stand of various sizes composed of aluminum alloy trusses, top section, sleeves, and bases. Used in conjunction with hanging beams and hoists, it is convenient for hanging and lifting display screens, and is suitable for various types of indoor and outdoor event. Parameter: Material: Alum\u00ednium Alloy 6061-T6\/6082-T6 Color: Silver\/Black [&hellip;]<\/p>\n","protected":false},"featured_media":11923,"comment_status":"closed","ping_status":"closed","template":"","meta":{"googlesitekit_rrm_CAowr62iDA:productID":"","_eb_attr":"","_uf_show_specific_survey":0,"_uf_disable_surveys":false,"_themeisle_gutenberg_block_has_review":false},"product_brand":[],"product_cat":[232],"product_tag":[],"class_list":{"0":"post-11922","1":"product","2":"type-product","3":"status-publish","4":"has-post-thumbnail","6":"product_cat-led-tartok-emelok","8":"first","9":"instock","10":"taxable","11":"shipping-taxable","12":"product-type-simple"},"jetpack_sharing_enabled":true,"_links":{"self":[{"href":"https:\/\/tzsvtav.com\/en\/wp-json\/wp\/v2\/product\/11922","targetHints":{"allow":["GET"]}}],"collection":[{"href":"https:\/\/tzsvtav.com\/en\/wp-json\/wp\/v2\/product"}],"about":[{"href":"https:\/\/tzsvtav.com\/en\/wp-json\/wp\/v2\/types\/product"}],"replies":[{"embeddable":true,"href":"https:\/\/tzsvtav.com\/en\/wp-json\/wp\/v2\/comments?post=11922"}],"version-history":[{"count":0,"href":"https:\/\/tzsvtav.com\/en\/wp-json\/wp\/v2\/product\/11922\/revisions"}],"wp:featuredmedia":[{"embeddable":true,"href":"https:\/\/tzsvtav.com\/en\/wp-json\/wp\/v2\/media\/11923"}],"wp:attachment":[{"href":"https:\/\/tzsvtav.com\/en\/wp-json\/wp\/v2\/media?parent=11922"}],"wp:term":[{"taxonomy":"product_brand","embeddable":true,"href":"https:\/\/tzsvtav.com\/en\/wp-json\/wp\/v2\/product_brand?post=11922"},{"taxonomy":"product_cat","embeddable":true,"href":"https:\/\/tzsvtav.com\/en\/wp-json\/wp\/v2\/product_cat?post=11922"},{"taxonomy":"product_tag","embeddable":true,"href":"https:\/\/tzsvtav.com\/en\/wp-json\/wp\/v2\/product_tag?post=11922"}],"curies":[{"name":"wp","href":"https:\/\/api.w.org\/{rel}","templated":true}]}}