{"id":7884,"date":"2025-03-09T15:01:23","date_gmt":"2025-03-09T14:01:23","guid":{"rendered":"https:\/\/tzsvtav.com\/shop-tzsvtav-com-adatkezelesi-tajekoztato"},"modified":"2025-03-09T15:01:23","modified_gmt":"2025-03-09T14:01:23","slug":"shop-tzsvtav-com-adatkezelesi-tajekoztato","status":"publish","type":"page","link":"https:\/\/tzsvtav.com\/en\/shop-tzsvtav-com-adatkezelesi-tajekoztato\/","title":{"rendered":"Shop.tzsvtav.com Adatkezel\u00e9si t\u00e1j\u00e9koztat\u00f3"},"content":{"rendered":"<p><iframe style=\"border: none;\" src=\"https:\/\/api.virtualjog.hu\/api\/v1\/document\/7587?access-token=eb98ee9e985c53fc32f62ca671f1d588\" width=\"100%\" height=\"1000px\"><\/iframe><\/p>","protected":false},"excerpt":{"rendered":"","protected":false},"author":1,"featured_media":0,"parent":0,"menu_order":0,"comment_status":"closed","ping_status":"closed","template":"","meta":{"googlesitekit_rrm_CAowr62iDA:productID":"","_eb_attr":"","_uf_show_specific_survey":0,"_uf_disable_surveys":false,"_themeisle_gutenberg_block_has_review":false,"footnotes":""},"class_list":["post-7884","page","type-page","status-publish","hentry"],"jetpack_sharing_enabled":true,"_links":{"self":[{"href":"https:\/\/tzsvtav.com\/en\/wp-json\/wp\/v2\/pages\/7884","targetHints":{"allow":["GET"]}}],"collection":[{"href":"https:\/\/tzsvtav.com\/en\/wp-json\/wp\/v2\/pages"}],"about":[{"href":"https:\/\/tzsvtav.com\/en\/wp-json\/wp\/v2\/types\/page"}],"author":[{"embeddable":true,"href":"https:\/\/tzsvtav.com\/en\/wp-json\/wp\/v2\/users\/1"}],"replies":[{"embeddable":true,"href":"https:\/\/tzsvtav.com\/en\/wp-json\/wp\/v2\/comments?post=7884"}],"version-history":[{"count":0,"href":"https:\/\/tzsvtav.com\/en\/wp-json\/wp\/v2\/pages\/7884\/revisions"}],"wp:attachment":[{"href":"https:\/\/tzsvtav.com\/en\/wp-json\/wp\/v2\/media?parent=7884"}],"curies":[{"name":"wp","href":"https:\/\/api.w.org\/{rel}","templated":true}]}}