{"id":7857,"date":"2025-03-09T11:34:07","date_gmt":"2025-03-09T10:34:07","guid":{"rendered":"https:\/\/tzsvtav.com\/?page_id=7857"},"modified":"2025-11-26T13:39:38","modified_gmt":"2025-11-26T12:39:38","slug":"impressum","status":"publish","type":"page","link":"https:\/\/tzsvtav.com\/en\/impressum\/","title":{"rendered":"Imprint"},"content":{"rendered":"<div data-elementor-type=\"wp-page\" data-elementor-id=\"7857\" class=\"elementor elementor-7857\" data-elementor-post-type=\"page\">\n\t\t\t\t<div class=\"elementor-element elementor-element-3773fb3b e-flex e-con-boxed e-con e-parent\" data-id=\"3773fb3b\" data-element_type=\"container\" data-e-type=\"container\">\n\t\t\t\t\t<div class=\"e-con-inner\">\n\t\t\t\t<div class=\"elementor-element elementor-element-b6bb582 elementor-widget elementor-widget-text-editor\" data-id=\"b6bb582\" data-element_type=\"widget\" data-e-type=\"widget\" data-widget_type=\"text-editor.default\">\n\t\t\t\t\t\t\t\t\t\n<div id=\"wp-block-themeisle-blocks-advanced-columns-ec835204\" class=\"wp-block-themeisle-blocks-advanced-columns has-1-columns has-desktop-equal-layout has-tablet-equal-layout has-mobile-equal-layout has-vertical-unset\">\n<h2 class=\"wp-block-themeisle-blocks-advanced-columns-overlay\">\u00a0<\/h2>\n<h2 class=\"innerblocks-wrap\"><span style=\"color: #ffffff;\"><\/span><\/h2>\n<div id=\"wp-block-themeisle-blocks-advanced-column-102fbaff\" class=\"wp-block-themeisle-blocks-advanced-column\"><\/div>\n<h2 class=\"innerblocks-wrap\"><span style=\"color: #ffffff;\"><\/span><\/h2>\n<\/div>\n<h2><span style=\"color: #ffffff;\"><\/span><\/h2>\n<h2 class=\"wp-block-heading\"><span style=\"color: #ffffff;\">Imprint<\/span><\/h2>\n<h2><span style=\"color: #ffffff;\"><\/span><\/h2>\n<h2 class=\"wp-block-heading\"><span style=\"color: #ffffff;\">Welcome to the TZSVTAV web store!<\/span><\/h2>\n<h2><span style=\"color: #ffffff;\"><\/span><\/h2>\n<h5><span style=\"color: #ffffff;\">Make your dream LED-AV project a reality in the TZSVTAV webshop! In our wide range you will find the most modern LED walls, stage lighting solutions and AV over IP systems. Our expert team will help you with the planning and selection so that your project is guaranteed to be successful. In addition to our quality products and competitive prices, we provide a full range of services, from installation to maintenance. Contact us and let&#039;s find the most optimal solution together!<\/span><\/h5>\n<p><span style=\"color: #ffffff;\"><\/span><\/p>\n<p><span style=\"color: #ffffff;\">Tax number: 24337322-2-42<\/span><br \/><span style=\"color: #ffffff;\">HU24337322 <\/span><br \/><span style=\"color: #ffffff;\">Full name: TZSVTBAND Limited Liability Company (TZSVTBand Ltd.)<\/span><br \/><span style=\"color: #ffffff;\">Headquarters address: 1141 Budapest, Szugl\u00f3 Street 82.<\/span><br \/><span style=\"color: #ffffff;\">Bank details: HUF 53300294-18774960-00000000 MBH Bank Zrt.<\/span><br \/><span style=\"color: #ffffff;\">No.: 355586\/B\/1<\/span><\/p>\n\t\t\t\t\t\t\t\t<\/div>\n\t\t\t\t\t<\/div>\n\t\t\t\t<\/div>\n\t\t\t\t<\/div>","protected":false},"excerpt":{"rendered":"<p>Impresszum \u00dcdv\u00f6z\u00f6lj\u00fck a TZSVTAV web\u00e1ruh\u00e1z\u00e1ban! Val\u00f3s\u00edtsa meg \u00e1lmai LED-AV projektj\u00e9t a TZSVTAV web\u00e1ruh\u00e1z\u00e1ban! Sz\u00e9les k\u00edn\u00e1latunkban megtal\u00e1lja a legmodernebb LED falakat, sz\u00ednpadi vil\u00e1g\u00edt\u00e1si megold\u00e1sokat \u00e9s AV over IP rendszereket. Szak\u00e9rt\u0151 csapatunk seg\u00edt \u00d6nnek a tervez\u00e9sben \u00e9s a kiv\u00e1laszt\u00e1sban, hogy projektje garant\u00e1ltan sikeres legyen. Min\u0151s\u00e9gi term\u00e9keink \u00e9s versenyk\u00e9pes \u00e1raink mellett teljes k\u00f6r\u0171 szolg\u00e1ltat\u00e1st ny\u00fajtunk, a telep\u00edt\u00e9st\u0151l a [&hellip;]<\/p>\n","protected":false},"author":1,"featured_media":0,"parent":0,"menu_order":0,"comment_status":"closed","ping_status":"closed","template":"","meta":{"googlesitekit_rrm_CAowr62iDA:productID":"","_eb_attr":"","_uf_show_specific_survey":0,"_uf_disable_surveys":false,"_themeisle_gutenberg_block_has_review":false,"footnotes":""},"class_list":["post-7857","page","type-page","status-publish","hentry"],"jetpack_sharing_enabled":true,"_links":{"self":[{"href":"https:\/\/tzsvtav.com\/en\/wp-json\/wp\/v2\/pages\/7857","targetHints":{"allow":["GET"]}}],"collection":[{"href":"https:\/\/tzsvtav.com\/en\/wp-json\/wp\/v2\/pages"}],"about":[{"href":"https:\/\/tzsvtav.com\/en\/wp-json\/wp\/v2\/types\/page"}],"author":[{"embeddable":true,"href":"https:\/\/tzsvtav.com\/en\/wp-json\/wp\/v2\/users\/1"}],"replies":[{"embeddable":true,"href":"https:\/\/tzsvtav.com\/en\/wp-json\/wp\/v2\/comments?post=7857"}],"version-history":[{"count":0,"href":"https:\/\/tzsvtav.com\/en\/wp-json\/wp\/v2\/pages\/7857\/revisions"}],"wp:attachment":[{"href":"https:\/\/tzsvtav.com\/en\/wp-json\/wp\/v2\/media?parent=7857"}],"curies":[{"name":"wp","href":"https:\/\/api.w.org\/{rel}","templated":true}]}}