{"id":7514,"date":"2025-03-02T10:16:01","date_gmt":"2025-03-02T09:16:01","guid":{"rendered":"https:\/\/tzsvtav.com\/?page_id=7514"},"modified":"2025-08-26T17:47:17","modified_gmt":"2025-08-26T16:47:17","slug":"lezerbiztonsagi-gyik","status":"publish","type":"page","link":"https:\/\/tzsvtav.com\/en\/lezerbiztonsagi-gyik\/","title":{"rendered":"L\u00e9zerbiztons\u00e1gi GYIK"},"content":{"rendered":"<div data-elementor-type=\"wp-page\" data-elementor-id=\"7514\" class=\"elementor elementor-7514\" data-elementor-post-type=\"page\">\n\t\t\t\t<div class=\"elementor-element elementor-element-24e58be8 e-flex e-con-boxed e-con e-parent\" data-id=\"24e58be8\" data-element_type=\"container\" data-e-type=\"container\">\n\t\t\t\t\t<div class=\"e-con-inner\">\n\t\t\t\t<div class=\"elementor-element elementor-element-71f1df74 elementor-widget elementor-widget-text-editor\" data-id=\"71f1df74\" data-element_type=\"widget\" data-e-type=\"widget\" data-widget_type=\"text-editor.default\">\n\t\t\t\t\t\t\t\t\t\n<div id=\"wp-block-themeisle-blocks-advanced-columns-2f0eaf60\" class=\"wp-block-themeisle-blocks-advanced-columns has-0-columns has-desktop-undefined-layout has-tablet-equal-layout has-mobile-equal-layout has-vertical-unset\"><div class=\"wp-block-themeisle-blocks-advanced-columns-overlay\"><\/div><div class=\"innerblocks-wrap\"><\/div><\/div>\n\t\t\t\t\t\t\t\t<\/div>\n\t\t\t\t\t<\/div>\n\t\t\t\t<\/div>\n\t\t<div class=\"elementor-element elementor-element-d37b78d e-flex e-con-boxed e-con e-parent\" data-id=\"d37b78d\" data-element_type=\"container\" data-e-type=\"container\" data-settings=\"{&quot;background_background&quot;:&quot;classic&quot;}\">\n\t\t\t\t\t<div class=\"e-con-inner\">\n\t\t\t\t<div class=\"elementor-element elementor-element-73e972a elementor-widget elementor-widget-heading\" data-id=\"73e972a\" data-element_type=\"widget\" data-e-type=\"widget\" data-widget_type=\"heading.default\">\n\t\t\t\t\t<h2 class=\"elementor-heading-title elementor-size-default\">L\u00e9zerbiztons\u00e1gi GYIK \u2013 Gyakran Ism\u00e9telt K\u00e9rd\u00e9sek<\/h2>\t\t\t\t<\/div>\n\t\t\t\t\t<\/div>\n\t\t\t\t<\/div>\n\t\t<div class=\"elementor-element elementor-element-cc58a9a e-flex e-con-boxed e-con e-parent\" data-id=\"cc58a9a\" data-element_type=\"container\" data-e-type=\"container\" data-settings=\"{&quot;background_background&quot;:&quot;classic&quot;}\">\n\t\t\t\t\t<div class=\"e-con-inner\">\n\t\t\t\t<div class=\"elementor-element elementor-element-675b080 elementor-widget elementor-widget-text-editor\" data-id=\"675b080\" data-element_type=\"widget\" data-e-type=\"widget\" data-widget_type=\"text-editor.default\">\n\t\t\t\t\t\t\t\t\t<div class=\"page-header\">\n<h2><span>Sz\u00fcks\u00e9gem van valamilyen speci\u00e1lis tud\u00e1sra a show l\u00e9zer kijelz\u0151 kezel\u00e9s\u00e9hez?<\/span><\/h2>\n<\/div>\n<div class=\"com-content-article__body\" itemprop=\"articleBody\">\n<p><a title=\"Sz\u00f3jegyz\u00e9k: L\u00e9zerprojektor\" href=\"https:\/\/www.laserworld.com\/en\/show-laser-light-faq\/glossary-definitions\/82-l\/2552-laser-projector.html\" target=\"_blank\" rel=\"noopener\"><span>\u00c1ltal\u00e1noss\u00e1gban elmondhat\u00f3, hogy a l\u00e9zerprojektor<\/span><\/a><span>\u00a0fizikai \u00e9rtelemben vett\u00a0m\u0171k\u00f6dtet\u00e9s\u00e9hez nincs sz\u00fcks\u00e9g m\u00e9lyebb ismeretekre .\u00a0<\/span><a title=\"Sz\u00f3szedet: L\u00e9zerf\u00e9ny\" href=\"https:\/\/www.laserworld.com\/en\/show-laser-light-faq\/glossary-definitions\/82-l\/950-laser-light.html\" target=\"_blank\" rel=\"noopener\"><span>A l\u00e9zerf\u00e9ny<\/span><\/a><span>\u00a0azonban\u00a0meglehet\u0151sen vesz\u00e9lyes lehet, ha nem megfelel\u0151en haszn\u00e1lj\u00e1k.<\/span><br \/><span>A l\u00e9zerf\u00e9ny koherenci\u00e1ja miatt (a f\u00e9ny ir\u00e1nya \u00e9s hull\u00e1mkarakterisztik\u00e1ja azonos &#8211; a norm\u00e1l f\u00e9nyforr\u00e1sokt\u00f3l elt\u00e9r\u0151) a nagyon \u00e9les sugarak vesz\u00e9lyesek lehetnek az emberi szemre vagy az immisszi\u00f3s \u00e9rz\u00e9kel\u0151kre.<\/span><br \/><span>Ha azonban betartja a helyi l\u00e9zerbiztons\u00e1gi el\u0151\u00edr\u00e1sokat, lehets\u00e9ges biztons\u00e1gos l\u00e9zershow-t k\u00e9sz\u00edteni.<\/span><\/p>\n<p><span>Az IEC 60825-1 szabv\u00e1ny nemzetk\u00f6zileg \u00e9rv\u00e9nyes, \u00e9s t\u00e1j\u00e9koztat\u00e1st ny\u00fajt a l\u00e9zerbiztons\u00e1gi felt\u00e9telekr\u0151l. A legt\u00f6bb orsz\u00e1g hivatkozik erre a szab\u00e1lyoz\u00e1sra a l\u00e9zerbiztons\u00e1ggal \u00f6sszef\u00fcgg\u00e9sben.<\/span><br \/><span>Egyes orsz\u00e1gok azonban sokkal jobban f\u00e9lnek a &#8220;l\u00e9zerrejt\u00e9lyt\u0151l&#8221;, \u00e9s \u00edgy szigor\u00fabb szab\u00e1lyoz\u00e1st is alkalmazhatnak.<\/span><\/p>\n<p><span>A l\u00e9zeres m\u0171k\u00f6dtet\u00e9s felel\u0151ss\u00e9ge azonban a t\u00e9nyleges kezel\u0151t terheli. Teh\u00e1t az \u00f3vatoss\u00e1g a legfontosabb.<\/span><\/p>\n<p><span>N\u00e9h\u00e1ny dolog, amit \u00e9rdemes tiszteletben tartani:<\/span><br \/><span>&#8211; Soha ne l\u0151j egyetlen sug\u00e1rral a k\u00f6z\u00f6ns\u00e9g fel\u00e9. L\u0151heti \u0151ket a fej\u00fck f\u00f6l\u00e9 (min. magass\u00e1ga 3 m), amilyen er\u0151sen csak akarja.<\/span><br \/><span>&#8211; haszn\u00e1ljon\u00a0<\/span><a title=\"Biztons\u00e1gi gomb\" href=\"https:\/\/www.laserworld.com\/shop\/accessories\/laser-safety-accessories\/laserworld-laser-safety-unit?___store=en\" target=\"_blank\" rel=\"noopener\"><span>biztons\u00e1gi kikapcsol\u00f3 opci\u00f3t<\/span><\/a><span>\u00a0(gomb stb.) a rendszer \u00e1tkapcsol\u00e1s\u00e1hoz, pl. ha valaki m\u0171k\u00f6d\u00e9s k\u00f6zben megpr\u00f3b\u00e1lja manipul\u00e1lni a l\u00e9zereket, vagy ha valaki bel\u00e9p a l\u00e9zeres biztons\u00e1gi z\u00f3n\u00e1ba<\/span><br \/><span>&#8211; tartsa t\u00e1vol a kiskor\u00faakat a l\u00e9zeres eszk\u00f6z\u00f6kt\u0151l<\/span><br \/><span>&#8211; M\u0171k\u00f6d\u00e9s el\u0151tt ismerkedjen meg a l\u00e9zerbiztons\u00e1ggal. Egyes orsz\u00e1gokban (csak nagyon kev\u00e9s) sz\u00fcks\u00e9g lehet egy\u00a0<\/span><a title=\"Sz\u00f3jegyz\u00e9k: L\u00e9zerbiztons\u00e1gi tiszt\" href=\"https:\/\/www.laserworld.com\/en\/show-laser-light-faq\/glossary-definitions\/82-l\/1544-laser-safety-officer.html\" target=\"_blank\" rel=\"noopener\"><span>l\u00e9zerbiztons\u00e1gi tisztvisel\u0151re<\/span><\/a><span>\u00a0a helysz\u00ednen a m\u0171k\u00f6d\u00e9s sor\u00e1n<\/span><\/p>\n<p><span>A l\u00e9zerprojektorok \u00f6nmagukban nem vesz\u00e9lyesek \u2013 a vesz\u00e9ly mindig a nem megfelel\u0151 m\u0171k\u00f6d\u00e9sb\u0151l ered.<\/span><br \/>\u00a0<\/p>\n<p><span>A k\u00f6vetkez\u0151 vide\u00f3 bemutatja, hogyan \u00e1ll\u00edthat be biztons\u00e1gosan egy \u00faj show-l\u00e9zereszk\u00f6zt:<\/span><\/p>\n<center><iframe src=\"https:\/\/www.youtube-nocookie.com\/embed\/rt_SUcPsi2M?rel=0\" width=\"560\" height=\"315\" frameborder=\"0\" allowfullscreen=\"allowfullscreen\" data-mce-fragment=\"1\"><\/iframe>Forr\u00e1s:<a href=\"https:\/\/www.laserworld.com\/\" target=\"_blank\" rel=\"noopener\">Laserworld<\/a><\/center><\/div>\t\t\t\t\t\t\t\t<\/div>\n\t\t\t\t\t<\/div>\n\t\t\t\t<\/div>\n\t\t\t\t<\/div>","protected":false},"excerpt":{"rendered":"<p>L\u00e9zerbiztons\u00e1gi GYIK \u2013 Gyakran Ism\u00e9telt K\u00e9rd\u00e9sek Sz\u00fcks\u00e9gem van valamilyen speci\u00e1lis tud\u00e1sra a show l\u00e9zer kijelz\u0151 kezel\u00e9s\u00e9hez? \u00c1ltal\u00e1noss\u00e1gban elmondhat\u00f3, hogy a l\u00e9zerprojektor\u00a0fizikai \u00e9rtelemben vett\u00a0m\u0171k\u00f6dtet\u00e9s\u00e9hez nincs sz\u00fcks\u00e9g m\u00e9lyebb ismeretekre .\u00a0A l\u00e9zerf\u00e9ny\u00a0azonban\u00a0meglehet\u0151sen vesz\u00e9lyes lehet, ha nem megfelel\u0151en haszn\u00e1lj\u00e1k.A l\u00e9zerf\u00e9ny koherenci\u00e1ja miatt (a f\u00e9ny ir\u00e1nya \u00e9s hull\u00e1mkarakterisztik\u00e1ja azonos &#8211; a norm\u00e1l f\u00e9nyforr\u00e1sokt\u00f3l elt\u00e9r\u0151) a nagyon \u00e9les sugarak vesz\u00e9lyesek lehetnek [&hellip;]<\/p>\n","protected":false},"author":1,"featured_media":0,"parent":0,"menu_order":0,"comment_status":"closed","ping_status":"closed","template":"","meta":{"googlesitekit_rrm_CAowr62iDA:productID":"","_eb_attr":"","_uf_show_specific_survey":0,"_uf_disable_surveys":false,"_themeisle_gutenberg_block_has_review":false,"footnotes":""},"class_list":["post-7514","page","type-page","status-publish","hentry"],"jetpack_sharing_enabled":true,"_links":{"self":[{"href":"https:\/\/tzsvtav.com\/en\/wp-json\/wp\/v2\/pages\/7514","targetHints":{"allow":["GET"]}}],"collection":[{"href":"https:\/\/tzsvtav.com\/en\/wp-json\/wp\/v2\/pages"}],"about":[{"href":"https:\/\/tzsvtav.com\/en\/wp-json\/wp\/v2\/types\/page"}],"author":[{"embeddable":true,"href":"https:\/\/tzsvtav.com\/en\/wp-json\/wp\/v2\/users\/1"}],"replies":[{"embeddable":true,"href":"https:\/\/tzsvtav.com\/en\/wp-json\/wp\/v2\/comments?post=7514"}],"version-history":[{"count":0,"href":"https:\/\/tzsvtav.com\/en\/wp-json\/wp\/v2\/pages\/7514\/revisions"}],"wp:attachment":[{"href":"https:\/\/tzsvtav.com\/en\/wp-json\/wp\/v2\/media?parent=7514"}],"curies":[{"name":"wp","href":"https:\/\/api.w.org\/{rel}","templated":true}]}}