{"id":7492,"date":"2025-03-23T13:41:50","date_gmt":"2025-03-23T12:41:50","guid":{"rendered":"https:\/\/tzsvtav.com\/?page_id=7492"},"modified":"2025-12-13T10:16:27","modified_gmt":"2025-12-13T09:16:27","slug":"dmx-atszamolo","status":"publish","type":"page","link":"https:\/\/tzsvtav.com\/en\/dmx-atszamolo\/","title":{"rendered":"DMX -% \u00e1tsz\u00e1mol\u00f3"},"content":{"rendered":"<div data-elementor-type=\"wp-page\" data-elementor-id=\"7492\" class=\"elementor elementor-7492\" data-elementor-post-type=\"page\">\n\t\t\t\t<div class=\"elementor-element elementor-element-29c3c8c4 e-flex e-con-boxed e-con e-parent\" data-id=\"29c3c8c4\" data-element_type=\"container\" data-e-type=\"container\">\n\t\t\t\t\t<div class=\"e-con-inner\">\n\t\t\t\t<div class=\"elementor-element elementor-element-4c6b044b elementor-widget elementor-widget-text-editor\" data-id=\"4c6b044b\" data-element_type=\"widget\" data-e-type=\"widget\" data-widget_type=\"text-editor.default\">\n\t\t\t\t\t\t\t\t\t\n<div id=\"wp-block-themeisle-blocks-advanced-columns-229e899f\" class=\"wp-block-themeisle-blocks-advanced-columns has-0-columns has-desktop-undefined-layout has-tablet-equal-layout has-mobile-equal-layout has-vertical-unset\"><div class=\"wp-block-themeisle-blocks-advanced-columns-overlay\"><\/div><div class=\"innerblocks-wrap\"><\/div><\/div>\n\t\t\t\t\t\t\t\t<\/div>\n\t\t\t\t\t<\/div>\n\t\t\t\t<\/div>\n\t\t<div class=\"elementor-element elementor-element-e53d159 e-flex e-con-boxed e-con e-parent\" data-id=\"e53d159\" data-element_type=\"container\" data-e-type=\"container\">\n\t\t\t\t\t<div class=\"e-con-inner\">\n\t\t\t\t<div class=\"elementor-element elementor-element-00818c6 elementor-widget elementor-widget-text-editor\" data-id=\"00818c6\" data-element_type=\"widget\" data-e-type=\"widget\" data-widget_type=\"text-editor.default\">\n\t\t\t\t\t\t\t\t\t<div class=\"page-header\">\n<h1><span>Sz\u00e1zal\u00e9k-abszol\u00fat \u00e9rt\u00e9k konverter: praktikus eszk\u00f6z a vil\u00e1g\u00edt\u00e1stechnikai szakemberek sz\u00e1m\u00e1ra<\/span><\/h1>\n<\/div>\n<div class=\"com-content-article__body\" itemprop=\"articleBody\">\n<p><a href=\"https:\/\/www.laserworld.com\/en\/glossary-definitions\/74-d\/1315-dmx512-en.html\" target=\"_blank\" rel=\"noopener\"><span>A DMX512<\/span><\/a><span>\u00a0, a sz\u00ednpadi \u00e9s \u00e9p\u00edt\u00e9szeti vil\u00e1g\u00edt\u00e1s vez\u00e9rl\u00e9s\u00e9nek univerz\u00e1lis protokollja 0 \u00e9s 255 k\u00f6z\u00f6tti \u00e9rt\u00e9k\u0171 csatorn\u00e1kon m\u0171k\u00f6dik. Sok vil\u00e1g\u00edt\u00e1svez\u00e9rl\u0151, szoftver \u00e9s szakember azonban gyakran sz\u00e1zal\u00e9kos \u00e9rt\u00e9kben (0% \u00e9s 100%) hivatkozik a f\u00e9nyintenzit\u00e1sra vagy m\u00e1s param\u00e9terekre. A k\u00e9t \u00e1br\u00e1zol\u00e1s k\u00f6z\u00f6tti konvert\u00e1l\u00e1s id\u0151ig\u00e9nyes lehet, \u00e9s a megfelel\u0151 eszk\u00f6z n\u00e9lk\u00fcl hib\u00e1s lehet.<\/span><\/p>\n<p><strong><span>Sz\u00e1zal\u00e9k-abszol\u00fat \u00e9rt\u00e9k kalkul\u00e1torunk<\/span><\/strong><span>\u00a0c\u00e9lja\u00a0, hogy megoldja ezt a kih\u00edv\u00e1st az\u00e1ltal, hogy egyszer\u0171, intuit\u00edv m\u00f3dot biztos\u00edt a sz\u00e1zal\u00e9k\u00e9rt\u00e9kek \u00e9s a DMX abszol\u00fat \u00e9rt\u00e9kek k\u00f6z\u00f6tti \u00e1tv\u00e1lt\u00e1sra. Legyen sz\u00f3 dimmer fokozatok be\u00e1ll\u00edt\u00e1s\u00e1r\u00f3l, programoz\u00e1sr\u00f3l vagy az RGB sz\u00ednintenzit\u00e1s be\u00e1ll\u00edt\u00e1s\u00e1r\u00f3l, ez a sz\u00e1mol\u00f3g\u00e9p pontos konverzi\u00f3kat biztos\u00edt, \u00e9s egyszer\u0171s\u00edti a munkafolyamatot.<\/span><\/p>\n<h3><strong><span>Hogyan m\u0171k\u00f6dik<\/span><\/strong><\/h3>\n<strong><span>K\u00e9tir\u00e1ny\u00fa \u00e1tv\u00e1lt\u00e1s:<\/span><\/strong><span>\u00a0Adjon meg egy sz\u00e1zal\u00e9kos \u00e9rt\u00e9ket, \u00e9s a sz\u00e1mol\u00f3g\u00e9p megadja a megfelel\u0151 abszol\u00fat \u00e9rt\u00e9ket (0\u2013255). Alternat\u00edv megold\u00e1sk\u00e9nt adjon meg egy abszol\u00fat DMX \u00e9rt\u00e9ket, \u00e9s ez kisz\u00e1m\u00edtja az egyen\u00e9rt\u00e9k\u0171 sz\u00e1zal\u00e9kot (0%\u2013100%).<\/span><br \/><br \/>\n<div><form method=\"POST\" target=\"_top\" action=\"\">\n<table cellspacing=\"0\" cellpadding=\"4\">\n<tbody>\n<tr>\n<td class=\"row\" valign=\"top\"><span>Sz\u00e1zal\u00e9kos \u00e9rt\u00e9k:<\/span><\/td>\n<td><input name=\"percentval\" size=\"8\" type=\"text\" value=\"0\" \/><span>%<\/span><\/td>\n<\/tr>\n<tr>\n<td class=\"row\" valign=\"top\"><span>Abszol\u00fat \u00e9rt\u00e9k (0 \u00e9s 255 k\u00f6z\u00f6tt): \u00a0\u00a0<\/span><\/td>\n<td><input name=\"absoluteval\" size=\"8\" type=\"text\" value=\"0\" \/><\/td>\n<\/tr>\n<tr>\n<td colspan=\"2\" align=\"right\"><span><input name=\"submit2\" type=\"submit\" value=\"Sz\u00e1m\u00edtsa ki\" \/><\/span><\/td>\n<\/tr>\n<\/tbody>\n<\/table>\n<input type=\"hidden\" name=\"trp-form-language\" value=\"en\"\/><\/form><\/div>\n<br \/>\n<div class=\"clr\">\n<h3><strong><span>Kulcsfontoss\u00e1g\u00fa alkalmaz\u00e1sok<\/span><\/strong><\/h3>\n<ol>\n<li><strong><span>Vil\u00e1g\u00edt\u00e1stervez\u00e9s \u00e9s -programoz\u00e1s:<\/span><\/strong><span>\u00a0Legyen sz\u00f3 sz\u00ednpadi produkci\u00f3r\u00f3l, koncertr\u0151l vagy \u00e9p\u00edt\u00e9szeti vil\u00e1g\u00edt\u00e1sr\u00f3l, a pontos sz\u00e1zal\u00e9k-DMX-\u00e9rt\u00e9k-konverzi\u00f3 elengedhetetlen a dimmerek, mozg\u00f3 l\u00e1mp\u00e1k \u00e9s LED-es l\u00e1mpatestek prec\u00edz programoz\u00e1s\u00e1hoz.<\/span><\/li>\n<li><strong><span>Sz\u00ednkever\u00e9s (RGB, CMY):<\/span><\/strong><span>\u00a0Amikor egy\u00e9ni sz\u00edneket \u00e1ll\u00edt be RGB vagy CMY l\u00e1mpatestek haszn\u00e1lat\u00e1val, az \u00e9rt\u00e9keket gyakran sz\u00e1zal\u00e9kban adj\u00e1k meg. Ezeknek a sz\u00e1zal\u00e9koknak a DMX-\u00e9rt\u00e9kekre val\u00f3 konvert\u00e1l\u00e1sa sima \u00e1tmeneteket \u00e9s t\u00f6k\u00e9letes sz\u00ednkever\u00e9st biztos\u00edt.<\/span><\/li>\n<li><strong><span>Hibaelh\u00e1r\u00edt\u00e1s \u00e9s diagnosztika:<\/span><\/strong><span>\u00a0A technikusok a sz\u00e1mol\u00f3g\u00e9p seg\u00edts\u00e9g\u00e9vel ellen\u0151rizhetik a DMX \u00e9rt\u00e9keket a hibaelh\u00e1r\u00edt\u00e1s sor\u00e1n, kereszthivatkoz\u00e1ssal a sz\u00e1zal\u00e9kban megadott intenzit\u00e1sbe\u00e1ll\u00edt\u00e1sokat a l\u00e1mpatestekhez tov\u00e1bb\u00edtott t\u00e9nyleges adatokkal.<\/span><\/li>\n<li><strong><span>K\u00e9pz\u00e9s \u00e9s oktat\u00e1s:<\/span><\/strong><span>\u00a0A vil\u00e1g\u00edt\u00e1stervez\u0151k \u00e9s a DMX-koncepci\u00f3kat tanul\u00f3 di\u00e1kok sz\u00e1m\u00e1ra el\u0151ny\u00f6s ez az eszk\u00f6z a sz\u00e1zal\u00e9kok \u00e9s az abszol\u00fat \u00e9rt\u00e9kek k\u00f6z\u00f6tti kapcsolat meg\u00e9rt\u00e9s\u00e9ben, \u00edgy gyakorlati betekint\u00e9st ny\u00fajtva a vil\u00e1g\u00edt\u00e1svez\u00e9rl\u0151 rendszerekbe.<\/span><\/li>\n<li><strong><span>Egyedi szoftverek \u00e9s vez\u00e9rl\u0151k integr\u00e1ci\u00f3ja:<\/span><\/strong><span>\u00a0Az egyedi DMX vez\u00e9rl\u0151ket vagy szoftvereket tervez\u0151 fejleszt\u0151k vagy m\u00e9rn\u00f6k\u00f6k sz\u00e1m\u00e1ra ez az eszk\u00f6z gyors referenciak\u00e9nt szolg\u00e1l a pontos \u00e9rt\u00e9klek\u00e9pez\u00e9sek tesztel\u00e9s\u00e9hez \u00e9s megval\u00f3s\u00edt\u00e1s\u00e1hoz.<\/span><\/li>\n<\/ol>\n<p><span>K\u00fcl\u00f6n\u00f6sen az alapvil\u00e1g\u00edt\u00e1s\u00fa asztalok gyakran csak a sz\u00e1zal\u00e9kos vagy az abszol\u00fat \u00e9rt\u00e9ket adj\u00e1k meg, \u00edgy ez a sz\u00e1mol\u00f3g\u00e9p seg\u00edt az egyszer\u0171 \u00e1talak\u00edt\u00e1sban. De a professzion\u00e1lis vil\u00e1g\u00edt\u00e1si asztalok, mint a GrandMA2, GrandMA3, Avolites, Chamsys Obsidian \u00e9s m\u00e1sok is rendelkeznek bizonyos be\u00e1ll\u00edt\u00e1sokkal, ahol az eg\u00e9sz konzol \u00e1tkapcsol\u00e1sa egy m\u00e1sik, ak\u00e1r sz\u00e1zal\u00e9kos, ak\u00e1r abszol\u00fat kijelz\u0151re, gyakran csak n\u00e9h\u00e1ny \u00e9rt\u00e9k eset\u00e9n \u00e9rtelmetlen.<\/span><\/p>\n<p><span>Ez az eszk\u00f6z \u00e1thidalja a szakad\u00e9kot az intuit\u00edv sz\u00e1zal\u00e9kos vez\u00e9rl\u00e9s \u00e9s a vil\u00e1g\u00edt\u00f3testekhez sz\u00fcks\u00e9ges prec\u00edz abszol\u00fat DMX \u00e9rt\u00e9kek k\u00f6z\u00f6tt. Az \u00e1talak\u00edt\u00e1si folyamat egyszer\u0171s\u00edt\u00e9s\u00e9vel id\u0151t takar\u00edt meg, cs\u00f6kkenti a hib\u00e1kat, \u00e9s gondoskodik arr\u00f3l, hogy kreat\u00edv elk\u00e9pzel\u00e9se hib\u00e1tlanul megval\u00f3suljon.<\/span><\/p>\n<\/div>\n<\/div>\t\t\t\t\t\t\t\t<\/div>\n\t\t\t\t\t<\/div>\n\t\t\t\t<\/div>\n\t\t\t\t<\/div>","protected":false},"excerpt":{"rendered":"<p>Sz\u00e1zal\u00e9k-abszol\u00fat \u00e9rt\u00e9k konverter: praktikus eszk\u00f6z a vil\u00e1g\u00edt\u00e1stechnikai szakemberek sz\u00e1m\u00e1ra A DMX512\u00a0, a sz\u00ednpadi \u00e9s \u00e9p\u00edt\u00e9szeti vil\u00e1g\u00edt\u00e1s vez\u00e9rl\u00e9s\u00e9nek univerz\u00e1lis protokollja 0 \u00e9s 255 k\u00f6z\u00f6tti \u00e9rt\u00e9k\u0171 csatorn\u00e1kon m\u0171k\u00f6dik. Sok vil\u00e1g\u00edt\u00e1svez\u00e9rl\u0151, szoftver \u00e9s szakember azonban gyakran sz\u00e1zal\u00e9kos \u00e9rt\u00e9kben (0% \u00e9s 100%) hivatkozik a f\u00e9nyintenzit\u00e1sra vagy m\u00e1s param\u00e9terekre. A k\u00e9t \u00e1br\u00e1zol\u00e1s k\u00f6z\u00f6tti konvert\u00e1l\u00e1s id\u0151ig\u00e9nyes lehet, \u00e9s a megfelel\u0151 eszk\u00f6z [&hellip;]<\/p>\n","protected":false},"author":1,"featured_media":0,"parent":0,"menu_order":0,"comment_status":"closed","ping_status":"closed","template":"","meta":{"googlesitekit_rrm_CAowr62iDA:productID":"","_eb_attr":"","_uf_show_specific_survey":0,"_uf_disable_surveys":false,"_themeisle_gutenberg_block_has_review":false,"footnotes":""},"class_list":["post-7492","page","type-page","status-publish","hentry"],"jetpack_sharing_enabled":true,"_links":{"self":[{"href":"https:\/\/tzsvtav.com\/en\/wp-json\/wp\/v2\/pages\/7492","targetHints":{"allow":["GET"]}}],"collection":[{"href":"https:\/\/tzsvtav.com\/en\/wp-json\/wp\/v2\/pages"}],"about":[{"href":"https:\/\/tzsvtav.com\/en\/wp-json\/wp\/v2\/types\/page"}],"author":[{"embeddable":true,"href":"https:\/\/tzsvtav.com\/en\/wp-json\/wp\/v2\/users\/1"}],"replies":[{"embeddable":true,"href":"https:\/\/tzsvtav.com\/en\/wp-json\/wp\/v2\/comments?post=7492"}],"version-history":[{"count":0,"href":"https:\/\/tzsvtav.com\/en\/wp-json\/wp\/v2\/pages\/7492\/revisions"}],"wp:attachment":[{"href":"https:\/\/tzsvtav.com\/en\/wp-json\/wp\/v2\/media?parent=7492"}],"curies":[{"name":"wp","href":"https:\/\/api.w.org\/{rel}","templated":true}]}}