{"id":6696,"date":"2024-08-18T06:32:16","date_gmt":"2024-08-18T06:32:16","guid":{"rendered":"https:\/\/tzsvtav.com\/?page_id=6696"},"modified":"2026-03-08T20:26:59","modified_gmt":"2026-03-08T19:26:59","slug":"led-szerviz-karbantartas-szinhelyesseg","status":"publish","type":"page","link":"https:\/\/tzsvtav.com\/en\/led-szerviz-karbantartas-szinhelyesseg\/","title":{"rendered":"LED service"},"content":{"rendered":"\t\t<div data-elementor-type=\"wp-page\" data-elementor-id=\"6696\" class=\"elementor elementor-6696\" data-elementor-post-type=\"page\">\n\t\t\t\t<div class=\"elementor-element elementor-element-8dfba48 e-flex e-con-boxed e-con e-parent\" data-id=\"8dfba48\" data-element_type=\"container\" data-e-type=\"container\">\n\t\t\t\t\t<div class=\"e-con-inner\">\n\t\t\t\t<div class=\"elementor-element elementor-element-96f37af elementor-widget elementor-widget-heading\" data-id=\"96f37af\" data-element_type=\"widget\" data-e-type=\"widget\" data-widget_type=\"heading.default\">\n\t\t\t\t\t<h2 class=\"elementor-heading-title elementor-size-default\">LED-szerv\u00edz<\/h2>\t\t\t\t<\/div>\n\t\t\t\t\t<\/div>\n\t\t\t\t<\/div>\n\t\t<div class=\"elementor-element elementor-element-0ac43ca e-grid e-con-boxed e-con e-parent\" data-id=\"0ac43ca\" data-element_type=\"container\" data-e-type=\"container\">\n\t\t\t\t\t<div class=\"e-con-inner\">\n\t\t\t\t<div class=\"elementor-element elementor-element-f39d03d elementor-widget elementor-widget-image\" data-id=\"f39d03d\" data-element_type=\"widget\" data-e-type=\"widget\" data-widget_type=\"image.default\">\n\t\t\t\t\t\t\t\t\t\t\t\t\t\t\t<img fetchpriority=\"high\" decoding=\"async\" width=\"800\" height=\"594\" src=\"https:\/\/tzsvtav.com\/wp-content\/uploads\/2024\/08\/IMG_2490-1024x760.png\" class=\"attachment-large size-large wp-image-6703\" alt=\"TZSVTAV-LED b\u00e9rl\u00e9s-gy\u00e1rt\u00e1s\" srcset=\"https:\/\/tzsvtav.com\/wp-content\/uploads\/2024\/08\/IMG_2490-1024x760.png 1024w, https:\/\/tzsvtav.com\/wp-content\/uploads\/2024\/08\/IMG_2490-300x223.png 300w, https:\/\/tzsvtav.com\/wp-content\/uploads\/2024\/08\/IMG_2490-768x570.png 768w, https:\/\/tzsvtav.com\/wp-content\/uploads\/2024\/08\/IMG_2490.png 1280w\" sizes=\"(max-width: 800px) 100vw, 800px\" title=\"\">\t\t\t\t\t\t\t\t\t\t\t\t\t\t\t<\/div>\n\t\t\t\t<div class=\"elementor-element elementor-element-2106353 elementor-widget elementor-widget-heading\" data-id=\"2106353\" data-element_type=\"widget\" data-e-type=\"widget\" data-widget_type=\"heading.default\">\n\t\t\t\t\t<h2 class=\"elementor-heading-title elementor-size-default\">F\u00f3kusz az \u00fcgyf\u00e9l el\u00e9gedetts\u00e9gen \u00e9s a gyors szolg\u00e1ltat\u00e1son<\/h2>\t\t\t\t<\/div>\n\t\t\t\t<div class=\"elementor-element elementor-element-f42eabc elementor-widget elementor-widget-text-editor\" data-id=\"f42eabc\" data-element_type=\"widget\" data-e-type=\"widget\" data-widget_type=\"text-editor.default\">\n\t\t\t\t\t\t\t\t\t<p><strong>C\u00e9g\u00fcnk GKGD modul szerv\u00edz.<\/strong><br \/>LED-kijelz\u0151id megb\u00edzhat\u00f3 kezekben. Gyors, prec\u00edz jav\u00edt\u00e1s, eredeti alkatr\u00e9szekkel. B\u00e1rmilyen t\u00edpus\u00fa LED-kijelz\u0151vel kapcsolatban sz\u00e1m\u00edthatsz r\u00e1nk, legyen sz\u00f3 garanci\u00e1lis vagy garanci\u00e1n t\u00fali probl\u00e9m\u00e1r\u00f3l. Szak\u00e9rt\u0151 csapatunk pixelhib\u00e1kt\u00f3l kezdve komplex elektronikai meghib\u00e1sod\u00e1sokig minden probl\u00e9m\u00e1t megold. Rendszeres karbantart\u00e1ssal meghosszabb\u00edthatod kijelz\u0151d \u00e9lettartam\u00e1t \u00e9s biztos\u00edthatod zavartalan m\u0171k\u00f6d\u00e9s\u00e9t<\/p>\t\t\t\t\t\t\t\t<\/div>\n\t\t\t\t<div class=\"elementor-element elementor-element-6c27257 elementor-icon-list--layout-traditional elementor-list-item-link-full_width elementor-widget elementor-widget-icon-list\" data-id=\"6c27257\" data-element_type=\"widget\" data-e-type=\"widget\" data-widget_type=\"icon-list.default\">\n\t\t\t\t\t\t\t<ul class=\"elementor-icon-list-items\">\n\t\t\t\t\t\t\t<li class=\"elementor-icon-list-item\">\n\t\t\t\t\t\t\t\t\t\t\t<span class=\"elementor-icon-list-icon\">\n\t\t\t\t\t\t\t<svg aria-hidden=\"true\" class=\"e-font-icon-svg e-fas-check\" viewBox=\"0 0 512 512\" xmlns=\"http:\/\/www.w3.org\/2000\/svg\"><path d=\"M173.898 439.404l-166.4-166.4c-9.997-9.997-9.997-26.206 0-36.204l36.203-36.204c9.997-9.998 26.207-9.998 36.204 0L192 312.69 432.095 72.596c9.997-9.997 26.207-9.997 36.204 0l36.203 36.204c9.997 9.997 9.997 26.206 0 36.204l-294.4 294.401c-9.998 9.997-26.207 9.997-36.204-.001z\"><\/path><\/svg>\t\t\t\t\t\t<\/span>\n\t\t\t\t\t\t\t\t\t\t<span class=\"elementor-icon-list-text\">Gyorsas\u00e1g, precizit\u00e1s, minden t\u00edpus\u00fa kijelz\u0151 jav\u00edt\u00e1sa.<\/span>\n\t\t\t\t\t\t\t\t\t<\/li>\n\t\t\t\t\t\t\t\t<li class=\"elementor-icon-list-item\">\n\t\t\t\t\t\t\t\t\t\t\t<span class=\"elementor-icon-list-icon\">\n\t\t\t\t\t\t\t<svg aria-hidden=\"true\" class=\"e-font-icon-svg e-fas-check\" viewBox=\"0 0 512 512\" xmlns=\"http:\/\/www.w3.org\/2000\/svg\"><path d=\"M173.898 439.404l-166.4-166.4c-9.997-9.997-9.997-26.206 0-36.204l36.203-36.204c9.997-9.998 26.207-9.998 36.204 0L192 312.69 432.095 72.596c9.997-9.997 26.207-9.997 36.204 0l36.203 36.204c9.997 9.997 9.997 26.206 0 36.204l-294.4 294.401c-9.998 9.997-26.207 9.997-36.204-.001z\"><\/path><\/svg>\t\t\t\t\t\t<\/span>\n\t\t\t\t\t\t\t\t\t\t<span class=\"elementor-icon-list-text\">Megb\u00edzhat\u00f3 kezekben\", \"b\u00e1rmilyen t\u00edpus\u00fa LED-kijelz\u0151vel<\/span>\n\t\t\t\t\t\t\t\t\t<\/li>\n\t\t\t\t\t\t\t\t<li class=\"elementor-icon-list-item\">\n\t\t\t\t\t\t\t\t\t\t\t<span class=\"elementor-icon-list-icon\">\n\t\t\t\t\t\t\t<svg aria-hidden=\"true\" class=\"e-font-icon-svg e-fas-check\" viewBox=\"0 0 512 512\" xmlns=\"http:\/\/www.w3.org\/2000\/svg\"><path d=\"M173.898 439.404l-166.4-166.4c-9.997-9.997-9.997-26.206 0-36.204l36.203-36.204c9.997-9.998 26.207-9.998 36.204 0L192 312.69 432.095 72.596c9.997-9.997 26.207-9.997 36.204 0l36.203 36.204c9.997 9.997 9.997 26.206 0 36.204l-294.4 294.401c-9.998 9.997-26.207 9.997-36.204-.001z\"><\/path><\/svg>\t\t\t\t\t\t<\/span>\n\t\t\t\t\t\t\t\t\t\t<span class=\"elementor-icon-list-text\">Minden t\u00edpus\u00fa LED-modul, egyedi megold\u00e1sok.<\/span>\n\t\t\t\t\t\t\t\t\t<\/li>\n\t\t\t\t\t\t\t\t<li class=\"elementor-icon-list-item\">\n\t\t\t\t\t\t\t\t\t\t\t<span class=\"elementor-icon-list-icon\">\n\t\t\t\t\t\t\t<svg aria-hidden=\"true\" class=\"e-font-icon-svg e-fas-check\" viewBox=\"0 0 512 512\" xmlns=\"http:\/\/www.w3.org\/2000\/svg\"><path d=\"M173.898 439.404l-166.4-166.4c-9.997-9.997-9.997-26.206 0-36.204l36.203-36.204c9.997-9.998 26.207-9.998 36.204 0L192 312.69 432.095 72.596c9.997-9.997 26.207-9.997 36.204 0l36.203 36.204c9.997 9.997 9.997 26.206 0 36.204l-294.4 294.401c-9.998 9.997-26.207 9.997-36.204-.001z\"><\/path><\/svg>\t\t\t\t\t\t<\/span>\n\t\t\t\t\t\t\t\t\t\t<span class=\"elementor-icon-list-text\">Rendszeres karbantart\u00e1s, hossz\u00fa t\u00e1v\u00fa m\u0171k\u00f6d\u0151k\u00e9pess\u00e9g.<\/span>\n\t\t\t\t\t\t\t\t\t<\/li>\n\t\t\t\t\t\t<\/ul>\n\t\t\t\t\t\t<\/div>\n\t\t\t\t<div class=\"elementor-element elementor-element-76e3b84 elementor-widget elementor-widget-image\" data-id=\"76e3b84\" data-element_type=\"widget\" data-e-type=\"widget\" data-widget_type=\"image.default\">\n\t\t\t\t\t\t\t\t\t\t\t\t\t\t\t<img decoding=\"async\" width=\"800\" height=\"450\" src=\"https:\/\/tzsvtav.com\/wp-content\/uploads\/2024\/08\/16DD1386-AB43-4944-A358-652DE9267C0F_1_105_c-1024x576.jpeg\" class=\"attachment-large size-large wp-image-6808\" alt=\"TZSVTAV-LED b\u00e9rl\u00e9s-gy\u00e1rt\u00e1s\" srcset=\"https:\/\/tzsvtav.com\/wp-content\/uploads\/2024\/08\/16DD1386-AB43-4944-A358-652DE9267C0F_1_105_c-1024x576.jpeg 1024w, https:\/\/tzsvtav.com\/wp-content\/uploads\/2024\/08\/16DD1386-AB43-4944-A358-652DE9267C0F_1_105_c-300x169.jpeg 300w, https:\/\/tzsvtav.com\/wp-content\/uploads\/2024\/08\/16DD1386-AB43-4944-A358-652DE9267C0F_1_105_c-768x432.jpeg 768w, https:\/\/tzsvtav.com\/wp-content\/uploads\/2024\/08\/16DD1386-AB43-4944-A358-652DE9267C0F_1_105_c.jpeg 1182w\" sizes=\"(max-width: 800px) 100vw, 800px\" title=\"\">\t\t\t\t\t\t\t\t\t\t\t\t\t\t\t<\/div>\n\t\t\t\t<div class=\"elementor-element elementor-element-5f5036c elementor-drop-cap-yes elementor-drop-cap-view-default elementor-widget elementor-widget-text-editor\" data-id=\"5f5036c\" data-element_type=\"widget\" data-e-type=\"widget\" data-settings=\"{&quot;drop_cap&quot;:&quot;yes&quot;}\" data-widget_type=\"text-editor.default\">\n\t\t\t\t\t\t\t\t\t<p><b>Amit jav\u00edtunk t\u00f6bbek k\u00f6z\u00f6tt:<\/b><\/p>\n<ul>\n<li>Pixelhiba<\/li>\n<li>IC hiba<\/li>\n<li>Kontakthiba<\/li>\n<li>Szalagk\u00e1belhiba<\/li>\n<li>UTP hiba<\/li>\n<li>T\u00e1pegys\u00e9ghiba<\/li>\n<li>Be\u00e1z\u00e1s<\/li>\n<\/ul>\t\t\t\t\t\t\t\t<\/div>\n\t\t\t\t\t<\/div>\n\t\t\t\t<\/div>\n\t\t<div class=\"elementor-element elementor-element-8a3ecf2 e-flex e-con-boxed e-con e-parent\" data-id=\"8a3ecf2\" data-element_type=\"container\" data-e-type=\"container\">\n\t\t\t\t\t<div class=\"e-con-inner\">\n\t\t<div class=\"elementor-element elementor-element-a1e2715 e-con-full e-flex e-con e-child\" data-id=\"a1e2715\" data-element_type=\"container\" data-e-type=\"container\">\n\t\t\t\t<div class=\"elementor-element elementor-element-d962178 elementor-widget elementor-widget-text-editor\" data-id=\"d962178\" data-element_type=\"widget\" data-e-type=\"widget\" data-widget_type=\"text-editor.default\">\n\t\t\t\t\t\t\t\t\t<p>Az LED fal \u00e9s LED panel szerv\u00edzzel kapcsolatban szakmai szolg\u00e1ltat\u00e1sunk kiemelked\u0151 min\u0151s\u00e9g\u0171 \u00e9s megb\u00edzhat\u00f3 megold\u00e1sokat k\u00edn\u00e1l. Szakter\u00fclet\u00fcnk mag\u00e1ban foglalja az LED falak \u00e9s panelek hibaelh\u00e1r\u00edt\u00e1s\u00e1t, jav\u00edt\u00e1s\u00e1t, karbantart\u00e1s\u00e1t, valamint teljes k\u00f6r\u0171 \u00fczembe helyez\u00e9s\u00e9t. Tapasztalt szakembereink modern eszk\u00f6z\u00f6kkel \u00e9s technol\u00f3gi\u00e1kkal dolgoznak, hogy az eszk\u00f6z\u00f6k optim\u00e1lis teljes\u00edtm\u00e9nyt ny\u00fajtsanak.<\/p><p>Kiemelt figyelmet ford\u00edtunk a gyors \u00e9s pontos hibadiagnosztik\u00e1ra, valamint a tart\u00f3s jav\u00edt\u00e1sokra. Szerviz\u00fcnkben minden t\u00edpus\u00fa LED fal \u00e9s panel kezel\u00e9s\u00e9re felk\u00e9sz\u00fclt\u00fcnk, legyen sz\u00f3 otthoni, ipari vagy kereskedelmi felhaszn\u00e1l\u00e1s\u00fa eszk\u00f6z\u00f6kr\u0151l. Rendszeres karbantart\u00e1si csomagjainkkal hossz\u00fa t\u00e1v\u00fa m\u0171k\u00f6d\u00e9st \u00e9s energiatakar\u00e9koss\u00e1got biztos\u00edtunk.<\/p><p>Vegye fel vel\u00fcnk a kapcsolatot, ha LED-es eszk\u00f6zeivel probl\u00e9m\u00e1ja ad\u00f3dott, vagy szak\u00e9rt\u0151i seg\u00edts\u00e9gre van sz\u00fcks\u00e9ge! Szolg\u00e1ltat\u00e1sunk garanci\u00e1val al\u00e1t\u00e1masztott, \u00e9s \u00fcgyfeleink el\u00e9gedetts\u00e9ge mindig az els\u0151dleges szempont.<\/p>\t\t\t\t\t\t\t\t<\/div>\n\t\t\t\t<\/div>\n\t\t\t\t<div class=\"elementor-element elementor-element-02ccc2d elementor-widget-divider--view-line elementor-widget elementor-widget-divider\" data-id=\"02ccc2d\" data-element_type=\"widget\" data-e-type=\"widget\" data-widget_type=\"divider.default\">\n\t\t\t\t\t\t\t<div class=\"elementor-divider\">\n\t\t\t<span class=\"elementor-divider-separator\">\n\t\t\t\t\t\t<\/span>\n\t\t<\/div>\n\t\t\t\t\t\t<\/div>\n\t\t\t\t\t<\/div>\n\t\t\t\t<\/div>\n\t\t<div class=\"elementor-element elementor-element-fdbcfec e-flex e-con-boxed e-con e-parent\" data-id=\"fdbcfec\" data-element_type=\"container\" data-e-type=\"container\">\n\t\t\t\t\t<div class=\"e-con-inner\">\n\t\t\t\t<div class=\"elementor-element elementor-element-d7907ec elementor-widget elementor-widget-heading\" data-id=\"d7907ec\" data-element_type=\"widget\" data-e-type=\"widget\" data-widget_type=\"heading.default\">\n\t\t\t\t\t<h2 class=\"elementor-heading-title elementor-size-default\">Aj\u00e1nlatk\u00e9r\u00e9s:<\/h2>\t\t\t\t<\/div>\n\t\t\t\t\t<\/div>\n\t\t\t\t<\/div>\n\t\t<div class=\"elementor-element elementor-element-57bcff9 e-flex e-con-boxed e-con e-parent\" data-id=\"57bcff9\" data-element_type=\"container\" data-e-type=\"container\" data-settings=\"{&quot;background_background&quot;:&quot;classic&quot;}\">\n\t\t\t\t\t<div class=\"e-con-inner\">\n\t\t\t\t<div class=\"elementor-element elementor-element-b349f46 elementor-widget elementor-widget-text-editor\" data-id=\"b349f46\" data-element_type=\"widget\" data-e-type=\"widget\" data-widget_type=\"text-editor.default\">\n\t\t\t\t\t\t\t\t\t<section class=\"elementor-section elementor-top-section elementor-element elementor-element-0eb5025 elementor-section-boxed elementor-section-height-default elementor-section-height-default\" data-id=\"0eb5025\" data-element_type=\"section\"><div class=\"elementor-container elementor-column-gap-default\"><div class=\"elementor-column elementor-col-100 elementor-top-column elementor-element elementor-element-a04ba75\" data-id=\"a04ba75\" data-element_type=\"column\"><div class=\"elementor-widget-wrap elementor-element-populated\"><div class=\"elementor-element elementor-element-09f9f53 animated-slow elementor-widget elementor-widget-heading animated fadeInUp\" data-id=\"09f9f53\" data-element_type=\"widget\" data-settings=\"{&quot;_animation&quot;:&quot;fadeInUp&quot;}\" data-widget_type=\"heading.default\"><div class=\"elementor-widget-container\"><h2 class=\"elementor-heading-title elementor-size-default\">LED-FAL SZERVIZ<\/h2><\/div><\/div><div class=\"elementor-element elementor-element-0386871 animated-slow elementor-widget elementor-widget-text-editor animated fadeInUp\" data-id=\"0386871\" data-element_type=\"widget\" data-settings=\"{&quot;_animation&quot;:&quot;fadeInUp&quot;}\" data-widget_type=\"text-editor.default\"><div class=\"elementor-widget-container\"><\/div><\/div><\/div><\/div><\/div><\/section><section class=\"elementor-section elementor-top-section elementor-element elementor-element-8cad817 animated-slow elementor-section-boxed elementor-section-height-default elementor-section-height-default animated fadeInUp\" data-id=\"8cad817\" data-element_type=\"section\" data-settings=\"{&quot;animation&quot;:&quot;fadeInUp&quot;,&quot;animation_delay&quot;:500}\"><div class=\"elementor-container elementor-column-gap-default\"><div class=\"elementor-column elementor-col-100 elementor-top-column elementor-element elementor-element-0f71589\" data-id=\"0f71589\" data-element_type=\"column\"><div class=\"elementor-widget-wrap elementor-element-populated\"><div class=\"elementor-element elementor-element-fe92386 elementor-widget elementor-widget-text-editor\" data-id=\"fe92386\" data-element_type=\"widget\" data-widget_type=\"text-editor.default\"><div class=\"elementor-widget-container\"><p data-sourcepos=\"29:1-29:40\"><strong>LED-falak teljes k\u00f6r\u0171 kiszolg\u00e1l\u00e1sa:<\/strong><\/p><ul data-sourcepos=\"31:1-33:29\"><li data-sourcepos=\"31:1-31:85\"><strong>Telep\u00edt\u00e9s \u00e9s integr\u00e1ci\u00f3:<\/strong><span> \u00daj rendszerek telep\u00edt\u00e9se,<\/span><span> megl\u00e9v\u0151 rendszerek b\u0151v\u00edt\u00e9se.<\/span><\/li><li data-sourcepos=\"32:1-32:80\"><strong>Karbantart\u00e1s \u00e9s szerviz:<\/strong><span> Rendszeres ellen\u0151rz\u00e9s,<\/span><span> hibaelh\u00e1r\u00edt\u00e1s,<\/span><span> kalibr\u00e1l\u00e1s.<\/span><\/li><li data-sourcepos=\"33:1-33:29\"><strong>Tan\u00e1csad\u00e1s \u00e9s tervez\u00e9s:<\/strong><span> Egyedi megold\u00e1sok,<\/span><span> m\u0171szaki dokument\u00e1ci\u00f3.<\/span><\/li><li data-sourcepos=\"34:1-35:0\"><strong>Oktat\u00e1s \u00e9s t\u00e1mogat\u00e1s:<\/strong><span> Felhaszn\u00e1l\u00f3i k\u00e9pz\u00e9s,<\/span><span> t\u00e1voli t\u00e1mogat\u00e1s.<\/span><\/li><\/ul><p data-sourcepos=\"36:1-36:82\"><strong>B\u00edzza r\u00e1nk LED-fal\u00e1t, mi gondoskodunk r\u00f3la, hogy mindig t\u00f6k\u00e9letesen m\u0171k\u00f6dj\u00f6n!<\/strong><\/p><\/div><\/div><\/div><\/div><\/div><\/section>\t\t\t\t\t\t\t\t<\/div>\n\t\t\t\t\t<\/div>\n\t\t\t\t<\/div>\n\t\t<div class=\"elementor-element elementor-element-0d8cf97 e-flex e-con-boxed e-con e-parent\" data-id=\"0d8cf97\" data-element_type=\"container\" data-e-type=\"container\" data-settings=\"{&quot;background_background&quot;:&quot;video&quot;,&quot;background_video_link&quot;:&quot;https:\\\/\\\/youtu.be\\\/Xalu_Whl4Uc&quot;}\">\n\t\t\t\t\t<div class=\"e-con-inner\">\n\t\t<div class=\"elementor-background-video-container elementor-hidden-mobile\">\n\t\t\t\t\t\t\t<div class=\"elementor-background-video-embed\" role=\"presentation\"><\/div>\n\t\t\t\t\t\t<\/div>\t\t<div class=\"elementor-element elementor-element-fe532b9 elementor-widget__width-auto elementor-widget elementor-widget-wpforms\" data-id=\"fe532b9\" data-element_type=\"widget\" data-e-type=\"widget\" data-widget_type=\"wpforms.default\">\n\t\t\t\t<div class=\"elementor-widget-container\">\n\t\t\t\t\t<style id=\"wpforms-css-vars-elementor-widget-fe532b9\">\n\t\t\t\t.elementor-widget-wpforms.elementor-element-fe532b9 {\n\t\t\t\t--wpforms-field-border-color: #cccccc;\n--wpforms-field-border-color-spare: #cccccc;\n--wpforms-field-text-color: #444444;\n--wpforms-label-color: #262626;\n--wpforms-label-sublabel-color: #EEE7E7;\n--wpforms-label-error-color: #ff0000;\n--wpforms-button-border-style: solid;\n--wpforms-button-background-color: #dddddd;\n--wpforms-button-border-color: #cccccc;\n--wpforms-button-text-color: #666666;\n--wpforms-page-break-color: #dddddd;\n\t\t\t}\n\t\t\t<\/style><div class=\"wpforms-container wpforms-container-full wpforms-render-modern\" id=\"wpforms-6707\"><form id=\"wpforms-form-6707\" class=\"wpforms-validate wpforms-form wpforms-ajax-form\" data-formid=\"6707\" method=\"post\" enctype=\"multipart\/form-data\" action=\"\/en\/wp-json\/wp\/v2\/pages\/6696\" data-token=\"1294a1dfda04d9e4df4708bb118b558b\" data-token-time=\"1775341053\"><noscript class=\"wpforms-error-noscript\">Please enable JavaScript in your browser to complete this form.<\/noscript><div id=\"wpforms-error-noscript\" style=\"display: none;\">Please enable JavaScript in your browser to complete this form.<\/div><div class=\"wpforms-field-container\"><div id=\"wpforms-6707-field_1-container\" class=\"wpforms-field wpforms-field-name\" data-field-id=\"1\"><label class=\"wpforms-field-label\" for=\"wpforms-6707-field_1\">N\u00e9v <span class=\"wpforms-required-label\" aria-hidden=\"true\">*<\/span><\/label><input type=\"text\" id=\"wpforms-6707-field_1\" class=\"wpforms-field-medium wpforms-field-required\" name=\"wpforms[fields][1]\" aria-errormessage=\"wpforms-6707-field_1-error\" required><\/div><div id=\"wpforms-6707-field_2-container\" class=\"wpforms-field wpforms-field-email\" data-field-id=\"2\"><label class=\"wpforms-field-label\" for=\"wpforms-6707-field_2\">Email <span class=\"wpforms-required-label\" aria-hidden=\"true\">*<\/span><\/label><input type=\"email\" id=\"wpforms-6707-field_2\" class=\"wpforms-field-medium wpforms-field-required\" name=\"wpforms[fields][2]\" spellcheck=\"false\" aria-errormessage=\"wpforms-6707-field_2-error\" required><\/div>\t\t<div id=\"wpforms-6707-field_4-container\"\n\t\t\tclass=\"wpforms-field wpforms-field-text\"\n\t\t\tdata-field-type=\"text\"\n\t\t\tdata-field-id=\"4\"\n\t\t\t>\n\t\t\t<label class=\"wpforms-field-label\" for=\"wpforms-6707-field_4\" >le\u00edr\u00e1sa Email Hiba<\/label>\n\t\t\t<input type=\"text\" id=\"wpforms-6707-field_4\" class=\"wpforms-field-medium\" name=\"wpforms[fields][4]\" >\n\t\t<\/div>\n\t\t<div id=\"wpforms-6707-field_3-container\" class=\"wpforms-field wpforms-field-textarea\" data-field-id=\"3\"><label class=\"wpforms-field-label\" for=\"wpforms-6707-field_3\">Hiba le\u00edr\u00e1sa <span class=\"wpforms-required-label\" aria-hidden=\"true\">*<\/span><\/label><textarea id=\"wpforms-6707-field_3\" class=\"wpforms-field-medium wpforms-field-required\" name=\"wpforms[fields][3]\" aria-errormessage=\"wpforms-6707-field_3-error\" required><\/textarea><\/div><script>\n\t\t\t\t( function() {\n\t\t\t\t\tconst style = document.createElement( 'style' );\n\t\t\t\t\tstyle.appendChild( document.createTextNode( '#wpforms-6707-field_4-container { position: absolute !important; overflow: hidden !important; display: inline !important; height: 1px !important; width: 1px !important; z-index: -1000 !important; padding: 0 !important; } #wpforms-6707-field_4-container input { visibility: hidden; } #wpforms-conversational-form-page #wpforms-6707-field_4-container label { counter-increment: none; }' ) );\n\t\t\t\t\tdocument.head.appendChild( style );\n\t\t\t\t\tdocument.currentScript?.remove();\n\t\t\t\t} )();\n\t\t\t<\/script><\/div><!-- .wpforms-field-container --><div class=\"wpforms-submit-container\" ><input type=\"hidden\" name=\"wpforms[id]\" value=\"6707\"><input type=\"hidden\" name=\"page_title\" value=\"\"><input type=\"hidden\" name=\"page_url\" value=\"https:\/\/tzsvtav.com\/en\/wp-json\/wp\/v2\/pages\/6696\"><input type=\"hidden\" name=\"url_referer\" value=\"\"><button type=\"submit\" name=\"wpforms[submit]\" id=\"wpforms-submit-6707\" class=\"wpforms-submit\" data-alt-text=\"elk\u00fcldve...\" data-submit-text=\"K\u00fcld\u00e9s\" aria-live=\"assertive\" value=\"wpforms-submit\">K\u00fcld\u00e9s<\/button><img decoding=\"async\" src=\"https:\/\/tzsvtav.com\/wp-content\/plugins\/wpforms\/assets\/images\/submit-spin.svg\" class=\"wpforms-submit-spinner\" style=\"display: none;\" width=\"26\" height=\"26\" alt=\"Loading\" title=\"\"><\/div><\/form><\/div>  <!-- .wpforms-container -->\t\t\t\t<\/div>\n\t\t\t\t<\/div>\n\t\t\t\t\t<\/div>\n\t\t\t\t<\/div>\n\t\t<div class=\"elementor-element elementor-element-70e0d4c e-flex e-con-boxed e-con e-parent\" data-id=\"70e0d4c\" data-element_type=\"container\" data-e-type=\"container\">\n\t\t\t\t\t<div class=\"e-con-inner\">\n\t\t\t\t<div class=\"elementor-element elementor-element-77ecde5 elementor-widget elementor-widget-image\" data-id=\"77ecde5\" data-element_type=\"widget\" data-e-type=\"widget\" data-widget_type=\"image.default\">\n\t\t\t\t\t\t\t\t\t\t\t\t\t\t\t<img loading=\"lazy\" decoding=\"async\" width=\"800\" height=\"450\" src=\"https:\/\/tzsvtav.com\/wp-content\/uploads\/2025\/02\/F36D4149-0344-4AD6-A5BB-D9F6DF4EAEEF_1_105_c-1024x576.jpeg\" class=\"attachment-large size-large wp-image-7272\" alt=\"TZSVTAV-LED b\u00e9rl\u00e9s-gy\u00e1rt\u00e1s\" srcset=\"https:\/\/tzsvtav.com\/wp-content\/uploads\/2025\/02\/F36D4149-0344-4AD6-A5BB-D9F6DF4EAEEF_1_105_c-1024x576.jpeg 1024w, https:\/\/tzsvtav.com\/wp-content\/uploads\/2025\/02\/F36D4149-0344-4AD6-A5BB-D9F6DF4EAEEF_1_105_c-300x169.jpeg 300w, https:\/\/tzsvtav.com\/wp-content\/uploads\/2025\/02\/F36D4149-0344-4AD6-A5BB-D9F6DF4EAEEF_1_105_c-768x432.jpeg 768w, https:\/\/tzsvtav.com\/wp-content\/uploads\/2025\/02\/F36D4149-0344-4AD6-A5BB-D9F6DF4EAEEF_1_105_c.jpeg 1182w\" sizes=\"(max-width: 800px) 100vw, 800px\" title=\"\">\t\t\t\t\t\t\t\t\t\t\t\t\t\t\t<\/div>\n\t\t\t\t\t<\/div>\n\t\t\t\t<\/div>\n\t\t<div class=\"elementor-element elementor-element-4666691 e-con-full e-flex e-con e-parent\" data-id=\"4666691\" data-element_type=\"container\" data-e-type=\"container\" data-settings=\"{&quot;background_background&quot;:&quot;video&quot;,&quot;background_video_link&quot;:&quot;https:\\\/\\\/youtu.be\\\/Xalu_Whl4Uc&quot;}\">\n\t\t<div class=\"elementor-background-video-container elementor-hidden-mobile\">\n\t\t\t\t\t\t\t<div class=\"elementor-background-video-embed\" role=\"presentation\"><\/div>\n\t\t\t\t\t\t<\/div>\t\t<div class=\"elementor-element elementor-element-0b1a93e elementor-widget elementor-widget-elementskit-video\" data-id=\"0b1a93e\" data-element_type=\"widget\" data-e-type=\"widget\" data-widget_type=\"elementskit-video.default\">\n\t\t\t\t<div class=\"elementor-widget-container\">\n\t\t\t\t\t<div class=\"ekit-wid-con\" >\t\t<div class=\"video-content\" data-video-player=\"[]\" data-video-setting=\"{&quot;videoVolume&quot;:&quot;horizontal&quot;,&quot;startVolume&quot;:0.8,&quot;videoType&quot;:&quot;iframe&quot;,&quot;videoClass&quot;:&quot;mfp-fade&quot;,&quot;popupIcon&quot;:{&quot;value&quot;:&quot;icon icon-cancel&quot;,&quot;library&quot;:&quot;ekiticons&quot;},&quot;videoStyle&quot;:&quot;popup&quot;,&quot;videoTypeName&quot;:&quot;youtube&quot;,&quot;autoplay&quot;:true,&quot;muted&quot;:true,&quot;loop&quot;:true}\">\n\t\t\t\n<a class=\"ekit_icon_button glow-ripple ekit-video-popup ekit-video-popup-btn\" href=\"https:\/\/www.youtube.com\/embed\/Xalu_Whl4Uc?playlist=Xalu_Whl4Uc&amp;mute=1&amp;autoplay=1&amp;loop=1&amp;controls=0&amp;start=0&amp;end=\" aria-label=\"video-popup\" target=\"_blank\" rel=\"noopener\">\n\t\t\t\t<i aria-hidden=\"true\" class=\"icon icon-play\"><\/i>\t\t\n\t\t\t<\/a>\n\t\t\t\t\t<\/div>\n\t\t<\/div>\t\t\t\t<\/div>\n\t\t\t\t<\/div>\n\t\t\t\t<\/div>\n\t\t\t\t<\/div>\n\t\t","protected":false},"excerpt":{"rendered":"<p>LED-szerv\u00edz F\u00f3kusz az \u00fcgyf\u00e9l el\u00e9gedetts\u00e9gen \u00e9s a gyors szolg\u00e1ltat\u00e1son C\u00e9g\u00fcnk GKGD modul szerv\u00edz.LED-kijelz\u0151id megb\u00edzhat\u00f3 kezekben. Gyors, prec\u00edz jav\u00edt\u00e1s, eredeti alkatr\u00e9szekkel. B\u00e1rmilyen t\u00edpus\u00fa LED-kijelz\u0151vel kapcsolatban sz\u00e1m\u00edthatsz r\u00e1nk, legyen sz\u00f3 garanci\u00e1lis vagy garanci\u00e1n t\u00fali probl\u00e9m\u00e1r\u00f3l. Szak\u00e9rt\u0151 csapatunk pixelhib\u00e1kt\u00f3l kezdve komplex elektronikai meghib\u00e1sod\u00e1sokig minden probl\u00e9m\u00e1t megold. Rendszeres karbantart\u00e1ssal meghosszabb\u00edthatod kijelz\u0151d \u00e9lettartam\u00e1t \u00e9s biztos\u00edthatod zavartalan m\u0171k\u00f6d\u00e9s\u00e9t Gyorsas\u00e1g, precizit\u00e1s, minden [&hellip;]<\/p>\n","protected":false},"author":1,"featured_media":15183,"parent":0,"menu_order":0,"comment_status":"closed","ping_status":"closed","template":"","meta":{"googlesitekit_rrm_CAowr62iDA:productID":"","_eb_attr":"","_uf_show_specific_survey":0,"_uf_disable_surveys":false,"_themeisle_gutenberg_block_has_review":false,"footnotes":""},"class_list":["post-6696","page","type-page","status-publish","has-post-thumbnail","hentry"],"jetpack_sharing_enabled":true,"_links":{"self":[{"href":"https:\/\/tzsvtav.com\/en\/wp-json\/wp\/v2\/pages\/6696","targetHints":{"allow":["GET"]}}],"collection":[{"href":"https:\/\/tzsvtav.com\/en\/wp-json\/wp\/v2\/pages"}],"about":[{"href":"https:\/\/tzsvtav.com\/en\/wp-json\/wp\/v2\/types\/page"}],"author":[{"embeddable":true,"href":"https:\/\/tzsvtav.com\/en\/wp-json\/wp\/v2\/users\/1"}],"replies":[{"embeddable":true,"href":"https:\/\/tzsvtav.com\/en\/wp-json\/wp\/v2\/comments?post=6696"}],"version-history":[{"count":0,"href":"https:\/\/tzsvtav.com\/en\/wp-json\/wp\/v2\/pages\/6696\/revisions"}],"wp:featuredmedia":[{"embeddable":true,"href":"https:\/\/tzsvtav.com\/en\/wp-json\/wp\/v2\/media\/15183"}],"wp:attachment":[{"href":"https:\/\/tzsvtav.com\/en\/wp-json\/wp\/v2\/media?parent=6696"}],"curies":[{"name":"wp","href":"https:\/\/api.w.org\/{rel}","templated":true}]}}