{"id":15407,"date":"2025-08-06T11:19:31","date_gmt":"2025-08-06T10:19:31","guid":{"rendered":"https:\/\/tzsvtav.com\/?page_id=15407"},"modified":"2026-02-14T17:07:22","modified_gmt":"2026-02-14T16:07:22","slug":"aru-visszakuldesi-szabalyzat-cegeknek","status":"publish","type":"page","link":"https:\/\/tzsvtav.com\/en\/aru-visszakuldesi-szabalyzat-cegeknek\/","title":{"rendered":"\u00c1r\u00fa visszak\u00fcld\u00e9si szab\u00e1lyzat C\u00e9geknek"},"content":{"rendered":"\t\t<div data-elementor-type=\"wp-page\" data-elementor-id=\"15407\" class=\"elementor elementor-15407\" data-elementor-post-type=\"page\">\n\t\t\t\t<div class=\"elementor-element elementor-element-1f9aefd0 e-flex e-con-boxed e-con e-parent\" data-id=\"1f9aefd0\" data-element_type=\"container\" data-e-type=\"container\" data-settings=\"{&quot;background_background&quot;:&quot;classic&quot;}\">\n\t\t\t\t\t<div class=\"e-con-inner\">\n\t\t\t\t<div class=\"elementor-element elementor-element-1848bcb3 elementor-widget elementor-widget-text-editor\" data-id=\"1848bcb3\" data-element_type=\"widget\" data-e-type=\"widget\" data-widget_type=\"text-editor.default\">\n\t\t\t\t\t\t\t\t\t\n<div id=\"wp-block-themeisle-blocks-advanced-columns-3a4c4a2a\" class=\"wp-block-themeisle-blocks-advanced-columns has-1-columns has-desktop-equal-layout has-tablet-equal-layout has-mobile-equal-layout has-vertical-unset\"><div class=\"wp-block-themeisle-blocks-advanced-columns-overlay\"><\/div><div class=\"innerblocks-wrap\">\n<div id=\"wp-block-themeisle-blocks-advanced-column-5cef48c9\" class=\"wp-block-themeisle-blocks-advanced-column\"><\/div>\n<\/div><\/div>\n\n\n\n<p>A jelen \u00c1ru visszak\u00fcld\u00e9si szab\u00e1lyzat c\u00e9geknek (a tov\u00e1bbiakban: &#8220;Szab\u00e1lyzat&#8221;) a TZSVTBand Kft. (a tov\u00e1bbiakban: &#8220;Szolg\u00e1ltat\u00f3&#8221;) \u00e1ltal forgalmazott term\u00e9kek c\u00e9gek \u00e1ltali visszak\u00fcld\u00e9s\u00e9nek felt\u00e9teleit hat\u00e1rozza meg.<\/p>\n\n\n\n<p>2. A Szab\u00e1lyzat hat\u00e1lya<\/p>\n\n\n\n<p>A Szab\u00e1lyzat kiz\u00e1r\u00f3lag c\u00e9gekre (a tov\u00e1bbiakban: &#8220;V\u00e1s\u00e1rl\u00f3&#8221;) terjed ki, akik a Szolg\u00e1ltat\u00f3t\u00f3l term\u00e9keket v\u00e1s\u00e1rolnak. A mag\u00e1nszem\u00e9lyekre vonatkoz\u00f3 visszak\u00fcld\u00e9si szab\u00e1lyzatot a Szolg\u00e1ltat\u00f3 k\u00fcl\u00f6n dokumentumban teszi k\u00f6zz\u00e9.<\/p>\n\n\n\n<p>3. A visszak\u00fcld\u00e9s felt\u00e9telei<\/p>\n\n\n\n<p>A V\u00e1s\u00e1rl\u00f3 jogosult a Szolg\u00e1ltat\u00f3t\u00f3l v\u00e1s\u00e1rolt term\u00e9ket indokl\u00e1s n\u00e9lk\u00fcl el\u00e1ll\u00edtani a v\u00e1s\u00e1rl\u00e1st\u00f3l a term\u00e9k k\u00e9zhez v\u00e9tel\u00e9t\u0151l sz\u00e1m\u00edtott 14 napon bel\u00fcl. A V\u00e1s\u00e1rl\u00f3 ezen jog\u00e1t \u00edr\u00e1sban gyakorolhatja a Szolg\u00e1ltat\u00f3 r\u00e9sz\u00e9re eljuttatott el\u00e1ll\u00e1si nyilatkozat \u00fatj\u00e1n (a el\u00e1ll\u00e1si nyilatkozat minta a Szab\u00e1lyzat mell\u00e9klet\u00e9t k\u00e9pezi).<\/p>\n\n\n\n<p>A V\u00e1s\u00e1rl\u00f3 k\u00f6teles a term\u00e9ket a el\u00e1ll\u00e1st\u00f3l sz\u00e1m\u00edtott 14 napon bel\u00fcl visszak\u00fcldeni a Szolg\u00e1ltat\u00f3 r\u00e9sz\u00e9re. A term\u00e9k visszak\u00fcld\u00e9s\u00e9nek k\u00f6zvetlen k\u00f6lts\u00e9ge a V\u00e1s\u00e1rl\u00f3t terheli.<\/p>\n\n\n\n<p>A Szolg\u00e1ltat\u00f3 k\u00f6teles a V\u00e1s\u00e1rl\u00f3 \u00e1ltal kifizetett \u00f6sszeget halad\u00e9ktalanul, de legk\u00e9s\u0151bb a term\u00e9k visszak\u00fcld\u00e9s\u00e9t k\u00f6vet\u0151 14 napon bel\u00fcl visszat\u00e9r\u00edteni a V\u00e1s\u00e1rl\u00f3 r\u00e9sz\u00e9re.<\/p>\n\n\n\n<p>4. A visszak\u00fcld\u00e9s m\u00f3dja<\/p>\n\n\n\n<p>A V\u00e1s\u00e1rl\u00f3 a term\u00e9ket a Szolg\u00e1ltat\u00f3 al\u00e1bbi c\u00edm\u00e9re k\u00f6teles visszak\u00fcldeni:<\/p>\n\n\n\n<p>TZSVTBand Kft (TZSVTAV)<\/p>\n\n\n\n<p>1097 Budapest Gubacsi \u00fat 30\/a Hungary<\/p>\n\n\n\n<p>+36 70 7704422<\/p>\n\n\n\n<p>info@tzsvtband.hu<\/p>\n\n\n\n<p>A term\u00e9k visszak\u00fcld\u00e9sekor a V\u00e1s\u00e1rl\u00f3nak mell\u00e9kelnie kell a el\u00e1ll\u00e1si nyilatkozatot, a sz\u00e1ml\u00e1t, \u00e9s a term\u00e9ket eredeti, s\u00e9rtetlen csomagol\u00e1s\u00e1ban.<\/p>\n\n\n\n<p>5. A visszak\u00fcld\u00e9s kiz\u00e1r\u00e1sa<\/p>\n\n\n\n<p>A Szolg\u00e1ltat\u00f3 kiz\u00e1rja a term\u00e9k visszak\u00fcld\u00e9s\u00e9t az al\u00e1bbi esetekben:<\/p>\n\n\n\n<ul class=\"wp-block-list\">\n<li>ha a term\u00e9k s\u00e9r\u00fclt vagy hi\u00e1nyos<\/li>\n\n\n\n<li>ha a term\u00e9k nem eredeti, s\u00e9rtetlen csomagol\u00e1s\u00e1ban van<\/li>\n\n\n\n<li>ha a term\u00e9k haszn\u00e1lati nyomokat mutat<\/li>\n\n\n\n<li>ha a term\u00e9k leplomb\u00e1lt \u00e9s a plomba s\u00e9r\u00fclt<\/li>\n<\/ul>\n\n\n\n<p>6. Z\u00e1r\u00f3 rendelkez\u00e9sek<\/p>\n\n\n\n<p>A jelen Szab\u00e1lyzat a Szolg\u00e1ltat\u00f3 weboldal\u00e1n ([\u00e9rv\u00e9nytelen URL elt\u00e1vol\u00edtva]) \u00e9rhet\u0151 el. A Szab\u00e1lyzat a Szolg\u00e1ltat\u00f3 egyoldal\u00fa d\u00f6nt\u00e9se alapj\u00e1n m\u00f3dos\u00edthat\u00f3. A m\u00f3dos\u00edt\u00e1sok a k\u00f6zz\u00e9t\u00e9telt k\u00f6vet\u0151 napon l\u00e9pnek hat\u00e1lyba.<\/p>\n\n\n\n<p>A Szab\u00e1lyzatra a magyar jog az ir\u00e1nyad\u00f3.<\/p>\n\n\n\n<p>Mell\u00e9klet: El\u00e1ll\u00e1si nyilatkozat minta<\/p>\n\n\n\n<p>El\u00e1ll\u00e1si nyilatkozat minta<\/p>\n\n\n\n<p>(Ez a minta csak t\u00e1j\u00e9koztat\u00f3 jelleg\u0171. A V\u00e1s\u00e1rl\u00f3 jogosult a saj\u00e1t el\u00e1ll\u00e1si nyilatkozatot megfogalmazni.)<\/p>\n\n\n\n<p>C\u00edmzett:<\/p>\n\n\n\n<p>TZSVTBand Kft.<\/p>\n\n\n\n<p>1097 Budapest Gubacsi \u00fat 30\/a Hungary<\/p>\n\n\n\n<p>+36 70 7704422<\/p>\n\n\n\n<p>info@tzsvtband.hu<\/p>\n\n\n\n<p>Alul\u00edrott, ezennel kijelentem, hogy el\u00e1llok a k\u00f6vetkez\u0151 term\u00e9k(ek) v\u00e1s\u00e1rl\u00e1s\u00e1t\u00f3l:<\/p>\n\n\n\n<ul class=\"wp-block-list\">\n<li>Term\u00e9k megnevez\u00e9se: [Term\u00e9k megnevez\u00e9se]<\/li>\n\n\n\n<li>Rendel\u00e9s azonos\u00edt\u00f3ja: [Rendel\u00e9s azonos\u00edt\u00f3ja]<\/li>\n\n\n\n<li>Sz\u00e1mla sz\u00e1ma: [Sz\u00e1mla sz\u00e1ma]<\/li>\n\n\n\n<li>V\u00e1s\u00e1rl\u00e1s d\u00e1tuma: [V\u00e1s\u00e1rl\u00e1s d\u00e1tuma]<\/li>\n<\/ul>\n\n\n\n<p>Kelt: [D\u00e1tum]\n\n\n\n<p>A V\u00e1s\u00e1rl\u00f3 al\u00e1\u00edr\u00e1sa:<\/p>\n\n\n\n[A V\u00e1s\u00e1rl\u00f3 neve]\n\n\n\n[A V\u00e1s\u00e1rl\u00f3 c\u00edme]\n\t\t\t\t\t\t\t\t<\/div>\n\t\t\t\t\t<\/div>\n\t\t\t\t<\/div>\n\t\t\t\t<\/div>\n\t\t","protected":false},"excerpt":{"rendered":"<p>A jelen \u00c1ru visszak\u00fcld\u00e9si szab\u00e1lyzat c\u00e9geknek (a tov\u00e1bbiakban: &#8220;Szab\u00e1lyzat&#8221;) a TZSVTBand Kft. (a tov\u00e1bbiakban: &#8220;Szolg\u00e1ltat\u00f3&#8221;) \u00e1ltal forgalmazott term\u00e9kek c\u00e9gek \u00e1ltali visszak\u00fcld\u00e9s\u00e9nek felt\u00e9teleit hat\u00e1rozza meg. 2. A Szab\u00e1lyzat hat\u00e1lya A Szab\u00e1lyzat kiz\u00e1r\u00f3lag c\u00e9gekre (a tov\u00e1bbiakban: &#8220;V\u00e1s\u00e1rl\u00f3&#8221;) terjed ki, akik a Szolg\u00e1ltat\u00f3t\u00f3l term\u00e9keket v\u00e1s\u00e1rolnak. A mag\u00e1nszem\u00e9lyekre vonatkoz\u00f3 visszak\u00fcld\u00e9si szab\u00e1lyzatot a Szolg\u00e1ltat\u00f3 k\u00fcl\u00f6n dokumentumban teszi k\u00f6zz\u00e9. 3. A [&hellip;]<\/p>\n","protected":false},"author":1,"featured_media":0,"parent":0,"menu_order":0,"comment_status":"closed","ping_status":"closed","template":"","meta":{"googlesitekit_rrm_CAowr62iDA:productID":"","_eb_attr":"","_uf_show_specific_survey":0,"_uf_disable_surveys":false,"_themeisle_gutenberg_block_has_review":false,"footnotes":""},"class_list":["post-15407","page","type-page","status-publish","hentry"],"jetpack_sharing_enabled":true,"_links":{"self":[{"href":"https:\/\/tzsvtav.com\/en\/wp-json\/wp\/v2\/pages\/15407","targetHints":{"allow":["GET"]}}],"collection":[{"href":"https:\/\/tzsvtav.com\/en\/wp-json\/wp\/v2\/pages"}],"about":[{"href":"https:\/\/tzsvtav.com\/en\/wp-json\/wp\/v2\/types\/page"}],"author":[{"embeddable":true,"href":"https:\/\/tzsvtav.com\/en\/wp-json\/wp\/v2\/users\/1"}],"replies":[{"embeddable":true,"href":"https:\/\/tzsvtav.com\/en\/wp-json\/wp\/v2\/comments?post=15407"}],"version-history":[{"count":0,"href":"https:\/\/tzsvtav.com\/en\/wp-json\/wp\/v2\/pages\/15407\/revisions"}],"wp:attachment":[{"href":"https:\/\/tzsvtav.com\/en\/wp-json\/wp\/v2\/media?parent=15407"}],"curies":[{"name":"wp","href":"https:\/\/api.w.org\/{rel}","templated":true}]}}