{"id":15405,"date":"2025-08-23T20:00:43","date_gmt":"2025-08-23T19:00:43","guid":{"rendered":"https:\/\/tzsvtav.com\/?page_id=15405"},"modified":"2025-11-23T19:01:38","modified_gmt":"2025-11-23T18:01:38","slug":"led-kijelzo-meret-szimulator","status":"publish","type":"page","link":"https:\/\/tzsvtav.com\/en\/led-kijelzo-meret-szimulator\/","title":{"rendered":"Install LED fal m\u00e9ret szimul\u00e1tor"},"content":{"rendered":"<div data-elementor-type=\"wp-page\" data-elementor-id=\"15405\" class=\"elementor elementor-15405\" data-elementor-post-type=\"page\">\n\t\t\t\t<div class=\"elementor-element elementor-element-4ba2b1b4 e-flex e-con-boxed e-con e-parent\" data-id=\"4ba2b1b4\" data-element_type=\"container\" data-e-type=\"container\" data-settings=\"{&quot;background_background&quot;:&quot;classic&quot;}\">\n\t\t\t\t\t<div class=\"e-con-inner\">\n\t\t\t\t<div class=\"elementor-element elementor-element-229504a elementor-widget elementor-widget-text-editor\" data-id=\"229504a\" data-element_type=\"widget\" data-e-type=\"widget\" data-widget_type=\"text-editor.default\">\n\t\t\t\t\t\t\t\t\t<hr \/>\n<h2>Tervezze meg a t\u00f6k\u00e9letes LED falat: M\u00e9ret Szimul\u00e1tor<\/h2>\n<p>Ne b\u00edzza a v\u00e9letlenre a vizu\u00e1lis \u00e9lm\u00e9nyt! Tudja pontosan, mekkora LED falra van sz\u00fcks\u00e9ge <b>320&#215;160 mm-es modulokb\u00f3l \u00e1ll\u00f3 fix install\u00e1ci\u00f3j\u00e1hoz<\/b>.<\/p>\n<p><b>M\u00e9ret Szimul\u00e1torunk<\/b> seg\u00edts\u00e9g\u00e9vel k\u00f6nnyed\u00e9n k\u00eds\u00e9rletezhet azzal, hogy az adott modulokb\u00f3l h\u00e1ny darabot kell v\u00edzszintesen \u00e9s f\u00fcgg\u0151legesen be\u00e9p\u00edtenie a k\u00edv\u00e1nt v\u00e9gs\u0151 m\u00e9ret \u00e9s <b>felbont\u00e1s<\/b> el\u00e9r\u00e9s\u00e9hez. Gy\u0151z\u0151dj\u00f6n meg r\u00f3la, hogy a megtervezett LED fal megfelel-e az optim\u00e1lis <b>n\u00e9z\u00e9si t\u00e1vols\u00e1gnak<\/b> \u00e9s a rendelkez\u00e9sre \u00e1ll\u00f3 t\u00e9rnek!<\/p>\n<h2><b>P\u00e1r kattint\u00e1s, \u00e9s m\u00e1ris l\u00e1thatja, milyen vizu\u00e1lis hat\u00e1st \u00e9rhet el a telep\u00edtett fallal!<\/b> Kezdje el a tervez\u00e9st most!<\/h2>\t\t\t\t\t\t\t\t<\/div>\n\t\t\t\t<div class=\"elementor-element elementor-element-405b6bf elementor-widget elementor-widget-shortcode\" data-id=\"405b6bf\" data-element_type=\"widget\" data-e-type=\"widget\" data-widget_type=\"shortcode.default\">\n\t\t\t\t\t\t\t<div class=\"elementor-shortcode\">    <div class=\"tzsvtav-szimulator-container\">\n        <h2>LED Fal M\u00e9ret Szimul\u00e1tor<\/h2>\n        <p>Adja meg, h\u00e1ny modulb\u00f3l \u00e1lljon a LED fal. A modulok m\u00e9rete <strong>320x160 mm<\/strong>.<\/p>\n        \n        <div id=\"szimulator-form\">\n            <div class=\"form-group\">\n                <label for=\"modul_szelesseg\">Modulok sz\u00e1ma sz\u00e9less\u00e9gben:<\/label>\n                <input type=\"number\" id=\"modul_szelesseg\" name=\"modul_szelesseg\" min=\"1\" value=\"1\" required>\n            <\/div>\n            <div class=\"form-group\">\n                <label for=\"modul_magassag\">Modulok sz\u00e1ma magass\u00e1gban:<\/label>\n                <input type=\"number\" id=\"modul_magassag\" name=\"modul_magassag\" min=\"1\" value=\"1\" required>\n            <\/div>\n            <div class=\"form-group\">\n                <label for=\"pixel_pitch\">V\u00e1lasszon pixels\u0171r\u0171s\u00e9get (Pixel Pitch):<\/label>\n                <select id=\"pixel_pitch\" name=\"pixel_pitch\">\n                    <option value=\"1.25\">P1.25<\/option>\n                    <option value=\"1.5\">P1.5<\/option>\n                    <option value=\"1.9\">P1.9<\/option>\n                    <option value=\"2.5\" selected>P2.5<\/option>\n                    <option value=\"3\">P3<\/option>\n                    <option value=\"3.9\">P3.9<\/option>\n                    <option value=\"4\">P4<\/option>\n                    <option value=\"4.8\">P4.8<\/option>\n                    <option value=\"5\">P5<\/option>\n                <\/select>\n            <\/div>\n            <button id=\"calculate-button\" type=\"button\">Sz\u00e1mol\u00e1s<\/button>\n        <\/div>\n        \n        <div id=\"result-container\" class=\"result-container\">\n            <!-- Az eredm\u00e9nyek ide ker\u00fclnek be a JavaScript seg\u00edts\u00e9g\u00e9vel -->\n        <\/div>\n        \n        <p class=\"disclaimer\">A megjelen\u00edtett vizu\u00e1lis fal a val\u00f3s ar\u00e1nyokhoz hasonl\u00f3, de nem m\u00e9retar\u00e1nyos reprezent\u00e1ci\u00f3.<\/p>\n    <\/div>\n    <\/div>\n\t\t\t\t\t\t<\/div>\n\t\t\t\t\t<\/div>\n\t\t\t\t<\/div>\n\t\t\t\t<\/div>","protected":false},"excerpt":{"rendered":"<p>Tervezze meg a t\u00f6k\u00e9letes LED falat: M\u00e9ret Szimul\u00e1tor Ne b\u00edzza a v\u00e9letlenre a vizu\u00e1lis \u00e9lm\u00e9nyt! Tudja pontosan, mekkora LED falra van sz\u00fcks\u00e9ge 320&#215;160 mm-es modulokb\u00f3l \u00e1ll\u00f3 fix install\u00e1ci\u00f3j\u00e1hoz. M\u00e9ret Szimul\u00e1torunk seg\u00edts\u00e9g\u00e9vel k\u00f6nnyed\u00e9n k\u00eds\u00e9rletezhet azzal, hogy az adott modulokb\u00f3l h\u00e1ny darabot kell v\u00edzszintesen \u00e9s f\u00fcgg\u0151legesen be\u00e9p\u00edtenie a k\u00edv\u00e1nt v\u00e9gs\u0151 m\u00e9ret \u00e9s felbont\u00e1s el\u00e9r\u00e9s\u00e9hez. Gy\u0151z\u0151dj\u00f6n meg r\u00f3la, [&hellip;]<\/p>\n","protected":false},"author":1,"featured_media":0,"parent":0,"menu_order":0,"comment_status":"closed","ping_status":"closed","template":"","meta":{"googlesitekit_rrm_CAowr62iDA:productID":"","_eb_attr":"","_uf_show_specific_survey":0,"_uf_disable_surveys":false,"_themeisle_gutenberg_block_has_review":false,"footnotes":""},"class_list":["post-15405","page","type-page","status-publish","hentry"],"jetpack_sharing_enabled":true,"_links":{"self":[{"href":"https:\/\/tzsvtav.com\/en\/wp-json\/wp\/v2\/pages\/15405","targetHints":{"allow":["GET"]}}],"collection":[{"href":"https:\/\/tzsvtav.com\/en\/wp-json\/wp\/v2\/pages"}],"about":[{"href":"https:\/\/tzsvtav.com\/en\/wp-json\/wp\/v2\/types\/page"}],"author":[{"embeddable":true,"href":"https:\/\/tzsvtav.com\/en\/wp-json\/wp\/v2\/users\/1"}],"replies":[{"embeddable":true,"href":"https:\/\/tzsvtav.com\/en\/wp-json\/wp\/v2\/comments?post=15405"}],"version-history":[{"count":0,"href":"https:\/\/tzsvtav.com\/en\/wp-json\/wp\/v2\/pages\/15405\/revisions"}],"wp:attachment":[{"href":"https:\/\/tzsvtav.com\/en\/wp-json\/wp\/v2\/media?parent=15405"}],"curies":[{"name":"wp","href":"https:\/\/api.w.org\/{rel}","templated":true}]}}