{"id":14989,"date":"2025-07-31T19:31:07","date_gmt":"2025-07-31T18:31:07","guid":{"rendered":"https:\/\/tzsvtav.com\/?page_id=14989"},"modified":"2025-11-23T13:46:55","modified_gmt":"2025-11-23T12:46:55","slug":"ledfal-av-es-eszkozberles-tzsvtav","status":"publish","type":"page","link":"https:\/\/tzsvtav.com\/en\/ledfal-av-es-eszkozberles-tzsvtav\/","title":{"rendered":"B\u00e9rl\u00e9s-Megrendel\u0151-Program"},"content":{"rendered":"\t\t<div data-elementor-type=\"wp-page\" data-elementor-id=\"14989\" class=\"elementor elementor-14989\" data-elementor-post-type=\"page\">\n\t\t\t\t<div class=\"elementor-element elementor-element-67a14eda e-flex e-con-boxed e-con e-parent\" data-id=\"67a14eda\" data-element_type=\"container\" data-e-type=\"container\" data-settings=\"{&quot;background_background&quot;:&quot;slideshow&quot;,&quot;background_slideshow_gallery&quot;:[{&quot;id&quot;:15863,&quot;url&quot;:&quot;https:\\\/\\\/tzsvtav.com\\\/wp-content\\\/uploads\\\/2025\\\/08\\\/rugged-transportation-cases-for-audio-video-lighting-equipment-luggage.jpg&quot;},{&quot;id&quot;:15864,&quot;url&quot;:&quot;https:\\\/\\\/tzsvtav.com\\\/wp-content\\\/uploads\\\/2025\\\/08\\\/close-up-on-the-back-of-the-sound-control-panel-at-an-outdoor-concert-available-for-upcoming-concert.jpg&quot;}],&quot;background_slideshow_ken_burns&quot;:&quot;yes&quot;,&quot;background_slideshow_loop&quot;:&quot;yes&quot;,&quot;background_slideshow_slide_duration&quot;:5000,&quot;background_slideshow_slide_transition&quot;:&quot;fade&quot;,&quot;background_slideshow_transition_duration&quot;:500,&quot;background_slideshow_ken_burns_zoom_direction&quot;:&quot;in&quot;}\">\n\t\t\t\t\t<div class=\"e-con-inner\">\n\t\t\t\t<div class=\"elementor-element elementor-element-20e798e elementor-widget elementor-widget-text-editor\" data-id=\"20e798e\" data-element_type=\"widget\" data-e-type=\"widget\" data-widget_type=\"text-editor.default\">\n\t\t\t\t\t\t\t\t\t<h4><b>LED fal b\u00e9rl\u00e9s \u2013 Hozza ki a maximumot esem\u00e9ny\u00e9b\u0151l!<\/b><\/h4>\n<p>Tegye felejthetetlenn\u00e9 rendezv\u00e9ny\u00e9t egy leny\u0171g\u00f6z\u0151 vizu\u00e1lis \u00e9lm\u00e9nnyel! A <b>ledfal b\u00e9rl\u00e9s<\/b> lehet\u0151v\u00e9 teszi, hogy nagy m\u00e9ret\u0171, tiszta \u00e9s \u00e9l\u00e9nk k\u00e9peket, vide\u00f3kat vagy grafik\u00e1kat vet\u00edtsen le, amelyekkel garant\u00e1ltan megragadja a k\u00f6z\u00f6ns\u00e9g figyelm\u00e9t. A TZSVTAV sz\u00e1mos m\u00e9ret\u0171 \u00e9s felbont\u00e1s\u00fa ledfalat k\u00edn\u00e1l, amelyek k\u00fclt\u00e9ren \u00e9s belt\u00e9ren egyar\u00e1nt t\u00f6k\u00e9letesen funkcion\u00e1lnak. Ide\u00e1lis v\u00e1laszt\u00e1s koncertekre, sportesem\u00e9nyekre, v\u00e1s\u00e1rokra \u00e9s rekl\u00e1mkamp\u00e1nyokra.<\/p>\n<h4><b>AV eszk\u00f6zb\u00e9rl\u00e9s \u2013 A technika az \u00d6n kez\u00e9ben van!<\/b><\/h4>\n<p>A professzion\u00e1lis <b>AV eszk\u00f6z\u00f6k<\/b> kulcsfontoss\u00e1g\u00faak egy sikeres esem\u00e9ny lebonyol\u00edt\u00e1s\u00e1hoz. B\u00e9rleti k\u00edn\u00e1latunkban megtal\u00e1lhat\u00f3k a kiv\u00e1l\u00f3 min\u0151s\u00e9g\u0171 projektorok, hangrendszerek, vil\u00e1g\u00edt\u00e1stechnika \u00e9s prezent\u00e1ci\u00f3s berendez\u00e9sek. Ezek az eszk\u00f6z\u00f6k biztos\u00edtj\u00e1k, hogy a hang \u00e9s a k\u00e9p min\u0151s\u00e9ge mindig t\u00f6k\u00e9letes legyen, n\u00f6velve ezzel az esem\u00e9ny professzion\u00e1lis megjelen\u00e9s\u00e9t.<\/p>\n<h4><b>Stream eszk\u00f6z\u00f6k b\u00e9rl\u00e9se \u2013 A vil\u00e1got a k\u00f6z\u00f6ns\u00e9g el\u00e9!<\/b><\/h4>\n<p>Szeretne online k\u00f6zvet\u00edteni, de hi\u00e1nyzik a megfelel\u0151 technol\u00f3gia? N\u00e1lunk b\u00e9relhet profi <b>stream eszk\u00f6z\u00f6ket<\/b>, amelyekkel \u00e9l\u0151ben k\u00f6zvet\u00edthet konferenci\u00e1kat, el\u0151ad\u00e1sokat vagy koncerteket a legmagasabb min\u0151s\u00e9gben. V\u00e1lasszon a modern kamer\u00e1k, a videokever\u0151k \u00e9s a speci\u00e1lis stream szoftverek k\u00f6z\u00fcl, hogy z\u00f6kken\u0151mentes \u00e9s megb\u00edzhat\u00f3 online k\u00f6zvet\u00edt\u00e9st biztos\u00edtson.<\/p>\n<hr \/>\n<p><\/p>\t\t\t\t\t\t\t\t<\/div>\n\t\t\t\t<div class=\"elementor-element elementor-element-97c3355 elementor-widget elementor-widget-heading\" data-id=\"97c3355\" data-element_type=\"widget\" data-e-type=\"widget\" data-widget_type=\"heading.default\">\n\t\t\t\t\t<h2 class=\"elementor-heading-title elementor-size-default\">B\u00e9relj a program seg\u00edts\u00e9g\u00e9vel!<\/h2>\t\t\t\t<\/div>\n\t\t\t\t<div class=\"elementor-element elementor-element-42665633 elementor-widget elementor-widget-text-editor\" data-id=\"42665633\" data-element_type=\"widget\" data-e-type=\"widget\" data-widget_type=\"text-editor.default\">\n\t\t\t\t\t\t\t\t\t\n<div id=\"wp-block-themeisle-blocks-advanced-columns-b2446d9a\" class=\"wp-block-themeisle-blocks-advanced-columns has-0-columns has-desktop-undefined-layout has-tablet-equal-layout has-mobile-equal-layout has-vertical-unset\">\n<div class=\"wp-block-themeisle-blocks-advanced-columns-overlay\"><\/div>\n<div class=\"innerblocks-wrap\"><\/div>\n<\/div>\n[simpbire_bike_rental]\n\t\t\t\t\t\t\t\t<\/div>\n\t\t\t\t\t<\/div>\n\t\t\t\t<\/div>\n\t\t<div class=\"elementor-element elementor-element-04c457c e-flex e-con-boxed e-con e-parent\" data-id=\"04c457c\" data-element_type=\"container\" data-e-type=\"container\" data-settings=\"{&quot;background_background&quot;:&quot;classic&quot;}\">\n\t\t\t\t\t<div class=\"e-con-inner\">\n\t\t\t\t<div class=\"elementor-element elementor-element-aa16d61 elementor-widget elementor-widget-text-editor\" data-id=\"aa16d61\" data-element_type=\"widget\" data-e-type=\"widget\" data-widget_type=\"text-editor.default\">\n\t\t\t\t\t\t\t\t\t<h3><b>A TZSVTAV b\u00e9rl\u00e9si felt\u00e9telei<\/b><\/h3>\n<p>Az al\u00e1bbiakban a TZSVTAV Kft. b\u00e9rbead\u00e1si szolg\u00e1ltat\u00e1sainak \u00e1ltal\u00e1nos felt\u00e9teleit olvashatja. A pontos r\u00e9szleteket minden esetben az egyedi szerz\u0151d\u00e9s tartalmazza.<\/p>\n<h4><b>1. B\u00e9rleti d\u00edj \u00e9s id\u0151tartam<\/b><\/h4>\n<ul>\n<li>\n<p>A b\u00e9rleti d\u00edj a b\u00e9rbe vett eszk\u00f6z t\u00edpus\u00e1t\u00f3l, mennyis\u00e9g\u00e9t\u0151l \u00e9s a b\u00e9rleti id\u0151tartamt\u00f3l f\u00fcgg\u0151en ker\u00fcl meghat\u00e1roz\u00e1sra.<\/p>\n<\/li>\n<li>\n<p>A minim\u00e1lis b\u00e9rleti id\u0151tartam <b>egy nap<\/b>. A hosszabb t\u00e1v\u00fa b\u00e9rl\u00e9sekre kedvezm\u00e9nyes \u00e1rakat k\u00edn\u00e1lunk.<\/p>\n<\/li>\n<\/ul>\n<h4><b>2. Foglal\u00e1s \u00e9s fizet\u00e9s<\/b><\/h4>\n<ul>\n<li>\n<p>A foglal\u00e1s a b\u00e9rleti szerz\u0151d\u00e9s al\u00e1\u00edr\u00e1s\u00e1val \u00e9s a b\u00e9rleti d\u00edj <b>50%-\u00e1nak el\u0151legk\u00e9nt t\u00f6rt\u00e9n\u0151 befizet\u00e9s\u00e9vel<\/b> v\u00e1lik v\u00e9glegess\u00e9.<\/p>\n<\/li>\n<li>\n<p>A fennmarad\u00f3 \u00f6sszeget az eszk\u00f6z\u00f6k \u00e1tv\u00e9telekor, de legk\u00e9s\u0151bb a b\u00e9rleti id\u0151szak els\u0151 napj\u00e1n kell rendezni.<\/p>\n<\/li>\n<li>\n<p>K\u00e9szp\u00e9nzes vagy \u00e1tutal\u00e1sos fizet\u00e9sre van lehet\u0151s\u00e9g.<\/p>\n<\/li>\n<\/ul>\n<h4><b>3. Kauci\u00f3<\/b><\/h4>\n<ul>\n<li>\n<p>A b\u00e9rbe vett eszk\u00f6z\u00f6k f\u00fcggv\u00e9ny\u00e9ben <b>kauci\u00f3t<\/b> k\u00e9rhet\u00fcnk, amelynek \u00f6sszege az eszk\u00f6z\u00f6k \u00e1tv\u00e9telekor fizetend\u0151.<\/p>\n<\/li>\n<li>\n<p>A kauci\u00f3 a b\u00e9rleti id\u0151szak v\u00e9g\u00e9n, az eszk\u00f6z\u00f6k s\u00e9r\u00fcl\u00e9smentes \u00e1llapotban t\u00f6rt\u00e9n\u0151 visszaad\u00e1sakor teljes eg\u00e9sz\u00e9ben visszaj\u00e1r. S\u00e9r\u00fcl\u00e9s vagy hi\u00e1ny eset\u00e9n a k\u00e1r \u00f6sszege a kauci\u00f3b\u00f3l ker\u00fcl levon\u00e1sra.<\/p>\n<\/li>\n<\/ul>\n<h4><b>4. \u00c1tv\u00e9tel \u00e9s visszaad\u00e1s<\/b><\/h4>\n<ul>\n<li>\n<p>A b\u00e9rbe vett eszk\u00f6z\u00f6ket a TZSVTAV telephely\u00e9n lehet \u00e1tvenni \u00e9s leadni, el\u0151re egyeztetett id\u0151pontban.<\/p>\n<\/li>\n<li>\n<p>Ig\u00e9ny eset\u00e9n <b>sz\u00e1ll\u00edt\u00e1st, telep\u00edt\u00e9st \u00e9s be\u00fczemel\u00e9st<\/b> is v\u00e1llalunk k\u00fcl\u00f6n d\u00edj ellen\u00e9ben.<\/p>\n<\/li>\n<li>\n<p>Az \u00e1tv\u00e9telkor az eszk\u00f6z\u00f6k \u00e1llapot\u00e1r\u00f3l jegyz\u0151k\u00f6nyv k\u00e9sz\u00fcl, amelyet a b\u00e9rl\u0151 \u00e9s a b\u00e9rbead\u00f3 is al\u00e1\u00edr.<\/p>\n<\/li>\n<\/ul>\n<h4><b>5. Felel\u0151ss\u00e9g<\/b><\/h4>\n<ul>\n<li>\n<p>Az eszk\u00f6z\u00f6k a b\u00e9rl\u0151 birtok\u00e1ban a b\u00e9rleti id\u0151szak alatt a <b>b\u00e9rl\u0151 felel\u0151ss\u00e9ge alatt \u00e1llnak<\/b>.<\/p>\n<\/li>\n<li>\n<p>A b\u00e9rl\u0151 felel\u0151s a nem rendeltet\u00e9sszer\u0171 haszn\u00e1latb\u00f3l, hanyags\u00e1gb\u00f3l vagy balesetb\u0151l ered\u0151 k\u00e1rok\u00e9rt.<\/p>\n<\/li>\n<li>\n<p>Az eszk\u00f6z\u00f6k elveszt\u00e9se, ellop\u00e1sa vagy helyrehozhatatlan s\u00e9r\u00fcl\u00e9se eset\u00e9n a b\u00e9rl\u0151 k\u00f6teles megt\u00e9r\u00edteni az eszk\u00f6z teljes piaci \u00e9rt\u00e9k\u00e9t.<\/p>\n<\/li>\n<\/ul>\n<hr \/>\n<h3><b>\u00c1ltal\u00e1nos szab\u00e1lyok \u00e9s j\u00f3gyakorlatok<\/b><\/h3>\n<p>C\u00e9lunk, hogy a b\u00e9rl\u00e9s a lehet\u0151 legegyszer\u0171bb \u00e9s legz\u00f6kken\u0151mentesebb \u00e9lm\u00e9ny legyen az \u00d6n sz\u00e1m\u00e1ra. Az al\u00e1bbiakban n\u00e9h\u00e1ny alapvet\u0151, nem jogi jelleg\u0171 szab\u00e1lyt \u00e9s aj\u00e1nl\u00e1st gy\u0171jt\u00f6tt\u00fcnk \u00f6ssze, amelyek a k\u00f6lcs\u00f6n\u00f6s bizalmon alapul\u00f3 egy\u00fcttm\u0171k\u00f6d\u00e9s\u00fcnket seg\u00edtik.<\/p>\n<ul>\n<li>\n<p><b>Ny\u00edlt kommunik\u00e1ci\u00f3:<\/b> K\u00e9rj\u00fck, ha b\u00e1rmilyen v\u00e1ltoz\u00e1s t\u00f6rt\u00e9nik a terveiben, vagy ha k\u00e9rd\u00e9se mer\u00fclne fel, a lehet\u0151 leghamarabb l\u00e9pjen kapcsolatba vel\u00fcnk. Min\u00e9l hamarabb tudjuk, ann\u00e1l jobban tudunk seg\u00edteni \u00d6nnek.<\/p>\n<\/li>\n<li>\n<p><b>Vigy\u00e1zzunk az eszk\u00f6z\u00f6kre:<\/b> A berendez\u00e9sek \u00e9rt\u00e9kesek, \u00e9s gondos karbantart\u00e1s mellett hossz\u00fa ideig szolg\u00e1lhatj\u00e1k a rendezv\u00e9nyeket. K\u00e9rj\u00fck, haszn\u00e1lja azokat a rendeltet\u00e9s\u00fcknek megfelel\u0151en, \u00e9s b\u00e1njon vel\u00fck \u00fagy, mintha a saj\u00e1tja lenne.<\/p>\n<\/li>\n<li>\n<p><b>Tiszteletben tartott id\u0151pontok:<\/b> A megbesz\u00e9lt \u00e1tv\u00e9teli \u00e9s lead\u00e1si id\u0151pontok betart\u00e1sa kulcsfontoss\u00e1g\u00fa, mert ez biztos\u00edtja a zavartalan m\u0171k\u00f6d\u00e9st a t\u00f6bbi \u00fcgyfel\u00fcnk sz\u00e1m\u00e1ra is. K\u00e9rj\u00fck, t\u00f6rekedjen a pontoss\u00e1gra!<\/p>\n<\/li>\n<li>\n<p><b>A TZSVTAV mint partner:<\/b> A mi c\u00e9lunk a rendezv\u00e9ny sikere, ez\u00e9rt mi nem csak b\u00e9rbe adunk, hanem partnerei vagyunk a projektjeinek. Ne habozzon seg\u00edts\u00e9get k\u00e9rni a helysz\u00ednen, vagy tan\u00e1csot k\u00e9rni az eszk\u00f6z\u00f6k haszn\u00e1lat\u00e1hoz.<\/p>\n<\/li>\n<\/ul>\t\t\t\t\t\t\t\t<\/div>\n\t\t\t\t\t<\/div>\n\t\t\t\t<\/div>\n\t\t\t\t<\/div>\n\t\t","protected":false},"excerpt":{"rendered":"<p>LED fal b\u00e9rl\u00e9s \u2013 Hozza ki a maximumot esem\u00e9ny\u00e9b\u0151l! Tegye felejthetetlenn\u00e9 rendezv\u00e9ny\u00e9t egy leny\u0171g\u00f6z\u0151 vizu\u00e1lis \u00e9lm\u00e9nnyel! A ledfal b\u00e9rl\u00e9s lehet\u0151v\u00e9 teszi, hogy nagy m\u00e9ret\u0171, tiszta \u00e9s \u00e9l\u00e9nk k\u00e9peket, vide\u00f3kat vagy grafik\u00e1kat vet\u00edtsen le, amelyekkel garant\u00e1ltan megragadja a k\u00f6z\u00f6ns\u00e9g figyelm\u00e9t. A TZSVTAV sz\u00e1mos m\u00e9ret\u0171 \u00e9s felbont\u00e1s\u00fa ledfalat k\u00edn\u00e1l, amelyek k\u00fclt\u00e9ren \u00e9s belt\u00e9ren egyar\u00e1nt t\u00f6k\u00e9letesen funkcion\u00e1lnak. Ide\u00e1lis [&hellip;]<\/p>\n","protected":false},"author":1,"featured_media":0,"parent":0,"menu_order":0,"comment_status":"closed","ping_status":"closed","template":"","meta":{"googlesitekit_rrm_CAowr62iDA:productID":"","_eb_attr":"","_uf_show_specific_survey":0,"_uf_disable_surveys":false,"_themeisle_gutenberg_block_has_review":false,"footnotes":""},"class_list":["post-14989","page","type-page","status-publish","hentry"],"jetpack_sharing_enabled":true,"_links":{"self":[{"href":"https:\/\/tzsvtav.com\/en\/wp-json\/wp\/v2\/pages\/14989","targetHints":{"allow":["GET"]}}],"collection":[{"href":"https:\/\/tzsvtav.com\/en\/wp-json\/wp\/v2\/pages"}],"about":[{"href":"https:\/\/tzsvtav.com\/en\/wp-json\/wp\/v2\/types\/page"}],"author":[{"embeddable":true,"href":"https:\/\/tzsvtav.com\/en\/wp-json\/wp\/v2\/users\/1"}],"replies":[{"embeddable":true,"href":"https:\/\/tzsvtav.com\/en\/wp-json\/wp\/v2\/comments?post=14989"}],"version-history":[{"count":0,"href":"https:\/\/tzsvtav.com\/en\/wp-json\/wp\/v2\/pages\/14989\/revisions"}],"wp:attachment":[{"href":"https:\/\/tzsvtav.com\/en\/wp-json\/wp\/v2\/media?parent=14989"}],"curies":[{"name":"wp","href":"https:\/\/api.w.org\/{rel}","templated":true}]}}