{"id":14433,"date":"2025-07-29T15:00:34","date_gmt":"2025-07-29T14:00:34","guid":{"rendered":"https:\/\/tzsvtav.com\/?page_id=14433"},"modified":"2025-11-22T19:59:39","modified_gmt":"2025-11-22T18:59:39","slug":"led-fal-berles-es-szolgaltatasok-kersd-ajalatkerot","status":"publish","type":"page","link":"https:\/\/tzsvtav.com\/en\/led-fal-berles-es-szolgaltatasok-kersd-ajalatkerot\/","title":{"rendered":"Aj\u00e1nlatk\u00e9r\u0151 &#8211; b\u00e9rl\u00e9s"},"content":{"rendered":"<div data-elementor-type=\"wp-page\" data-elementor-id=\"14433\" class=\"elementor elementor-14433\" data-elementor-post-type=\"page\">\n\t\t\t\t<div class=\"elementor-element elementor-element-4926dadd e-flex e-con-boxed e-con e-parent\" data-id=\"4926dadd\" data-element_type=\"container\" data-e-type=\"container\">\n\t\t\t\t\t<div class=\"e-con-inner\">\n\t\t\t\t<div class=\"elementor-element elementor-element-4e8b3148 elementor-widget elementor-widget-text-editor\" data-id=\"4e8b3148\" data-element_type=\"widget\" data-e-type=\"widget\" data-widget_type=\"text-editor.default\">\n\t\t\t\t\t\t\t\t\t\n<div id=\"wp-block-themeisle-blocks-advanced-columns-f27bbdaf\" class=\"wp-block-themeisle-blocks-advanced-columns has-0-columns has-desktop-undefined-layout has-tablet-equal-layout has-mobile-equal-layout has-vertical-unset\"><div class=\"wp-block-themeisle-blocks-advanced-columns-overlay\"><\/div><div class=\"innerblocks-wrap\"><\/div><\/div>\n\t\t\t\t\t\t\t\t<\/div>\n\t\t\t\t\t<\/div>\n\t\t\t\t<\/div>\n\t\t<div class=\"elementor-element elementor-element-7b93a6c e-flex e-con-boxed e-con e-parent\" data-id=\"7b93a6c\" data-element_type=\"container\" data-e-type=\"container\" data-settings=\"{&quot;background_background&quot;:&quot;classic&quot;}\">\n\t\t\t\t\t<div class=\"e-con-inner\">\n\t\t\t\t<div class=\"elementor-element elementor-element-b9cd0c8 elementor-widget elementor-widget-shortcode\" data-id=\"b9cd0c8\" data-element_type=\"widget\" data-e-type=\"widget\" data-widget_type=\"shortcode.default\">\n\t\t\t\t\t\t\t<div class=\"elementor-shortcode\">     <div class=\"led-quote-form-container\">\n        <h2>LED Fal Aj\u00e1nlatk\u00e9r\u00e9s<\/h2>\n        <p>K\u00e9rj\u00fck, adja meg a k\u00edv\u00e1nt LED fal m\u00e9reteit \u00e9s a rendezv\u00e9ny t\u00edpus\u00e1t.<\/p>\n        \n        <form id=\"led-quote-form\" action=\"\" method=\"post\" data-trp-original-action=\"\">\n            <div class=\"form-group\">\n                <label for=\"name\">Name *<\/label>\n                <input type=\"text\" id=\"name\" name=\"name\" required>\n            <\/div>\n            <div class=\"form-group\">\n                <label for=\"email\">Email address *<\/label>\n                <input type=\"email\" id=\"email\" name=\"email\" required>\n            <\/div>\n            <div class=\"form-group\">\n                <label for=\"phone\">Phone number<\/label>\n                <input type=\"tel\" id=\"phone\" name=\"phone\">\n            <\/div>\n            <div class=\"form-group\">\n                <label for=\"event_type\">Rendezv\u00e9ny t\u00edpusa *<\/label>\n                <select id=\"event_type\" name=\"event_type\" required>\n                    <option value=\"\">V\u00e1lasszon...<\/option>\n                    <option value=\"koncert\">Koncert<\/option>\n                    <option value=\"konferencia\">Konferencia<\/option>\n                    <option value=\"ki\u00e1ll\u00edt\u00e1s\">Ki\u00e1ll\u00edt\u00e1s<\/option>\n                    <option value=\"sportesemeny\">Sportesem\u00e9ny<\/option>\n                    <option value=\"privat_rendezveny\">Priv\u00e1t rendezv\u00e9ny<\/option>\n                    <option value=\"mas\">M\u00e1s<\/option>\n                <\/select>\n            <\/div>\n            <div class=\"form-group\">\n                <label for=\"wall_width\">K\u00edv\u00e1nt fal sz\u00e9less\u00e9g (m) *<\/label>\n                <input type=\"number\" id=\"wall_width\" name=\"wall_width\" min=\"1\" step=\"0.01\" required>\n            <\/div>\n            <div class=\"form-group\">\n                <label for=\"wall_height\">K\u00edv\u00e1nt fal magass\u00e1g (m) *<\/label>\n                <input type=\"number\" id=\"wall_height\" name=\"wall_height\" min=\"1\" step=\"0.01\" required>\n            <\/div>\n            <div class=\"form-group\">\n                <label for=\"pixel_pitch\">Pixels\u0171r\u0171s\u00e9g (Pixel Pitch) *<\/label>\n                <select id=\"pixel_pitch\" name=\"pixel_pitch\" required>\n\t\t\t\t\t<option value=\"P0.9\">P0.9<\/option>\n\t\t\t\t\t<option value=\"P1.25\">P1.25<\/option>\n\t\t\t\t\t<option value=\"P1.53\">P1.53<\/option>\n\t\t\t\t\t<option value=\"P1.86\">P1.86<\/option>\n\t\t\t\t\t<option value=\"P2\">P2<\/option>\n                    <option value=\"P2.5\">P2.5<\/option>\n                    <option value=\"P3\">P3<\/option>\n                    <option value=\"P3.9\">P3.9<\/option>\n                    <option value=\"P4\">P4<\/option>\n                    <option value=\"P4.8\">P4.8<\/option>\n                    <option value=\"P5\">P5<\/option>\n                <\/select>\n            <\/div>\n            <div class=\"form-group\">\n                <label for=\"additional_info\">Tov\u00e1bbi inform\u00e1ci\u00f3k<\/label>\n                <textarea id=\"additional_info\" name=\"additional_info\" rows=\"5\"><\/textarea>\n            <\/div>\n            <div class=\"form-group form-group-gdpr\">\n                <input type=\"checkbox\" id=\"gdpr_consent\" name=\"gdpr_consent\" required>\n                <label for=\"gdpr_consent\" class=\"gdpr-label\">* Hozz\u00e1j\u00e1rulok, hogy adataimat az aj\u00e1nlatk\u00e9r\u00e9s feldolgoz\u00e1s\u00e1hoz felhaszn\u00e1lj\u00e1k a GDPR szab\u00e1lyoknak megfelel\u0151en.<\/label>\n            <\/div>\n            \n            <button type=\"submit\">I would like a quote.<\/button>\n            <div id=\"form-message\"><\/div>\n            <input type=\"hidden\" id=\"nonce\" name=\"nonce\" value=\"c7bbd6168f\" \/><input type=\"hidden\" name=\"_wp_http_referer\" value=\"\/en\/wp-json\/wp\/v2\/pages\/14433\" \/>        <input type=\"hidden\" name=\"trp-form-language\" value=\"en\"\/><\/form>\n    <\/div>\n    <\/div>\n\t\t\t\t\t\t<\/div>\n\t\t\t\t\t<\/div>\n\t\t\t\t<\/div>\n\t\t<div class=\"elementor-element elementor-element-6609c46 e-flex e-con-boxed e-con e-parent\" data-id=\"6609c46\" data-element_type=\"container\" data-e-type=\"container\">\n\t\t\t\t\t<div class=\"e-con-inner\">\n\t\t\t\t<div class=\"elementor-element elementor-element-fdf63a6 elementor-widget elementor-widget-eael-woo-product-carousel\" data-id=\"fdf63a6\" data-element_type=\"widget\" data-e-type=\"widget\" data-widget_type=\"eael-woo-product-carousel.default\">\n\t\t\t\t\t\n        <div class=\"swiper-container-wrap eael-woo-product-carousel-container preset-1 swiper-container-wrap-dots-outside\" id=\"eael-product-carousel-fdf63a6\" data-widget-id=\"fdf63a6\" >\n            <div class=\"woocommerce eael-woo-product-carousel eael-product-appender-fdf63a6 eael-hover-buttons swiper swiper-8 swiper-container-fdf63a6 swiper-image-stretch\" data-pagination=\".swiper-pagination-fdf63a6\" data-arrow-next=\".swiper-button-next-fdf63a6\" data-arrow-prev=\".swiper-button-prev-fdf63a6\" data-type=\"preset-1\" data-effect=\"slide\" data-items=\"4\" data-slide-items=\"1\" data-margin=\"10\" data-speed=\"400\" data-autoplay=\"2000\" data-pause-on-hover=\"true\" data-loop=\"1\" data-arrows=\"1\" data-dots=\"1\"><div class=\"products swiper-wrapper\">    <div class=\"product swiper-slide post-16472 type-product status-publish has-post-thumbnail product_brand-science-image product_cat-av-jelatvitel product_cat-av-network product_cat-ndi-encoder-decoder product_tag-decoder product_tag-encoder product_tag-ndi product_tag-recorder product_tag-siance-image first instock taxable shipping-taxable product-type-simple\">\n        <div class=\"eael-product-carousel\">\n            <div class=\"product-image-wrap\">\n                <div class=\"image-wrap\">\n                    <a href=\"https:\/\/tzsvtav.com\/en\/product\/vela-rack-sdi-12g-multi-protocol-codec-recorder-live\/\" class=\"woocommerce-LoopProduct-link woocommerce-loop-product__link\"><img fetchpriority=\"high\" decoding=\"async\" width=\"300\" height=\"300\" src=\"https:\/\/tzsvtav.com\/wp-content\/uploads\/2025\/09\/Vela-Rack-Sdi-2-300x300.png\" class=\"attachment-medium size-medium\" alt=\"vela rack\" loading=\"eager\" srcset=\"https:\/\/tzsvtav.com\/wp-content\/uploads\/2025\/09\/Vela-Rack-Sdi-2-300x300.png 300w, https:\/\/tzsvtav.com\/wp-content\/uploads\/2025\/09\/Vela-Rack-Sdi-2-324x324.png 324w, https:\/\/tzsvtav.com\/wp-content\/uploads\/2025\/09\/Vela-Rack-Sdi-2-416x416.png 416w, https:\/\/tzsvtav.com\/wp-content\/uploads\/2025\/09\/Vela-Rack-Sdi-2-100x100.png 100w, https:\/\/tzsvtav.com\/wp-content\/uploads\/2025\/09\/Vela-Rack-Sdi-2-150x150.png 150w, https:\/\/tzsvtav.com\/wp-content\/uploads\/2025\/09\/Vela-Rack-Sdi-2-768x768.png 768w, https:\/\/tzsvtav.com\/wp-content\/uploads\/2025\/09\/Vela-Rack-Sdi-2-1024x1024.png 1024w\" sizes=\"(max-width: 300px) 100vw, 300px\" title=\"\"><\/a>                <\/div>\n                <div class=\"image-hover-wrap\">\n                    <ul class=\"icons-wrap box-style\">\n                                                                        <li class=\"view-details\" title=\"Details\"><a href=\"https:\/\/tzsvtav.com\/en\/product\/vela-rack-sdi-12g-multi-protocol-codec-recorder-live\/\"><i class=\"fas fa-link\"><\/i><\/a><\/li>\n                    <\/ul>\n                                    <\/div>\n            <\/div>\n            <div class=\"product-details-wrap\">\n                <div class=\"product-details\">\n                    <div class=\"eael-product-title\"><h3>VELA RACK SDI 12g Multi-protocol. Codec\/Recorder\/Live<\/h3><\/div><div class=\"eael-star-rating\"><div class=\"eael-star-rating star-rating\"><span style=\"width:0%\" data-no-translation=\"\" data-trp-gettext=\"\">Rated <strong class=\"rating\">0<\/strong> out of 5<\/span><\/div><\/div>\n                <\/div>\n                            <\/div>\n        <\/div>\n\t<\/div>\n        <div class=\"product swiper-slide post-16313 type-product status-publish has-post-thumbnail product_brand-colorlight-innovativ-led-vezerlorendszerek product_cat-led-vezerlok product_tag-cloud product_tag-led-kontroller product_tag-player product_tag-processzor  instock taxable shipping-taxable product-type-simple\">\n        <div class=\"eael-product-carousel\">\n            <div class=\"product-image-wrap\">\n                <div class=\"image-wrap\">\n                    <a href=\"https:\/\/tzsvtav.com\/en\/product\/a500-colorlight-8k-led-player-processzor\/\" class=\"woocommerce-LoopProduct-link woocommerce-loop-product__link\"><img decoding=\"async\" width=\"300\" height=\"300\" src=\"https:\/\/tzsvtav.com\/wp-content\/uploads\/2025\/09\/414ChYHzjDL_AC_-300x300.jpg\" class=\"attachment-medium size-medium\" alt=\"A500 Colorlight 8K LED Player-Processzor\" loading=\"eager\" srcset=\"https:\/\/tzsvtav.com\/wp-content\/uploads\/2025\/09\/414ChYHzjDL_AC_-300x300.jpg 300w, https:\/\/tzsvtav.com\/wp-content\/uploads\/2025\/09\/414ChYHzjDL_AC_-324x324.jpg 324w, https:\/\/tzsvtav.com\/wp-content\/uploads\/2025\/09\/414ChYHzjDL_AC_-416x416.jpg 416w, https:\/\/tzsvtav.com\/wp-content\/uploads\/2025\/09\/414ChYHzjDL_AC_-100x100.jpg 100w, https:\/\/tzsvtav.com\/wp-content\/uploads\/2025\/09\/414ChYHzjDL_AC_-150x150.jpg 150w, https:\/\/tzsvtav.com\/wp-content\/uploads\/2025\/09\/414ChYHzjDL_AC_-768x768.jpg 768w, https:\/\/tzsvtav.com\/wp-content\/uploads\/2025\/09\/414ChYHzjDL_AC_-1024x1024.jpg 1024w\" sizes=\"(max-width: 300px) 100vw, 300px\" title=\"\"><\/a>                <\/div>\n                <div class=\"image-hover-wrap\">\n                    <ul class=\"icons-wrap box-style\">\n                                                                        <li class=\"view-details\" title=\"Details\"><a href=\"https:\/\/tzsvtav.com\/en\/product\/a500-colorlight-8k-led-player-processzor\/\"><i class=\"fas fa-link\"><\/i><\/a><\/li>\n                    <\/ul>\n                                    <\/div>\n            <\/div>\n            <div class=\"product-details-wrap\">\n                <div class=\"product-details\">\n                    <div class=\"eael-product-title\"><h3>A500 Colorlight 8K LED Player-Processzor<\/h3><\/div><div class=\"eael-star-rating\"><div class=\"eael-star-rating star-rating\"><span style=\"width:0%\" data-no-translation=\"\" data-trp-gettext=\"\">Rated <strong class=\"rating\">0<\/strong> out of 5<\/span><\/div><\/div>\n                <\/div>\n                            <\/div>\n        <\/div>\n\t<\/div>\n        <div class=\"product swiper-slide post-16301 type-product status-publish has-post-thumbnail product_brand-dicolor-led-2 product_cat-commercial product_cat-dicolor-led product_tag-perimeter-2 product_tag-sportled last instock taxable shipping-taxable product-type-simple\">\n        <div class=\"eael-product-carousel\">\n            <div class=\"product-image-wrap\">\n                <div class=\"image-wrap\">\n                    <a href=\"https:\/\/tzsvtav.com\/en\/product\/perimeter-led-f2-100-dicolor\/\" class=\"woocommerce-LoopProduct-link woocommerce-loop-product__link\"><img decoding=\"async\" width=\"300\" height=\"300\" src=\"https:\/\/tzsvtav.com\/wp-content\/uploads\/2025\/09\/F2-100-300x300.png\" class=\"attachment-medium size-medium\" alt=\"perimeter\" loading=\"eager\" srcset=\"https:\/\/tzsvtav.com\/wp-content\/uploads\/2025\/09\/F2-100-300x300.png 300w, https:\/\/tzsvtav.com\/wp-content\/uploads\/2025\/09\/F2-100-324x324.png 324w, https:\/\/tzsvtav.com\/wp-content\/uploads\/2025\/09\/F2-100-416x416.png 416w, https:\/\/tzsvtav.com\/wp-content\/uploads\/2025\/09\/F2-100-100x100.png 100w, https:\/\/tzsvtav.com\/wp-content\/uploads\/2025\/09\/F2-100-150x150.png 150w, https:\/\/tzsvtav.com\/wp-content\/uploads\/2025\/09\/F2-100-768x768.png 768w, https:\/\/tzsvtav.com\/wp-content\/uploads\/2025\/09\/F2-100-1024x1024.png 1024w\" sizes=\"(max-width: 300px) 100vw, 300px\" title=\"\"><\/a>                <\/div>\n                <div class=\"image-hover-wrap\">\n                    <ul class=\"icons-wrap box-style\">\n                                                                        <li class=\"view-details\" title=\"Details\"><a href=\"https:\/\/tzsvtav.com\/en\/product\/perimeter-led-f2-100-dicolor\/\"><i class=\"fas fa-link\"><\/i><\/a><\/li>\n                    <\/ul>\n                                    <\/div>\n            <\/div>\n            <div class=\"product-details-wrap\">\n                <div class=\"product-details\">\n                    <div class=\"eael-product-title\"><h3>Perimeter LED F2-100 Dicolor<\/h3><\/div><div class=\"eael-star-rating\"><div class=\"eael-star-rating star-rating\"><span style=\"width:0%\" data-no-translation=\"\" data-trp-gettext=\"\">Rated <strong class=\"rating\">0<\/strong> out of 5<\/span><\/div><\/div>\n                <\/div>\n                            <\/div>\n        <\/div>\n\t<\/div>\n        <div class=\"product swiper-slide post-16129 type-product status-publish has-post-thumbnail product_brand-tzsvtav product_cat-commercial product_cat-led-megjelenitok product_tag-cob product_tag-install-led product_tag-led first instock taxable shipping-taxable product-type-simple\">\n        <div class=\"eael-product-carousel\">\n            <div class=\"product-image-wrap\">\n                <div class=\"image-wrap\">\n                    <a href=\"https:\/\/tzsvtav.com\/en\/product\/cob-install-kabinet-600x337-4k-8k-p0-9-p1-2-p1-5\/\" class=\"woocommerce-LoopProduct-link woocommerce-loop-product__link\"><img decoding=\"async\" width=\"300\" height=\"300\" src=\"https:\/\/tzsvtav.com\/wp-content\/uploads\/2025\/08\/Kcob-300x300.jpg\" class=\"attachment-medium size-medium\" alt=\"cob\" loading=\"eager\" srcset=\"https:\/\/tzsvtav.com\/wp-content\/uploads\/2025\/08\/Kcob-300x300.jpg 300w, https:\/\/tzsvtav.com\/wp-content\/uploads\/2025\/08\/Kcob-324x324.jpg 324w, https:\/\/tzsvtav.com\/wp-content\/uploads\/2025\/08\/Kcob-416x416.jpg 416w, https:\/\/tzsvtav.com\/wp-content\/uploads\/2025\/08\/Kcob-100x100.jpg 100w, https:\/\/tzsvtav.com\/wp-content\/uploads\/2025\/08\/Kcob-150x150.jpg 150w, https:\/\/tzsvtav.com\/wp-content\/uploads\/2025\/08\/Kcob-768x768.jpg 768w, https:\/\/tzsvtav.com\/wp-content\/uploads\/2025\/08\/Kcob-1024x1024.jpg 1024w\" sizes=\"(max-width: 300px) 100vw, 300px\" title=\"\"><\/a>                <\/div>\n                <div class=\"image-hover-wrap\">\n                    <ul class=\"icons-wrap box-style\">\n                                                                        <li class=\"view-details\" title=\"Details\"><a href=\"https:\/\/tzsvtav.com\/en\/product\/cob-install-kabinet-600x337-4k-8k-p0-9-p1-2-p1-5\/\"><i class=\"fas fa-link\"><\/i><\/a><\/li>\n                    <\/ul>\n                                    <\/div>\n            <\/div>\n            <div class=\"product-details-wrap\">\n                <div class=\"product-details\">\n                    <div class=\"eael-product-title\"><h3>COB Install Kabinet 600x337. 4K-8K P0.9-P1.2-P1.5<\/h3><\/div><div class=\"eael-star-rating\"><div class=\"eael-star-rating star-rating\"><span style=\"width:0%\" data-no-translation=\"\" data-trp-gettext=\"\">Rated <strong class=\"rating\">0<\/strong> out of 5<\/span><\/div><\/div>\n                <\/div>\n                            <\/div>\n        <\/div>\n\t<\/div>\n    <\/div><\/div>            <!-- Add Pagination -->\n            <div class=\"swiper-pagination swiper-pagination-fdf63a6 dots-preset-1\"><\/div>\n                                <!-- Add Arrows -->\n            <div class=\"swiper-button-next swiper-button-next-fdf63a6\">\n                <i class=\"fa fa-angle-right\"><\/i>\n            <\/div>\n            <div class=\"swiper-button-prev swiper-button-prev-fdf63a6\">\n                <i class=\"fa fa-angle-left\"><\/i>\n            <\/div>\n                    <\/div>\n        \t\t\t\t<\/div>\n\t\t\t\t\t<\/div>\n\t\t\t\t<\/div>\n\t\t\t\t<\/div>","protected":false},"excerpt":{"rendered":"<p>COB Install Kabinet 600&#215;337. 4K-8K P0.9-P1.2-P1.5 \u00c9rt\u00e9kel\u00e9s: 0 \/ 5 KATOVID KTS10DH (NDI) 20x UHD Broadcast Kamera \u00c9rt\u00e9kel\u00e9s: 0 \/ 5 Sale! HDKATOV KT-BC10KV PTZ kamera, 4K 12G-SDI \u00c9rt\u00e9kel\u00e9s: 0 \/ 5 HDKATOV UHD71 Broadcast AI PTZ&#8221; loading=&#8221;eager&#8221; decoding=&#8221;async&#8221; srcset=&#8221;https:\/\/tzsvtav.com\/wp-content\/uploads\/2025\/08\/20250411174237_42557-300&#215;300.png 300w, https:\/\/tzsvtav.com\/wp-content\/uploads\/2025\/08\/20250411174237_42557-324&#215;324.png 324w, https:\/\/tzsvtav.com\/wp-content\/uploads\/2025\/08\/20250411174237_42557-416&#215;416.png 416w, https:\/\/tzsvtav.com\/wp-content\/uploads\/2025\/08\/20250411174237_42557-100&#215;100.png 100w, https:\/\/tzsvtav.com\/wp-content\/uploads\/2025\/08\/20250411174237_42557-150&#215;150.png 150w, https:\/\/tzsvtav.com\/wp-content\/uploads\/2025\/08\/20250411174237_42557-768&#215;768.png 768w, https:\/\/tzsvtav.com\/wp-content\/uploads\/2025\/08\/20250411174237_42557-1024&#215;1024.png 1024w, https:\/\/tzsvtav.com\/wp-content\/uploads\/2025\/08\/20250411174237_42557.png 2000w&#8221; [&hellip;]<\/p>\n","protected":false},"author":1,"featured_media":15002,"parent":0,"menu_order":0,"comment_status":"closed","ping_status":"closed","template":"","meta":{"googlesitekit_rrm_CAowr62iDA:productID":"","_eb_attr":"","_uf_show_specific_survey":0,"_uf_disable_surveys":false,"_themeisle_gutenberg_block_has_review":false,"footnotes":""},"class_list":["post-14433","page","type-page","status-publish","has-post-thumbnail","hentry"],"jetpack_sharing_enabled":true,"_links":{"self":[{"href":"https:\/\/tzsvtav.com\/en\/wp-json\/wp\/v2\/pages\/14433","targetHints":{"allow":["GET"]}}],"collection":[{"href":"https:\/\/tzsvtav.com\/en\/wp-json\/wp\/v2\/pages"}],"about":[{"href":"https:\/\/tzsvtav.com\/en\/wp-json\/wp\/v2\/types\/page"}],"author":[{"embeddable":true,"href":"https:\/\/tzsvtav.com\/en\/wp-json\/wp\/v2\/users\/1"}],"replies":[{"embeddable":true,"href":"https:\/\/tzsvtav.com\/en\/wp-json\/wp\/v2\/comments?post=14433"}],"version-history":[{"count":0,"href":"https:\/\/tzsvtav.com\/en\/wp-json\/wp\/v2\/pages\/14433\/revisions"}],"wp:featuredmedia":[{"embeddable":true,"href":"https:\/\/tzsvtav.com\/en\/wp-json\/wp\/v2\/media\/15002"}],"wp:attachment":[{"href":"https:\/\/tzsvtav.com\/en\/wp-json\/wp\/v2\/media?parent=14433"}],"curies":[{"name":"wp","href":"https:\/\/api.w.org\/{rel}","templated":true}]}}