{"id":14171,"date":"2025-08-03T19:02:28","date_gmt":"2025-08-03T18:02:28","guid":{"rendered":"https:\/\/tzsvtav.com\/?page_id=14171"},"modified":"2025-11-23T19:19:01","modified_gmt":"2025-11-23T18:19:01","slug":"led-erdekessegek-hirek","status":"publish","type":"page","link":"https:\/\/tzsvtav.com\/en\/led-erdekessegek-hirek\/","title":{"rendered":"LED \u00c9rdekess\u00e9gek-H\u00edrek"},"content":{"rendered":"\t\t<div data-elementor-type=\"wp-page\" data-elementor-id=\"14171\" class=\"elementor elementor-14171\" data-elementor-post-type=\"page\">\n\t\t\t\t\t\t<section class=\"elementor-section elementor-top-section elementor-element elementor-element-38eac1b1 elementor-section-boxed elementor-section-height-default elementor-section-height-default\" data-id=\"38eac1b1\" data-element_type=\"section\" data-e-type=\"section\" data-settings=\"{&quot;background_background&quot;:&quot;slideshow&quot;,&quot;background_slideshow_gallery&quot;:[{&quot;id&quot;:13831,&quot;url&quot;:&quot;https:\\\/\\\/tzsvtav.com\\\/wp-content\\\/uploads\\\/2025\\\/07\\\/1-5.jpg&quot;},{&quot;id&quot;:13829,&quot;url&quot;:&quot;https:\\\/\\\/tzsvtav.com\\\/wp-content\\\/uploads\\\/2025\\\/07\\\/10.jpg&quot;}],&quot;background_slideshow_loop&quot;:&quot;yes&quot;,&quot;background_slideshow_slide_duration&quot;:5000,&quot;background_slideshow_slide_transition&quot;:&quot;fade&quot;,&quot;background_slideshow_transition_duration&quot;:500}\">\n\t\t\t\t\t\t<div class=\"elementor-container elementor-column-gap-no\">\n\t\t\t\t\t<div class=\"elementor-column elementor-col-100 elementor-top-column elementor-element elementor-element-55e683b5\" data-id=\"55e683b5\" data-element_type=\"column\" data-e-type=\"column\">\n\t\t\t<div class=\"elementor-widget-wrap elementor-element-populated\">\n\t\t\t\t\t\t<div class=\"elementor-element elementor-element-2e97431b elementor-invisible elementor-widget elementor-widget-heading\" data-id=\"2e97431b\" data-element_type=\"widget\" data-e-type=\"widget\" data-settings=\"{&quot;_animation&quot;:&quot;bounceInLeft&quot;,&quot;_animation_delay&quot;:300}\" data-widget_type=\"heading.default\">\n\t\t\t\t\t<h3 class=\"elementor-heading-title elementor-size-default\">\u00c9rdekess\u00e9gek<\/h3>\t\t\t\t<\/div>\n\t\t\t\t<section class=\"elementor-section elementor-inner-section elementor-element elementor-element-62155492 elementor-section-full_width elementor-section-height-default elementor-section-height-default\" data-id=\"62155492\" data-element_type=\"section\" data-e-type=\"section\">\n\t\t\t\t\t\t<div class=\"elementor-container elementor-column-gap-no\">\n\t\t\t\t\t<div class=\"elementor-column elementor-col-100 elementor-inner-column elementor-element elementor-element-24c2d819\" data-id=\"24c2d819\" data-element_type=\"column\" data-e-type=\"column\">\n\t\t\t<div class=\"elementor-widget-wrap elementor-element-populated\">\n\t\t\t\t\t\t<div class=\"elementor-element elementor-element-3e779107 elementor-posts--thumbnail-none animated-slow elementor-grid-3 elementor-grid-tablet-2 elementor-grid-mobile-1 elementor-card-shadow-yes elementor-posts__hover-gradient elementor-invisible elementor-widget elementor-widget-posts\" data-id=\"3e779107\" data-element_type=\"widget\" data-e-type=\"widget\" data-settings=\"{&quot;pagination_type&quot;:&quot;load_more_infinite_scroll&quot;,&quot;motion_fx_motion_fx_scrolling&quot;:&quot;yes&quot;,&quot;motion_fx_scale_effect&quot;:&quot;yes&quot;,&quot;motion_fx_scale_speed&quot;:{&quot;unit&quot;:&quot;px&quot;,&quot;size&quot;:1,&quot;sizes&quot;:[]},&quot;motion_fx_scale_range&quot;:{&quot;unit&quot;:&quot;%&quot;,&quot;size&quot;:&quot;&quot;,&quot;sizes&quot;:{&quot;start&quot;:34,&quot;end&quot;:69}},&quot;motion_fx_range&quot;:&quot;viewport&quot;,&quot;_animation&quot;:&quot;fadeIn&quot;,&quot;_animation_delay&quot;:100,&quot;cards_columns&quot;:&quot;3&quot;,&quot;cards_columns_tablet&quot;:&quot;2&quot;,&quot;cards_columns_mobile&quot;:&quot;1&quot;,&quot;cards_row_gap&quot;:{&quot;unit&quot;:&quot;px&quot;,&quot;size&quot;:35,&quot;sizes&quot;:[]},&quot;cards_row_gap_tablet&quot;:{&quot;unit&quot;:&quot;px&quot;,&quot;size&quot;:&quot;&quot;,&quot;sizes&quot;:[]},&quot;cards_row_gap_mobile&quot;:{&quot;unit&quot;:&quot;px&quot;,&quot;size&quot;:&quot;&quot;,&quot;sizes&quot;:[]},&quot;load_more_spinner&quot;:{&quot;value&quot;:&quot;fas fa-spinner&quot;,&quot;library&quot;:&quot;fa-solid&quot;},&quot;motion_fx_scale_direction&quot;:&quot;out-in&quot;,&quot;motion_fx_devices&quot;:[&quot;desktop&quot;,&quot;tablet&quot;,&quot;mobile&quot;]}\" data-widget_type=\"posts.cards\">\n\t\t\t\t<div class=\"elementor-widget-container\">\n\t\t\t\t\t\t\t<div class=\"elementor-posts-container elementor-posts elementor-posts--skin-cards elementor-grid\" role=\"list\">\n\t\t\t\t<article class=\"elementor-post elementor-grid-item post-16967 post type-post status-publish format-standard hentry category-led-hirek tag-led\" role=\"listitem\">\n\t\t\t<div class=\"elementor-post__card\">\n\t\t\t\t<div class=\"elementor-post__text\">\n\t\t\t\t<h3 class=\"elementor-post__title\">\n\t\t\t<a href=\"https:\/\/tzsvtav.com\/en\/led-tipusok-fejlodese-led-tipiusok-fejlodese\/\">\n\t\t\t\tA LED-tokok fejl\u0151d\u00e9se: Mer\u00fclj\u00fcnk el a DIP, SMD, COB, GOB \u00e9s MIP technol\u00f3gi\u00e1k meg\u00e9rt\u00e9s\u00e9ben\t\t\t<\/a>\n\t\t<\/h3>\n\t\t\t\t<div class=\"elementor-post__excerpt\">\n\t\t\t<p>LED t\u00edpiusok fejl\u0151d\u00e9se Sandeep Mali CTO &amp; Technical Director || LED Display Innovator | Building Next-Gen Solutions for Indian Projects || Driving Innovation to Develop<\/p>\n\t\t<\/div>\n\t\t\n\t\t<a class=\"elementor-post__read-more\" href=\"https:\/\/tzsvtav.com\/en\/led-tipusok-fejlodese-led-tipiusok-fejlodese\/\" aria-label=\"Read more about A LED-tokok fejl\u0151d\u00e9se: Mer\u00fclj\u00fcnk el a DIP, SMD, COB, GOB \u00e9s MIP technol\u00f3gi\u00e1k meg\u00e9rt\u00e9s\u00e9ben\" tabindex=\"-1\">\n\t\t\tTov\u00e1bb olvasom \u00bb\t\t<\/a>\n\n\t\t\t\t<\/div>\n\t\t\t\t<div class=\"elementor-post__meta-data\">\n\t\t\t\t\t<span class=\"elementor-post-date\">\n\t\t\t2026.02.15.\t\t<\/span>\n\t\t\t\t<span class=\"elementor-post-avatar\">\n\t\t\tNo Comments\t\t<\/span>\n\t\t\t\t<\/div>\n\t\t\t\t\t<\/div>\n\t\t<\/article>\n\t\t\t\t<article class=\"elementor-post elementor-grid-item post-16595 post type-post status-publish format-standard hentry category-led-hirek\" role=\"listitem\">\n\t\t\t<div class=\"elementor-post__card\">\n\t\t\t\t<div class=\"elementor-post__text\">\n\t\t\t\t<h3 class=\"elementor-post__title\">\n\t\t\t<a href=\"https:\/\/tzsvtav.com\/en\/micro-led-vs-mini-led-vs-cob-minden-amit-tudnod-kell\/\">\n\t\t\t\tMicro LED vs. Mini LED vs. COB: Minden, amit tudnod kell\t\t\t<\/a>\n\t\t<\/h3>\n\t\t\t\t<div class=\"elementor-post__excerpt\">\n\t\t\t<p>Micro LED VS Mini LED VS COB: Everything You Need to Know \u00a0 \u00a0 2025. november 6. The Mini\/Micro LED display era has arrived. To<\/p>\n\t\t<\/div>\n\t\t\n\t\t<a class=\"elementor-post__read-more\" href=\"https:\/\/tzsvtav.com\/en\/micro-led-vs-mini-led-vs-cob-minden-amit-tudnod-kell\/\" aria-label=\"Read more about Micro LED vs. Mini LED vs. COB: Minden, amit tudnod kell\" tabindex=\"-1\">\n\t\t\tTov\u00e1bb olvasom \u00bb\t\t<\/a>\n\n\t\t\t\t<\/div>\n\t\t\t\t<div class=\"elementor-post__meta-data\">\n\t\t\t\t\t<span class=\"elementor-post-date\">\n\t\t\t2025.11.06.\t\t<\/span>\n\t\t\t\t<span class=\"elementor-post-avatar\">\n\t\t\tNo Comments\t\t<\/span>\n\t\t\t\t<\/div>\n\t\t\t\t\t<\/div>\n\t\t<\/article>\n\t\t\t\t<article class=\"elementor-post elementor-grid-item post-16553 post type-post status-publish format-standard has-post-thumbnail hentry category-led-hirek tag-600x337 tag-cob-2 tag-install-2 tag-led\" role=\"listitem\">\n\t\t\t<div class=\"elementor-post__card\">\n\t\t\t\t<div class=\"elementor-post__text\">\n\t\t\t\t<h3 class=\"elementor-post__title\">\n\t\t\t<a href=\"https:\/\/tzsvtav.com\/en\/miert-muljak-felul-a-cob-belteri-p1-25-led-kijelzok-a-hagyomanyos-smd-kepernyoket\/\">\n\t\t\t\tMi\u00e9rt m\u00falj\u00e1k fel\u00fcl a COB belt\u00e9ri P1.25 LED kijelz\u0151k a hagyom\u00e1nyos SMD k\u00e9perny\u0151ket?\t\t\t<\/a>\n\t\t<\/h3>\n\t\t\t\t<div class=\"elementor-post__excerpt\">\n\t\t\t<p>Mi\u00e9rt m\u00falj\u00e1k fel\u00fcl a COB belt\u00e9ri P1.25 LED kijelz\u0151k a hagyom\u00e1nyos SMD k\u00e9perny\u0151ket? A gyorsan fejl\u0151d\u0151 LED kijelz\u0151 ipar\u00e1gban nem minden k\u00e9perny\u0151 egyforma. A COB<\/p>\n\t\t<\/div>\n\t\t\n\t\t<a class=\"elementor-post__read-more\" href=\"https:\/\/tzsvtav.com\/en\/miert-muljak-felul-a-cob-belteri-p1-25-led-kijelzok-a-hagyomanyos-smd-kepernyoket\/\" aria-label=\"Read more about Mi\u00e9rt m\u00falj\u00e1k fel\u00fcl a COB belt\u00e9ri P1.25 LED kijelz\u0151k a hagyom\u00e1nyos SMD k\u00e9perny\u0151ket?\" tabindex=\"-1\">\n\t\t\tTov\u00e1bb olvasom \u00bb\t\t<\/a>\n\n\t\t\t\t<\/div>\n\t\t\t\t<div class=\"elementor-post__meta-data\">\n\t\t\t\t\t<span class=\"elementor-post-date\">\n\t\t\t2025.10.09.\t\t<\/span>\n\t\t\t\t<span class=\"elementor-post-avatar\">\n\t\t\tNo Comments\t\t<\/span>\n\t\t\t\t<\/div>\n\t\t\t\t\t<\/div>\n\t\t<\/article>\n\t\t\t\t<article class=\"elementor-post elementor-grid-item post-16491 post type-post status-publish format-standard hentry category-led-hirek\" role=\"listitem\">\n\t\t\t<div class=\"elementor-post__card\">\n\t\t\t\t<div class=\"elementor-post__text\">\n\t\t\t\t<h3 class=\"elementor-post__title\">\n\t\t\t<a href=\"https:\/\/tzsvtav.com\/en\/led-kepernyok-alkatreszei-az-apro-reszlet-ami-nagy-kulonbseget-jelent\/\">\n\t\t\t\tLED k\u00e9perny\u0151k alkatr\u00e9szei: Az apr\u00f3 r\u00e9szlet, ami nagy k\u00fcl\u00f6nbs\u00e9get jelent\t\t\t<\/a>\n\t\t<\/h3>\n\t\t\t\t<div class=\"elementor-post__excerpt\">\n\t\t\t<p>Spare Parts for LED Screens: The Small Detail That Makes a Big Difference In the LED display industry, one of the first questions project managers<\/p>\n\t\t<\/div>\n\t\t\n\t\t<a class=\"elementor-post__read-more\" href=\"https:\/\/tzsvtav.com\/en\/led-kepernyok-alkatreszei-az-apro-reszlet-ami-nagy-kulonbseget-jelent\/\" aria-label=\"Read more about LED k\u00e9perny\u0151k alkatr\u00e9szei: Az apr\u00f3 r\u00e9szlet, ami nagy k\u00fcl\u00f6nbs\u00e9get jelent\" tabindex=\"-1\">\n\t\t\tTov\u00e1bb olvasom \u00bb\t\t<\/a>\n\n\t\t\t\t<\/div>\n\t\t\t\t<div class=\"elementor-post__meta-data\">\n\t\t\t\t\t<span class=\"elementor-post-date\">\n\t\t\t2025.09.28.\t\t<\/span>\n\t\t\t\t<span class=\"elementor-post-avatar\">\n\t\t\tNo Comments\t\t<\/span>\n\t\t\t\t<\/div>\n\t\t\t\t\t<\/div>\n\t\t<\/article>\n\t\t\t\t<article class=\"elementor-post elementor-grid-item post-16445 post type-post status-publish format-standard hentry category-led-hirek\" role=\"listitem\">\n\t\t\t<div class=\"elementor-post__card\">\n\t\t\t\t<div class=\"elementor-post__text\">\n\t\t\t\t<h3 class=\"elementor-post__title\">\n\t\t\t<a href=\"https:\/\/tzsvtav.com\/en\/led-halos-kijelzo-atlatszo-rugalmas-es-magaval-ragado-latvany-minden-helyisegbe\/\">\n\t\t\t\tLED h\u00e1l\u00f3s kijelz\u0151 \u2013 \u00c1tl\u00e1tsz\u00f3, rugalmas \u00e9s mag\u00e1val ragad\u00f3 l\u00e1tv\u00e1ny minden helyis\u00e9gbe\t\t\t<\/a>\n\t\t<\/h3>\n\t\t\t\t<div class=\"elementor-post__excerpt\">\n\t\t\t<p>\ud83c\udf1f LED Mesh Display \u2013 Transparent, Flexible, and Captivating Visuals for Every Space \ud83c\udf1f \ud83c\udf1f LED Mesh Display \u2013 The Future of Transparent Visuals \ud83c\udf1f<\/p>\n\t\t<\/div>\n\t\t\n\t\t<a class=\"elementor-post__read-more\" href=\"https:\/\/tzsvtav.com\/en\/led-halos-kijelzo-atlatszo-rugalmas-es-magaval-ragado-latvany-minden-helyisegbe\/\" aria-label=\"Read more about LED h\u00e1l\u00f3s kijelz\u0151 \u2013 \u00c1tl\u00e1tsz\u00f3, rugalmas \u00e9s mag\u00e1val ragad\u00f3 l\u00e1tv\u00e1ny minden helyis\u00e9gbe\" tabindex=\"-1\">\n\t\t\tTov\u00e1bb olvasom \u00bb\t\t<\/a>\n\n\t\t\t\t<\/div>\n\t\t\t\t<div class=\"elementor-post__meta-data\">\n\t\t\t\t\t<span class=\"elementor-post-date\">\n\t\t\t2025.09.26.\t\t<\/span>\n\t\t\t\t<span class=\"elementor-post-avatar\">\n\t\t\tNo Comments\t\t<\/span>\n\t\t\t\t<\/div>\n\t\t\t\t\t<\/div>\n\t\t<\/article>\n\t\t\t\t<article class=\"elementor-post elementor-grid-item post-16167 post type-post status-publish format-standard hentry category-led-hirek\" role=\"listitem\">\n\t\t\t<div class=\"elementor-post__card\">\n\t\t\t\t<div class=\"elementor-post__text\">\n\t\t\t\t<h3 class=\"elementor-post__title\">\n\t\t\t<a href=\"https:\/\/tzsvtav.com\/en\/korszerusites-a-bem-centerben-csucstechnologias-led-fal-beepitese\/\">\n\t\t\t\tKorszer\u0171s\u00edt\u00e9s a Bem Centerben \u2013 Cs\u00facstechnol\u00f3gi\u00e1s LED fal be\u00e9p\u00edt\u00e9se\t\t\t<\/a>\n\t\t<\/h3>\n\t\t\t\t<div class=\"elementor-post__excerpt\">\n\t\t\t<p>Esettanulm\u00e1ny: Korszer\u0171s\u00edt\u00e9s a Bem Centerben \u2013 Cs\u00facstechnol\u00f3gi\u00e1s LED fal be\u00e9p\u00edt\u00e9se \u00d6sszefoglal\u00e1s A TZSVTAV egy nagym\u00e9ret\u0171, 12.16 m\u00e9ter sz\u00e9les \u00e9s 2.4 m\u00e9ter magas, GOB technol\u00f3gi\u00e1s LED<\/p>\n\t\t<\/div>\n\t\t\n\t\t<a class=\"elementor-post__read-more\" href=\"https:\/\/tzsvtav.com\/en\/korszerusites-a-bem-centerben-csucstechnologias-led-fal-beepitese\/\" aria-label=\"Read more about Korszer\u0171s\u00edt\u00e9s a Bem Centerben \u2013 Cs\u00facstechnol\u00f3gi\u00e1s LED fal be\u00e9p\u00edt\u00e9se\" tabindex=\"-1\">\n\t\t\tTov\u00e1bb olvasom \u00bb\t\t<\/a>\n\n\t\t\t\t<\/div>\n\t\t\t\t<div class=\"elementor-post__meta-data\">\n\t\t\t\t\t<span class=\"elementor-post-date\">\n\t\t\t2025.08.30.\t\t<\/span>\n\t\t\t\t<span class=\"elementor-post-avatar\">\n\t\t\tNo Comments\t\t<\/span>\n\t\t\t\t<\/div>\n\t\t\t\t\t<\/div>\n\t\t<\/article>\n\t\t\t\t<\/div>\n\t\t\t\t\t<span class=\"e-load-more-spinner\">\n\t\t\t\t<svg aria-hidden=\"true\" class=\"e-font-icon-svg e-fas-spinner\" viewBox=\"0 0 512 512\" xmlns=\"http:\/\/www.w3.org\/2000\/svg\"><path d=\"M304 48c0 26.51-21.49 48-48 48s-48-21.49-48-48 21.49-48 48-48 48 21.49 48 48zm-48 368c-26.51 0-48 21.49-48 48s21.49 48 48 48 48-21.49 48-48-21.49-48-48-48zm208-208c-26.51 0-48 21.49-48 48s21.49 48 48 48 48-21.49 48-48-21.49-48-48-48zM96 256c0-26.51-21.49-48-48-48S0 229.49 0 256s21.49 48 48 48 48-21.49 48-48zm12.922 99.078c-26.51 0-48 21.49-48 48s21.49 48 48 48 48-21.49 48-48c0-26.509-21.491-48-48-48zm294.156 0c-26.51 0-48 21.49-48 48s21.49 48 48 48 48-21.49 48-48c0-26.509-21.49-48-48-48zM108.922 60.922c-26.51 0-48 21.49-48 48s21.49 48 48 48 48-21.49 48-48-21.491-48-48-48z\"><\/path><\/svg>\t\t\t<\/span>\n\t\t\n\t\t\t\t<div class=\"e-load-more-anchor\" data-page=\"1\" data-max-page=\"3\" data-next-page=\"https:\/\/tzsvtav.com\/en\/wp-json\/wp\/v2\/pages\/14171\/page\/2\/\"><\/div>\n\t\t\t\t<div class=\"e-load-more-message\"><\/div>\n\t\t\t\t\t\t<\/div>\n\t\t\t\t<\/div>\n\t\t\t\t\t<\/div>\n\t\t<\/div>\n\t\t\t\t\t<\/div>\n\t\t<\/section>\n\t\t\t\t\t<\/div>\n\t\t<\/div>\n\t\t\t\t\t<\/div>\n\t\t<\/section>\n\t\t\t\t<\/div>\n\t\t","protected":false},"excerpt":{"rendered":"<p>Tudjon meg t\u00f6bbet a LED-kijelz\u0151kr\u0151l, hang- \u00e9s f\u00e9nytechnik\u00e1r\u00f3l. Blogunkban szak\u00e9rt\u0151i cikkeket, tippeket \u00e9s a leg\u00fajabb technol\u00f3giai trendeket gy\u0171jt\u00f6tt\u00fck \u00f6ssze. L\u00e1togasson el hozz\u00e1nk!<\/p>","protected":false},"author":1,"featured_media":0,"parent":0,"menu_order":0,"comment_status":"closed","ping_status":"closed","template":"elementor_header_footer","meta":{"googlesitekit_rrm_CAowr62iDA:productID":"","_eb_attr":"","_uf_show_specific_survey":0,"_uf_disable_surveys":false,"_themeisle_gutenberg_block_has_review":false,"footnotes":""},"class_list":["post-14171","page","type-page","status-publish","hentry"],"jetpack_sharing_enabled":true,"_links":{"self":[{"href":"https:\/\/tzsvtav.com\/en\/wp-json\/wp\/v2\/pages\/14171","targetHints":{"allow":["GET"]}}],"collection":[{"href":"https:\/\/tzsvtav.com\/en\/wp-json\/wp\/v2\/pages"}],"about":[{"href":"https:\/\/tzsvtav.com\/en\/wp-json\/wp\/v2\/types\/page"}],"author":[{"embeddable":true,"href":"https:\/\/tzsvtav.com\/en\/wp-json\/wp\/v2\/users\/1"}],"replies":[{"embeddable":true,"href":"https:\/\/tzsvtav.com\/en\/wp-json\/wp\/v2\/comments?post=14171"}],"version-history":[{"count":0,"href":"https:\/\/tzsvtav.com\/en\/wp-json\/wp\/v2\/pages\/14171\/revisions"}],"wp:attachment":[{"href":"https:\/\/tzsvtav.com\/en\/wp-json\/wp\/v2\/media?parent=14171"}],"curies":[{"name":"wp","href":"https:\/\/api.w.org\/{rel}","templated":true}]}}