{"id":13627,"date":"2025-07-09T07:02:44","date_gmt":"2025-07-09T06:02:44","guid":{"rendered":"https:\/\/tzsvtav.com\/uzlet\/"},"modified":"2025-11-23T19:35:39","modified_gmt":"2025-11-23T18:35:39","slug":"led-kijelzok-vasarlasa-es-berlese-a-tzsvtav-shopban","status":"publish","type":"page","link":"https:\/\/tzsvtav.com\/en\/led-kijelzok-vasarlasa-es-berlese-a-tzsvtav-shopban\/","title":{"rendered":"Shop"},"content":{"rendered":"<h2 class=\"wp-block-heading\">LED kijelz\u0151k v\u00e1s\u00e1rl\u00e1sa \u00e9s b\u00e9rl\u00e9se a TZSVTAV shopban<\/h2>\n\n\n\n<ul class=\"wp-block-list\">\n<li><figure><img decoding=\"async\" style=\"background-color: #fee894\" src=\"https:\/\/tzsvtav.com\/wp-content\/uploads\/2025\/07\/10.jpeg\" alt=\"&lt;mark class=\" title=\"\"><\/figure>LED szalagok (strip)SMD5050, WS2811,WS2812,WS2813,WS2814&#8230;.&#8221; width=&#8221;172&#8243; height=&#8221;300&#8243; \/&gt;<br><br><h2>LED strips (strip)SMD5050, WS2811,WS2812,WS2813,WS2814\u2026.<\/h2><br><p>Evaluation: <strong>0<\/strong> \/ 5<bdi>4&nbsp;Ft<\/bdi> <a aria-describedby=\"woocommerce_loop_add_to_cart_link_describedby_13501\" data-quantity=\"1\" data-product_id=\"13501\" data-product_sku=\"\" aria-label=\"Kos\u00e1rba: \u201cLED szalagok (strip)SMD5050, WS2811,WS2812,WS2813,WS2814....\u201d\" data-success_message=\"\u201cLED szalagok (strip)SMD5050, WS2811,WS2812,WS2813,WS2814....\u201d has been added to your cart\" data-product_name=\"LED szalagok (strip)SMD5050, WS2811,WS2812,WS2813,WS2814....\" data-price=\"4\" href=\"?add-to-cart=13501\" rel=\"nofollow\">Kos\u00e1rba teszem<\/a><\/p><br><\/li>\n\n\n\n<li><figure><img decoding=\"async\" style=\"background-color: #fee894\" src=\"https:\/\/tzsvtav.com\/wp-content\/uploads\/2025\/07\/2.jpeg\" alt=\"&lt;mark class=\" title=\"\"><\/figure>SDIP-3D Pixel Doboz light&#8221; width=&#8221;213&#8243; height=&#8221;300&#8243; \/&gt;<br><br><h2>SDIP-3D Pixel Box light<\/h2><br><p>Evaluation: <strong>0<\/strong> \/ 5<bdi>100&nbsp;Ft<\/bdi> <a aria-describedby=\"woocommerce_loop_add_to_cart_link_describedby_13492\" data-quantity=\"1\" data-product_id=\"13492\" data-product_sku=\"\" aria-label=\"Kos\u00e1rba: \u201cSDIP-3D Pixel Doboz light\u201d\" data-success_message=\"\u201cSDIP-3D Pixel Doboz light\u201d has been added to your cart\" data-product_name=\"SDIP-3D Pixel Doboz light\" data-price=\"100\" href=\"?add-to-cart=13492\" rel=\"nofollow\">Kos\u00e1rba teszem<\/a><\/p><br><\/li>\n\n\n\n<li><figure><img decoding=\"async\" style=\"background-color: #fee894\" src=\"https:\/\/tzsvtav.com\/wp-content\/uploads\/2025\/07\/4757314872.webp\" alt=\"&lt;mark class=\" title=\"\"><\/figure>VIPER 1200. Performance 1200W&#8221; width=&#8221;300&#8243; height=&#8221;300&#8243; \/&gt;<br><br><h2>VIPER 1200. Performance 1200W<\/h2><br><p>Evaluation: <strong>0<\/strong> \/ 5<bdi>2999&nbsp;Ft<\/bdi> <a aria-describedby=\"woocommerce_loop_add_to_cart_link_describedby_12044\" data-quantity=\"1\" data-product_id=\"12044\" data-product_sku=\"00081\" aria-label=\"Kos\u00e1rba: \u201cVIPER 1200. Performance 1200W\u201d\" data-success_message=\"\u201cVIPER 1200. Performance 1200W\u201d has been added to your cart\" data-product_name=\"VIPER 1200. Performance 1200W\" data-price=\"2999.0\" href=\"?add-to-cart=12044\" rel=\"nofollow\">Kos\u00e1rba teszem<\/a><\/p><br><\/li>\n\n\n\n<li><figure><img decoding=\"async\" style=\"background-color: #fee894\" src=\"https:\/\/tzsvtav.com\/wp-content\/uploads\/2025\/07\/4785393015.jpg\" alt=\"&lt;mark class=\" title=\"\"><\/figure>960&#215;960 K\u00fclt\u00e9ri LED rekl\u00e1m led, front service&#8221; width=&#8221;300&#8243; height=&#8221;300&#8243; \/&gt;<br><br><h2>960\u00d7960 Outdoor LED advertising led, front service<\/h2><br><p>Evaluation: <strong>0<\/strong> \/ 5Out of stock<bdi>1050&nbsp;Ft<\/bdi> <a aria-describedby=\"woocommerce_loop_add_to_cart_link_describedby_11872\" data-quantity=\"1\" data-product_id=\"11872\" data-product_sku=\"00108\" aria-label=\"\u201c960x960 K\u00fclt\u00e9ri LED rekl\u00e1m led, front service\u201d term\u00e9kr\u0151l t\u00f6bb inform\u00e1ci\u00f3\" data-success_message=\"\" data-product_name=\"960x960 K\u00fclt\u00e9ri LED rekl\u00e1m led, front service\" data-price=\"1050\" href=\"https:\/\/tzsvtav.com\/en\/product\/960x960-kulteri-led-billboard-front-service\/\" rel=\"nofollow\">Tov\u00e1bb olvasom<\/a><\/p><br><\/li>\n\n\n\n<li><figure><img decoding=\"async\" style=\"background-color: #fee894\" src=\"https:\/\/tzsvtav.com\/wp-content\/uploads\/2025\/07\/4395106356.webp\" alt=\"&lt;mark class=\" title=\"\"><\/figure>Colorlight A200 Cloud Player LED-fal vez\u00e9rl\u0151&#8221; width=&#8221;300&#8243; height=&#8221;205&#8243; \/&gt;<br><br><h2>Colorlight A200 Cloud Player LED Wall Controller<\/h2><br><p>Evaluation: <strong>0<\/strong> \/ 5<bdi>399&nbsp;Ft<\/bdi> <a aria-describedby=\"woocommerce_loop_add_to_cart_link_describedby_12536\" data-quantity=\"1\" data-product_id=\"12536\" data-product_sku=\"00002\" aria-label=\"Kos\u00e1rba: \u201cColorlight A200 Cloud Player LED-fal vez\u00e9rl\u0151\u201d\" data-success_message=\"\u201cColorlight A200 Cloud Player LED-fal vez\u00e9rl\u0151\u201d has been added to your cart\" data-product_name=\"Colorlight A200 Cloud Player LED-fal vez\u00e9rl\u0151\" data-price=\"399.0\" href=\"?add-to-cart=12536\" rel=\"nofollow\">Kos\u00e1rba teszem<\/a><\/p><br><\/li>\n\n\n\n<li><figure><img decoding=\"async\" style=\"background-color: #fee894\" src=\"https:\/\/tzsvtav.com\/wp-content\/uploads\/2025\/07\/4395114581.webp\" alt=\"&lt;mark class=\" title=\"\"><\/figure>Colorlight 5A-75B Fogad\u00f3 k\u00e1rtya&#8221; width=&#8221;300&#8243; height=&#8221;225&#8243; \/&gt;<br><br><h2>Colorlight 5A-75B Receiver Card<\/h2><br><p>Evaluation: <strong>0<\/strong> \/ 5<bdi>21&nbsp;Ft<\/bdi> <a aria-describedby=\"woocommerce_loop_add_to_cart_link_describedby_12533\" data-quantity=\"1\" data-product_id=\"12533\" data-product_sku=\"00003\" aria-label=\"Kos\u00e1rba: \u201cColorlight 5A-75B Fogad\u00f3 k\u00e1rtya\u201d\" data-success_message=\"\u201cColorlight 5A-75B Fogad\u00f3 k\u00e1rtya\u201d has been added to your cart\" data-product_name=\"Colorlight 5A-75B Fogad\u00f3 k\u00e1rtya\" data-price=\"21.0\" href=\"?add-to-cart=12533\" rel=\"nofollow\">Kos\u00e1rba teszem<\/a><\/p><br><\/li>\n\n\n\n<li><figure><img fetchpriority=\"high\" decoding=\"async\" width=\"300\" height=\"300\" src=\"https:\/\/tzsvtav.com\/wp-content\/uploads\/woocommerce-placeholder-300x300.png\" alt=\"Helytart\u00f3\" title=\"\"><\/figure><br><br><h2>Colorlight X4m LED all in One Processor<\/h2><br><p>Evaluation: <strong>0<\/strong> \/ 5<bdi>450&nbsp;Ft<\/bdi> <a aria-describedby=\"woocommerce_loop_add_to_cart_link_describedby_12531\" data-quantity=\"1\" data-product_id=\"12531\" data-product_sku=\"00004\" aria-label=\"Kos\u00e1rba: \u201cColorlight X4m LED all in One Processor\u201d\" data-success_message=\"\u201cColorlight X4m LED all in One Processor\u201d has been added to your cart\" data-product_name=\"Colorlight X4m LED all in One Processor\" data-price=\"450\" href=\"?add-to-cart=12531\" rel=\"nofollow\">Kos\u00e1rba teszem<\/a><\/p><br><\/li>\n\n\n\n<li><figure><img decoding=\"async\" style=\"background-color: #fee894\" src=\"https:\/\/tzsvtav.com\/wp-content\/uploads\/2025\/07\/4395122475.webp\" alt=\"&lt;mark class=\" title=\"\"><\/figure>Colorlight 5A-75E Fogad\u00f3 k\u00e1rtya&#8221; width=&#8221;300&#8243; height=&#8221;225&#8243; \/&gt;<br><br><h2>Colorlight 5A-75E Receiver Card<\/h2><br><p>Evaluation: <strong>0<\/strong> \/ 5<bdi>25&nbsp;Ft<\/bdi> <a aria-describedby=\"woocommerce_loop_add_to_cart_link_describedby_12529\" data-quantity=\"1\" data-product_id=\"12529\" data-product_sku=\"00005\" aria-label=\"Kos\u00e1rba: \u201cColorlight 5A-75E Fogad\u00f3 k\u00e1rtya\u201d\" data-success_message=\"\u201cColorlight 5A-75E Fogad\u00f3 k\u00e1rtya\u201d has been added to your cart\" data-product_name=\"Colorlight 5A-75E Fogad\u00f3 k\u00e1rtya\" data-price=\"24.99\" href=\"?add-to-cart=12529\" rel=\"nofollow\">Kos\u00e1rba teszem<\/a><\/p><br><\/li>\n\n\n\n<li><figure><img fetchpriority=\"high\" decoding=\"async\" width=\"300\" height=\"300\" src=\"https:\/\/tzsvtav.com\/wp-content\/uploads\/woocommerce-placeholder-300x300.png\" alt=\"Helytart\u00f3\" title=\"\"><\/figure><br><br><h2>Colorlight A35 Cloud Player<\/h2><br><p>Evaluation: <strong>0<\/strong> \/ 5<bdi>99&nbsp;Ft<\/bdi> <a aria-describedby=\"woocommerce_loop_add_to_cart_link_describedby_12528\" data-quantity=\"1\" data-product_id=\"12528\" data-product_sku=\"00006\" aria-label=\"Kos\u00e1rba: \u201cColorlight A35 Cloud Player\u201d\" data-success_message=\"\u201cColorlight A35 Cloud Player\u201d has been added to your cart\" data-product_name=\"Colorlight A35 Cloud Player\" data-price=\"99.0\" href=\"?add-to-cart=12528\" rel=\"nofollow\">Kos\u00e1rba teszem<\/a><\/p><br><\/li>\n\n\n\n<li><figure><img decoding=\"async\" style=\"background-color: #fee894\" src=\"https:\/\/tzsvtav.com\/wp-content\/uploads\/2025\/07\/Colorlight_A100_LED_Player_32.jpg\" alt=\"&lt;mark class=\" title=\"\"><\/figure>Colorlight A100 Cloud Player&#8221; width=&#8221;300&#8243; height=&#8221;225&#8243; \/&gt;<br><br><h2>Colorlight A100 Cloud Player<\/h2><br><p>Evaluation: <strong>0<\/strong> \/ 5<bdi>310&nbsp;Ft<\/bdi> <a aria-describedby=\"woocommerce_loop_add_to_cart_link_describedby_12525\" data-quantity=\"1\" data-product_id=\"12525\" data-product_sku=\"00007\" aria-label=\"Kos\u00e1rba: \u201cColorlight A100 Cloud Player\u201d\" data-success_message=\"\u201cColorlight A100 Cloud Player\u201d has been added to your cart\" data-product_name=\"Colorlight A100 Cloud Player\" data-price=\"310.0\" href=\"?add-to-cart=12525\" rel=\"nofollow\">Kos\u00e1rba teszem<\/a><\/p><br><\/li>\n\n\n\n<li><figure><img decoding=\"async\" style=\"background-color: #fee894\" src=\"https:\/\/tzsvtav.com\/wp-content\/uploads\/2025\/07\/4407893046.webp\" alt=\"&lt;mark class=\" title=\"\"><\/figure>\u00c1tl\u00e1tsz\u00f3 K\u00fclt\u00e9ri Rental LED kijelz\u0151 3.91-7.82 pixelt\u00e1vols\u00e1g&#8221; width=&#8221;300&#8243; height=&#8221;300&#8243; \/&gt;<br><br><h2>Transparent Outdoor Rental LED Display 3.91-7.82 Pixel Pitch<\/h2><br><p>Evaluation: <strong>0<\/strong> \/ 5<bdi>599&nbsp;Ft<\/bdi> <a aria-describedby=\"woocommerce_loop_add_to_cart_link_describedby_12489\" data-quantity=\"1\" data-product_id=\"12489\" data-product_sku=\"00011\" aria-label=\"Kos\u00e1rba: \u201c\u00c1tl\u00e1tsz\u00f3 K\u00fclt\u00e9ri Rental LED kijelz\u0151 3.91-7.82 pixelt\u00e1vols\u00e1g\u201d\" data-success_message=\"\u201c\u00c1tl\u00e1tsz\u00f3 K\u00fclt\u00e9ri Rental LED kijelz\u0151 3.91-7.82 pixelt\u00e1vols\u00e1g\u201d has been added to your cart\" data-product_name=\"\u00c1tl\u00e1tsz\u00f3 K\u00fclt\u00e9ri Rental LED kijelz\u0151 3.91-7.82 pixelt\u00e1vols\u00e1g\" data-price=\"599\" href=\"?add-to-cart=12489\" rel=\"nofollow\">Kos\u00e1rba teszem<\/a><\/p><br><\/li>\n\n\n\n<li><figure><img decoding=\"async\" style=\"background-color: #fee894\" src=\"https:\/\/tzsvtav.com\/wp-content\/uploads\/2025\/07\/4778256642.jpg\" alt=\"&lt;mark class=\" title=\"\"><\/figure>LED Screen Hoisting Bar (f\u00fcggeszt\u0151 vas)&#8221; width=&#8221;265&#8243; height=&#8221;300&#8243; \/&gt;<br><br><h2>LED Screen Hoisting Bar<\/h2><br><p>Evaluation: <strong>0<\/strong> \/ 5<bdi>0&nbsp;Ft<\/bdi> <a aria-describedby=\"woocommerce_loop_add_to_cart_link_describedby_12483\" data-quantity=\"1\" data-product_id=\"12483\" data-product_sku=\"00012\" aria-label=\"Kos\u00e1rba: \u201cLED Screen Hoisting Bar (f\u00fcggeszt\u0151 vas)\u201d\" data-success_message=\"\u201cLED Screen Hoisting Bar (f\u00fcggeszt\u0151 vas)\u201d has been added to your cart\" data-product_name=\"LED Screen Hoisting Bar (f\u00fcggeszt\u0151 vas)\" data-price=\"0\" href=\"?add-to-cart=12483\" rel=\"nofollow\">Kos\u00e1rba teszem<\/a><\/p><br><\/li>\n<\/ul>\n\n\n\n<p><button id=\"eael-load-more-btn-471af484\" data-widget-id=\"471af484\" data-widget=\"471af484\" data-page-id=\"13627\" data-template=\"{&quot;dir&quot;:&quot;lite&quot;,&quot;file_name&quot;:&quot;simple.php&quot;,&quot;name&quot;:&quot;Eicon-Woocommerce&quot;}\" data-class=\"Essential_Addons_ElementorElementsProduct_Grid\" data-layout=\"masonry\" data-page=\"1\" data-args=\"post_type=product&amp;post_status%5B0%5D=publish&amp;post_status%5B1%5D=pending&amp;post_status%5B2%5D=future&amp;posts_per_page=12&amp;order=desc&amp;offset=0&amp;tax_query%5Brelation%5D=AND&amp;tax_query%5B0%5D%5Btaxonomy%5D=product_visibility&amp;tax_query%5B0%5D%5Bfield%5D=name&amp;tax_query%5B0%5D%5Bterms%5D%5B0%5D=exclude-from-search&amp;tax_query%5B0%5D%5Bterms%5D%5B1%5D=exclude-from-catalog&amp;tax_query%5B0%5D%5Boperator%5D=NOT+IN&amp;orderby=date&amp;meta_query%5Brelation%5D=AND&amp;total_post=118\" data-max-page=\"10\"><br>Load More<br><\/button><\/p>\n\n\n\n<p><\/p>","protected":false},"excerpt":{"rendered":"<p>LED kijelz\u0151k v\u00e1s\u00e1rl\u00e1sa \u00e9s b\u00e9rl\u00e9se a TZSVTAV shopban Load More<\/p>","protected":false},"author":1,"featured_media":0,"parent":0,"menu_order":0,"comment_status":"closed","ping_status":"closed","template":"","meta":{"googlesitekit_rrm_CAowr62iDA:productID":"","_eb_attr":"","_uf_show_specific_survey":0,"_uf_disable_surveys":false,"_themeisle_gutenberg_block_has_review":false,"footnotes":""},"class_list":["post-13627","page","type-page","status-publish","hentry"],"jetpack_sharing_enabled":true,"_links":{"self":[{"href":"https:\/\/tzsvtav.com\/en\/wp-json\/wp\/v2\/pages\/13627","targetHints":{"allow":["GET"]}}],"collection":[{"href":"https:\/\/tzsvtav.com\/en\/wp-json\/wp\/v2\/pages"}],"about":[{"href":"https:\/\/tzsvtav.com\/en\/wp-json\/wp\/v2\/types\/page"}],"author":[{"embeddable":true,"href":"https:\/\/tzsvtav.com\/en\/wp-json\/wp\/v2\/users\/1"}],"replies":[{"embeddable":true,"href":"https:\/\/tzsvtav.com\/en\/wp-json\/wp\/v2\/comments?post=13627"}],"version-history":[{"count":0,"href":"https:\/\/tzsvtav.com\/en\/wp-json\/wp\/v2\/pages\/13627\/revisions"}],"wp:attachment":[{"href":"https:\/\/tzsvtav.com\/en\/wp-json\/wp\/v2\/media?parent=13627"}],"curies":[{"name":"wp","href":"https:\/\/api.w.org\/{rel}","templated":true}]}}